{"id":9840,"date":"2021-11-16T12:01:47","date_gmt":"2021-11-16T11:01:47","guid":{"rendered":"https:\/\/www.tindemansgraszoden.nl\/?post_type=product&#038;p=9840"},"modified":"2026-04-10T10:13:44","modified_gmt":"2026-04-10T08:13:44","slug":"premium-spielrasen","status":"publish","type":"product","link":"https:\/\/www.tindemansgraszoden.nl\/de\/produkt\/premium-spielrasen\/","title":{"rendered":"Premium Spielrasen"},"content":{"rendered":"<p>Der Preis von 3,49\u202f\u20ac pro m\u00b2 gilt bei Abholung. Wenn Sie sich f\u00fcr eine Lieferung entscheiden, fallen immer Transportkosten an. Berechnen Sie den Gesamtpreis ganz einfach mit dem untenstehenden Rechner.<\/p>\n<p>Unser Premium Sport- und Spielrasen setzt sich aus einer ausgewogenen Mischung von drei verschiedenen Grassamen zusammen. Die Grasnarben werden \u00fcber einen Zeitraum von mindestens 12 Monaten sorgf\u00e4ltig kultiviert und erhalten dabei regelm\u00e4\u00dfige Wasserzufuhr, D\u00fcngung und Kalkung.<\/p>\n<p>Die Grassoden sind 250 cm lang, 40 cm breit, 1,5 cm dick und haben jeweils ein Gewicht von etwa 18 kg.<\/p>\n<h2>Zusammensetzung des Grases<\/h2>\n<ul>\n<li>20 % Englisches Weidelgras<\/li>\n<li>30 % Ackerstieliges Wiesenrispengras<\/li>\n<li>50 % Rotschwingel<\/li>\n<\/ul>\n","protected":false},"excerpt":{"rendered":"<ul>\n<li>Geeignet f\u00fcr Sonne und Schatten<\/li>\n<li>Wachstumsprozess von 12 Monaten<\/li>\n<li>Abmessungen: 250 \u00d7 40 \u00d7 2,5 cm<\/li>\n<li>Gewicht: 15 kg pro m\u00b2<\/li>\n<\/ul>\n","protected":false},"featured_media":9839,"comment_status":"closed","ping_status":"closed","template":"","meta":{"_acf_changed":false},"product_brand":[],"product_cat":[75],"product_tag":[],"class_list":{"0":"post-9840","1":"product","2":"type-product","3":"status-publish","4":"has-post-thumbnail","6":"product_cat-unkategorisiert","8":"first","9":"instock","10":"taxable","11":"shipping-taxable","12":"purchasable","13":"product-type-simple"},"acf":[],"yoast_head":"<!-- This site is optimized with the Yoast SEO plugin v26.9 - https:\/\/yoast.com\/product\/yoast-seo-wordpress\/ -->\n<title>Premium Spielrasen - Tindemans Graszoden<\/title>\n<meta name=\"description\" content=\"Bekijk hier al onze producten\" \/>\n<meta name=\"robots\" content=\"index, follow, max-snippet:-1, max-image-preview:large, max-video-preview:-1\" \/>\n<link rel=\"canonical\" href=\"https:\/\/www.tindemansgraszoden.nl\/de\/produkt\/premium-spielrasen\/\" \/>\n<script type=\"application\/ld+json\" class=\"yoast-schema-graph\">{\"@context\":\"https:\/\/schema.org\",\"@graph\":[{\"@type\":\"WebPage\",\"@id\":\"https:\/\/www.tindemansgraszoden.nl\/de\/produkt\/premium-spielrasen\/\",\"url\":\"https:\/\/www.tindemansgraszoden.nl\/de\/produkt\/premium-spielrasen\/\",\"name\":\"Premium Spielrasen - Tindemans Graszoden\",\"isPartOf\":{\"@id\":\"https:\/\/www.tindemansgraszoden.nl\/de\/#website\"},\"primaryImageOfPage\":{\"@id\":\"https:\/\/www.tindemansgraszoden.nl\/de\/produkt\/premium-spielrasen\/#primaryimage\"},\"image\":{\"@id\":\"https:\/\/www.tindemansgraszoden.nl\/de\/produkt\/premium-spielrasen\/#primaryimage\"},\"thumbnailUrl\":\"https:\/\/www.tindemansgraszoden.nl\/wp-content\/uploads\/2021\/11\/Grasrol-transparant-scaled.jpg\",\"datePublished\":\"2021-11-16T11:01:47+00:00\",\"dateModified\":\"2026-04-10T08:13:44+00:00\",\"description\":\"Bekijk hier al onze producten\",\"breadcrumb\":{\"@id\":\"https:\/\/www.tindemansgraszoden.nl\/de\/produkt\/premium-spielrasen\/#breadcrumb\"},\"inLanguage\":\"de\",\"potentialAction\":[{\"@type\":\"ReadAction\",\"target\":[\"https:\/\/www.tindemansgraszoden.nl\/de\/produkt\/premium-spielrasen\/\"]}]},{\"@type\":\"ImageObject\",\"inLanguage\":\"de\",\"@id\":\"https:\/\/www.tindemansgraszoden.nl\/de\/produkt\/premium-spielrasen\/#primaryimage\",\"url\":\"https:\/\/www.tindemansgraszoden.nl\/wp-content\/uploads\/2021\/11\/Grasrol-transparant-scaled.jpg\",\"contentUrl\":\"https:\/\/www.tindemansgraszoden.nl\/wp-content\/uploads\/2021\/11\/Grasrol-transparant-scaled.jpg\",\"width\":1920,\"height\":2560,\"caption\":\"Grasrol speelgras kopen\"},{\"@type\":\"BreadcrumbList\",\"@id\":\"https:\/\/www.tindemansgraszoden.nl\/de\/produkt\/premium-spielrasen\/#breadcrumb\",\"itemListElement\":[{\"@type\":\"ListItem\",\"position\":1,\"name\":\"Home\",\"item\":\"https:\/\/www.tindemansgraszoden.nl\/de\/homepage\/\"},{\"@type\":\"ListItem\",\"position\":2,\"name\":\"Shop\",\"item\":\"https:\/\/www.tindemansgraszoden.nl\/de\/shop\/\"},{\"@type\":\"ListItem\",\"position\":3,\"name\":\"Premium Spielrasen\"}]},{\"@type\":\"WebSite\",\"@id\":\"https:\/\/www.tindemansgraszoden.nl\/de\/#website\",\"url\":\"https:\/\/www.tindemansgraszoden.nl\/de\/\",\"name\":\"Tindemans Graszoden\",\"description\":\"Graszoden Limburg: levering en aanleg\",\"publisher\":{\"@id\":\"https:\/\/www.tindemansgraszoden.nl\/de\/#organization\"},\"potentialAction\":[{\"@type\":\"SearchAction\",\"target\":{\"@type\":\"EntryPoint\",\"urlTemplate\":\"https:\/\/www.tindemansgraszoden.nl\/de\/?s={search_term_string}\"},\"query-input\":{\"@type\":\"PropertyValueSpecification\",\"valueRequired\":true,\"valueName\":\"search_term_string\"}}],\"inLanguage\":\"de\"},{\"@type\":\"Organization\",\"@id\":\"https:\/\/www.tindemansgraszoden.nl\/de\/#organization\",\"name\":\"Tindemans Graszoden\",\"url\":\"https:\/\/www.tindemansgraszoden.nl\/de\/\",\"logo\":{\"@type\":\"ImageObject\",\"inLanguage\":\"de\",\"@id\":\"https:\/\/www.tindemansgraszoden.nl\/de\/#\/schema\/logo\/image\/\",\"url\":\"https:\/\/www.tindemansgraszoden.nl\/wp-content\/uploads\/2022\/04\/logo.png\",\"contentUrl\":\"https:\/\/www.tindemansgraszoden.nl\/wp-content\/uploads\/2022\/04\/logo.png\",\"width\":394,\"height\":120,\"caption\":\"Tindemans Graszoden\"},\"image\":{\"@id\":\"https:\/\/www.tindemansgraszoden.nl\/de\/#\/schema\/logo\/image\/\"}}]}<\/script>\n<!-- \/ Yoast SEO plugin. -->","yoast_head_json":{"title":"Premium Spielrasen - Tindemans Graszoden","description":"Bekijk hier al onze producten","robots":{"index":"index","follow":"follow","max-snippet":"max-snippet:-1","max-image-preview":"max-image-preview:large","max-video-preview":"max-video-preview:-1"},"canonical":"https:\/\/www.tindemansgraszoden.nl\/de\/produkt\/premium-spielrasen\/","schema":{"@context":"https:\/\/schema.org","@graph":[{"@type":"WebPage","@id":"https:\/\/www.tindemansgraszoden.nl\/de\/produkt\/premium-spielrasen\/","url":"https:\/\/www.tindemansgraszoden.nl\/de\/produkt\/premium-spielrasen\/","name":"Premium Spielrasen - Tindemans Graszoden","isPartOf":{"@id":"https:\/\/www.tindemansgraszoden.nl\/de\/#website"},"primaryImageOfPage":{"@id":"https:\/\/www.tindemansgraszoden.nl\/de\/produkt\/premium-spielrasen\/#primaryimage"},"image":{"@id":"https:\/\/www.tindemansgraszoden.nl\/de\/produkt\/premium-spielrasen\/#primaryimage"},"thumbnailUrl":"https:\/\/www.tindemansgraszoden.nl\/wp-content\/uploads\/2021\/11\/Grasrol-transparant-scaled.jpg","datePublished":"2021-11-16T11:01:47+00:00","dateModified":"2026-04-10T08:13:44+00:00","description":"Bekijk hier al onze producten","breadcrumb":{"@id":"https:\/\/www.tindemansgraszoden.nl\/de\/produkt\/premium-spielrasen\/#breadcrumb"},"inLanguage":"de","potentialAction":[{"@type":"ReadAction","target":["https:\/\/www.tindemansgraszoden.nl\/de\/produkt\/premium-spielrasen\/"]}]},{"@type":"ImageObject","inLanguage":"de","@id":"https:\/\/www.tindemansgraszoden.nl\/de\/produkt\/premium-spielrasen\/#primaryimage","url":"https:\/\/www.tindemansgraszoden.nl\/wp-content\/uploads\/2021\/11\/Grasrol-transparant-scaled.jpg","contentUrl":"https:\/\/www.tindemansgraszoden.nl\/wp-content\/uploads\/2021\/11\/Grasrol-transparant-scaled.jpg","width":1920,"height":2560,"caption":"Grasrol speelgras kopen"},{"@type":"BreadcrumbList","@id":"https:\/\/www.tindemansgraszoden.nl\/de\/produkt\/premium-spielrasen\/#breadcrumb","itemListElement":[{"@type":"ListItem","position":1,"name":"Home","item":"https:\/\/www.tindemansgraszoden.nl\/de\/homepage\/"},{"@type":"ListItem","position":2,"name":"Shop","item":"https:\/\/www.tindemansgraszoden.nl\/de\/shop\/"},{"@type":"ListItem","position":3,"name":"Premium Spielrasen"}]},{"@type":"WebSite","@id":"https:\/\/www.tindemansgraszoden.nl\/de\/#website","url":"https:\/\/www.tindemansgraszoden.nl\/de\/","name":"Tindemans Graszoden","description":"Graszoden Limburg: levering en aanleg","publisher":{"@id":"https:\/\/www.tindemansgraszoden.nl\/de\/#organization"},"potentialAction":[{"@type":"SearchAction","target":{"@type":"EntryPoint","urlTemplate":"https:\/\/www.tindemansgraszoden.nl\/de\/?s={search_term_string}"},"query-input":{"@type":"PropertyValueSpecification","valueRequired":true,"valueName":"search_term_string"}}],"inLanguage":"de"},{"@type":"Organization","@id":"https:\/\/www.tindemansgraszoden.nl\/de\/#organization","name":"Tindemans Graszoden","url":"https:\/\/www.tindemansgraszoden.nl\/de\/","logo":{"@type":"ImageObject","inLanguage":"de","@id":"https:\/\/www.tindemansgraszoden.nl\/de\/#\/schema\/logo\/image\/","url":"https:\/\/www.tindemansgraszoden.nl\/wp-content\/uploads\/2022\/04\/logo.png","contentUrl":"https:\/\/www.tindemansgraszoden.nl\/wp-content\/uploads\/2022\/04\/logo.png","width":394,"height":120,"caption":"Tindemans Graszoden"},"image":{"@id":"https:\/\/www.tindemansgraszoden.nl\/de\/#\/schema\/logo\/image\/"}}]}},"_links":{"self":[{"href":"https:\/\/www.tindemansgraszoden.nl\/de\/wp-json\/wp\/v2\/product\/9840","targetHints":{"allow":["GET"]}}],"collection":[{"href":"https:\/\/www.tindemansgraszoden.nl\/de\/wp-json\/wp\/v2\/product"}],"about":[{"href":"https:\/\/www.tindemansgraszoden.nl\/de\/wp-json\/wp\/v2\/types\/product"}],"replies":[{"embeddable":true,"href":"https:\/\/www.tindemansgraszoden.nl\/de\/wp-json\/wp\/v2\/comments?post=9840"}],"wp:featuredmedia":[{"embeddable":true,"href":"https:\/\/www.tindemansgraszoden.nl\/de\/wp-json\/wp\/v2\/media\/9839"}],"wp:attachment":[{"href":"https:\/\/www.tindemansgraszoden.nl\/de\/wp-json\/wp\/v2\/media?parent=9840"}],"wp:term":[{"taxonomy":"product_brand","embeddable":true,"href":"https:\/\/www.tindemansgraszoden.nl\/de\/wp-json\/wp\/v2\/product_brand?post=9840"},{"taxonomy":"product_cat","embeddable":true,"href":"https:\/\/www.tindemansgraszoden.nl\/de\/wp-json\/wp\/v2\/product_cat?post=9840"},{"taxonomy":"product_tag","embeddable":true,"href":"https:\/\/www.tindemansgraszoden.nl\/de\/wp-json\/wp\/v2\/product_tag?post=9840"}],"curies":[{"name":"wp","href":"https:\/\/api.w.org\/{rel}","templated":true}]}}