{"id":10007,"date":"2026-03-10T13:44:13","date_gmt":"2026-03-10T12:44:13","guid":{"rendered":"https:\/\/www.tindemansgraszoden.nl\/?post_type=product&#038;p=10007"},"modified":"2026-04-10T10:44:15","modified_gmt":"2026-04-10T08:44:15","slug":"angereicherte-pflanzerde-im-big-bag-1-m%c2%b3","status":"publish","type":"product","link":"https:\/\/www.tindemansgraszoden.nl\/de\/produkt\/angereicherte-pflanzerde-im-big-bag-1-m%c2%b3\/","title":{"rendered":"Angereicherte Pflanzerde im Big Bag (1 m\u00b3)"},"content":{"rendered":"<p>Unsere angereicherte Pflanzerde im Big Bag ist ideal zum Anlegen oder Verbessern Ihres Gartens. Diese Pflanzerde ist mit organischen N\u00e4hrstoffen gemischt, wodurch der Rasen besser wachsen kann. Dank des praktischen Big Bags wird die Erde sauber zu Ihnen nach Hause geliefert, sodass Sie gr\u00f6\u00dfere Fl\u00e4chen einfach auff\u00fcllen oder erh\u00f6hen k\u00f6nnen. Perfekt f\u00fcr Beete, Rasenfl\u00e4chen und zum Einebnen Ihres Gartens.<\/p>\n<h2>Spezifikationen<\/h2>\n<ul>\n<li>Ein Big Bag von 1 m\u00b3 reicht aus, um eine Fl\u00e4che von etwa 100 m\u00b2 um 1 cm zu erh\u00f6hen.<\/li>\n<li>50 % Schwarzerde \/ 50 % D\u00fcngung<\/li>\n<li>Zum Auff\u00fcllen von Grundst\u00fccken oder als Bodenverbesserer geeignet.<\/li>\n<\/ul>\n<p>Der Big Bag Pflanzerde kann f\u00fcr \u20ac129,95 pro Big Bag zusammen mit Ihrem Rollrasen mitbestellt werden.<\/p>\n","protected":false},"excerpt":{"rendered":"<ul>\n<li>Angereicherte Pflanzerde<\/li>\n<li>Im Big Bag<\/li>\n<li>Abholung in Nederweert oder Lieferung m\u00f6glich<\/li>\n<\/ul>\n","protected":false},"featured_media":10006,"comment_status":"closed","ping_status":"closed","template":"","meta":{"_acf_changed":false},"product_brand":[],"product_cat":[],"product_tag":[],"class_list":{"0":"post-10007","1":"product","2":"type-product","3":"status-publish","4":"has-post-thumbnail","7":"first","8":"instock","9":"taxable","10":"shipping-taxable","11":"purchasable","12":"product-type-simple"},"acf":[],"yoast_head":"<!-- This site is optimized with the Yoast SEO plugin v26.9 - https:\/\/yoast.com\/product\/yoast-seo-wordpress\/ -->\n<title>Angereicherte Pflanzerde im Big Bag (1 m\u00b3) - Tindemans Graszoden<\/title>\n<meta name=\"description\" content=\"Bekijk hier al onze producten\" \/>\n<meta name=\"robots\" content=\"index, follow, max-snippet:-1, max-image-preview:large, max-video-preview:-1\" \/>\n<link rel=\"canonical\" href=\"https:\/\/www.tindemansgraszoden.nl\/de\/produkt\/angereicherte-pflanzerde-im-big-bag-1-m%c2%b3\/\" \/>\n<script type=\"application\/ld+json\" class=\"yoast-schema-graph\">{\"@context\":\"https:\/\/schema.org\",\"@graph\":[{\"@type\":\"WebPage\",\"@id\":\"https:\/\/www.tindemansgraszoden.nl\/de\/produkt\/angereicherte-pflanzerde-im-big-bag-1-m%c2%b3\/\",\"url\":\"https:\/\/www.tindemansgraszoden.nl\/de\/produkt\/angereicherte-pflanzerde-im-big-bag-1-m%c2%b3\/\",\"name\":\"Angereicherte Pflanzerde im Big Bag (1 m\u00b3) - Tindemans Graszoden\",\"isPartOf\":{\"@id\":\"https:\/\/www.tindemansgraszoden.nl\/de\/#website\"},\"primaryImageOfPage\":{\"@id\":\"https:\/\/www.tindemansgraszoden.nl\/de\/produkt\/angereicherte-pflanzerde-im-big-bag-1-m%c2%b3\/#primaryimage\"},\"image\":{\"@id\":\"https:\/\/www.tindemansgraszoden.nl\/de\/produkt\/angereicherte-pflanzerde-im-big-bag-1-m%c2%b3\/#primaryimage\"},\"thumbnailUrl\":\"https:\/\/www.tindemansgraszoden.nl\/wp-content\/uploads\/2026\/03\/BigBag-Teelaarde-1-m3.png\",\"datePublished\":\"2026-03-10T12:44:13+00:00\",\"dateModified\":\"2026-04-10T08:44:15+00:00\",\"description\":\"Bekijk hier al onze producten\",\"breadcrumb\":{\"@id\":\"https:\/\/www.tindemansgraszoden.nl\/de\/produkt\/angereicherte-pflanzerde-im-big-bag-1-m%c2%b3\/#breadcrumb\"},\"inLanguage\":\"de\",\"potentialAction\":[{\"@type\":\"ReadAction\",\"target\":[\"https:\/\/www.tindemansgraszoden.nl\/de\/produkt\/angereicherte-pflanzerde-im-big-bag-1-m%c2%b3\/\"]}]},{\"@type\":\"ImageObject\",\"inLanguage\":\"de\",\"@id\":\"https:\/\/www.tindemansgraszoden.nl\/de\/produkt\/angereicherte-pflanzerde-im-big-bag-1-m%c2%b3\/#primaryimage\",\"url\":\"https:\/\/www.tindemansgraszoden.nl\/wp-content\/uploads\/2026\/03\/BigBag-Teelaarde-1-m3.png\",\"contentUrl\":\"https:\/\/www.tindemansgraszoden.nl\/wp-content\/uploads\/2026\/03\/BigBag-Teelaarde-1-m3.png\",\"width\":2000,\"height\":2000,\"caption\":\"Bigbag Teelaarde 1 m3\"},{\"@type\":\"BreadcrumbList\",\"@id\":\"https:\/\/www.tindemansgraszoden.nl\/de\/produkt\/angereicherte-pflanzerde-im-big-bag-1-m%c2%b3\/#breadcrumb\",\"itemListElement\":[{\"@type\":\"ListItem\",\"position\":1,\"name\":\"Home\",\"item\":\"https:\/\/www.tindemansgraszoden.nl\/de\/\"},{\"@type\":\"ListItem\",\"position\":2,\"name\":\"Shop\",\"item\":\"https:\/\/www.tindemansgraszoden.nl\/de\/shop\/\"},{\"@type\":\"ListItem\",\"position\":3,\"name\":\"Angereicherte Pflanzerde im Big Bag (1 m\u00b3)\"}]},{\"@type\":\"WebSite\",\"@id\":\"https:\/\/www.tindemansgraszoden.nl\/de\/#website\",\"url\":\"https:\/\/www.tindemansgraszoden.nl\/de\/\",\"name\":\"Tindemans Graszoden\",\"description\":\"Graszoden Limburg: levering en aanleg\",\"publisher\":{\"@id\":\"https:\/\/www.tindemansgraszoden.nl\/de\/#organization\"},\"potentialAction\":[{\"@type\":\"SearchAction\",\"target\":{\"@type\":\"EntryPoint\",\"urlTemplate\":\"https:\/\/www.tindemansgraszoden.nl\/de\/?s={search_term_string}\"},\"query-input\":{\"@type\":\"PropertyValueSpecification\",\"valueRequired\":true,\"valueName\":\"search_term_string\"}}],\"inLanguage\":\"de\"},{\"@type\":\"Organization\",\"@id\":\"https:\/\/www.tindemansgraszoden.nl\/de\/#organization\",\"name\":\"Tindemans Graszoden\",\"url\":\"https:\/\/www.tindemansgraszoden.nl\/de\/\",\"logo\":{\"@type\":\"ImageObject\",\"inLanguage\":\"de\",\"@id\":\"https:\/\/www.tindemansgraszoden.nl\/de\/#\/schema\/logo\/image\/\",\"url\":\"https:\/\/www.tindemansgraszoden.nl\/wp-content\/uploads\/2022\/04\/logo.png\",\"contentUrl\":\"https:\/\/www.tindemansgraszoden.nl\/wp-content\/uploads\/2022\/04\/logo.png\",\"width\":394,\"height\":120,\"caption\":\"Tindemans Graszoden\"},\"image\":{\"@id\":\"https:\/\/www.tindemansgraszoden.nl\/de\/#\/schema\/logo\/image\/\"}}]}<\/script>\n<!-- \/ Yoast SEO plugin. -->","yoast_head_json":{"title":"Angereicherte Pflanzerde im Big Bag (1 m\u00b3) - Tindemans Graszoden","description":"Bekijk hier al onze producten","robots":{"index":"index","follow":"follow","max-snippet":"max-snippet:-1","max-image-preview":"max-image-preview:large","max-video-preview":"max-video-preview:-1"},"canonical":"https:\/\/www.tindemansgraszoden.nl\/de\/produkt\/angereicherte-pflanzerde-im-big-bag-1-m%c2%b3\/","schema":{"@context":"https:\/\/schema.org","@graph":[{"@type":"WebPage","@id":"https:\/\/www.tindemansgraszoden.nl\/de\/produkt\/angereicherte-pflanzerde-im-big-bag-1-m%c2%b3\/","url":"https:\/\/www.tindemansgraszoden.nl\/de\/produkt\/angereicherte-pflanzerde-im-big-bag-1-m%c2%b3\/","name":"Angereicherte Pflanzerde im Big Bag (1 m\u00b3) - Tindemans Graszoden","isPartOf":{"@id":"https:\/\/www.tindemansgraszoden.nl\/de\/#website"},"primaryImageOfPage":{"@id":"https:\/\/www.tindemansgraszoden.nl\/de\/produkt\/angereicherte-pflanzerde-im-big-bag-1-m%c2%b3\/#primaryimage"},"image":{"@id":"https:\/\/www.tindemansgraszoden.nl\/de\/produkt\/angereicherte-pflanzerde-im-big-bag-1-m%c2%b3\/#primaryimage"},"thumbnailUrl":"https:\/\/www.tindemansgraszoden.nl\/wp-content\/uploads\/2026\/03\/BigBag-Teelaarde-1-m3.png","datePublished":"2026-03-10T12:44:13+00:00","dateModified":"2026-04-10T08:44:15+00:00","description":"Bekijk hier al onze producten","breadcrumb":{"@id":"https:\/\/www.tindemansgraszoden.nl\/de\/produkt\/angereicherte-pflanzerde-im-big-bag-1-m%c2%b3\/#breadcrumb"},"inLanguage":"de","potentialAction":[{"@type":"ReadAction","target":["https:\/\/www.tindemansgraszoden.nl\/de\/produkt\/angereicherte-pflanzerde-im-big-bag-1-m%c2%b3\/"]}]},{"@type":"ImageObject","inLanguage":"de","@id":"https:\/\/www.tindemansgraszoden.nl\/de\/produkt\/angereicherte-pflanzerde-im-big-bag-1-m%c2%b3\/#primaryimage","url":"https:\/\/www.tindemansgraszoden.nl\/wp-content\/uploads\/2026\/03\/BigBag-Teelaarde-1-m3.png","contentUrl":"https:\/\/www.tindemansgraszoden.nl\/wp-content\/uploads\/2026\/03\/BigBag-Teelaarde-1-m3.png","width":2000,"height":2000,"caption":"Bigbag Teelaarde 1 m3"},{"@type":"BreadcrumbList","@id":"https:\/\/www.tindemansgraszoden.nl\/de\/produkt\/angereicherte-pflanzerde-im-big-bag-1-m%c2%b3\/#breadcrumb","itemListElement":[{"@type":"ListItem","position":1,"name":"Home","item":"https:\/\/www.tindemansgraszoden.nl\/de\/"},{"@type":"ListItem","position":2,"name":"Shop","item":"https:\/\/www.tindemansgraszoden.nl\/de\/shop\/"},{"@type":"ListItem","position":3,"name":"Angereicherte Pflanzerde im Big Bag (1 m\u00b3)"}]},{"@type":"WebSite","@id":"https:\/\/www.tindemansgraszoden.nl\/de\/#website","url":"https:\/\/www.tindemansgraszoden.nl\/de\/","name":"Tindemans Graszoden","description":"Graszoden Limburg: levering en aanleg","publisher":{"@id":"https:\/\/www.tindemansgraszoden.nl\/de\/#organization"},"potentialAction":[{"@type":"SearchAction","target":{"@type":"EntryPoint","urlTemplate":"https:\/\/www.tindemansgraszoden.nl\/de\/?s={search_term_string}"},"query-input":{"@type":"PropertyValueSpecification","valueRequired":true,"valueName":"search_term_string"}}],"inLanguage":"de"},{"@type":"Organization","@id":"https:\/\/www.tindemansgraszoden.nl\/de\/#organization","name":"Tindemans Graszoden","url":"https:\/\/www.tindemansgraszoden.nl\/de\/","logo":{"@type":"ImageObject","inLanguage":"de","@id":"https:\/\/www.tindemansgraszoden.nl\/de\/#\/schema\/logo\/image\/","url":"https:\/\/www.tindemansgraszoden.nl\/wp-content\/uploads\/2022\/04\/logo.png","contentUrl":"https:\/\/www.tindemansgraszoden.nl\/wp-content\/uploads\/2022\/04\/logo.png","width":394,"height":120,"caption":"Tindemans Graszoden"},"image":{"@id":"https:\/\/www.tindemansgraszoden.nl\/de\/#\/schema\/logo\/image\/"}}]}},"_links":{"self":[{"href":"https:\/\/www.tindemansgraszoden.nl\/de\/wp-json\/wp\/v2\/product\/10007","targetHints":{"allow":["GET"]}}],"collection":[{"href":"https:\/\/www.tindemansgraszoden.nl\/de\/wp-json\/wp\/v2\/product"}],"about":[{"href":"https:\/\/www.tindemansgraszoden.nl\/de\/wp-json\/wp\/v2\/types\/product"}],"replies":[{"embeddable":true,"href":"https:\/\/www.tindemansgraszoden.nl\/de\/wp-json\/wp\/v2\/comments?post=10007"}],"wp:featuredmedia":[{"embeddable":true,"href":"https:\/\/www.tindemansgraszoden.nl\/de\/wp-json\/wp\/v2\/media\/10006"}],"wp:attachment":[{"href":"https:\/\/www.tindemansgraszoden.nl\/de\/wp-json\/wp\/v2\/media?parent=10007"}],"wp:term":[{"taxonomy":"product_brand","embeddable":true,"href":"https:\/\/www.tindemansgraszoden.nl\/de\/wp-json\/wp\/v2\/product_brand?post=10007"},{"taxonomy":"product_cat","embeddable":true,"href":"https:\/\/www.tindemansgraszoden.nl\/de\/wp-json\/wp\/v2\/product_cat?post=10007"},{"taxonomy":"product_tag","embeddable":true,"href":"https:\/\/www.tindemansgraszoden.nl\/de\/wp-json\/wp\/v2\/product_tag?post=10007"}],"curies":[{"name":"wp","href":"https:\/\/api.w.org\/{rel}","templated":true}]}}