{"id":9956,"date":"2022-03-07T09:28:41","date_gmt":"2022-03-07T08:28:41","guid":{"rendered":"https:\/\/www.tindemansgraszoden.nl\/?page_id=9956"},"modified":"2026-04-10T09:17:26","modified_gmt":"2026-04-10T07:17:26","slug":"abholung","status":"publish","type":"page","link":"https:\/\/www.tindemansgraszoden.nl\/de\/abholung\/","title":{"rendered":"Abholung"},"content":{"rendered":"\t\t<div data-elementor-type=\"wp-page\" data-elementor-id=\"9956\" class=\"elementor elementor-9956 elementor-1440\" data-elementor-post-type=\"page\">\n\t\t\t\t<div class=\"elementor-element elementor-element-50280f9d e-flex e-con-boxed e-con e-parent\" data-id=\"50280f9d\" data-element_type=\"container\" data-e-type=\"container\">\n\t\t\t\t\t<div class=\"e-con-inner\">\n\t\t\t\t<div class=\"elementor-element elementor-element-e389719 elementor-widget elementor-widget-heading\" data-id=\"e389719\" data-element_type=\"widget\" data-e-type=\"widget\" data-widget_type=\"heading.default\">\n\t\t\t\t\t<h1 class=\"elementor-heading-title elementor-size-default\">Ort der Abholung\n<\/h1>\t\t\t\t<\/div>\n\t\t\t\t<div class=\"elementor-element elementor-element-56662581 elementor-widget elementor-widget-text-editor\" data-id=\"56662581\" data-element_type=\"widget\" data-e-type=\"widget\" data-widget_type=\"text-editor.default\">\n\t\t\t\t\t\t\t\t\t<p>Sie k\u00f6nnen den Rollrasen bei uns in Nederweert(NL), Heinbserg (DE) und in Eys (NL) an den folgenden Standorten abholen. Wir arbeiten ausschlie\u00dflich auf Bestellung. Bitte bestellen Sie Ihren Rollrasen vorab online.<\/p>\n<div class=\"flex max-w-full flex-col flex-grow\">\n<div class=\"min-h-8 text-message relative flex w-full flex-col items-end gap-2 whitespace-normal break-words text-start [.text-message+&amp;]:mt-5\" dir=\"auto\" data-message-author-role=\"assistant\" data-message-id=\"10e5cdc5-4a39-40fa-bb0c-1c61aa8e5ace\" data-message-model-slug=\"gpt-4o\">\n<div class=\"flex w-full flex-col gap-1 empty:hidden first:pt-[3px]\">\n<div class=\"markdown prose w-full break-words dark:prose-invert light\">\n<p data-start=\"0\" data-end=\"68\" data-is-last-node=\"\" data-is-only-node=\"\"><strong>Von November bis Februar k\u00f6nnen die Abholtage und -zeiten abweichen<\/strong><\/p>\n<\/div>\n<\/div>\n<\/div>\n<\/div>\t\t\t\t\t\t\t\t<\/div>\n\t\t\t\t<div class=\"elementor-element elementor-element-a886838 elementor-widget elementor-widget-text-editor\" data-id=\"a886838\" data-element_type=\"widget\" data-e-type=\"widget\" data-widget_type=\"text-editor.default\">\n\t\t\t\t\t\t\t\t\t<h2><a href=\"https:\/\/www.google.com\/maps\/place\/Karker-M%C3%BChle\/@51.097609,6.0853729,683m\/data=!3m2!1e3!4b1!4m6!3m5!1s0x47c0b1fda5627071:0x554265f3136bd759!8m2!3d51.0976057!4d6.0879478!16s%2Fg%2F11x984bl4?entry=ttu&amp;g_ep=EgoyMDI1MDIyNS4wIKXMDSoASAFQAw%3D%3D\">Tindemans Graszoden Heinsberg<\/a><\/h2>\n<p><strong>Karker \u2013 M\u00fchle<\/strong><br \/>M\u00fchlenstra\u00dfe 2<br \/>5252 Heinsberg<br \/>Deutschland<\/p>\n<p><em><strong>\u00d6ffnungszeiten f\u00fcr die Abholung<\/strong><\/em><br \/>Dienstag und Freitag<br \/>13:00 \u2013 17:30 Uhr<br \/>Samstag<br \/>09:00 \u2013 12:00 Uhr<\/p>\n<h2><a href=\"https:\/\/www.google.com\/maps\/place\/Tindemans+Graszoden+B.V.\/@51.2980406,5.7334234,680m\/data=!3m2!1e3!4b1!4m6!3m5!1s0x47c73220bce82829:0x576f332da7bcf07!8m2!3d51.2980373!4d5.7359983!16s%2Fg%2F113gdqqm0?entry=ttu&amp;g_ep=EgoyMDI1MDIwNS4xIKXMDSoJLDEwMjExMjM0SAFQAw%3D%3D\">Tindemans Graszoden Nederweert<\/a><\/h2>\n<p><strong>Tindemans Graszoden B.V. (Hauptniederlassung)<br \/><\/strong>Karissteeg 2A<br \/>6031 PH Nederweert<br \/>Die Niederlande<\/p>\n<p><em><strong>\u00d6ffnungszeiten f\u00fcr die Abholung<\/strong><\/em><br \/>Montag bis Freitag<br \/>09:00 \u2013\u00a0 17:30 Uhr<br \/>Samstag<br \/>08:30 \u2013 12:00 Uhr<\/p>\n<h2><a href=\"https:\/\/www.google.com\/maps\/place\/De+Landwinkel+V.O.F.\/@50.8397084,5.9320542,686m\/data=!3m2!1e3!4b1!4m6!3m5!1s0x47c0eb7a631c2675:0x149c4a187d7f0824!8m2!3d50.839705!4d5.9346291!16s%2Fg%2F1wyc3gy2?entry=ttu&amp;g_ep=EgoyMDI1MDIwNS4xIKXMDSoJLDEwMjExMjM0SAFQAw%3D%3D\">Tindemans Graszoden Eys<\/a><\/h2>\n<p><strong>De Landwinkel Eys<\/strong><br \/>Eyserheide 1<br \/>6287 NB Eys<br \/>Die Niederlande<\/p>\n<p><em><strong>\u00d6ffnungszeiten f\u00fcr die Abholung<\/strong><\/em><br \/>Dienstag und Freitag<br \/>13:00 \u2013 17:00 Uhr<br \/>Samstag<br \/>09:30 \u2013 12:00 Uhr<\/p>\t\t\t\t\t\t\t\t<\/div>\n\t\t\t\t\t<\/div>\n\t\t\t\t<\/div>\n\t\t\t\t<\/div>\n\t\t","protected":false},"excerpt":{"rendered":"<p>Ort der Abholung Sie k\u00f6nnen den Rollrasen bei uns in Nederweert(NL), Heinbserg (DE) und in Eys (NL) an den folgenden Standorten abholen. Wir arbeiten ausschlie\u00dflich auf Bestellung. Bitte bestellen Sie Ihren Rollrasen vorab online. Von November bis Februar k\u00f6nnen die Abholtage und -zeiten abweichen Tindemans Graszoden Heinsberg Karker \u2013 M\u00fchleM\u00fchlenstra\u00dfe 25252 HeinsbergDeutschland \u00d6ffnungszeiten f\u00fcr die [&hellip;]<\/p>\n","protected":false},"author":4,"featured_media":0,"parent":0,"menu_order":4,"comment_status":"closed","ping_status":"closed","template":"","meta":{"_acf_changed":false,"footnotes":""},"class_list":["post-9956","page","type-page","status-publish","hentry"],"acf":[],"yoast_head":"<!-- This site is optimized with the Yoast SEO plugin v26.9 - https:\/\/yoast.com\/product\/yoast-seo-wordpress\/ -->\n<title>Abholung - Tindemans Graszoden<\/title>\n<meta name=\"robots\" content=\"index, follow, max-snippet:-1, max-image-preview:large, max-video-preview:-1\" \/>\n<link rel=\"canonical\" href=\"https:\/\/www.tindemansgraszoden.nl\/de\/abholung\/\" \/>\n<meta property=\"og:locale\" content=\"de_DE\" \/>\n<meta property=\"og:type\" content=\"article\" \/>\n<meta property=\"og:title\" content=\"Abholung - Tindemans Graszoden\" \/>\n<meta property=\"og:description\" content=\"Ort der Abholung Sie k\u00f6nnen den Rollrasen bei uns in Nederweert(NL), Heinbserg (DE) und in Eys (NL) an den folgenden Standorten abholen. Wir arbeiten ausschlie\u00dflich auf Bestellung. Bitte bestellen Sie Ihren Rollrasen vorab online. Von November bis Februar k\u00f6nnen die Abholtage und -zeiten abweichen Tindemans Graszoden Heinsberg Karker \u2013 M\u00fchleM\u00fchlenstra\u00dfe 25252 HeinsbergDeutschland \u00d6ffnungszeiten f\u00fcr die [&hellip;]\" \/>\n<meta property=\"og:url\" content=\"https:\/\/www.tindemansgraszoden.nl\/de\/abholung\/\" \/>\n<meta property=\"og:site_name\" content=\"Tindemans Graszoden\" \/>\n<meta property=\"article:modified_time\" content=\"2026-04-10T07:17:26+00:00\" \/>\n<meta name=\"twitter:card\" content=\"summary_large_image\" \/>\n<meta name=\"twitter:label1\" content=\"Gesch\u00e4tzte Lesezeit\" \/>\n\t<meta name=\"twitter:data1\" content=\"1\u00a0Minute\" \/>\n<script type=\"application\/ld+json\" class=\"yoast-schema-graph\">{\"@context\":\"https:\/\/schema.org\",\"@graph\":[{\"@type\":\"WebPage\",\"@id\":\"https:\/\/www.tindemansgraszoden.nl\/de\/abholung\/\",\"url\":\"https:\/\/www.tindemansgraszoden.nl\/de\/abholung\/\",\"name\":\"Abholung - Tindemans Graszoden\",\"isPartOf\":{\"@id\":\"https:\/\/www.tindemansgraszoden.nl\/de\/#website\"},\"datePublished\":\"2022-03-07T08:28:41+00:00\",\"dateModified\":\"2026-04-10T07:17:26+00:00\",\"breadcrumb\":{\"@id\":\"https:\/\/www.tindemansgraszoden.nl\/de\/abholung\/#breadcrumb\"},\"inLanguage\":\"de\",\"potentialAction\":[{\"@type\":\"ReadAction\",\"target\":[\"https:\/\/www.tindemansgraszoden.nl\/de\/abholung\/\"]}]},{\"@type\":\"BreadcrumbList\",\"@id\":\"https:\/\/www.tindemansgraszoden.nl\/de\/abholung\/#breadcrumb\",\"itemListElement\":[{\"@type\":\"ListItem\",\"position\":1,\"name\":\"Home\",\"item\":\"https:\/\/www.tindemansgraszoden.nl\/de\/\"},{\"@type\":\"ListItem\",\"position\":2,\"name\":\"Abholung\"}]},{\"@type\":\"WebSite\",\"@id\":\"https:\/\/www.tindemansgraszoden.nl\/de\/#website\",\"url\":\"https:\/\/www.tindemansgraszoden.nl\/de\/\",\"name\":\"Tindemans Graszoden\",\"description\":\"Graszoden Limburg: levering en aanleg\",\"publisher\":{\"@id\":\"https:\/\/www.tindemansgraszoden.nl\/de\/#organization\"},\"potentialAction\":[{\"@type\":\"SearchAction\",\"target\":{\"@type\":\"EntryPoint\",\"urlTemplate\":\"https:\/\/www.tindemansgraszoden.nl\/de\/?s={search_term_string}\"},\"query-input\":{\"@type\":\"PropertyValueSpecification\",\"valueRequired\":true,\"valueName\":\"search_term_string\"}}],\"inLanguage\":\"de\"},{\"@type\":\"Organization\",\"@id\":\"https:\/\/www.tindemansgraszoden.nl\/de\/#organization\",\"name\":\"Tindemans Graszoden\",\"url\":\"https:\/\/www.tindemansgraszoden.nl\/de\/\",\"logo\":{\"@type\":\"ImageObject\",\"inLanguage\":\"de\",\"@id\":\"https:\/\/www.tindemansgraszoden.nl\/de\/#\/schema\/logo\/image\/\",\"url\":\"https:\/\/www.tindemansgraszoden.nl\/wp-content\/uploads\/2022\/04\/logo.png\",\"contentUrl\":\"https:\/\/www.tindemansgraszoden.nl\/wp-content\/uploads\/2022\/04\/logo.png\",\"width\":394,\"height\":120,\"caption\":\"Tindemans Graszoden\"},\"image\":{\"@id\":\"https:\/\/www.tindemansgraszoden.nl\/de\/#\/schema\/logo\/image\/\"}}]}<\/script>\n<!-- \/ Yoast SEO plugin. -->","yoast_head_json":{"title":"Abholung - Tindemans Graszoden","robots":{"index":"index","follow":"follow","max-snippet":"max-snippet:-1","max-image-preview":"max-image-preview:large","max-video-preview":"max-video-preview:-1"},"canonical":"https:\/\/www.tindemansgraszoden.nl\/de\/abholung\/","og_locale":"de_DE","og_type":"article","og_title":"Abholung - Tindemans Graszoden","og_description":"Ort der Abholung Sie k\u00f6nnen den Rollrasen bei uns in Nederweert(NL), Heinbserg (DE) und in Eys (NL) an den folgenden Standorten abholen. Wir arbeiten ausschlie\u00dflich auf Bestellung. Bitte bestellen Sie Ihren Rollrasen vorab online. Von November bis Februar k\u00f6nnen die Abholtage und -zeiten abweichen Tindemans Graszoden Heinsberg Karker \u2013 M\u00fchleM\u00fchlenstra\u00dfe 25252 HeinsbergDeutschland \u00d6ffnungszeiten f\u00fcr die [&hellip;]","og_url":"https:\/\/www.tindemansgraszoden.nl\/de\/abholung\/","og_site_name":"Tindemans Graszoden","article_modified_time":"2026-04-10T07:17:26+00:00","twitter_card":"summary_large_image","twitter_misc":{"Gesch\u00e4tzte Lesezeit":"1\u00a0Minute"},"schema":{"@context":"https:\/\/schema.org","@graph":[{"@type":"WebPage","@id":"https:\/\/www.tindemansgraszoden.nl\/de\/abholung\/","url":"https:\/\/www.tindemansgraszoden.nl\/de\/abholung\/","name":"Abholung - Tindemans Graszoden","isPartOf":{"@id":"https:\/\/www.tindemansgraszoden.nl\/de\/#website"},"datePublished":"2022-03-07T08:28:41+00:00","dateModified":"2026-04-10T07:17:26+00:00","breadcrumb":{"@id":"https:\/\/www.tindemansgraszoden.nl\/de\/abholung\/#breadcrumb"},"inLanguage":"de","potentialAction":[{"@type":"ReadAction","target":["https:\/\/www.tindemansgraszoden.nl\/de\/abholung\/"]}]},{"@type":"BreadcrumbList","@id":"https:\/\/www.tindemansgraszoden.nl\/de\/abholung\/#breadcrumb","itemListElement":[{"@type":"ListItem","position":1,"name":"Home","item":"https:\/\/www.tindemansgraszoden.nl\/de\/"},{"@type":"ListItem","position":2,"name":"Abholung"}]},{"@type":"WebSite","@id":"https:\/\/www.tindemansgraszoden.nl\/de\/#website","url":"https:\/\/www.tindemansgraszoden.nl\/de\/","name":"Tindemans Graszoden","description":"Graszoden Limburg: levering en aanleg","publisher":{"@id":"https:\/\/www.tindemansgraszoden.nl\/de\/#organization"},"potentialAction":[{"@type":"SearchAction","target":{"@type":"EntryPoint","urlTemplate":"https:\/\/www.tindemansgraszoden.nl\/de\/?s={search_term_string}"},"query-input":{"@type":"PropertyValueSpecification","valueRequired":true,"valueName":"search_term_string"}}],"inLanguage":"de"},{"@type":"Organization","@id":"https:\/\/www.tindemansgraszoden.nl\/de\/#organization","name":"Tindemans Graszoden","url":"https:\/\/www.tindemansgraszoden.nl\/de\/","logo":{"@type":"ImageObject","inLanguage":"de","@id":"https:\/\/www.tindemansgraszoden.nl\/de\/#\/schema\/logo\/image\/","url":"https:\/\/www.tindemansgraszoden.nl\/wp-content\/uploads\/2022\/04\/logo.png","contentUrl":"https:\/\/www.tindemansgraszoden.nl\/wp-content\/uploads\/2022\/04\/logo.png","width":394,"height":120,"caption":"Tindemans Graszoden"},"image":{"@id":"https:\/\/www.tindemansgraszoden.nl\/de\/#\/schema\/logo\/image\/"}}]}},"_links":{"self":[{"href":"https:\/\/www.tindemansgraszoden.nl\/de\/wp-json\/wp\/v2\/pages\/9956","targetHints":{"allow":["GET"]}}],"collection":[{"href":"https:\/\/www.tindemansgraszoden.nl\/de\/wp-json\/wp\/v2\/pages"}],"about":[{"href":"https:\/\/www.tindemansgraszoden.nl\/de\/wp-json\/wp\/v2\/types\/page"}],"author":[{"embeddable":true,"href":"https:\/\/www.tindemansgraszoden.nl\/de\/wp-json\/wp\/v2\/users\/4"}],"replies":[{"embeddable":true,"href":"https:\/\/www.tindemansgraszoden.nl\/de\/wp-json\/wp\/v2\/comments?post=9956"}],"version-history":[{"count":4,"href":"https:\/\/www.tindemansgraszoden.nl\/de\/wp-json\/wp\/v2\/pages\/9956\/revisions"}],"predecessor-version":[{"id":9960,"href":"https:\/\/www.tindemansgraszoden.nl\/de\/wp-json\/wp\/v2\/pages\/9956\/revisions\/9960"}],"wp:attachment":[{"href":"https:\/\/www.tindemansgraszoden.nl\/de\/wp-json\/wp\/v2\/media?parent=9956"}],"curies":[{"name":"wp","href":"https:\/\/api.w.org\/{rel}","templated":true}]}}