{"id":9948,"date":"2022-02-02T11:55:28","date_gmt":"2022-02-02T10:55:28","guid":{"rendered":"https:\/\/www.tindemansgraszoden.nl\/?page_id=9948"},"modified":"2026-04-10T09:14:42","modified_gmt":"2026-04-10T07:14:42","slug":"ueber-uns","status":"publish","type":"page","link":"https:\/\/www.tindemansgraszoden.nl\/de\/contact\/ueber-uns\/","title":{"rendered":"\u00dcber uns"},"content":{"rendered":"\n<h1 class=\"wp-block-heading\">Wie alles begann \/ \u00dcber uns<\/h1>\n\n\n\n<p>Im Jahr 2012 begann Stijn Tindemans mit dem Verkauf und Verlegen von Rollrasen.&nbsp;<em>\u201eAls Teilzeitbesch\u00e4ftigung lieferte ich jeden Freitag und Samstag Rollrasen mit einem Anh\u00e4nger an die Haust\u00fcr meiner Kunden. Der Rollrasen wurde dann einzeln von Hand aus dem Anh\u00e4nger entladen<\/em>.\u201c Durch die Lieferung eines qualitativ hochwertigen Produkts zu fairen Preisen und die Einhaltung von Vereinbarungen kamen immer mehr Anfragen. Aufgrund der schnellen Investition in einen LKW konnte mehr Rollrasen auf einmal transportiert werden. Dadurch konnten wir effizienter arbeiten.<\/p>\n\n\n\n<p>\u201e2015 wusste ich mit Sicherheit, dass ich meinen Job k\u00fcndigen und mich in Vollzeit dem Rollrasen widmen werde.\u201c<br><br><img fetchpriority=\"high\" decoding=\"async\" width=\"350\" height=\"233\" class=\"wp-image-9953\" style=\"width: 350px;\" src=\"https:\/\/www.tindemansgraszoden.nl\/wp-content\/uploads\/2026\/04\/Graszoden-3678-768x511-1.jpg\" alt=\"\" srcset=\"https:\/\/www.tindemansgraszoden.nl\/wp-content\/uploads\/2026\/04\/Graszoden-3678-768x511-1.jpg 768w, https:\/\/www.tindemansgraszoden.nl\/wp-content\/uploads\/2026\/04\/Graszoden-3678-768x511-1-300x200.jpg 300w, https:\/\/www.tindemansgraszoden.nl\/wp-content\/uploads\/2026\/04\/Graszoden-3678-768x511-1-600x399.jpg 600w\" sizes=\"(max-width: 350px) 100vw, 350px\" \/><span style=\"background-color: rgba(0, 0, 0, 0.2); font-size: revert; color: initial; font-family: -apple-system, BlinkMacSystemFont, &quot;Segoe UI&quot;, Roboto, &quot;Helvetica Neue&quot;, Arial, &quot;Noto Sans&quot;, sans-serif, &quot;Apple Color Emoji&quot;, &quot;Segoe UI Emoji&quot;, &quot;Segoe UI Symbol&quot;, &quot;Noto Color Emoji&quot;;\">\u00a0<\/span><img decoding=\"async\" width=\"350\" height=\"233\" class=\"wp-image-9954\" style=\"width: 350px;\" src=\"https:\/\/www.tindemansgraszoden.nl\/wp-content\/uploads\/2026\/04\/Tindemans-Graszoden-3619-1-768x511-1.jpg\" alt=\"\" srcset=\"https:\/\/www.tindemansgraszoden.nl\/wp-content\/uploads\/2026\/04\/Tindemans-Graszoden-3619-1-768x511-1.jpg 768w, https:\/\/www.tindemansgraszoden.nl\/wp-content\/uploads\/2026\/04\/Tindemans-Graszoden-3619-1-768x511-1-300x200.jpg 300w, https:\/\/www.tindemansgraszoden.nl\/wp-content\/uploads\/2026\/04\/Tindemans-Graszoden-3619-1-768x511-1-600x399.jpg 600w\" sizes=\"(max-width: 350px) 100vw, 350px\" \/><span style=\"background-color: rgba(0, 0, 0, 0.2); font-size: revert; color: initial; font-family: -apple-system, BlinkMacSystemFont, &quot;Segoe UI&quot;, Roboto, &quot;Helvetica Neue&quot;, Arial, &quot;Noto Sans&quot;, sans-serif, &quot;Apple Color Emoji&quot;, &quot;Segoe UI Emoji&quot;, &quot;Segoe UI Symbol&quot;, &quot;Noto Color Emoji&quot;;\">\u00a0 <\/span><\/p>\n\n\n\n<h2 class=\"wp-block-heading\">Unsere St\u00e4rke<\/h2>\n\n\n\n<p>Danique trat 2017 in das Unternehmen ein und wir stellten bald fest, dass wir uns perfekt erg\u00e4nzten. Stijn vor den Kulissen und Danique hinter den Kulissen. Dies erm\u00f6glichte es uns, weiterhin gesund zu wachsen.&nbsp;<em>Danique: Wir unternehmen mit pers\u00f6nlichem, gesch\u00e4ftlichem Charakter. Wie wir das tun? Mit klarer Kommunikation und guter Beratung.<\/em><\/p>\n\n\n\n<p>\u201eSagen, was man tut, und tun, was man sagt.\u201c<\/p>\n\n\n\n<p>Wir sind ein junges Unternehmen mit einem eigenen Ansatz. Dadurch k\u00f6nnen wir sehr flexibel auf die Bed\u00fcrfnisse unserer Kunden eingehen. Der Komfort liegt haupts\u00e4chlich in dem Service, den wir anbieten. Sie k\u00f6nnen Ihren Rollrasen einfach und schnell online oder telefonisch bestellen und 5 Tage die Woche liefern lassen. Wir helfen unseren Kunden sowohl mit einem neuen Rasen als auch mit Ratschl\u00e4gen zu bestehendem Rasen. Auf diese Weise k\u00f6nnen Kunden ihren Rasen jahrelang genie\u00dfen.<br><br><div class=\"wpb_text_column wpb_content_element \"><br><p><img decoding=\"async\" width=\"303\" height=\"202\" class=\"alignleft wp-image-1625\" src=\"https:\/\/www.tindemansgraszoden.nl\/wp-content\/uploads\/2022\/03\/Graszoden-4526-2-scaled.jpg\" alt=\"tindemans\" srcset=\"https:\/\/www.tindemansgraszoden.nl\/wp-content\/uploads\/2022\/03\/Graszoden-4526-2-scaled.jpg 2560w, https:\/\/www.tindemansgraszoden.nl\/wp-content\/uploads\/2022\/03\/Graszoden-4526-2-300x200.jpg 300w, https:\/\/www.tindemansgraszoden.nl\/wp-content\/uploads\/2022\/03\/Graszoden-4526-2-1024x682.jpg 1024w, https:\/\/www.tindemansgraszoden.nl\/wp-content\/uploads\/2022\/03\/Graszoden-4526-2-768x511.jpg 768w, https:\/\/www.tindemansgraszoden.nl\/wp-content\/uploads\/2022\/03\/Graszoden-4526-2-1536x1022.jpg 1536w, https:\/\/www.tindemansgraszoden.nl\/wp-content\/uploads\/2022\/03\/Graszoden-4526-2-2048x1363.jpg 2048w, https:\/\/www.tindemansgraszoden.nl\/wp-content\/uploads\/2022\/03\/Graszoden-4526-2-600x399.jpg 600w\" sizes=\"(max-width: 303px) 100vw, 303px\" \/> <img loading=\"lazy\" decoding=\"async\" width=\"305\" height=\"203\" class=\"alignleft wp-image-1626\" src=\"https:\/\/www.tindemansgraszoden.nl\/wp-content\/uploads\/2022\/03\/Tindemans-Graszoden-2986-scaled.jpg\" alt=\"tindemans\" srcset=\"https:\/\/www.tindemansgraszoden.nl\/wp-content\/uploads\/2022\/03\/Tindemans-Graszoden-2986-scaled.jpg 2560w, https:\/\/www.tindemansgraszoden.nl\/wp-content\/uploads\/2022\/03\/Tindemans-Graszoden-2986-300x200.jpg 300w, https:\/\/www.tindemansgraszoden.nl\/wp-content\/uploads\/2022\/03\/Tindemans-Graszoden-2986-1024x682.jpg 1024w, https:\/\/www.tindemansgraszoden.nl\/wp-content\/uploads\/2022\/03\/Tindemans-Graszoden-2986-768x511.jpg 768w, https:\/\/www.tindemansgraszoden.nl\/wp-content\/uploads\/2022\/03\/Tindemans-Graszoden-2986-1536x1022.jpg 1536w, https:\/\/www.tindemansgraszoden.nl\/wp-content\/uploads\/2022\/03\/Tindemans-Graszoden-2986-2048x1363.jpg 2048w, https:\/\/www.tindemansgraszoden.nl\/wp-content\/uploads\/2022\/03\/Tindemans-Graszoden-2986-600x399.jpg 600w\" sizes=\"(max-width: 305px) 100vw, 305px\" \/><\/p><br><p>\u00a0<\/p><br><p> \u00a0<\/p><br><\/div>  <\/p>\n\n\n\n<h2 class=\"wp-block-heading\">Kontakt mit uns?<\/h2>\n\n\n\n<p>Zusammen mit unserem festen, hart arbeitenden Team haben wir in den letzten Jahren mehr als tausend Kunden einen neuen Rasen geliefert. Sie erf\u00fcllen jeweils ihre eigene Rolle im B\u00fcro, vor Ort, im Garten und unterwegs. Sind auch Sie neugierig, was wir f\u00fcr Sie tun k\u00f6nnen? Sie k\u00f6nnen uns jederzeit, an 6 Tagen in der Woche, kontaktieren.<\/p>\n","protected":false},"excerpt":{"rendered":"<p>Wie alles begann \/ \u00dcber uns Im Jahr 2012 begann Stijn Tindemans mit dem Verkauf und Verlegen von Rollrasen.&nbsp;\u201eAls Teilzeitbesch\u00e4ftigung lieferte ich jeden Freitag und Samstag Rollrasen mit einem Anh\u00e4nger an die Haust\u00fcr meiner Kunden. Der Rollrasen wurde dann einzeln von Hand aus dem Anh\u00e4nger entladen.\u201c Durch die Lieferung eines qualitativ hochwertigen Produkts zu fairen [&hellip;]<\/p>\n","protected":false},"author":4,"featured_media":0,"parent":9810,"menu_order":2,"comment_status":"closed","ping_status":"closed","template":"","meta":{"_acf_changed":false,"footnotes":""},"class_list":["post-9948","page","type-page","status-publish","hentry"],"acf":[],"yoast_head":"<!-- This site is optimized with the Yoast SEO plugin v26.9 - https:\/\/yoast.com\/product\/yoast-seo-wordpress\/ -->\n<title>\u00dcber uns - Tindemans Graszoden<\/title>\n<meta name=\"robots\" content=\"index, follow, max-snippet:-1, max-image-preview:large, max-video-preview:-1\" \/>\n<link rel=\"canonical\" href=\"https:\/\/www.tindemansgraszoden.nl\/de\/contact\/ueber-uns\/\" \/>\n<meta property=\"og:locale\" content=\"de_DE\" \/>\n<meta property=\"og:type\" content=\"article\" \/>\n<meta property=\"og:title\" content=\"\u00dcber uns - Tindemans Graszoden\" \/>\n<meta property=\"og:description\" content=\"Wie alles begann \/ \u00dcber uns Im Jahr 2012 begann Stijn Tindemans mit dem Verkauf und Verlegen von Rollrasen.&nbsp;\u201eAls Teilzeitbesch\u00e4ftigung lieferte ich jeden Freitag und Samstag Rollrasen mit einem Anh\u00e4nger an die Haust\u00fcr meiner Kunden. Der Rollrasen wurde dann einzeln von Hand aus dem Anh\u00e4nger entladen.\u201c Durch die Lieferung eines qualitativ hochwertigen Produkts zu fairen [&hellip;]\" \/>\n<meta property=\"og:url\" content=\"https:\/\/www.tindemansgraszoden.nl\/de\/contact\/ueber-uns\/\" \/>\n<meta property=\"og:site_name\" content=\"Tindemans Graszoden\" \/>\n<meta property=\"article:modified_time\" content=\"2026-04-10T07:14:42+00:00\" \/>\n<meta property=\"og:image\" content=\"https:\/\/www.tindemansgraszoden.nl\/wp-content\/uploads\/2026\/04\/Graszoden-3678-768x511-1.jpg\" \/>\n\t<meta property=\"og:image:width\" content=\"768\" \/>\n\t<meta property=\"og:image:height\" content=\"511\" \/>\n\t<meta property=\"og:image:type\" content=\"image\/jpeg\" \/>\n<meta name=\"twitter:card\" content=\"summary_large_image\" \/>\n<meta name=\"twitter:label1\" content=\"Gesch\u00e4tzte Lesezeit\" \/>\n\t<meta name=\"twitter:data1\" content=\"3\u00a0Minuten\" \/>\n<script type=\"application\/ld+json\" class=\"yoast-schema-graph\">{\"@context\":\"https:\/\/schema.org\",\"@graph\":[{\"@type\":\"WebPage\",\"@id\":\"https:\/\/www.tindemansgraszoden.nl\/de\/contact\/ueber-uns\/\",\"url\":\"https:\/\/www.tindemansgraszoden.nl\/de\/contact\/ueber-uns\/\",\"name\":\"\u00dcber uns - Tindemans Graszoden\",\"isPartOf\":{\"@id\":\"https:\/\/www.tindemansgraszoden.nl\/de\/#website\"},\"primaryImageOfPage\":{\"@id\":\"https:\/\/www.tindemansgraszoden.nl\/de\/contact\/ueber-uns\/#primaryimage\"},\"image\":{\"@id\":\"https:\/\/www.tindemansgraszoden.nl\/de\/contact\/ueber-uns\/#primaryimage\"},\"thumbnailUrl\":\"https:\/\/www.tindemansgraszoden.nl\/wp-content\/uploads\/2026\/04\/Graszoden-3678-768x511-1.jpg\",\"datePublished\":\"2022-02-02T10:55:28+00:00\",\"dateModified\":\"2026-04-10T07:14:42+00:00\",\"breadcrumb\":{\"@id\":\"https:\/\/www.tindemansgraszoden.nl\/de\/contact\/ueber-uns\/#breadcrumb\"},\"inLanguage\":\"de\",\"potentialAction\":[{\"@type\":\"ReadAction\",\"target\":[\"https:\/\/www.tindemansgraszoden.nl\/de\/contact\/ueber-uns\/\"]}]},{\"@type\":\"ImageObject\",\"inLanguage\":\"de\",\"@id\":\"https:\/\/www.tindemansgraszoden.nl\/de\/contact\/ueber-uns\/#primaryimage\",\"url\":\"https:\/\/www.tindemansgraszoden.nl\/wp-content\/uploads\/2026\/04\/Graszoden-3678-768x511-1.jpg\",\"contentUrl\":\"https:\/\/www.tindemansgraszoden.nl\/wp-content\/uploads\/2026\/04\/Graszoden-3678-768x511-1.jpg\"},{\"@type\":\"BreadcrumbList\",\"@id\":\"https:\/\/www.tindemansgraszoden.nl\/de\/contact\/ueber-uns\/#breadcrumb\",\"itemListElement\":[{\"@type\":\"ListItem\",\"position\":1,\"name\":\"Home\",\"item\":\"https:\/\/www.tindemansgraszoden.nl\/de\/\"},{\"@type\":\"ListItem\",\"position\":2,\"name\":\"Contact\",\"item\":\"https:\/\/www.tindemansgraszoden.nl\/de\/contact\/\"},{\"@type\":\"ListItem\",\"position\":3,\"name\":\"\u00dcber uns\"}]},{\"@type\":\"WebSite\",\"@id\":\"https:\/\/www.tindemansgraszoden.nl\/de\/#website\",\"url\":\"https:\/\/www.tindemansgraszoden.nl\/de\/\",\"name\":\"Tindemans Graszoden\",\"description\":\"Graszoden Limburg: levering en aanleg\",\"publisher\":{\"@id\":\"https:\/\/www.tindemansgraszoden.nl\/de\/#organization\"},\"potentialAction\":[{\"@type\":\"SearchAction\",\"target\":{\"@type\":\"EntryPoint\",\"urlTemplate\":\"https:\/\/www.tindemansgraszoden.nl\/de\/?s={search_term_string}\"},\"query-input\":{\"@type\":\"PropertyValueSpecification\",\"valueRequired\":true,\"valueName\":\"search_term_string\"}}],\"inLanguage\":\"de\"},{\"@type\":\"Organization\",\"@id\":\"https:\/\/www.tindemansgraszoden.nl\/de\/#organization\",\"name\":\"Tindemans Graszoden\",\"url\":\"https:\/\/www.tindemansgraszoden.nl\/de\/\",\"logo\":{\"@type\":\"ImageObject\",\"inLanguage\":\"de\",\"@id\":\"https:\/\/www.tindemansgraszoden.nl\/de\/#\/schema\/logo\/image\/\",\"url\":\"https:\/\/www.tindemansgraszoden.nl\/wp-content\/uploads\/2022\/04\/logo.png\",\"contentUrl\":\"https:\/\/www.tindemansgraszoden.nl\/wp-content\/uploads\/2022\/04\/logo.png\",\"width\":394,\"height\":120,\"caption\":\"Tindemans Graszoden\"},\"image\":{\"@id\":\"https:\/\/www.tindemansgraszoden.nl\/de\/#\/schema\/logo\/image\/\"}}]}<\/script>\n<!-- \/ Yoast SEO plugin. -->","yoast_head_json":{"title":"\u00dcber uns - Tindemans Graszoden","robots":{"index":"index","follow":"follow","max-snippet":"max-snippet:-1","max-image-preview":"max-image-preview:large","max-video-preview":"max-video-preview:-1"},"canonical":"https:\/\/www.tindemansgraszoden.nl\/de\/contact\/ueber-uns\/","og_locale":"de_DE","og_type":"article","og_title":"\u00dcber uns - Tindemans Graszoden","og_description":"Wie alles begann \/ \u00dcber uns Im Jahr 2012 begann Stijn Tindemans mit dem Verkauf und Verlegen von Rollrasen.&nbsp;\u201eAls Teilzeitbesch\u00e4ftigung lieferte ich jeden Freitag und Samstag Rollrasen mit einem Anh\u00e4nger an die Haust\u00fcr meiner Kunden. Der Rollrasen wurde dann einzeln von Hand aus dem Anh\u00e4nger entladen.\u201c Durch die Lieferung eines qualitativ hochwertigen Produkts zu fairen [&hellip;]","og_url":"https:\/\/www.tindemansgraszoden.nl\/de\/contact\/ueber-uns\/","og_site_name":"Tindemans Graszoden","article_modified_time":"2026-04-10T07:14:42+00:00","og_image":[{"width":768,"height":511,"url":"https:\/\/www.tindemansgraszoden.nl\/wp-content\/uploads\/2026\/04\/Graszoden-3678-768x511-1.jpg","type":"image\/jpeg"}],"twitter_card":"summary_large_image","twitter_misc":{"Gesch\u00e4tzte Lesezeit":"3\u00a0Minuten"},"schema":{"@context":"https:\/\/schema.org","@graph":[{"@type":"WebPage","@id":"https:\/\/www.tindemansgraszoden.nl\/de\/contact\/ueber-uns\/","url":"https:\/\/www.tindemansgraszoden.nl\/de\/contact\/ueber-uns\/","name":"\u00dcber uns - Tindemans Graszoden","isPartOf":{"@id":"https:\/\/www.tindemansgraszoden.nl\/de\/#website"},"primaryImageOfPage":{"@id":"https:\/\/www.tindemansgraszoden.nl\/de\/contact\/ueber-uns\/#primaryimage"},"image":{"@id":"https:\/\/www.tindemansgraszoden.nl\/de\/contact\/ueber-uns\/#primaryimage"},"thumbnailUrl":"https:\/\/www.tindemansgraszoden.nl\/wp-content\/uploads\/2026\/04\/Graszoden-3678-768x511-1.jpg","datePublished":"2022-02-02T10:55:28+00:00","dateModified":"2026-04-10T07:14:42+00:00","breadcrumb":{"@id":"https:\/\/www.tindemansgraszoden.nl\/de\/contact\/ueber-uns\/#breadcrumb"},"inLanguage":"de","potentialAction":[{"@type":"ReadAction","target":["https:\/\/www.tindemansgraszoden.nl\/de\/contact\/ueber-uns\/"]}]},{"@type":"ImageObject","inLanguage":"de","@id":"https:\/\/www.tindemansgraszoden.nl\/de\/contact\/ueber-uns\/#primaryimage","url":"https:\/\/www.tindemansgraszoden.nl\/wp-content\/uploads\/2026\/04\/Graszoden-3678-768x511-1.jpg","contentUrl":"https:\/\/www.tindemansgraszoden.nl\/wp-content\/uploads\/2026\/04\/Graszoden-3678-768x511-1.jpg"},{"@type":"BreadcrumbList","@id":"https:\/\/www.tindemansgraszoden.nl\/de\/contact\/ueber-uns\/#breadcrumb","itemListElement":[{"@type":"ListItem","position":1,"name":"Home","item":"https:\/\/www.tindemansgraszoden.nl\/de\/"},{"@type":"ListItem","position":2,"name":"Contact","item":"https:\/\/www.tindemansgraszoden.nl\/de\/contact\/"},{"@type":"ListItem","position":3,"name":"\u00dcber uns"}]},{"@type":"WebSite","@id":"https:\/\/www.tindemansgraszoden.nl\/de\/#website","url":"https:\/\/www.tindemansgraszoden.nl\/de\/","name":"Tindemans Graszoden","description":"Graszoden Limburg: levering en aanleg","publisher":{"@id":"https:\/\/www.tindemansgraszoden.nl\/de\/#organization"},"potentialAction":[{"@type":"SearchAction","target":{"@type":"EntryPoint","urlTemplate":"https:\/\/www.tindemansgraszoden.nl\/de\/?s={search_term_string}"},"query-input":{"@type":"PropertyValueSpecification","valueRequired":true,"valueName":"search_term_string"}}],"inLanguage":"de"},{"@type":"Organization","@id":"https:\/\/www.tindemansgraszoden.nl\/de\/#organization","name":"Tindemans Graszoden","url":"https:\/\/www.tindemansgraszoden.nl\/de\/","logo":{"@type":"ImageObject","inLanguage":"de","@id":"https:\/\/www.tindemansgraszoden.nl\/de\/#\/schema\/logo\/image\/","url":"https:\/\/www.tindemansgraszoden.nl\/wp-content\/uploads\/2022\/04\/logo.png","contentUrl":"https:\/\/www.tindemansgraszoden.nl\/wp-content\/uploads\/2022\/04\/logo.png","width":394,"height":120,"caption":"Tindemans Graszoden"},"image":{"@id":"https:\/\/www.tindemansgraszoden.nl\/de\/#\/schema\/logo\/image\/"}}]}},"_links":{"self":[{"href":"https:\/\/www.tindemansgraszoden.nl\/de\/wp-json\/wp\/v2\/pages\/9948","targetHints":{"allow":["GET"]}}],"collection":[{"href":"https:\/\/www.tindemansgraszoden.nl\/de\/wp-json\/wp\/v2\/pages"}],"about":[{"href":"https:\/\/www.tindemansgraszoden.nl\/de\/wp-json\/wp\/v2\/types\/page"}],"author":[{"embeddable":true,"href":"https:\/\/www.tindemansgraszoden.nl\/de\/wp-json\/wp\/v2\/users\/4"}],"replies":[{"embeddable":true,"href":"https:\/\/www.tindemansgraszoden.nl\/de\/wp-json\/wp\/v2\/comments?post=9948"}],"version-history":[{"count":1,"href":"https:\/\/www.tindemansgraszoden.nl\/de\/wp-json\/wp\/v2\/pages\/9948\/revisions"}],"predecessor-version":[{"id":9955,"href":"https:\/\/www.tindemansgraszoden.nl\/de\/wp-json\/wp\/v2\/pages\/9948\/revisions\/9955"}],"up":[{"embeddable":true,"href":"https:\/\/www.tindemansgraszoden.nl\/de\/wp-json\/wp\/v2\/pages\/9810"}],"wp:attachment":[{"href":"https:\/\/www.tindemansgraszoden.nl\/de\/wp-json\/wp\/v2\/media?parent=9948"}],"curies":[{"name":"wp","href":"https:\/\/api.w.org\/{rel}","templated":true}]}}