{"id":9906,"date":"2022-01-21T10:55:09","date_gmt":"2022-01-21T09:55:09","guid":{"rendered":"https:\/\/www.tindemansgraszoden.nl\/?page_id=9906"},"modified":"2026-04-10T08:57:39","modified_gmt":"2026-04-10T06:57:39","slug":"premium-sport-und-spielrasen","status":"publish","type":"page","link":"https:\/\/www.tindemansgraszoden.nl\/de\/premium-sport-und-spielrasen\/","title":{"rendered":"Premium Sport- und Spielrasen"},"content":{"rendered":"\n<h1 class=\"wp-block-heading\">Premium Sport- und Spielrasen<\/h1>\n\n\n\n<p>3.49 pro m\u00b2inkl. MwSt.<\/p>\n\n\n\n<p>Premium Sport- und Spielrasen ist eine der am meisten kultivierten Rasensorten. Das Premium-Spielrasen besteht aus drei verschiedenen Sorten von Rasensamen, n\u00e4mlich Rot-Schwingel, Wiesen-Rispengras und Deutschem Weidelgras. Diese drei Rasensamen bilden zusammen eine ausgewachsene und feste Rasenfl\u00e4che, die widerstandsf\u00e4higer gegen Betreten ist als andere Rasensorten. So erholt sich Sport- und Spielrasen zum Beispiel nach Sch\u00e4den schneller und h\u00e4lt Schatten besser stand.<br><br><p><img fetchpriority=\"high\" decoding=\"async\" width=\"350\" height=\"232\" class=\"alignnone wp-image-1664\" src=\"https:\/\/www.tindemansgraszoden.nl\/wp-content\/uploads\/2022\/03\/Graszoden-3589-2-scaled.jpg\" alt=\"Speelgras\" srcset=\"https:\/\/www.tindemansgraszoden.nl\/wp-content\/uploads\/2022\/03\/Graszoden-3589-2-scaled.jpg 2560w, https:\/\/www.tindemansgraszoden.nl\/wp-content\/uploads\/2022\/03\/Graszoden-3589-2-300x200.jpg 300w, https:\/\/www.tindemansgraszoden.nl\/wp-content\/uploads\/2022\/03\/Graszoden-3589-2-1024x682.jpg 1024w, https:\/\/www.tindemansgraszoden.nl\/wp-content\/uploads\/2022\/03\/Graszoden-3589-2-768x511.jpg 768w, https:\/\/www.tindemansgraszoden.nl\/wp-content\/uploads\/2022\/03\/Graszoden-3589-2-1536x1022.jpg 1536w, https:\/\/www.tindemansgraszoden.nl\/wp-content\/uploads\/2022\/03\/Graszoden-3589-2-2048x1363.jpg 2048w, https:\/\/www.tindemansgraszoden.nl\/wp-content\/uploads\/2022\/03\/Graszoden-3589-2-600x399.jpg 600w\" sizes=\"(max-width: 350px) 100vw, 350px\" \/> <img decoding=\"async\" width=\"350\" height=\"233\" class=\"alignnone wp-image-1666\" src=\"https:\/\/www.tindemansgraszoden.nl\/wp-content\/uploads\/2022\/03\/Graszoden-4010-scaled.jpg\" alt=\"grasbalen Speelgras\" srcset=\"https:\/\/www.tindemansgraszoden.nl\/wp-content\/uploads\/2022\/03\/Graszoden-4010-scaled.jpg 2560w, https:\/\/www.tindemansgraszoden.nl\/wp-content\/uploads\/2022\/03\/Graszoden-4010-300x200.jpg 300w, https:\/\/www.tindemansgraszoden.nl\/wp-content\/uploads\/2022\/03\/Graszoden-4010-1024x682.jpg 1024w, https:\/\/www.tindemansgraszoden.nl\/wp-content\/uploads\/2022\/03\/Graszoden-4010-768x511.jpg 768w, https:\/\/www.tindemansgraszoden.nl\/wp-content\/uploads\/2022\/03\/Graszoden-4010-1536x1022.jpg 1536w, https:\/\/www.tindemansgraszoden.nl\/wp-content\/uploads\/2022\/03\/Graszoden-4010-2048x1363.jpg 2048w, https:\/\/www.tindemansgraszoden.nl\/wp-content\/uploads\/2022\/03\/Graszoden-4010-600x399.jpg 600w\" sizes=\"(max-width: 350px) 100vw, 350px\" \/><\/p><\/p>\n\n\n\n<h2 class=\"wp-block-heading\">Zierrasen, das Belastung vertr\u00e4gt<\/h2>\n\n\n\n<p>Premium Sport- und Spielrasen verdankt seinen Namen haupts\u00e4chlich der Robustheit des Rasens. Es ist der perfekte Rasen f\u00fcr spielende Kinder, Haustiere oder f\u00fcr andere aktive Zwecke. Deutsches Weidelgras und Wiesenrispengras sind gr\u00f6bere Grasarten, was bedeutet, dass sie sich nach einer Belastung und auch nach intensiver Nutzung schneller erholen. Gleichzeitig eignet sich Spielrasen auch sehr gut als Zierrasen. 50% Rotschwingel, eine feinere Grasart, lassen er den Rasen anmutiger Zeigen. Dadurch passt der Rasen in jeden Garten.<\/p>\n\n\n\n<h2 class=\"wp-block-heading\">Die Vorteile von Premium Sport- und Spielrasen<\/h2>\n\n\n\n<p>Es ist manchmal schwierig, die genauen Unterschiede der vielen Rasensorten zu vergleichen. Aus diesem Grund wurde Premium Spielrasen gez\u00fcchtet, da er f\u00fcr verschiedene Zwecke geeignet ist. Eine Kombination aus feinen und groben Grassorten erzeugt eine starke Rasenoberfl\u00e4che mit einem hohen Zierwert. Die am meisten gesch\u00e4tzten Eigenschaften des Premium-Spielrasens sind:<\/p>\n\n\n\n<ul class=\"wp-block-list\">\n<li>Geeignet f\u00fcr intensiven Gebrauch<\/li>\n\n\n\n<li>Kann auch als Zierrasen verwendet werden<\/li>\n\n\n\n<li>Kann Trockenheit und Schatten besser standhalten<\/li>\n\n\n\n<li>Erfordert weniger Pflege als andere Rasensorten<\/li>\n<\/ul>\n\n\n\n<h2 class=\"wp-block-heading\"><p><img decoding=\"async\" width=\"350\" height=\"233\" class=\"alignnone wp-image-1665\" src=\"https:\/\/www.tindemansgraszoden.nl\/wp-content\/uploads\/2022\/03\/Graszoden-3040-scaled.jpg\" alt=\"grasmat Speelgras\" srcset=\"https:\/\/www.tindemansgraszoden.nl\/wp-content\/uploads\/2022\/03\/Graszoden-3040-scaled.jpg 2560w, https:\/\/www.tindemansgraszoden.nl\/wp-content\/uploads\/2022\/03\/Graszoden-3040-300x200.jpg 300w, https:\/\/www.tindemansgraszoden.nl\/wp-content\/uploads\/2022\/03\/Graszoden-3040-1024x682.jpg 1024w, https:\/\/www.tindemansgraszoden.nl\/wp-content\/uploads\/2022\/03\/Graszoden-3040-768x511.jpg 768w, https:\/\/www.tindemansgraszoden.nl\/wp-content\/uploads\/2022\/03\/Graszoden-3040-1536x1022.jpg 1536w, https:\/\/www.tindemansgraszoden.nl\/wp-content\/uploads\/2022\/03\/Graszoden-3040-2048x1363.jpg 2048w, https:\/\/www.tindemansgraszoden.nl\/wp-content\/uploads\/2022\/03\/Graszoden-3040-600x399.jpg 600w\" sizes=\"(max-width: 350px) 100vw, 350px\" \/> <img loading=\"lazy\" decoding=\"async\" width=\"311\" height=\"233\" class=\"alignnone wp-image-1668\" src=\"https:\/\/www.tindemansgraszoden.nl\/wp-content\/uploads\/2022\/03\/Grasveld.jpg\" alt=\"gras Speelgras\" srcset=\"https:\/\/www.tindemansgraszoden.nl\/wp-content\/uploads\/2022\/03\/Grasveld.jpg 1600w, https:\/\/www.tindemansgraszoden.nl\/wp-content\/uploads\/2022\/03\/Grasveld-300x225.jpg 300w, https:\/\/www.tindemansgraszoden.nl\/wp-content\/uploads\/2022\/03\/Grasveld-1024x768.jpg 1024w, https:\/\/www.tindemansgraszoden.nl\/wp-content\/uploads\/2022\/03\/Grasveld-768x576.jpg 768w, https:\/\/www.tindemansgraszoden.nl\/wp-content\/uploads\/2022\/03\/Grasveld-1536x1152.jpg 1536w, https:\/\/www.tindemansgraszoden.nl\/wp-content\/uploads\/2022\/03\/Grasveld-600x450.jpg 600w\" sizes=\"(max-width: 311px) 100vw, 311px\" \/><\/p><br>Rasen pflegen<\/h2>\n\n\n\n<p>Spielrasen erfordert weniger Pflege als viele andere Varianten. Dies liegt daran, dass die drei besten Rasensamen zusammen auf einem geeigneten Boden angebaut werden. Trotzdem ist es wichtig, diesen Rasen richtig zu pflegen. Zum Beispiel ist es wichtig, dass der Rasen regelm\u00e4\u00dfig ausreichend bew\u00e4ssert und gem\u00e4ht wird. Der Rasen braucht auch mehrmals im Jahr die richtigen N\u00e4hrstoffe. Nur dann profitieren Sie von einem lang anhaltenden gr\u00fcnen und gesunden Rasen.<\/p>\n\n\n\n<h2 class=\"wp-block-heading\">Spielrasen bestellen?<\/h2>\n\n\n\n<p>M\u00f6chten Sie neuen Rollrasen bestellen? Dann ist Premium-Spielrasen eine geeignete Rasensorte. Jeden Tag werden im S\u00fcden unseres Landes viele Quadratmeter Rollrasen geliefert. Mit unserem praktischen Schritt-f\u00fcr-Schritt-Plan k\u00f6nnen Sie ganz einfach Spielrasen selbst verlegen. Mit den richtigen Tipps und Ratschl\u00e4gen zur Pflege k\u00f6nnen Sie jahrelang Ihren Spielrollrasen genie\u00dfen.<\/p>\n\n\n\n<p>Hier finden Sie Informationen \u00fcber<a href=\"https:\/\/www.tindemansrollrasen.de\/unser-rollrasen\/freizeitrasen\/\">&nbsp;<u>unseren Freizeitrasen<\/u>.<\/a><\/p>\n","protected":false},"excerpt":{"rendered":"<p>Premium Sport- und Spielrasen 3.49 pro m\u00b2inkl. MwSt. Premium Sport- und Spielrasen ist eine der am meisten kultivierten Rasensorten. Das Premium-Spielrasen besteht aus drei verschiedenen Sorten von Rasensamen, n\u00e4mlich Rot-Schwingel, Wiesen-Rispengras und Deutschem Weidelgras. Diese drei Rasensamen bilden zusammen eine ausgewachsene und feste Rasenfl\u00e4che, die widerstandsf\u00e4higer gegen Betreten ist als andere Rasensorten. So erholt sich [&hellip;]<\/p>\n","protected":false},"author":4,"featured_media":0,"parent":0,"menu_order":2,"comment_status":"closed","ping_status":"closed","template":"","meta":{"_acf_changed":false,"footnotes":""},"class_list":["post-9906","page","type-page","status-publish","hentry"],"acf":[],"yoast_head":"<!-- This site is optimized with the Yoast SEO plugin v26.9 - https:\/\/yoast.com\/product\/yoast-seo-wordpress\/ -->\n<title>Premium Sport- und Spielrasen - Tindemans Graszoden<\/title>\n<meta name=\"robots\" content=\"index, follow, max-snippet:-1, max-image-preview:large, max-video-preview:-1\" \/>\n<link rel=\"canonical\" href=\"https:\/\/www.tindemansgraszoden.nl\/de\/premium-sport-und-spielrasen\/\" \/>\n<meta property=\"og:locale\" content=\"de_DE\" \/>\n<meta property=\"og:type\" content=\"article\" \/>\n<meta property=\"og:title\" content=\"Premium Sport- und Spielrasen - Tindemans Graszoden\" \/>\n<meta property=\"og:description\" content=\"Premium Sport- und Spielrasen 3.49 pro m\u00b2inkl. MwSt. Premium Sport- und Spielrasen ist eine der am meisten kultivierten Rasensorten. Das Premium-Spielrasen besteht aus drei verschiedenen Sorten von Rasensamen, n\u00e4mlich Rot-Schwingel, Wiesen-Rispengras und Deutschem Weidelgras. Diese drei Rasensamen bilden zusammen eine ausgewachsene und feste Rasenfl\u00e4che, die widerstandsf\u00e4higer gegen Betreten ist als andere Rasensorten. So erholt sich [&hellip;]\" \/>\n<meta property=\"og:url\" content=\"https:\/\/www.tindemansgraszoden.nl\/de\/premium-sport-und-spielrasen\/\" \/>\n<meta property=\"og:site_name\" content=\"Tindemans Graszoden\" \/>\n<meta property=\"article:modified_time\" content=\"2026-04-10T06:57:39+00:00\" \/>\n<meta property=\"og:image\" content=\"https:\/\/www.tindemansgraszoden.nl\/wp-content\/uploads\/2022\/03\/Graszoden-3589-2-scaled.jpg\" \/>\n\t<meta property=\"og:image:width\" content=\"2560\" \/>\n\t<meta property=\"og:image:height\" content=\"1704\" \/>\n\t<meta property=\"og:image:type\" content=\"image\/jpeg\" \/>\n<meta name=\"twitter:card\" content=\"summary_large_image\" \/>\n<meta name=\"twitter:label1\" content=\"Gesch\u00e4tzte Lesezeit\" \/>\n\t<meta name=\"twitter:data1\" content=\"3\u00a0Minuten\" \/>\n<script type=\"application\/ld+json\" class=\"yoast-schema-graph\">{\"@context\":\"https:\/\/schema.org\",\"@graph\":[{\"@type\":\"WebPage\",\"@id\":\"https:\/\/www.tindemansgraszoden.nl\/de\/premium-sport-und-spielrasen\/\",\"url\":\"https:\/\/www.tindemansgraszoden.nl\/de\/premium-sport-und-spielrasen\/\",\"name\":\"Premium Sport- und Spielrasen - Tindemans Graszoden\",\"isPartOf\":{\"@id\":\"https:\/\/www.tindemansgraszoden.nl\/de\/#website\"},\"primaryImageOfPage\":{\"@id\":\"https:\/\/www.tindemansgraszoden.nl\/de\/premium-sport-und-spielrasen\/#primaryimage\"},\"image\":{\"@id\":\"https:\/\/www.tindemansgraszoden.nl\/de\/premium-sport-und-spielrasen\/#primaryimage\"},\"thumbnailUrl\":\"https:\/\/www.tindemansgraszoden.nl\/wp-content\/uploads\/2022\/03\/Graszoden-3589-2-scaled.jpg\",\"datePublished\":\"2022-01-21T09:55:09+00:00\",\"dateModified\":\"2026-04-10T06:57:39+00:00\",\"breadcrumb\":{\"@id\":\"https:\/\/www.tindemansgraszoden.nl\/de\/premium-sport-und-spielrasen\/#breadcrumb\"},\"inLanguage\":\"de\",\"potentialAction\":[{\"@type\":\"ReadAction\",\"target\":[\"https:\/\/www.tindemansgraszoden.nl\/de\/premium-sport-und-spielrasen\/\"]}]},{\"@type\":\"ImageObject\",\"inLanguage\":\"de\",\"@id\":\"https:\/\/www.tindemansgraszoden.nl\/de\/premium-sport-und-spielrasen\/#primaryimage\",\"url\":\"https:\/\/www.tindemansgraszoden.nl\/wp-content\/uploads\/2022\/03\/Graszoden-3589-2-scaled.jpg\",\"contentUrl\":\"https:\/\/www.tindemansgraszoden.nl\/wp-content\/uploads\/2022\/03\/Graszoden-3589-2-scaled.jpg\"},{\"@type\":\"BreadcrumbList\",\"@id\":\"https:\/\/www.tindemansgraszoden.nl\/de\/premium-sport-und-spielrasen\/#breadcrumb\",\"itemListElement\":[{\"@type\":\"ListItem\",\"position\":1,\"name\":\"Home\",\"item\":\"https:\/\/www.tindemansgraszoden.nl\/de\/\"},{\"@type\":\"ListItem\",\"position\":2,\"name\":\"Premium Sport- und Spielrasen\"}]},{\"@type\":\"WebSite\",\"@id\":\"https:\/\/www.tindemansgraszoden.nl\/de\/#website\",\"url\":\"https:\/\/www.tindemansgraszoden.nl\/de\/\",\"name\":\"Tindemans Graszoden\",\"description\":\"Graszoden Limburg: levering en aanleg\",\"publisher\":{\"@id\":\"https:\/\/www.tindemansgraszoden.nl\/de\/#organization\"},\"potentialAction\":[{\"@type\":\"SearchAction\",\"target\":{\"@type\":\"EntryPoint\",\"urlTemplate\":\"https:\/\/www.tindemansgraszoden.nl\/de\/?s={search_term_string}\"},\"query-input\":{\"@type\":\"PropertyValueSpecification\",\"valueRequired\":true,\"valueName\":\"search_term_string\"}}],\"inLanguage\":\"de\"},{\"@type\":\"Organization\",\"@id\":\"https:\/\/www.tindemansgraszoden.nl\/de\/#organization\",\"name\":\"Tindemans Graszoden\",\"url\":\"https:\/\/www.tindemansgraszoden.nl\/de\/\",\"logo\":{\"@type\":\"ImageObject\",\"inLanguage\":\"de\",\"@id\":\"https:\/\/www.tindemansgraszoden.nl\/de\/#\/schema\/logo\/image\/\",\"url\":\"https:\/\/www.tindemansgraszoden.nl\/wp-content\/uploads\/2022\/04\/logo.png\",\"contentUrl\":\"https:\/\/www.tindemansgraszoden.nl\/wp-content\/uploads\/2022\/04\/logo.png\",\"width\":394,\"height\":120,\"caption\":\"Tindemans Graszoden\"},\"image\":{\"@id\":\"https:\/\/www.tindemansgraszoden.nl\/de\/#\/schema\/logo\/image\/\"}}]}<\/script>\n<!-- \/ Yoast SEO plugin. -->","yoast_head_json":{"title":"Premium Sport- und Spielrasen - Tindemans Graszoden","robots":{"index":"index","follow":"follow","max-snippet":"max-snippet:-1","max-image-preview":"max-image-preview:large","max-video-preview":"max-video-preview:-1"},"canonical":"https:\/\/www.tindemansgraszoden.nl\/de\/premium-sport-und-spielrasen\/","og_locale":"de_DE","og_type":"article","og_title":"Premium Sport- und Spielrasen - Tindemans Graszoden","og_description":"Premium Sport- und Spielrasen 3.49 pro m\u00b2inkl. MwSt. Premium Sport- und Spielrasen ist eine der am meisten kultivierten Rasensorten. Das Premium-Spielrasen besteht aus drei verschiedenen Sorten von Rasensamen, n\u00e4mlich Rot-Schwingel, Wiesen-Rispengras und Deutschem Weidelgras. Diese drei Rasensamen bilden zusammen eine ausgewachsene und feste Rasenfl\u00e4che, die widerstandsf\u00e4higer gegen Betreten ist als andere Rasensorten. So erholt sich [&hellip;]","og_url":"https:\/\/www.tindemansgraszoden.nl\/de\/premium-sport-und-spielrasen\/","og_site_name":"Tindemans Graszoden","article_modified_time":"2026-04-10T06:57:39+00:00","og_image":[{"width":2560,"height":1704,"url":"https:\/\/www.tindemansgraszoden.nl\/wp-content\/uploads\/2022\/03\/Graszoden-3589-2-scaled.jpg","type":"image\/jpeg"}],"twitter_card":"summary_large_image","twitter_misc":{"Gesch\u00e4tzte Lesezeit":"3\u00a0Minuten"},"schema":{"@context":"https:\/\/schema.org","@graph":[{"@type":"WebPage","@id":"https:\/\/www.tindemansgraszoden.nl\/de\/premium-sport-und-spielrasen\/","url":"https:\/\/www.tindemansgraszoden.nl\/de\/premium-sport-und-spielrasen\/","name":"Premium Sport- und Spielrasen - Tindemans Graszoden","isPartOf":{"@id":"https:\/\/www.tindemansgraszoden.nl\/de\/#website"},"primaryImageOfPage":{"@id":"https:\/\/www.tindemansgraszoden.nl\/de\/premium-sport-und-spielrasen\/#primaryimage"},"image":{"@id":"https:\/\/www.tindemansgraszoden.nl\/de\/premium-sport-und-spielrasen\/#primaryimage"},"thumbnailUrl":"https:\/\/www.tindemansgraszoden.nl\/wp-content\/uploads\/2022\/03\/Graszoden-3589-2-scaled.jpg","datePublished":"2022-01-21T09:55:09+00:00","dateModified":"2026-04-10T06:57:39+00:00","breadcrumb":{"@id":"https:\/\/www.tindemansgraszoden.nl\/de\/premium-sport-und-spielrasen\/#breadcrumb"},"inLanguage":"de","potentialAction":[{"@type":"ReadAction","target":["https:\/\/www.tindemansgraszoden.nl\/de\/premium-sport-und-spielrasen\/"]}]},{"@type":"ImageObject","inLanguage":"de","@id":"https:\/\/www.tindemansgraszoden.nl\/de\/premium-sport-und-spielrasen\/#primaryimage","url":"https:\/\/www.tindemansgraszoden.nl\/wp-content\/uploads\/2022\/03\/Graszoden-3589-2-scaled.jpg","contentUrl":"https:\/\/www.tindemansgraszoden.nl\/wp-content\/uploads\/2022\/03\/Graszoden-3589-2-scaled.jpg"},{"@type":"BreadcrumbList","@id":"https:\/\/www.tindemansgraszoden.nl\/de\/premium-sport-und-spielrasen\/#breadcrumb","itemListElement":[{"@type":"ListItem","position":1,"name":"Home","item":"https:\/\/www.tindemansgraszoden.nl\/de\/"},{"@type":"ListItem","position":2,"name":"Premium Sport- und Spielrasen"}]},{"@type":"WebSite","@id":"https:\/\/www.tindemansgraszoden.nl\/de\/#website","url":"https:\/\/www.tindemansgraszoden.nl\/de\/","name":"Tindemans Graszoden","description":"Graszoden Limburg: levering en aanleg","publisher":{"@id":"https:\/\/www.tindemansgraszoden.nl\/de\/#organization"},"potentialAction":[{"@type":"SearchAction","target":{"@type":"EntryPoint","urlTemplate":"https:\/\/www.tindemansgraszoden.nl\/de\/?s={search_term_string}"},"query-input":{"@type":"PropertyValueSpecification","valueRequired":true,"valueName":"search_term_string"}}],"inLanguage":"de"},{"@type":"Organization","@id":"https:\/\/www.tindemansgraszoden.nl\/de\/#organization","name":"Tindemans Graszoden","url":"https:\/\/www.tindemansgraszoden.nl\/de\/","logo":{"@type":"ImageObject","inLanguage":"de","@id":"https:\/\/www.tindemansgraszoden.nl\/de\/#\/schema\/logo\/image\/","url":"https:\/\/www.tindemansgraszoden.nl\/wp-content\/uploads\/2022\/04\/logo.png","contentUrl":"https:\/\/www.tindemansgraszoden.nl\/wp-content\/uploads\/2022\/04\/logo.png","width":394,"height":120,"caption":"Tindemans Graszoden"},"image":{"@id":"https:\/\/www.tindemansgraszoden.nl\/de\/#\/schema\/logo\/image\/"}}]}},"_links":{"self":[{"href":"https:\/\/www.tindemansgraszoden.nl\/de\/wp-json\/wp\/v2\/pages\/9906","targetHints":{"allow":["GET"]}}],"collection":[{"href":"https:\/\/www.tindemansgraszoden.nl\/de\/wp-json\/wp\/v2\/pages"}],"about":[{"href":"https:\/\/www.tindemansgraszoden.nl\/de\/wp-json\/wp\/v2\/types\/page"}],"author":[{"embeddable":true,"href":"https:\/\/www.tindemansgraszoden.nl\/de\/wp-json\/wp\/v2\/users\/4"}],"replies":[{"embeddable":true,"href":"https:\/\/www.tindemansgraszoden.nl\/de\/wp-json\/wp\/v2\/comments?post=9906"}],"version-history":[{"count":1,"href":"https:\/\/www.tindemansgraszoden.nl\/de\/wp-json\/wp\/v2\/pages\/9906\/revisions"}],"predecessor-version":[{"id":9907,"href":"https:\/\/www.tindemansgraszoden.nl\/de\/wp-json\/wp\/v2\/pages\/9906\/revisions\/9907"}],"wp:attachment":[{"href":"https:\/\/www.tindemansgraszoden.nl\/de\/wp-json\/wp\/v2\/media?parent=9906"}],"curies":[{"name":"wp","href":"https:\/\/api.w.org\/{rel}","templated":true}]}}