{"id":9900,"date":"2022-01-21T11:02:48","date_gmt":"2022-01-21T10:02:48","guid":{"rendered":"https:\/\/www.tindemansgraszoden.nl\/?page_id=9900"},"modified":"2026-04-10T08:56:12","modified_gmt":"2026-04-10T06:56:12","slug":"freizeitrasen","status":"publish","type":"page","link":"https:\/\/www.tindemansgraszoden.nl\/de\/freizeitrasen\/","title":{"rendered":"Freizeitrasen"},"content":{"rendered":"\n<h1 class=\"wp-block-heading\">Freizeitrasen<\/h1>\n\n\n\n<p>\u20ac 3.19 inkl. MwSt. p\/m\u00b2<\/p>\n\n\n\n<p>Freizeitrasen ist eine gute Option, wenn Sie nach einer g\u00fcnstigeren Rollrasenvariante suchen. Diese Art von Rasen ist haupts\u00e4chlich dann von Interesse, wenn gr\u00f6\u00dfere Mengen Rollrasen gekauft werden. Zum Beispiel ist Freizeitrasen sehr gut f\u00fcr Campingpl\u00e4tze, Veranstaltungs- und Erholungsgebiete geeignet. Wenn Sie sich f\u00fcr Freizeitrasen entscheiden, w\u00e4hlen Sie eine Rasensorte von geringerer Qualit\u00e4t zu einem attraktiven Preis.<br><br><h2><img fetchpriority=\"high\" decoding=\"async\" width=\"350\" height=\"233\" class=\"alignnone wp-image-1670\" style=\"color: #59595c; font-size: 16px; font-weight: normal;\" src=\"https:\/\/www.tindemansgraszoden.nl\/wp-content\/uploads\/2022\/03\/Recreatiegras-.jpg\" alt=\"gras\" srcset=\"https:\/\/www.tindemansgraszoden.nl\/wp-content\/uploads\/2022\/03\/Recreatiegras-.jpg 520w, https:\/\/www.tindemansgraszoden.nl\/wp-content\/uploads\/2022\/03\/Recreatiegras--300x200.jpg 300w\" sizes=\"(max-width: 350px) 100vw, 350px\" \/> <img decoding=\"async\" width=\"350\" height=\"234\" class=\"alignnone wp-image-1672\" style=\"color: #59595c; font-size: 16px; font-weight: normal;\" src=\"https:\/\/www.tindemansgraszoden.nl\/wp-content\/uploads\/2022\/03\/Mundial-Tindemans-Graszoden.jpg\" alt=\"gras\" srcset=\"https:\/\/www.tindemansgraszoden.nl\/wp-content\/uploads\/2022\/03\/Mundial-Tindemans-Graszoden.jpg 960w, https:\/\/www.tindemansgraszoden.nl\/wp-content\/uploads\/2022\/03\/Mundial-Tindemans-Graszoden-300x200.jpg 300w, https:\/\/www.tindemansgraszoden.nl\/wp-content\/uploads\/2022\/03\/Mundial-Tindemans-Graszoden-768x512.jpg 768w, https:\/\/www.tindemansgraszoden.nl\/wp-content\/uploads\/2022\/03\/Mundial-Tindemans-Graszoden-600x400.jpg 600w\" sizes=\"(max-width: 350px) 100vw, 350px\" \/><\/h2><\/p>\n\n\n\n<h2 class=\"wp-block-heading\"><strong>Zusammensetzung Freizeitrasen<\/strong><\/h2>\n\n\n\n<p>Der Freizeitrasen besteht aus drei verschiedenen Rasensamen: Deutsches Weidelgras, Wiesenrispengras und Rotschwingel. Diese drei Rasensamen bilden zusammen einen starken Rasen, der f\u00fcr den aktiven Gebrauch geeignet ist. Der Unterschied zwischen Campingrasen und Premium-Spielrasen liegt haupts\u00e4chlich im Zierwert des Rasens. Freizeitrasen wird an den Seiten der Felder geschnitten, sodass er gr\u00f6beres Gras oder andere Grassorten enthalten kann.<\/p>\n\n\n\n<h2 class=\"wp-block-heading\"><strong>Die Nummer f\u00fcr Campingpl\u00e4tze<\/strong><\/h2>\n\n\n\n<p>Immer mehr Campingpl\u00e4tze entscheiden sich f\u00fcr Rollrasen anstatt f\u00fcr das Eins\u00e4en. Auf diese Weise k\u00f6nnen sie schneller ein Grundst\u00fcck mit einer gr\u00fcnen Oberfl\u00e4che versehen. Mit dem Freizeitrasen kann innerhalb kurzer Zeit eine gro\u00dfe Gr\u00fcnfl\u00e4che zu einem vern\u00fcnftigen Preis zur Verf\u00fcgung gestellt werden. Da der Campingrasen dicker geschnitten ist als Spielrasen, bleibt er nach dem Verlegen besser an Ort und Stelle. Nach ungef\u00e4hr 10 bis 14 Tagen von Fr\u00fchling bis Herbst ist der Rasen im Boden angewachsen.<\/p>\n\n\n\n<p>Aber auch im privaten Gebrauch ist der Freizeitrasen eine gute Option, da er belastbarer ist.&nbsp;<\/p>\n\n\n\n<h2 class=\"wp-block-heading\"><strong>Die gesch\u00e4ftlichen Vorteile von Freizeitrasen<\/strong><\/h2>\n\n\n\n<p>Kommunen, Veranstaltungen oder Schulen entscheiden sich zunehmend f\u00fcr Rollrasen. Das Warten auf einen vollen Rasen\u00a0<strong>mithilfe<\/strong>\u00a0von S\u00e4en dauert oft zu lange. Auf diese Weise k\u00f6nnen Sie einen fertiggestellten Garten oder ein Projekt immer fr\u00fcher nutzen. F\u00fcr diese Gro\u00dfprojekte k\u00f6nnen wir Freizeitrasen empfehlen. Das faire Preis-Leistungs-Verh\u00e4ltnis macht Freizeitrasen zu einer preisg\u00fcnstigen Rasensorte f\u00fcr den Gesch\u00e4ftsmarkt.<p><img decoding=\"async\" width=\"350\" height=\"262\" class=\"alignnone wp-image-1674\" src=\"https:\/\/www.tindemansgraszoden.nl\/wp-content\/uploads\/2022\/03\/recreatiegras.jpg\" alt=\"recreatiegras voor zakelijke markt\" srcset=\"https:\/\/www.tindemansgraszoden.nl\/wp-content\/uploads\/2022\/03\/recreatiegras.jpg 2048w, https:\/\/www.tindemansgraszoden.nl\/wp-content\/uploads\/2022\/03\/recreatiegras-300x225.jpg 300w, https:\/\/www.tindemansgraszoden.nl\/wp-content\/uploads\/2022\/03\/recreatiegras-1024x768.jpg 1024w, https:\/\/www.tindemansgraszoden.nl\/wp-content\/uploads\/2022\/03\/recreatiegras-768x576.jpg 768w, https:\/\/www.tindemansgraszoden.nl\/wp-content\/uploads\/2022\/03\/recreatiegras-1536x1152.jpg 1536w, https:\/\/www.tindemansgraszoden.nl\/wp-content\/uploads\/2022\/03\/recreatiegras-600x450.jpg 600w\" sizes=\"(max-width: 350px) 100vw, 350px\" \/> <img loading=\"lazy\" decoding=\"async\" width=\"350\" height=\"262\" class=\"alignnone wp-image-1671\" src=\"https:\/\/www.tindemansgraszoden.nl\/wp-content\/uploads\/2022\/03\/Graszoden-Kinrooi-scaled.jpg\" alt=\"graszoden\" srcset=\"https:\/\/www.tindemansgraszoden.nl\/wp-content\/uploads\/2022\/03\/Graszoden-Kinrooi-scaled.jpg 2560w, https:\/\/www.tindemansgraszoden.nl\/wp-content\/uploads\/2022\/03\/Graszoden-Kinrooi-300x225.jpg 300w, https:\/\/www.tindemansgraszoden.nl\/wp-content\/uploads\/2022\/03\/Graszoden-Kinrooi-1024x767.jpg 1024w, https:\/\/www.tindemansgraszoden.nl\/wp-content\/uploads\/2022\/03\/Graszoden-Kinrooi-768x576.jpg 768w, https:\/\/www.tindemansgraszoden.nl\/wp-content\/uploads\/2022\/03\/Graszoden-Kinrooi-1536x1151.jpg 1536w, https:\/\/www.tindemansgraszoden.nl\/wp-content\/uploads\/2022\/03\/Graszoden-Kinrooi-2048x1535.jpg 2048w, https:\/\/www.tindemansgraszoden.nl\/wp-content\/uploads\/2022\/03\/Graszoden-Kinrooi-600x450.jpg 600w\" sizes=\"(max-width: 350px) 100vw, 350px\" \/><\/p><\/p>\n\n\n\n<h2 class=\"wp-block-heading\"><strong>Sparen Sie Kosten und entscheiden Sie sich f\u00fcr g\u00fcnstigen Rollrasen<\/strong><\/h2>\n\n\n\n<p>Suchen Sie Rollrasen f\u00fcr Ihr Grundst\u00fcck oder f\u00fcr ein Gro\u00dfprojekt? Dann k\u00f6nnen Sie sich f\u00fcr Freizeitrollrasen entscheiden. Da diese Grassoden einen minimalen Anbauprozess von 12 Monaten durchlaufen, sind sie genau so&nbsp;<a href=\"https:\/\/www.tindemansrollrasen.de\/unser-rollrasen\/premium-sport-und-spielrasen\/\"><u>stark wie der Spielrasen<\/u><\/a>. Wenn Sie weitere Informationen zu dieser Art von Rasen w\u00fcnschen, kontaktieren Sie uns \u00fcber unsere&nbsp;<a href=\"https:\/\/www.tindemansrollrasen.de\/contact\/\"><u>E-Mail-Adresse oder Telefonnummer.<\/u><\/a><\/p>\n\n\n\n<h2 class=\"wp-block-heading\">&nbsp;<\/h2>\n","protected":false},"excerpt":{"rendered":"<p>Freizeitrasen \u20ac 3.19 inkl. MwSt. p\/m\u00b2 Freizeitrasen ist eine gute Option, wenn Sie nach einer g\u00fcnstigeren Rollrasenvariante suchen. Diese Art von Rasen ist haupts\u00e4chlich dann von Interesse, wenn gr\u00f6\u00dfere Mengen Rollrasen gekauft werden. Zum Beispiel ist Freizeitrasen sehr gut f\u00fcr Campingpl\u00e4tze, Veranstaltungs- und Erholungsgebiete geeignet. Wenn Sie sich f\u00fcr Freizeitrasen entscheiden, w\u00e4hlen Sie eine Rasensorte [&hellip;]<\/p>\n","protected":false},"author":4,"featured_media":0,"parent":0,"menu_order":2,"comment_status":"closed","ping_status":"closed","template":"","meta":{"_acf_changed":false,"footnotes":""},"class_list":["post-9900","page","type-page","status-publish","hentry"],"acf":[],"yoast_head":"<!-- This site is optimized with the Yoast SEO plugin v26.9 - https:\/\/yoast.com\/product\/yoast-seo-wordpress\/ -->\n<title>Freizeitrasen - Tindemans Graszoden<\/title>\n<meta name=\"robots\" content=\"index, follow, max-snippet:-1, max-image-preview:large, max-video-preview:-1\" \/>\n<link rel=\"canonical\" href=\"https:\/\/www.tindemansgraszoden.nl\/de\/freizeitrasen\/\" \/>\n<meta property=\"og:locale\" content=\"de_DE\" \/>\n<meta property=\"og:type\" content=\"article\" \/>\n<meta property=\"og:title\" content=\"Freizeitrasen - Tindemans Graszoden\" \/>\n<meta property=\"og:description\" content=\"Freizeitrasen \u20ac 3.19 inkl. MwSt. p\/m\u00b2 Freizeitrasen ist eine gute Option, wenn Sie nach einer g\u00fcnstigeren Rollrasenvariante suchen. Diese Art von Rasen ist haupts\u00e4chlich dann von Interesse, wenn gr\u00f6\u00dfere Mengen Rollrasen gekauft werden. Zum Beispiel ist Freizeitrasen sehr gut f\u00fcr Campingpl\u00e4tze, Veranstaltungs- und Erholungsgebiete geeignet. Wenn Sie sich f\u00fcr Freizeitrasen entscheiden, w\u00e4hlen Sie eine Rasensorte [&hellip;]\" \/>\n<meta property=\"og:url\" content=\"https:\/\/www.tindemansgraszoden.nl\/de\/freizeitrasen\/\" \/>\n<meta property=\"og:site_name\" content=\"Tindemans Graszoden\" \/>\n<meta property=\"article:modified_time\" content=\"2026-04-10T06:56:12+00:00\" \/>\n<meta property=\"og:image\" content=\"https:\/\/www.tindemansgraszoden.nl\/wp-content\/uploads\/2022\/03\/Recreatiegras-.jpg\" \/>\n\t<meta property=\"og:image:width\" content=\"520\" \/>\n\t<meta property=\"og:image:height\" content=\"346\" \/>\n\t<meta property=\"og:image:type\" content=\"image\/jpeg\" \/>\n<meta name=\"twitter:card\" content=\"summary_large_image\" \/>\n<meta name=\"twitter:label1\" content=\"Gesch\u00e4tzte Lesezeit\" \/>\n\t<meta name=\"twitter:data1\" content=\"3\u00a0Minuten\" \/>\n<script type=\"application\/ld+json\" class=\"yoast-schema-graph\">{\"@context\":\"https:\/\/schema.org\",\"@graph\":[{\"@type\":\"WebPage\",\"@id\":\"https:\/\/www.tindemansgraszoden.nl\/de\/freizeitrasen\/\",\"url\":\"https:\/\/www.tindemansgraszoden.nl\/de\/freizeitrasen\/\",\"name\":\"Freizeitrasen - Tindemans Graszoden\",\"isPartOf\":{\"@id\":\"https:\/\/www.tindemansgraszoden.nl\/de\/#website\"},\"primaryImageOfPage\":{\"@id\":\"https:\/\/www.tindemansgraszoden.nl\/de\/freizeitrasen\/#primaryimage\"},\"image\":{\"@id\":\"https:\/\/www.tindemansgraszoden.nl\/de\/freizeitrasen\/#primaryimage\"},\"thumbnailUrl\":\"https:\/\/www.tindemansgraszoden.nl\/wp-content\/uploads\/2022\/03\/Recreatiegras-.jpg\",\"datePublished\":\"2022-01-21T10:02:48+00:00\",\"dateModified\":\"2026-04-10T06:56:12+00:00\",\"breadcrumb\":{\"@id\":\"https:\/\/www.tindemansgraszoden.nl\/de\/freizeitrasen\/#breadcrumb\"},\"inLanguage\":\"de\",\"potentialAction\":[{\"@type\":\"ReadAction\",\"target\":[\"https:\/\/www.tindemansgraszoden.nl\/de\/freizeitrasen\/\"]}]},{\"@type\":\"ImageObject\",\"inLanguage\":\"de\",\"@id\":\"https:\/\/www.tindemansgraszoden.nl\/de\/freizeitrasen\/#primaryimage\",\"url\":\"https:\/\/www.tindemansgraszoden.nl\/wp-content\/uploads\/2022\/03\/Recreatiegras-.jpg\",\"contentUrl\":\"https:\/\/www.tindemansgraszoden.nl\/wp-content\/uploads\/2022\/03\/Recreatiegras-.jpg\"},{\"@type\":\"BreadcrumbList\",\"@id\":\"https:\/\/www.tindemansgraszoden.nl\/de\/freizeitrasen\/#breadcrumb\",\"itemListElement\":[{\"@type\":\"ListItem\",\"position\":1,\"name\":\"Home\",\"item\":\"https:\/\/www.tindemansgraszoden.nl\/de\/\"},{\"@type\":\"ListItem\",\"position\":2,\"name\":\"Freizeitrasen\"}]},{\"@type\":\"WebSite\",\"@id\":\"https:\/\/www.tindemansgraszoden.nl\/de\/#website\",\"url\":\"https:\/\/www.tindemansgraszoden.nl\/de\/\",\"name\":\"Tindemans Graszoden\",\"description\":\"Graszoden Limburg: levering en aanleg\",\"publisher\":{\"@id\":\"https:\/\/www.tindemansgraszoden.nl\/de\/#organization\"},\"potentialAction\":[{\"@type\":\"SearchAction\",\"target\":{\"@type\":\"EntryPoint\",\"urlTemplate\":\"https:\/\/www.tindemansgraszoden.nl\/de\/?s={search_term_string}\"},\"query-input\":{\"@type\":\"PropertyValueSpecification\",\"valueRequired\":true,\"valueName\":\"search_term_string\"}}],\"inLanguage\":\"de\"},{\"@type\":\"Organization\",\"@id\":\"https:\/\/www.tindemansgraszoden.nl\/de\/#organization\",\"name\":\"Tindemans Graszoden\",\"url\":\"https:\/\/www.tindemansgraszoden.nl\/de\/\",\"logo\":{\"@type\":\"ImageObject\",\"inLanguage\":\"de\",\"@id\":\"https:\/\/www.tindemansgraszoden.nl\/de\/#\/schema\/logo\/image\/\",\"url\":\"https:\/\/www.tindemansgraszoden.nl\/wp-content\/uploads\/2022\/04\/logo.png\",\"contentUrl\":\"https:\/\/www.tindemansgraszoden.nl\/wp-content\/uploads\/2022\/04\/logo.png\",\"width\":394,\"height\":120,\"caption\":\"Tindemans Graszoden\"},\"image\":{\"@id\":\"https:\/\/www.tindemansgraszoden.nl\/de\/#\/schema\/logo\/image\/\"}}]}<\/script>\n<!-- \/ Yoast SEO plugin. -->","yoast_head_json":{"title":"Freizeitrasen - Tindemans Graszoden","robots":{"index":"index","follow":"follow","max-snippet":"max-snippet:-1","max-image-preview":"max-image-preview:large","max-video-preview":"max-video-preview:-1"},"canonical":"https:\/\/www.tindemansgraszoden.nl\/de\/freizeitrasen\/","og_locale":"de_DE","og_type":"article","og_title":"Freizeitrasen - Tindemans Graszoden","og_description":"Freizeitrasen \u20ac 3.19 inkl. MwSt. p\/m\u00b2 Freizeitrasen ist eine gute Option, wenn Sie nach einer g\u00fcnstigeren Rollrasenvariante suchen. Diese Art von Rasen ist haupts\u00e4chlich dann von Interesse, wenn gr\u00f6\u00dfere Mengen Rollrasen gekauft werden. Zum Beispiel ist Freizeitrasen sehr gut f\u00fcr Campingpl\u00e4tze, Veranstaltungs- und Erholungsgebiete geeignet. Wenn Sie sich f\u00fcr Freizeitrasen entscheiden, w\u00e4hlen Sie eine Rasensorte [&hellip;]","og_url":"https:\/\/www.tindemansgraszoden.nl\/de\/freizeitrasen\/","og_site_name":"Tindemans Graszoden","article_modified_time":"2026-04-10T06:56:12+00:00","og_image":[{"width":520,"height":346,"url":"https:\/\/www.tindemansgraszoden.nl\/wp-content\/uploads\/2022\/03\/Recreatiegras-.jpg","type":"image\/jpeg"}],"twitter_card":"summary_large_image","twitter_misc":{"Gesch\u00e4tzte Lesezeit":"3\u00a0Minuten"},"schema":{"@context":"https:\/\/schema.org","@graph":[{"@type":"WebPage","@id":"https:\/\/www.tindemansgraszoden.nl\/de\/freizeitrasen\/","url":"https:\/\/www.tindemansgraszoden.nl\/de\/freizeitrasen\/","name":"Freizeitrasen - Tindemans Graszoden","isPartOf":{"@id":"https:\/\/www.tindemansgraszoden.nl\/de\/#website"},"primaryImageOfPage":{"@id":"https:\/\/www.tindemansgraszoden.nl\/de\/freizeitrasen\/#primaryimage"},"image":{"@id":"https:\/\/www.tindemansgraszoden.nl\/de\/freizeitrasen\/#primaryimage"},"thumbnailUrl":"https:\/\/www.tindemansgraszoden.nl\/wp-content\/uploads\/2022\/03\/Recreatiegras-.jpg","datePublished":"2022-01-21T10:02:48+00:00","dateModified":"2026-04-10T06:56:12+00:00","breadcrumb":{"@id":"https:\/\/www.tindemansgraszoden.nl\/de\/freizeitrasen\/#breadcrumb"},"inLanguage":"de","potentialAction":[{"@type":"ReadAction","target":["https:\/\/www.tindemansgraszoden.nl\/de\/freizeitrasen\/"]}]},{"@type":"ImageObject","inLanguage":"de","@id":"https:\/\/www.tindemansgraszoden.nl\/de\/freizeitrasen\/#primaryimage","url":"https:\/\/www.tindemansgraszoden.nl\/wp-content\/uploads\/2022\/03\/Recreatiegras-.jpg","contentUrl":"https:\/\/www.tindemansgraszoden.nl\/wp-content\/uploads\/2022\/03\/Recreatiegras-.jpg"},{"@type":"BreadcrumbList","@id":"https:\/\/www.tindemansgraszoden.nl\/de\/freizeitrasen\/#breadcrumb","itemListElement":[{"@type":"ListItem","position":1,"name":"Home","item":"https:\/\/www.tindemansgraszoden.nl\/de\/"},{"@type":"ListItem","position":2,"name":"Freizeitrasen"}]},{"@type":"WebSite","@id":"https:\/\/www.tindemansgraszoden.nl\/de\/#website","url":"https:\/\/www.tindemansgraszoden.nl\/de\/","name":"Tindemans Graszoden","description":"Graszoden Limburg: levering en aanleg","publisher":{"@id":"https:\/\/www.tindemansgraszoden.nl\/de\/#organization"},"potentialAction":[{"@type":"SearchAction","target":{"@type":"EntryPoint","urlTemplate":"https:\/\/www.tindemansgraszoden.nl\/de\/?s={search_term_string}"},"query-input":{"@type":"PropertyValueSpecification","valueRequired":true,"valueName":"search_term_string"}}],"inLanguage":"de"},{"@type":"Organization","@id":"https:\/\/www.tindemansgraszoden.nl\/de\/#organization","name":"Tindemans Graszoden","url":"https:\/\/www.tindemansgraszoden.nl\/de\/","logo":{"@type":"ImageObject","inLanguage":"de","@id":"https:\/\/www.tindemansgraszoden.nl\/de\/#\/schema\/logo\/image\/","url":"https:\/\/www.tindemansgraszoden.nl\/wp-content\/uploads\/2022\/04\/logo.png","contentUrl":"https:\/\/www.tindemansgraszoden.nl\/wp-content\/uploads\/2022\/04\/logo.png","width":394,"height":120,"caption":"Tindemans Graszoden"},"image":{"@id":"https:\/\/www.tindemansgraszoden.nl\/de\/#\/schema\/logo\/image\/"}}]}},"_links":{"self":[{"href":"https:\/\/www.tindemansgraszoden.nl\/de\/wp-json\/wp\/v2\/pages\/9900","targetHints":{"allow":["GET"]}}],"collection":[{"href":"https:\/\/www.tindemansgraszoden.nl\/de\/wp-json\/wp\/v2\/pages"}],"about":[{"href":"https:\/\/www.tindemansgraszoden.nl\/de\/wp-json\/wp\/v2\/types\/page"}],"author":[{"embeddable":true,"href":"https:\/\/www.tindemansgraszoden.nl\/de\/wp-json\/wp\/v2\/users\/4"}],"replies":[{"embeddable":true,"href":"https:\/\/www.tindemansgraszoden.nl\/de\/wp-json\/wp\/v2\/comments?post=9900"}],"version-history":[{"count":1,"href":"https:\/\/www.tindemansgraszoden.nl\/de\/wp-json\/wp\/v2\/pages\/9900\/revisions"}],"predecessor-version":[{"id":9901,"href":"https:\/\/www.tindemansgraszoden.nl\/de\/wp-json\/wp\/v2\/pages\/9900\/revisions\/9901"}],"wp:attachment":[{"href":"https:\/\/www.tindemansgraszoden.nl\/de\/wp-json\/wp\/v2\/media?parent=9900"}],"curies":[{"name":"wp","href":"https:\/\/api.w.org\/{rel}","templated":true}]}}