{"id":9893,"date":"2022-01-21T11:08:23","date_gmt":"2022-01-21T10:08:23","guid":{"rendered":"https:\/\/www.tindemansgraszoden.nl\/?page_id=9893"},"modified":"2026-04-10T08:51:26","modified_gmt":"2026-04-10T06:51:26","slug":"schattenrasen","status":"publish","type":"page","link":"https:\/\/www.tindemansgraszoden.nl\/de\/schattenrasen\/","title":{"rendered":"Schattenrasen"},"content":{"rendered":"\n<h1 class=\"wp-block-heading\">Schattenrasen<\/h1>\n\n\n\n<p>Schattenrasen: Der Name sagt eigentlich schon alles. Trotzdem herrscht gro\u00dfe Verwirrung \u00fcber den Schattenrasen. Denn wann hei\u00dft eine Rasensorte Schattenrasen? Der Anbau von 100 % Schattenrasen ist oft nicht \u00fcblich. Normalerweise wird Schattenrasen mit einer gr\u00f6beren Grassorte kombiniert, wie den typischen Spielrasensorten. Ein Teil eines Spielrollrasens ist dann eine Schattenrasenart. M\u00f6chten Sie einen schattenbest\u00e4ndigen Rasen? Dan(n) ist es wichtig zu schauen, ob der Rasen einen hohen Prozentsatz an feinen Gr\u00e4sern enth\u00e4lt, die tief verwurzeln!<\/p>\n\n\n\n<h2 class=\"wp-block-heading\">Eine gute Mischung f\u00fcr den Schatten<\/h2>\n\n\n\n<p>Schattenrasen ist eine sehr feine Rasensorte, die Betreten nicht besonders gut standh\u00e4lt. Dadurch ist diese Sorte f\u00fcr aktive G\u00e4rten weniger geeignet. Eine gute Alternative dazu ist Premium-Spielrollrasen. Eine Kombination von 3 verschiedenen Grassorten ergibt eine Mischung, die auch schattenresistent ist. Fr\u00fcher war ein Rasen nicht besonders schattenbest\u00e4ndig, heute wird der Rollrasen so angebaut, dass er auch f\u00fcr Schatteng\u00e4rten geeignet ist.<\/p>\n\n\n\n<h2 class=\"wp-block-heading\">Ben\u00f6tigt Pflege<\/h2>\n\n\n\n<p>Rasen in schattigen Bereichen erfordert etwas mehr Pflege als gew\u00f6hnlich. Da der Rasen weniger Sonnenlicht abbekommt, kann dies normalerweise zu Moos f\u00fchren. Dies kann dazu f\u00fchren, dass der Rasen d\u00fcnner wird und sich verschlechtert. Wenn Sie den Rasen gut pflegen, verringert sich das Risiko eines schlechten Rasens erheblich. Die wichtigsten Pflegetipps f\u00fcr einen Schattenrasen sind:<\/p>\n\n\n\n<ul class=\"wp-block-list\">\n<li><a href=\"https:\/\/www.tindemansrollrasen.de\/rasenpflege\/rasen-mahen\/\">M\u00e4hen<\/a>\u00a0Sie den Rasen nicht k\u00fcrzer als 5 cm<\/li>\n\n\n\n<li>Vor allem zu Beginn reichlich\u00a0<a href=\"https:\/\/www.tindemansrollrasen.de\/rasenpflege\/rasen-sprengen\/\">bew\u00e4ssern<\/a><\/li>\n\n\n\n<li>M\u00e4hen Sie den Rasen im Schatten nur einmal alle zwei Wochen<\/li>\n<\/ul>\n\n\n\n<h2 class=\"wp-block-heading\">Schattenrasen kaufen?<\/h2>\n\n\n\n<p>Der Premium-Spielrasen ist eine gute Alternative zu Schattenrasen. Dies hat den Vorteil, dass der Rasen nicht nur als Schattenrasen, sondern auch als Spielrasen dient. Zum Beispiel ist er widerstandsf\u00e4higer gegen Betreten als Schattengras und Sie k\u00f6nnen ihn zu einem fairen Preis kaufen.<\/p>\n\n\n\n<p>M\u00f6chten Sie weitere Informationen oder sind Sie neugierig auf&nbsp;<a href=\"https:\/\/www.tindemansrollrasen.de\/unser-rollrasen\/premium-sport-und-spielrasen\/\"><u>Premium-Spielrasen<\/u>?<\/a>&nbsp;Dann schreiben Sie uns eine&nbsp;<a href=\"mailto:info@tindemansrollrasen.de\">E-Mail<\/a>&nbsp;oder rufen Sie uns mit Ihren Fragen an. Gerne erz\u00e4hlen wir Ihnen mehr \u00fcber unseren Rollrasen.<\/p>\n","protected":false},"excerpt":{"rendered":"<p>Schattenrasen Schattenrasen: Der Name sagt eigentlich schon alles. Trotzdem herrscht gro\u00dfe Verwirrung \u00fcber den Schattenrasen. Denn wann hei\u00dft eine Rasensorte Schattenrasen? Der Anbau von 100 % Schattenrasen ist oft nicht \u00fcblich. Normalerweise wird Schattenrasen mit einer gr\u00f6beren Grassorte kombiniert, wie den typischen Spielrasensorten. Ein Teil eines Spielrollrasens ist dann eine Schattenrasenart. M\u00f6chten Sie einen schattenbest\u00e4ndigen [&hellip;]<\/p>\n","protected":false},"author":4,"featured_media":0,"parent":0,"menu_order":2,"comment_status":"closed","ping_status":"closed","template":"","meta":{"_acf_changed":false,"footnotes":""},"class_list":["post-9893","page","type-page","status-publish","hentry"],"acf":[],"yoast_head":"<!-- This site is optimized with the Yoast SEO plugin v26.9 - https:\/\/yoast.com\/product\/yoast-seo-wordpress\/ -->\n<title>Schattenrasen - Tindemans Graszoden<\/title>\n<meta name=\"robots\" content=\"index, follow, max-snippet:-1, max-image-preview:large, max-video-preview:-1\" \/>\n<link rel=\"canonical\" href=\"https:\/\/www.tindemansgraszoden.nl\/de\/schattenrasen\/\" \/>\n<meta property=\"og:locale\" content=\"de_DE\" \/>\n<meta property=\"og:type\" content=\"article\" \/>\n<meta property=\"og:title\" content=\"Schattenrasen - Tindemans Graszoden\" \/>\n<meta property=\"og:description\" content=\"Schattenrasen Schattenrasen: Der Name sagt eigentlich schon alles. Trotzdem herrscht gro\u00dfe Verwirrung \u00fcber den Schattenrasen. Denn wann hei\u00dft eine Rasensorte Schattenrasen? Der Anbau von 100 % Schattenrasen ist oft nicht \u00fcblich. Normalerweise wird Schattenrasen mit einer gr\u00f6beren Grassorte kombiniert, wie den typischen Spielrasensorten. Ein Teil eines Spielrollrasens ist dann eine Schattenrasenart. M\u00f6chten Sie einen schattenbest\u00e4ndigen [&hellip;]\" \/>\n<meta property=\"og:url\" content=\"https:\/\/www.tindemansgraszoden.nl\/de\/schattenrasen\/\" \/>\n<meta property=\"og:site_name\" content=\"Tindemans Graszoden\" \/>\n<meta property=\"article:modified_time\" content=\"2026-04-10T06:51:26+00:00\" \/>\n<meta name=\"twitter:card\" content=\"summary_large_image\" \/>\n<meta name=\"twitter:label1\" content=\"Gesch\u00e4tzte Lesezeit\" \/>\n\t<meta name=\"twitter:data1\" content=\"2\u00a0Minuten\" \/>\n<script type=\"application\/ld+json\" class=\"yoast-schema-graph\">{\"@context\":\"https:\/\/schema.org\",\"@graph\":[{\"@type\":\"WebPage\",\"@id\":\"https:\/\/www.tindemansgraszoden.nl\/de\/schattenrasen\/\",\"url\":\"https:\/\/www.tindemansgraszoden.nl\/de\/schattenrasen\/\",\"name\":\"Schattenrasen - Tindemans Graszoden\",\"isPartOf\":{\"@id\":\"https:\/\/www.tindemansgraszoden.nl\/de\/#website\"},\"datePublished\":\"2022-01-21T10:08:23+00:00\",\"dateModified\":\"2026-04-10T06:51:26+00:00\",\"breadcrumb\":{\"@id\":\"https:\/\/www.tindemansgraszoden.nl\/de\/schattenrasen\/#breadcrumb\"},\"inLanguage\":\"de\",\"potentialAction\":[{\"@type\":\"ReadAction\",\"target\":[\"https:\/\/www.tindemansgraszoden.nl\/de\/schattenrasen\/\"]}]},{\"@type\":\"BreadcrumbList\",\"@id\":\"https:\/\/www.tindemansgraszoden.nl\/de\/schattenrasen\/#breadcrumb\",\"itemListElement\":[{\"@type\":\"ListItem\",\"position\":1,\"name\":\"Home\",\"item\":\"https:\/\/www.tindemansgraszoden.nl\/de\/\"},{\"@type\":\"ListItem\",\"position\":2,\"name\":\"Schattenrasen\"}]},{\"@type\":\"WebSite\",\"@id\":\"https:\/\/www.tindemansgraszoden.nl\/de\/#website\",\"url\":\"https:\/\/www.tindemansgraszoden.nl\/de\/\",\"name\":\"Tindemans Graszoden\",\"description\":\"Graszoden Limburg: levering en aanleg\",\"publisher\":{\"@id\":\"https:\/\/www.tindemansgraszoden.nl\/de\/#organization\"},\"potentialAction\":[{\"@type\":\"SearchAction\",\"target\":{\"@type\":\"EntryPoint\",\"urlTemplate\":\"https:\/\/www.tindemansgraszoden.nl\/de\/?s={search_term_string}\"},\"query-input\":{\"@type\":\"PropertyValueSpecification\",\"valueRequired\":true,\"valueName\":\"search_term_string\"}}],\"inLanguage\":\"de\"},{\"@type\":\"Organization\",\"@id\":\"https:\/\/www.tindemansgraszoden.nl\/de\/#organization\",\"name\":\"Tindemans Graszoden\",\"url\":\"https:\/\/www.tindemansgraszoden.nl\/de\/\",\"logo\":{\"@type\":\"ImageObject\",\"inLanguage\":\"de\",\"@id\":\"https:\/\/www.tindemansgraszoden.nl\/de\/#\/schema\/logo\/image\/\",\"url\":\"https:\/\/www.tindemansgraszoden.nl\/wp-content\/uploads\/2022\/04\/logo.png\",\"contentUrl\":\"https:\/\/www.tindemansgraszoden.nl\/wp-content\/uploads\/2022\/04\/logo.png\",\"width\":394,\"height\":120,\"caption\":\"Tindemans Graszoden\"},\"image\":{\"@id\":\"https:\/\/www.tindemansgraszoden.nl\/de\/#\/schema\/logo\/image\/\"}}]}<\/script>\n<!-- \/ Yoast SEO plugin. -->","yoast_head_json":{"title":"Schattenrasen - Tindemans Graszoden","robots":{"index":"index","follow":"follow","max-snippet":"max-snippet:-1","max-image-preview":"max-image-preview:large","max-video-preview":"max-video-preview:-1"},"canonical":"https:\/\/www.tindemansgraszoden.nl\/de\/schattenrasen\/","og_locale":"de_DE","og_type":"article","og_title":"Schattenrasen - Tindemans Graszoden","og_description":"Schattenrasen Schattenrasen: Der Name sagt eigentlich schon alles. Trotzdem herrscht gro\u00dfe Verwirrung \u00fcber den Schattenrasen. Denn wann hei\u00dft eine Rasensorte Schattenrasen? Der Anbau von 100 % Schattenrasen ist oft nicht \u00fcblich. Normalerweise wird Schattenrasen mit einer gr\u00f6beren Grassorte kombiniert, wie den typischen Spielrasensorten. Ein Teil eines Spielrollrasens ist dann eine Schattenrasenart. M\u00f6chten Sie einen schattenbest\u00e4ndigen [&hellip;]","og_url":"https:\/\/www.tindemansgraszoden.nl\/de\/schattenrasen\/","og_site_name":"Tindemans Graszoden","article_modified_time":"2026-04-10T06:51:26+00:00","twitter_card":"summary_large_image","twitter_misc":{"Gesch\u00e4tzte Lesezeit":"2\u00a0Minuten"},"schema":{"@context":"https:\/\/schema.org","@graph":[{"@type":"WebPage","@id":"https:\/\/www.tindemansgraszoden.nl\/de\/schattenrasen\/","url":"https:\/\/www.tindemansgraszoden.nl\/de\/schattenrasen\/","name":"Schattenrasen - Tindemans Graszoden","isPartOf":{"@id":"https:\/\/www.tindemansgraszoden.nl\/de\/#website"},"datePublished":"2022-01-21T10:08:23+00:00","dateModified":"2026-04-10T06:51:26+00:00","breadcrumb":{"@id":"https:\/\/www.tindemansgraszoden.nl\/de\/schattenrasen\/#breadcrumb"},"inLanguage":"de","potentialAction":[{"@type":"ReadAction","target":["https:\/\/www.tindemansgraszoden.nl\/de\/schattenrasen\/"]}]},{"@type":"BreadcrumbList","@id":"https:\/\/www.tindemansgraszoden.nl\/de\/schattenrasen\/#breadcrumb","itemListElement":[{"@type":"ListItem","position":1,"name":"Home","item":"https:\/\/www.tindemansgraszoden.nl\/de\/"},{"@type":"ListItem","position":2,"name":"Schattenrasen"}]},{"@type":"WebSite","@id":"https:\/\/www.tindemansgraszoden.nl\/de\/#website","url":"https:\/\/www.tindemansgraszoden.nl\/de\/","name":"Tindemans Graszoden","description":"Graszoden Limburg: levering en aanleg","publisher":{"@id":"https:\/\/www.tindemansgraszoden.nl\/de\/#organization"},"potentialAction":[{"@type":"SearchAction","target":{"@type":"EntryPoint","urlTemplate":"https:\/\/www.tindemansgraszoden.nl\/de\/?s={search_term_string}"},"query-input":{"@type":"PropertyValueSpecification","valueRequired":true,"valueName":"search_term_string"}}],"inLanguage":"de"},{"@type":"Organization","@id":"https:\/\/www.tindemansgraszoden.nl\/de\/#organization","name":"Tindemans Graszoden","url":"https:\/\/www.tindemansgraszoden.nl\/de\/","logo":{"@type":"ImageObject","inLanguage":"de","@id":"https:\/\/www.tindemansgraszoden.nl\/de\/#\/schema\/logo\/image\/","url":"https:\/\/www.tindemansgraszoden.nl\/wp-content\/uploads\/2022\/04\/logo.png","contentUrl":"https:\/\/www.tindemansgraszoden.nl\/wp-content\/uploads\/2022\/04\/logo.png","width":394,"height":120,"caption":"Tindemans Graszoden"},"image":{"@id":"https:\/\/www.tindemansgraszoden.nl\/de\/#\/schema\/logo\/image\/"}}]}},"_links":{"self":[{"href":"https:\/\/www.tindemansgraszoden.nl\/de\/wp-json\/wp\/v2\/pages\/9893","targetHints":{"allow":["GET"]}}],"collection":[{"href":"https:\/\/www.tindemansgraszoden.nl\/de\/wp-json\/wp\/v2\/pages"}],"about":[{"href":"https:\/\/www.tindemansgraszoden.nl\/de\/wp-json\/wp\/v2\/types\/page"}],"author":[{"embeddable":true,"href":"https:\/\/www.tindemansgraszoden.nl\/de\/wp-json\/wp\/v2\/users\/4"}],"replies":[{"embeddable":true,"href":"https:\/\/www.tindemansgraszoden.nl\/de\/wp-json\/wp\/v2\/comments?post=9893"}],"version-history":[{"count":1,"href":"https:\/\/www.tindemansgraszoden.nl\/de\/wp-json\/wp\/v2\/pages\/9893\/revisions"}],"predecessor-version":[{"id":9895,"href":"https:\/\/www.tindemansgraszoden.nl\/de\/wp-json\/wp\/v2\/pages\/9893\/revisions\/9895"}],"wp:attachment":[{"href":"https:\/\/www.tindemansgraszoden.nl\/de\/wp-json\/wp\/v2\/media?parent=9893"}],"curies":[{"name":"wp","href":"https:\/\/api.w.org\/{rel}","templated":true}]}}