{"id":9874,"date":"2022-01-21T16:18:05","date_gmt":"2022-01-21T15:18:05","guid":{"rendered":"https:\/\/www.tindemansgraszoden.nl\/?page_id=9874"},"modified":"2026-04-09T16:40:30","modified_gmt":"2026-04-09T14:40:30","slug":"allgemeine-geschaeftsbedingungen","status":"publish","type":"page","link":"https:\/\/www.tindemansgraszoden.nl\/de\/allgemeine-geschaeftsbedingungen\/","title":{"rendered":"Allgemeine Gesch\u00e4ftsbedingungen"},"content":{"rendered":"\n<h1 class=\"wp-block-heading\">Allgemeine Gesch\u00e4ftsbedingungen von Tindemans Graszoden B.V. (KvK 74402102)<\/h1>\n\n\n\n<h2 class=\"wp-block-heading\">Artikel 1. Anwendbarkeit<\/h2>\n\n\n\n<p>1.1 Tindemans Graszoden B.V. hat seinen Sitz am Karissteeg Nr. 2A in 6031 PH Nederweert (Niederlande) und ist bei der Handelskammer unter der Nummer 74402102 eingetragen.<\/p>\n\n\n\n<p>1.2 Tindemans firmiert auch unter den Namen Schelfhout graszoden, Dautzenberg graszoden und graszoden bijSTOX. Wenn in diesen Allgemeinen Gesch\u00e4ftsbedingungen von \u201eTindemans\u201c die Rede ist, bezieht sich dies auf alle Handelsnamen.<\/p>\n\n\n\n<p>1.3 Die Gesch\u00e4ftst\u00e4tigkeit von Tindemans besteht haupts\u00e4chlich aus der Lieferung und Verlegung von Rollrasen. Diese allgemeinen Gesch\u00e4ftsbedingungen gelten f\u00fcr alle Angebote und Kostenvoranschl\u00e4ge von, Auftr\u00e4ge an, Kaufvertr\u00e4ge mit, Lieferungen von und\/oder Aktivit\u00e4ten von Tindemans. Die Gegenpartei von Tindemans wird als \u201eKunde\u201c bezeichnet.<\/p>\n\n\n\n<h2 class=\"wp-block-heading\">Artikel 2: Preise und Zahlungen<\/h2>\n\n\n\n<p>2.1 Die Angebote sind 14 Tage lang g\u00fcltig. Die Preise verstehen sich zuz\u00fcglich der geltenden Mehrwertsteuer f\u00fcr Gesch\u00e4ftskunden. Die auf den Websites angegebenen Preise f\u00fcr Privatpersonen verstehen sich inklusive Mehrwertsteuer.<\/p>\n\n\n\n<p>2.2 Die Zahlung muss im Voraus, vor oder zum Zeitpunkt der Lieferung und vor Ausf\u00fchrung der Arbeiten erfolgen.<\/p>\n\n\n\n<p>2.3 Wurde eine nachtr\u00e4gliche Zahlung vereinbart, so muss diese innerhalb von 7 Tagen nach Lieferung und\/oder Abschluss der Arbeiten oder innerhalb der auf der Rechnung angegebenen Anzahl Tage erfolgen.<\/p>\n\n\n\n<p>2.4 Die in Artikel 2.3 genannte Frist ist eine Frist. Nach Ablauf der Zahlungsfrist kommt der Kunde sofort in Verzug. Von diesem Zeitpunkt an schuldet der Kunde Zinsen in H\u00f6he von 10 % pro Jahr. Nach Ablauf einer Frist in der ersten Mahnung hat der Kunde au\u00dferdem au\u00dfergerichtliche Inkassokosten in H\u00f6he von 15 % zu zahlen.<\/p>\n\n\n\n<h2 class=\"wp-block-heading\">Artikel 3: \u00c4nderungen \/ Stornierungen \/ R\u00fccktrittsrecht<\/h2>\n\n\n\n<p>3.1 Die Tindemans-Rasen sind frisch gem\u00e4ht. Eine Bestellung\/ein Kauf kann bis zu zwei volle Arbeitstage vor dem Tag der Lieferung ge\u00e4ndert oder storniert werden. Danach kann die Bestellung\/der Kauf nicht mehr ge\u00e4ndert oder storniert werden. Der Kunde haftet dann f\u00fcr den vollen Preis.<\/p>\n\n\n\n<p>3.2 Etwaige Kosten im Zusammenhang mit der \u00c4nderung oder Stornierung werden dem Kunden von Tindemans in Rechnung gestellt.<\/p>\n\n\n\n<p>3.3 Da Kunstrasen nach dem M\u00e4hen nur eine (sehr) begrenzte Haltbarkeit hat, besteht kein Widerrufsrecht f\u00fcr den Verbraucher. Nach der Verlegung bzw. Bearbeitung des Rasens kann kein Widerrufsrecht mehr ausge\u00fcbt werden.<\/p>\n\n\n\n<p>3.4 F\u00fcr Produkte gilt das Recht, den Vertrag innerhalb einer Frist von 14 Tagen ohne Angabe von Gr\u00fcnden zu widerrufen.<\/p>\n\n\n\n<h2 class=\"wp-block-heading\">Artikel 4: Lieferung \/ Gefahr\u00fcbergang \/ Inspektion \/ keine Garantien \/ Eigentumsvorbehalt<\/h2>\n\n\n\n<p>4.1 Die Bestellungen k\u00f6nnen geliefert oder abgeholt werden. Dies wird w\u00e4hrend des Bestellvorgangs vereinbart. Als Lieferung gilt der Zeitpunkt der Zustellung oder der Zeitpunkt der Abholung. Die Lieferung erfolgt an die Stra\u00dfe\/den Gehweg\/die Rampe. Ab dem Zeitpunkt der Lieferung geht der Rollrasen zu Lasten und auf Risiko des Kunden. Wenn Tindemans die Grasnarbe bei der Abholung aufl\u00e4dt, gehen die Folgen der \u00dcberladung zu Lasten und auf Risiko des Kunden.<\/p>\n\n\n\n<p>4.2 Die von Tindemans angegebenen Liefertage und -zeiten sind ann\u00e4hernd und nicht verbindlich. Die Umst\u00e4nde k\u00f6nnen dazu f\u00fchren, dass der Rollrasen einen Tag fr\u00fcher oder sp\u00e4ter geliefert wird.<\/p>\n\n\n\n<p>4.3 Wenn der Kunde den Rollrasen selbst verlegt, m\u00fcssen Beanstandungen vor der Verlegung des Rollrasens telefonisch und schriftlich an Tindemans gemeldet werden. M\u00f6gliche Unzul\u00e4nglichkeiten k\u00f6nnen n\u00e4mlich sofort beim Ausrollen des Rasens festgestellt werden. Der Kunde ist verpflichtet, den Rasen sofort nach der Lieferung zu \u00fcberpr\u00fcfen. Wenn Beanstandungen nicht am Tag der Lieferung an Tindemans gemeldet werden, erlischt das Recht des Kunden, die Qualit\u00e4t des Rasens zu beanstanden.<\/p>\n\n\n\n<p>4.4 Tindemans gibt keine Garantie auf den Rasen nach der Verlegung. Die Qualit\u00e4t des Rasens h\u00e4ngt vom Untergrund und, ab dem Zeitpunkt der Verlegung, auch von der Pflege des Rasens durch den Kunden ab. Wenn der Rasen bereits verlegt ist, m\u00fcssen Beschwerden nicht mehr von Tindemans gepr\u00fcft und geregelt werden, es sei denn, die Beschwerden betreffen die T\u00e4tigkeiten von Tindemans. Garantien werden nur gegeben, wenn dies vorher von Tindemans schriftlich festgehalten wurde.<\/p>\n\n\n\n<p>4.5 Der Rasen bleibt Eigentum von Tindemans, bis der Preis, zuz\u00fcglich Zinsen und Kosten, vollst\u00e4ndig bezahlt worden ist. Der Rasen darf erst verlegt werden, wenn er vollst\u00e4ndig bezahlt worden ist.<\/p>\n\n\n\n<h2 class=\"wp-block-heading\">Artikel 5: Haftung<\/h2>\n\n\n\n<p>5.1 Die Kosten f\u00fcr vorgefundene kontaminierte B\u00f6den, wie z.B. Schutt, Asbest, \u00d6le, Metalle, Pestizide, Zinkasche u.\u00e4., gehen zu Lasten des Auftraggebers. Diese Kosten umfassen die Kosten f\u00fcr die Entfernung, Entsorgung und Deponierung des kontaminierten Bodens sowie die Wiederauff\u00fcllung des (Unter-)Bodens.<\/p>\n\n\n\n<p>5.2 Tindemans haftet nicht f\u00fcr Senkungen von Einfahrten, Pflasterungen und\/oder Rasenfl\u00e4chen und anderen Oberfl\u00e4chen.<\/p>\n\n\n\n<p>5.3 Sch\u00e4den an Leitungen und unterirdischen Kabeln, deren Lage nicht im Voraus bekannt gegeben wurde, gehen zu Lasten und auf Risiko des Auftraggebers.<\/p>\n\n\n\n<p>5.4 Die Haftung von Tindemans beschr\u00e4nkt sich auf den Ersatz des Schadens, h\u00f6chstens jedoch auf den Betrag der Vereinbarung\/des gelieferten Rasens.<\/p>\n\n\n\n<p>5.5 Tindemans haftet niemals f\u00fcr Sch\u00e4den, die durch Versp\u00e4tung und\/oder Folgesch\u00e4den entstehen.<\/p>\n\n\n\n<p>5.5 In allen F\u00e4llen ist die Haftung von Tindemans dar\u00fcber hinaus auf maximal den Betrag beschr\u00e4nkt, den der Versicherer von Tindemans zu zahlen bereit ist, zuz\u00fcglich der Selbstbeteiligung.<\/p>\n\n\n\n<h2 class=\"wp-block-heading\">Artikel 6: Schlussbestimmungen<\/h2>\n\n\n\n<p>6.1 Auf alle Vertr\u00e4ge mit Tindemans und diese allgemeinen Gesch\u00e4ftsbedingungen findet ausschlie\u00dflich niederl\u00e4ndisches Recht Anwendung.<\/p>\n\n\n\n<p>6.2 F\u00fcr Streitigkeiten ist ausschlie\u00dflich das niederl\u00e4ndische Gericht zust\u00e4ndig. Streitigkeiten werden dem zust\u00e4ndigen Gericht des Bezirksgerichts Limburg vorgelegt, sofern nicht zwingende Vorschriften etwas anderes vorschreiben.<\/p>\n\n\n\n<p>6.3 Diese allgemeinen Gesch\u00e4ftsbedingungen k\u00f6nnen von Tindemans einseitig ge\u00e4ndert werden. Es gilt die zuletzt ver\u00f6ffentlichte Fassung.<\/p>\n\n\n\n<p>6.4 Die vorliegenden allgemeinen Gesch\u00e4ftsbedingungen wurden ebenfalls \u00fcbersetzt. Im Falle unterschiedlicher Auslegungen ist stets die niederl\u00e4ndische Fassung dieser Allgemeinen Gesch\u00e4ftsbedingungen ma\u00dfgebend.<\/p>\n","protected":false},"excerpt":{"rendered":"<p>Allgemeine Gesch\u00e4ftsbedingungen von Tindemans Graszoden B.V. (KvK 74402102) Artikel 1. Anwendbarkeit 1.1 Tindemans Graszoden B.V. hat seinen Sitz am Karissteeg Nr. 2A in 6031 PH Nederweert (Niederlande) und ist bei der Handelskammer unter der Nummer 74402102 eingetragen. 1.2 Tindemans firmiert auch unter den Namen Schelfhout graszoden, Dautzenberg graszoden und graszoden bijSTOX. Wenn in diesen Allgemeinen [&hellip;]<\/p>\n","protected":false},"author":4,"featured_media":0,"parent":0,"menu_order":0,"comment_status":"closed","ping_status":"closed","template":"","meta":{"_acf_changed":false,"footnotes":""},"class_list":["post-9874","page","type-page","status-publish","hentry"],"acf":[],"yoast_head":"<!-- This site is optimized with the Yoast SEO plugin v26.9 - https:\/\/yoast.com\/product\/yoast-seo-wordpress\/ -->\n<title>Allgemeine Gesch\u00e4ftsbedingungen - Tindemans Graszoden<\/title>\n<meta name=\"robots\" content=\"index, follow, max-snippet:-1, max-image-preview:large, max-video-preview:-1\" \/>\n<link rel=\"canonical\" href=\"https:\/\/www.tindemansgraszoden.nl\/de\/allgemeine-geschaeftsbedingungen\/\" \/>\n<meta property=\"og:locale\" content=\"de_DE\" \/>\n<meta property=\"og:type\" content=\"article\" \/>\n<meta property=\"og:title\" content=\"Allgemeine Gesch\u00e4ftsbedingungen - Tindemans Graszoden\" \/>\n<meta property=\"og:description\" content=\"Allgemeine Gesch\u00e4ftsbedingungen von Tindemans Graszoden B.V. (KvK 74402102) Artikel 1. Anwendbarkeit 1.1 Tindemans Graszoden B.V. hat seinen Sitz am Karissteeg Nr. 2A in 6031 PH Nederweert (Niederlande) und ist bei der Handelskammer unter der Nummer 74402102 eingetragen. 1.2 Tindemans firmiert auch unter den Namen Schelfhout graszoden, Dautzenberg graszoden und graszoden bijSTOX. Wenn in diesen Allgemeinen [&hellip;]\" \/>\n<meta property=\"og:url\" content=\"https:\/\/www.tindemansgraszoden.nl\/de\/allgemeine-geschaeftsbedingungen\/\" \/>\n<meta property=\"og:site_name\" content=\"Tindemans Graszoden\" \/>\n<meta property=\"article:modified_time\" content=\"2026-04-09T14:40:30+00:00\" \/>\n<meta name=\"twitter:card\" content=\"summary_large_image\" \/>\n<meta name=\"twitter:label1\" content=\"Gesch\u00e4tzte Lesezeit\" \/>\n\t<meta name=\"twitter:data1\" content=\"5\u00a0Minuten\" \/>\n<script type=\"application\/ld+json\" class=\"yoast-schema-graph\">{\"@context\":\"https:\/\/schema.org\",\"@graph\":[{\"@type\":\"WebPage\",\"@id\":\"https:\/\/www.tindemansgraszoden.nl\/de\/allgemeine-geschaeftsbedingungen\/\",\"url\":\"https:\/\/www.tindemansgraszoden.nl\/de\/allgemeine-geschaeftsbedingungen\/\",\"name\":\"Allgemeine Gesch\u00e4ftsbedingungen - Tindemans Graszoden\",\"isPartOf\":{\"@id\":\"https:\/\/www.tindemansgraszoden.nl\/de\/#website\"},\"datePublished\":\"2022-01-21T15:18:05+00:00\",\"dateModified\":\"2026-04-09T14:40:30+00:00\",\"breadcrumb\":{\"@id\":\"https:\/\/www.tindemansgraszoden.nl\/de\/allgemeine-geschaeftsbedingungen\/#breadcrumb\"},\"inLanguage\":\"de\",\"potentialAction\":[{\"@type\":\"ReadAction\",\"target\":[\"https:\/\/www.tindemansgraszoden.nl\/de\/allgemeine-geschaeftsbedingungen\/\"]}]},{\"@type\":\"BreadcrumbList\",\"@id\":\"https:\/\/www.tindemansgraszoden.nl\/de\/allgemeine-geschaeftsbedingungen\/#breadcrumb\",\"itemListElement\":[{\"@type\":\"ListItem\",\"position\":1,\"name\":\"Home\",\"item\":\"https:\/\/www.tindemansgraszoden.nl\/de\/\"},{\"@type\":\"ListItem\",\"position\":2,\"name\":\"Allgemeine Gesch\u00e4ftsbedingungen\"}]},{\"@type\":\"WebSite\",\"@id\":\"https:\/\/www.tindemansgraszoden.nl\/de\/#website\",\"url\":\"https:\/\/www.tindemansgraszoden.nl\/de\/\",\"name\":\"Tindemans Graszoden\",\"description\":\"Graszoden Limburg: levering en aanleg\",\"publisher\":{\"@id\":\"https:\/\/www.tindemansgraszoden.nl\/de\/#organization\"},\"potentialAction\":[{\"@type\":\"SearchAction\",\"target\":{\"@type\":\"EntryPoint\",\"urlTemplate\":\"https:\/\/www.tindemansgraszoden.nl\/de\/?s={search_term_string}\"},\"query-input\":{\"@type\":\"PropertyValueSpecification\",\"valueRequired\":true,\"valueName\":\"search_term_string\"}}],\"inLanguage\":\"de\"},{\"@type\":\"Organization\",\"@id\":\"https:\/\/www.tindemansgraszoden.nl\/de\/#organization\",\"name\":\"Tindemans Graszoden\",\"url\":\"https:\/\/www.tindemansgraszoden.nl\/de\/\",\"logo\":{\"@type\":\"ImageObject\",\"inLanguage\":\"de\",\"@id\":\"https:\/\/www.tindemansgraszoden.nl\/de\/#\/schema\/logo\/image\/\",\"url\":\"https:\/\/www.tindemansgraszoden.nl\/wp-content\/uploads\/2022\/04\/logo.png\",\"contentUrl\":\"https:\/\/www.tindemansgraszoden.nl\/wp-content\/uploads\/2022\/04\/logo.png\",\"width\":394,\"height\":120,\"caption\":\"Tindemans Graszoden\"},\"image\":{\"@id\":\"https:\/\/www.tindemansgraszoden.nl\/de\/#\/schema\/logo\/image\/\"}}]}<\/script>\n<!-- \/ Yoast SEO plugin. -->","yoast_head_json":{"title":"Allgemeine Gesch\u00e4ftsbedingungen - Tindemans Graszoden","robots":{"index":"index","follow":"follow","max-snippet":"max-snippet:-1","max-image-preview":"max-image-preview:large","max-video-preview":"max-video-preview:-1"},"canonical":"https:\/\/www.tindemansgraszoden.nl\/de\/allgemeine-geschaeftsbedingungen\/","og_locale":"de_DE","og_type":"article","og_title":"Allgemeine Gesch\u00e4ftsbedingungen - Tindemans Graszoden","og_description":"Allgemeine Gesch\u00e4ftsbedingungen von Tindemans Graszoden B.V. (KvK 74402102) Artikel 1. Anwendbarkeit 1.1 Tindemans Graszoden B.V. hat seinen Sitz am Karissteeg Nr. 2A in 6031 PH Nederweert (Niederlande) und ist bei der Handelskammer unter der Nummer 74402102 eingetragen. 1.2 Tindemans firmiert auch unter den Namen Schelfhout graszoden, Dautzenberg graszoden und graszoden bijSTOX. Wenn in diesen Allgemeinen [&hellip;]","og_url":"https:\/\/www.tindemansgraszoden.nl\/de\/allgemeine-geschaeftsbedingungen\/","og_site_name":"Tindemans Graszoden","article_modified_time":"2026-04-09T14:40:30+00:00","twitter_card":"summary_large_image","twitter_misc":{"Gesch\u00e4tzte Lesezeit":"5\u00a0Minuten"},"schema":{"@context":"https:\/\/schema.org","@graph":[{"@type":"WebPage","@id":"https:\/\/www.tindemansgraszoden.nl\/de\/allgemeine-geschaeftsbedingungen\/","url":"https:\/\/www.tindemansgraszoden.nl\/de\/allgemeine-geschaeftsbedingungen\/","name":"Allgemeine Gesch\u00e4ftsbedingungen - Tindemans Graszoden","isPartOf":{"@id":"https:\/\/www.tindemansgraszoden.nl\/de\/#website"},"datePublished":"2022-01-21T15:18:05+00:00","dateModified":"2026-04-09T14:40:30+00:00","breadcrumb":{"@id":"https:\/\/www.tindemansgraszoden.nl\/de\/allgemeine-geschaeftsbedingungen\/#breadcrumb"},"inLanguage":"de","potentialAction":[{"@type":"ReadAction","target":["https:\/\/www.tindemansgraszoden.nl\/de\/allgemeine-geschaeftsbedingungen\/"]}]},{"@type":"BreadcrumbList","@id":"https:\/\/www.tindemansgraszoden.nl\/de\/allgemeine-geschaeftsbedingungen\/#breadcrumb","itemListElement":[{"@type":"ListItem","position":1,"name":"Home","item":"https:\/\/www.tindemansgraszoden.nl\/de\/"},{"@type":"ListItem","position":2,"name":"Allgemeine Gesch\u00e4ftsbedingungen"}]},{"@type":"WebSite","@id":"https:\/\/www.tindemansgraszoden.nl\/de\/#website","url":"https:\/\/www.tindemansgraszoden.nl\/de\/","name":"Tindemans Graszoden","description":"Graszoden Limburg: levering en aanleg","publisher":{"@id":"https:\/\/www.tindemansgraszoden.nl\/de\/#organization"},"potentialAction":[{"@type":"SearchAction","target":{"@type":"EntryPoint","urlTemplate":"https:\/\/www.tindemansgraszoden.nl\/de\/?s={search_term_string}"},"query-input":{"@type":"PropertyValueSpecification","valueRequired":true,"valueName":"search_term_string"}}],"inLanguage":"de"},{"@type":"Organization","@id":"https:\/\/www.tindemansgraszoden.nl\/de\/#organization","name":"Tindemans Graszoden","url":"https:\/\/www.tindemansgraszoden.nl\/de\/","logo":{"@type":"ImageObject","inLanguage":"de","@id":"https:\/\/www.tindemansgraszoden.nl\/de\/#\/schema\/logo\/image\/","url":"https:\/\/www.tindemansgraszoden.nl\/wp-content\/uploads\/2022\/04\/logo.png","contentUrl":"https:\/\/www.tindemansgraszoden.nl\/wp-content\/uploads\/2022\/04\/logo.png","width":394,"height":120,"caption":"Tindemans Graszoden"},"image":{"@id":"https:\/\/www.tindemansgraszoden.nl\/de\/#\/schema\/logo\/image\/"}}]}},"_links":{"self":[{"href":"https:\/\/www.tindemansgraszoden.nl\/de\/wp-json\/wp\/v2\/pages\/9874","targetHints":{"allow":["GET"]}}],"collection":[{"href":"https:\/\/www.tindemansgraszoden.nl\/de\/wp-json\/wp\/v2\/pages"}],"about":[{"href":"https:\/\/www.tindemansgraszoden.nl\/de\/wp-json\/wp\/v2\/types\/page"}],"author":[{"embeddable":true,"href":"https:\/\/www.tindemansgraszoden.nl\/de\/wp-json\/wp\/v2\/users\/4"}],"replies":[{"embeddable":true,"href":"https:\/\/www.tindemansgraszoden.nl\/de\/wp-json\/wp\/v2\/comments?post=9874"}],"version-history":[{"count":1,"href":"https:\/\/www.tindemansgraszoden.nl\/de\/wp-json\/wp\/v2\/pages\/9874\/revisions"}],"predecessor-version":[{"id":9875,"href":"https:\/\/www.tindemansgraszoden.nl\/de\/wp-json\/wp\/v2\/pages\/9874\/revisions\/9875"}],"wp:attachment":[{"href":"https:\/\/www.tindemansgraszoden.nl\/de\/wp-json\/wp\/v2\/media?parent=9874"}],"curies":[{"name":"wp","href":"https:\/\/api.w.org\/{rel}","templated":true}]}}