{"id":9872,"date":"2021-11-11T09:17:55","date_gmt":"2021-11-11T08:17:55","guid":{"rendered":"https:\/\/www.tindemansgraszoden.nl\/?page_id=9872"},"modified":"2026-04-09T16:38:23","modified_gmt":"2026-04-09T14:38:23","slug":"datenschutzerklaerung","status":"publish","type":"page","link":"https:\/\/www.tindemansgraszoden.nl\/de\/datenschutzerklaerung\/","title":{"rendered":"Datenschutzerkl\u00e4rung"},"content":{"rendered":"\n<h1 class=\"wp-block-heading\">Datenschutzerkl\u00e4rung<\/h1>\n\n\n\n<p>Wir verwenden Ihre personenbezogenen Daten nur f\u00fcr den gew\u00fcnschten Kontakt.<\/p>\n\n\n\n<p>Dautzenberg Graszoden, ein Teil von Tindemans Graszoden, mit Sitz Valkenburgerweg 75<br>6367 GT Voerendaal, Niederlande.<\/p>\n\n\n\n<p>Tindemans Graszoden, mit Sitz Karissteeg 2-A, 6031 PH Nederweert (NL), ist f\u00fcr die Verarbeitung personenbezogener Daten gem\u00e4\u00df dieser Datenschutzerkl\u00e4rung verantwortlich.<\/p>\n\n\n\n<h2 class=\"wp-block-heading\"><strong>Kontaktdaten:<\/strong><\/h2>\n\n\n\n<p>Karissteeg 2A<br>6031 PH Nederweert<br>Niederlande<\/p>\n\n\n\n<h2 class=\"wp-block-heading\"><strong>Personenbezogene Daten, die wir verarbeiten<\/strong><\/h2>\n\n\n\n<p>Tindemans Graszoden verarbeitet Ihre personenbezogenen Daten, weil Sie unsere Dienstleistungen nutzen und\/oder uns diese selbst zur Verf\u00fcgung stellen.<\/p>\n\n\n\n<p>Nachfolgend finden Sie eine \u00dcbersicht \u00fcber die von uns verarbeiteten personenbezogenen Daten:<\/p>\n\n\n\n<ul class=\"wp-block-list\">\n<li>Vor- und Nachname<\/li>\n\n\n\n<li>Adressdaten<\/li>\n\n\n\n<li>Telefonnummer<\/li>\n\n\n\n<li>E-Mail Adresse<\/li>\n<\/ul>\n\n\n\n<h2 class=\"wp-block-heading\"><strong>Besondere und\/oder sensible personenbezogene Daten, die wir verarbeiten<\/strong><\/h2>\n\n\n\n<p>Unsere Website und\/oder unser Service hat nicht die Absicht, Daten \u00fcber Website-Besucher zu sammeln, die j\u00fcnger als 16 Jahre sind, es sei denn, sie haben die Erlaubnis der Eltern oder des Erziehungsberechtigten. Wir k\u00f6nnen jedoch nicht \u00fcberpr\u00fcfen, ob ein Besucher \u00e4lter als 16 Jahre ist. Wir empfehlen daher, dass Eltern in die Online-Aktivit\u00e4ten ihrer Kinder einbezogen werden, um zu verhindern, dass Daten \u00fcber Kinder ohne Zustimmung der Eltern gesammelt werden. Wenn Sie glauben, dass wir ohne diese Zustimmung personenbezogene Daten \u00fcber einen Minderj\u00e4hrigen gesammelt haben, kontaktieren Sie uns bitte unter info@tindemansgraszoden.nl und wir werden diese Daten l\u00f6schen.<\/p>\n\n\n\n<h2 class=\"wp-block-heading\"><strong>Zu welchem Zweck und auf welcher Grundlage verarbeiten wir personenbezogene Daten?<\/strong><\/h2>\n\n\n\n<p>Tindemans Graszoden verarbeitet Ihre personenbezogenen Daten f\u00fcr die folgenden Zwecke:<\/p>\n\n\n\n<ul class=\"wp-block-list\">\n<li>Versand unseres Newsletters und\/oder Werbeprospektes<\/li>\n\n\n\n<li>Um Sie anrufen oder mailen zu k\u00f6nnen, wenn dies f\u00fcr die Erbringung unserer Dienstleistungen notwendig ist.<\/li>\n\n\n\n<li>Um Ihnen Waren und Dienstleistungen zu liefern<\/li>\n\n\n\n<li>Tindemans Graszoden analysiert Ihr Verhalten auf der Website, um die Website zu verbessern und das Angebot an Produkten und Dienstleistungen an Ihre Pr\u00e4ferenzen anzupassen.<\/li>\n<\/ul>\n\n\n\n<h2 class=\"wp-block-heading\"><strong>Automatisierte Entscheidungsfindung<\/strong><\/h2>\n\n\n\n<p>Tindemans Graszoden trifft keine Entscheidungen auf der Grundlage einer automatisierten Bearbeitung von Angelegenheiten, die f\u00fcr Personen (erhebliche) Folgen haben k\u00f6nnten. Dies sind Entscheidungen, die von Computerprogrammen oder Systemen getroffen werden, ohne dass eine Person (z.B. ein Mitarbeiter von Tindemans Graszoden) involviert ist.<\/p>\n\n\n\n<h2 class=\"wp-block-heading\"><strong>Wie lange wir personenbezogene Daten speichern<\/strong><\/h2>\n\n\n\n<p>Tindemans Graszoden speichert Ihre personenbezogenen Daten nicht l\u00e4nger als unbedingt notwendig, um die Zwecke zu erreichen, f\u00fcr die Ihre Daten erhoben werden.<\/p>\n\n\n\n<h2 class=\"wp-block-heading\"><strong>Weitergabe personenbezogener Daten an Dritte<\/strong><\/h2>\n\n\n\n<p>Tindemans Graszoden stellt Dritten personenbezogene Daten nur zur Verf\u00fcgung, wenn dies f\u00fcr die Durchf\u00fchrung unseres Vertrages mit Ihnen oder zur Erf\u00fcllung einer gesetzlichen Verpflichtung erforderlich ist.<\/p>\n\n\n\n<h2 class=\"wp-block-heading\"><strong>Cookies oder \u00e4hnliche Techniken, die wir verwenden.<\/strong><\/h2>\n\n\n\n<p>Tindemans Graszoden verwendet funktionale und analytische Cookies. Ein Cookie ist eine kleine Textdatei, die bei Ihrem ersten Besuch auf dieser Website im Browser Ihres Computers, Tablets oder Smartphones gespeichert wird. Tindemans Graszoden verwendet Cookies mit rein technischer Funktionalit\u00e4t. Diese stellen sicher, dass die Website einwandfrei funktioniert und z.B. Ihre bevorzugten Einstellungen gespeichert werden. Diese Cookies werden auch verwendet, um die Website ordnungsgem\u00e4\u00df funktionieren zu lassen und sie zu optimieren. Dar\u00fcber hinaus setzen wir Cookies, die Ihr Browserverhalten verfolgen, damit wir Ihnen ma\u00dfgeschneiderte Inhalte und Werbung anbieten k\u00f6nnen.<\/p>\n\n\n\n<p>Bei Ihrem ersten Besuch auf unserer Website haben wir Sie bereits \u00fcber diese Cookies informiert und um Erlaubnis gebeten.<\/p>\n\n\n\n<p>Sie k\u00f6nnen sich von Cookies abmelden, indem Sie Ihren Internet-Browser so einstellen, dass er keine Cookies mehr speichert. Dar\u00fcber hinaus k\u00f6nnen Sie auch alle Informationen l\u00f6schen, die zuvor \u00fcber die Einstellungen Ihres Browsers gespeichert wurden.<\/p>\n\n\n\n<p>Siehe zur Erl\u00e4uterung: https:\/\/veiliginternetten.nl\/themes\/situatie\/cookies-wat-zijn-het-en-wat-doe-ik-ermee\/<\/p>\n\n\n\n<h2 class=\"wp-block-heading\"><strong>Daten einsehen, \u00e4ndern oder l\u00f6schen<\/strong><\/h2>\n\n\n\n<p>Sie haben das Recht, Ihre personenbezogenen Daten einzusehen, zu berichtigen oder zu l\u00f6schen. Dar\u00fcber hinaus haben Sie das Recht, die Einwilligung in die Datenverarbeitung zu widerrufen oder der Verarbeitung Ihrer personenbezogenen Daten durch Tindemans Graszoden zu widersprechen, und Sie haben das Recht auf Daten\u00fcbertragbarkeit. Das bedeutet, dass Sie eine Anfrage an uns richten k\u00f6nnen, um die pers\u00f6nlichen Daten, die wir \u00fcber Sie in einer Computerdatei haben, an Sie oder eine andere von Ihnen genannte Organisation zu senden.<\/p>\n\n\n\n<p>Sie k\u00f6nnen einen Antrag auf Zugang, Berichtigung, L\u00f6schung, Daten\u00fcbermittlung Ihrer personenbezogenen Daten oder auf Widerruf Ihrer Einwilligung oder Widerspruch gegen die Verarbeitung Ihrer personenbezogenen Daten an&nbsp;<a href=\"mailto:info@tindemansrollrasen.de\">info@tindemansrollrasen.de<\/a>&nbsp;senden.<\/p>\n\n\n\n<p>Um sicher zu gehen, dass der Antrag auf Einsichtnahme von Ihnen gestellt wurde, bitten wir Sie, uns eine Kopie Ihres Personalausweises mit dem Antrag zuzusenden. In dieser Kopie schw\u00e4rzen Sie Ihr Passfoto, MRZ (maschinenlesbare Zone, der Streifen mit den Nummern am unteren Rand des Passes), Passnummer und evtl. Sozialversicherungsnummer (BSN). Dies dient dem Schutz Ihrer Privatsph\u00e4re. Wir werden Ihre Anfrage so schnell wie m\u00f6glich, jedoch sp\u00e4testens innerhalb von vier Wochen beantworten.<\/p>\n\n\n\n<p>Tindemans Graszoden m\u00f6chte Sie auch darauf hinweisen, dass Sie die M\u00f6glichkeit haben, eine Beschwerde bei der nationalen Aufsichtsbeh\u00f6rde, der Beh\u00f6rde f\u00fcr personenbezogene Daten, einzureichen. Sie k\u00f6nnen dies \u00fcber folgenden Link tun: https:\/\/autoriteitpersoonsgegevens.nl\/nl\/contact-met-de-autoriteit-persoonsgegevens\/tip-ons<\/p>\n\n\n\n<h2 class=\"wp-block-heading\"><strong>Wie wir personenbezogene Daten sch\u00fctzen<\/strong><\/h2>\n\n\n\n<p>Beim Ausf\u00fcllen von Formularen wird immer auf diese Datenschutzerkl\u00e4rung verwiesen.<\/p>\n\n\n\n<p>Tindemans Graszoden nimmt den Schutz Ihrer Daten ernst und trifft geeignete Ma\u00dfnahmen, um Missbrauch, Verlust, unbefugten Zugriff, unerw\u00fcnschte Offenlegung und unbefugte Ver\u00e4nderung zu verhindern. Wenn Sie den Eindruck haben, dass Ihre Daten nicht sicher sind oder Hinweise auf Missbrauch vorliegen, wenden Sie sich bitte an unseren Kundenservice oder per E-Mail an&nbsp;<a href=\"mailto:info@tindemansrollrasen.de\">info@tindemansrollrasen.de<\/a><\/p>\n","protected":false},"excerpt":{"rendered":"<p>Datenschutzerkl\u00e4rung Wir verwenden Ihre personenbezogenen Daten nur f\u00fcr den gew\u00fcnschten Kontakt. Dautzenberg Graszoden, ein Teil von Tindemans Graszoden, mit Sitz Valkenburgerweg 756367 GT Voerendaal, Niederlande. Tindemans Graszoden, mit Sitz Karissteeg 2-A, 6031 PH Nederweert (NL), ist f\u00fcr die Verarbeitung personenbezogener Daten gem\u00e4\u00df dieser Datenschutzerkl\u00e4rung verantwortlich. Kontaktdaten: Karissteeg 2A6031 PH NederweertNiederlande Personenbezogene Daten, die wir verarbeiten [&hellip;]<\/p>\n","protected":false},"author":4,"featured_media":0,"parent":0,"menu_order":10,"comment_status":"closed","ping_status":"open","template":"","meta":{"_acf_changed":false,"footnotes":""},"class_list":["post-9872","page","type-page","status-publish","hentry"],"acf":[],"yoast_head":"<!-- This site is optimized with the Yoast SEO plugin v26.9 - https:\/\/yoast.com\/product\/yoast-seo-wordpress\/ -->\n<title>Datenschutzerkl\u00e4rung - Tindemans Graszoden<\/title>\n<meta name=\"robots\" content=\"index, follow, max-snippet:-1, max-image-preview:large, max-video-preview:-1\" \/>\n<link rel=\"canonical\" href=\"https:\/\/www.tindemansgraszoden.nl\/de\/datenschutzerklaerung\/\" \/>\n<meta property=\"og:locale\" content=\"de_DE\" \/>\n<meta property=\"og:type\" content=\"article\" \/>\n<meta property=\"og:title\" content=\"Datenschutzerkl\u00e4rung - Tindemans Graszoden\" \/>\n<meta property=\"og:description\" content=\"Datenschutzerkl\u00e4rung Wir verwenden Ihre personenbezogenen Daten nur f\u00fcr den gew\u00fcnschten Kontakt. Dautzenberg Graszoden, ein Teil von Tindemans Graszoden, mit Sitz Valkenburgerweg 756367 GT Voerendaal, Niederlande. Tindemans Graszoden, mit Sitz Karissteeg 2-A, 6031 PH Nederweert (NL), ist f\u00fcr die Verarbeitung personenbezogener Daten gem\u00e4\u00df dieser Datenschutzerkl\u00e4rung verantwortlich. Kontaktdaten: Karissteeg 2A6031 PH NederweertNiederlande Personenbezogene Daten, die wir verarbeiten [&hellip;]\" \/>\n<meta property=\"og:url\" content=\"https:\/\/www.tindemansgraszoden.nl\/de\/datenschutzerklaerung\/\" \/>\n<meta property=\"og:site_name\" content=\"Tindemans Graszoden\" \/>\n<meta property=\"article:modified_time\" content=\"2026-04-09T14:38:23+00:00\" \/>\n<meta name=\"twitter:card\" content=\"summary_large_image\" \/>\n<meta name=\"twitter:label1\" content=\"Gesch\u00e4tzte Lesezeit\" \/>\n\t<meta name=\"twitter:data1\" content=\"4\u00a0Minuten\" \/>\n<script type=\"application\/ld+json\" class=\"yoast-schema-graph\">{\"@context\":\"https:\/\/schema.org\",\"@graph\":[{\"@type\":\"WebPage\",\"@id\":\"https:\/\/www.tindemansgraszoden.nl\/de\/datenschutzerklaerung\/\",\"url\":\"https:\/\/www.tindemansgraszoden.nl\/de\/datenschutzerklaerung\/\",\"name\":\"Datenschutzerkl\u00e4rung - Tindemans Graszoden\",\"isPartOf\":{\"@id\":\"https:\/\/www.tindemansgraszoden.nl\/de\/#website\"},\"datePublished\":\"2021-11-11T08:17:55+00:00\",\"dateModified\":\"2026-04-09T14:38:23+00:00\",\"breadcrumb\":{\"@id\":\"https:\/\/www.tindemansgraszoden.nl\/de\/datenschutzerklaerung\/#breadcrumb\"},\"inLanguage\":\"de\",\"potentialAction\":[{\"@type\":\"ReadAction\",\"target\":[\"https:\/\/www.tindemansgraszoden.nl\/de\/datenschutzerklaerung\/\"]}]},{\"@type\":\"BreadcrumbList\",\"@id\":\"https:\/\/www.tindemansgraszoden.nl\/de\/datenschutzerklaerung\/#breadcrumb\",\"itemListElement\":[{\"@type\":\"ListItem\",\"position\":1,\"name\":\"Home\",\"item\":\"https:\/\/www.tindemansgraszoden.nl\/de\/\"},{\"@type\":\"ListItem\",\"position\":2,\"name\":\"Datenschutzerkl\u00e4rung\"}]},{\"@type\":\"WebSite\",\"@id\":\"https:\/\/www.tindemansgraszoden.nl\/de\/#website\",\"url\":\"https:\/\/www.tindemansgraszoden.nl\/de\/\",\"name\":\"Tindemans Graszoden\",\"description\":\"Graszoden Limburg: levering en aanleg\",\"publisher\":{\"@id\":\"https:\/\/www.tindemansgraszoden.nl\/de\/#organization\"},\"potentialAction\":[{\"@type\":\"SearchAction\",\"target\":{\"@type\":\"EntryPoint\",\"urlTemplate\":\"https:\/\/www.tindemansgraszoden.nl\/de\/?s={search_term_string}\"},\"query-input\":{\"@type\":\"PropertyValueSpecification\",\"valueRequired\":true,\"valueName\":\"search_term_string\"}}],\"inLanguage\":\"de\"},{\"@type\":\"Organization\",\"@id\":\"https:\/\/www.tindemansgraszoden.nl\/de\/#organization\",\"name\":\"Tindemans Graszoden\",\"url\":\"https:\/\/www.tindemansgraszoden.nl\/de\/\",\"logo\":{\"@type\":\"ImageObject\",\"inLanguage\":\"de\",\"@id\":\"https:\/\/www.tindemansgraszoden.nl\/de\/#\/schema\/logo\/image\/\",\"url\":\"https:\/\/www.tindemansgraszoden.nl\/wp-content\/uploads\/2022\/04\/logo.png\",\"contentUrl\":\"https:\/\/www.tindemansgraszoden.nl\/wp-content\/uploads\/2022\/04\/logo.png\",\"width\":394,\"height\":120,\"caption\":\"Tindemans Graszoden\"},\"image\":{\"@id\":\"https:\/\/www.tindemansgraszoden.nl\/de\/#\/schema\/logo\/image\/\"}}]}<\/script>\n<!-- \/ Yoast SEO plugin. -->","yoast_head_json":{"title":"Datenschutzerkl\u00e4rung - Tindemans Graszoden","robots":{"index":"index","follow":"follow","max-snippet":"max-snippet:-1","max-image-preview":"max-image-preview:large","max-video-preview":"max-video-preview:-1"},"canonical":"https:\/\/www.tindemansgraszoden.nl\/de\/datenschutzerklaerung\/","og_locale":"de_DE","og_type":"article","og_title":"Datenschutzerkl\u00e4rung - Tindemans Graszoden","og_description":"Datenschutzerkl\u00e4rung Wir verwenden Ihre personenbezogenen Daten nur f\u00fcr den gew\u00fcnschten Kontakt. Dautzenberg Graszoden, ein Teil von Tindemans Graszoden, mit Sitz Valkenburgerweg 756367 GT Voerendaal, Niederlande. Tindemans Graszoden, mit Sitz Karissteeg 2-A, 6031 PH Nederweert (NL), ist f\u00fcr die Verarbeitung personenbezogener Daten gem\u00e4\u00df dieser Datenschutzerkl\u00e4rung verantwortlich. Kontaktdaten: Karissteeg 2A6031 PH NederweertNiederlande Personenbezogene Daten, die wir verarbeiten [&hellip;]","og_url":"https:\/\/www.tindemansgraszoden.nl\/de\/datenschutzerklaerung\/","og_site_name":"Tindemans Graszoden","article_modified_time":"2026-04-09T14:38:23+00:00","twitter_card":"summary_large_image","twitter_misc":{"Gesch\u00e4tzte Lesezeit":"4\u00a0Minuten"},"schema":{"@context":"https:\/\/schema.org","@graph":[{"@type":"WebPage","@id":"https:\/\/www.tindemansgraszoden.nl\/de\/datenschutzerklaerung\/","url":"https:\/\/www.tindemansgraszoden.nl\/de\/datenschutzerklaerung\/","name":"Datenschutzerkl\u00e4rung - Tindemans Graszoden","isPartOf":{"@id":"https:\/\/www.tindemansgraszoden.nl\/de\/#website"},"datePublished":"2021-11-11T08:17:55+00:00","dateModified":"2026-04-09T14:38:23+00:00","breadcrumb":{"@id":"https:\/\/www.tindemansgraszoden.nl\/de\/datenschutzerklaerung\/#breadcrumb"},"inLanguage":"de","potentialAction":[{"@type":"ReadAction","target":["https:\/\/www.tindemansgraszoden.nl\/de\/datenschutzerklaerung\/"]}]},{"@type":"BreadcrumbList","@id":"https:\/\/www.tindemansgraszoden.nl\/de\/datenschutzerklaerung\/#breadcrumb","itemListElement":[{"@type":"ListItem","position":1,"name":"Home","item":"https:\/\/www.tindemansgraszoden.nl\/de\/"},{"@type":"ListItem","position":2,"name":"Datenschutzerkl\u00e4rung"}]},{"@type":"WebSite","@id":"https:\/\/www.tindemansgraszoden.nl\/de\/#website","url":"https:\/\/www.tindemansgraszoden.nl\/de\/","name":"Tindemans Graszoden","description":"Graszoden Limburg: levering en aanleg","publisher":{"@id":"https:\/\/www.tindemansgraszoden.nl\/de\/#organization"},"potentialAction":[{"@type":"SearchAction","target":{"@type":"EntryPoint","urlTemplate":"https:\/\/www.tindemansgraszoden.nl\/de\/?s={search_term_string}"},"query-input":{"@type":"PropertyValueSpecification","valueRequired":true,"valueName":"search_term_string"}}],"inLanguage":"de"},{"@type":"Organization","@id":"https:\/\/www.tindemansgraszoden.nl\/de\/#organization","name":"Tindemans Graszoden","url":"https:\/\/www.tindemansgraszoden.nl\/de\/","logo":{"@type":"ImageObject","inLanguage":"de","@id":"https:\/\/www.tindemansgraszoden.nl\/de\/#\/schema\/logo\/image\/","url":"https:\/\/www.tindemansgraszoden.nl\/wp-content\/uploads\/2022\/04\/logo.png","contentUrl":"https:\/\/www.tindemansgraszoden.nl\/wp-content\/uploads\/2022\/04\/logo.png","width":394,"height":120,"caption":"Tindemans Graszoden"},"image":{"@id":"https:\/\/www.tindemansgraszoden.nl\/de\/#\/schema\/logo\/image\/"}}]}},"_links":{"self":[{"href":"https:\/\/www.tindemansgraszoden.nl\/de\/wp-json\/wp\/v2\/pages\/9872","targetHints":{"allow":["GET"]}}],"collection":[{"href":"https:\/\/www.tindemansgraszoden.nl\/de\/wp-json\/wp\/v2\/pages"}],"about":[{"href":"https:\/\/www.tindemansgraszoden.nl\/de\/wp-json\/wp\/v2\/types\/page"}],"author":[{"embeddable":true,"href":"https:\/\/www.tindemansgraszoden.nl\/de\/wp-json\/wp\/v2\/users\/4"}],"replies":[{"embeddable":true,"href":"https:\/\/www.tindemansgraszoden.nl\/de\/wp-json\/wp\/v2\/comments?post=9872"}],"version-history":[{"count":1,"href":"https:\/\/www.tindemansgraszoden.nl\/de\/wp-json\/wp\/v2\/pages\/9872\/revisions"}],"predecessor-version":[{"id":9873,"href":"https:\/\/www.tindemansgraszoden.nl\/de\/wp-json\/wp\/v2\/pages\/9872\/revisions\/9873"}],"wp:attachment":[{"href":"https:\/\/www.tindemansgraszoden.nl\/de\/wp-json\/wp\/v2\/media?parent=9872"}],"curies":[{"name":"wp","href":"https:\/\/api.w.org\/{rel}","templated":true}]}}