{"id":9750,"date":"2026-04-09T11:34:02","date_gmt":"2026-04-09T09:34:02","guid":{"rendered":"https:\/\/www.tindemansgraszoden.nl\/?page_id=9750"},"modified":"2026-04-09T11:34:06","modified_gmt":"2026-04-09T09:34:06","slug":"rollrasen-stolberg","status":"publish","type":"page","link":"https:\/\/www.tindemansgraszoden.nl\/de\/rollrasen-stolberg\/","title":{"rendered":"Stolberg"},"content":{"rendered":"\n<p>Rollrasen nach Stolberg bestellen<\/p>\n\n\n\n<p>Tindemans Rollrasen ist Ihr zuverl\u00e4ssiger Experte f\u00fcr hochwertig gewachsene Rasenfl\u00e4chen in den Niederlanden. Unsere Fachkompetenz liegt in der professionellen Zucht von Rollrasen, den wir auch nach Stolberg liefern. Der Rasen&nbsp;<strong>w\u00e4chst mindestens 12 Monate auf dem Feld<\/strong>, bevor er abgetragen und f\u00fcr den Transport aufgerollt wird. Diese lange Anbauzeit erm\u00f6glicht nicht nur eine un\u00fcbertroffene Qualit\u00e4t, sondern tr\u00e4gt auch zur Umweltfreundlichkeit bei, indem&nbsp;<strong>auf den Einsatz von Plastiknetzen verzichtet<\/strong>&nbsp;wird. Dabei k\u00f6nnen Sie sich f\u00fcr unseren&nbsp;<a href=\"https:\/\/www.tindemansrollrasen.de\/unser-rollrasen\/premium-sport-und-spielrasen\/\">Premium Sport- und Spielrasen<\/a>&nbsp;oder den etwas g\u00fcnstigeren&nbsp;<a href=\"https:\/\/www.tindemansrollrasen.de\/unser-rollrasen\/freizeitrasen\/\">Freizeitrasen<\/a>&nbsp;entscheiden<\/p>\n\n\n\n<p><a href=\"https:\/\/www.tindemansrollrasen.de\/\">Preis direkt online berechnen<\/a><\/p>\n\n\n\n<p><img fetchpriority=\"high\" decoding=\"async\" src=\"https:\/\/www.tindemansrollrasen.de\/wp-content\/uploads\/2024\/06\/rollrasen-stolberg-ernte.jpg\" alt=\"Rasenernte\" width=\"600\" height=\"399\" srcset=\"https:\/\/www.tindemansrollrasen.de\/wp-content\/uploads\/2024\/06\/rollrasen-stolberg-ernte.jpg 800w, https:\/\/www.tindemansrollrasen.de\/wp-content\/uploads\/2024\/06\/rollrasen-stolberg-ernte-300x200.jpg 300w, https:\/\/www.tindemansrollrasen.de\/wp-content\/uploads\/2024\/06\/rollrasen-stolberg-ernte-768x511.jpg 768w, https:\/\/www.tindemansrollrasen.de\/wp-content\/uploads\/2024\/06\/rollrasen-stolberg-ernte-600x399.jpg 600w\"><\/p>\n\n\n\n<p id=\"caption-attachment-2856\"><em>Direkt nach der Ernte vom Feld wird der Rollrasen nach Stolberg geliefert.<\/em><\/p>\n\n\n\n<h2 class=\"wp-block-heading\">Verbesserte Wasserinfiltration<\/h2>\n\n\n\n<p>Ein herausragender Vorteil unseres Rollrasens besteht darin, dass er die Wasserinfiltration verbessert. Rollrasen f\u00f6rdern die Bodendrainage und unterst\u00fctzen die Infiltration von Wasser in den Boden. Dieser positive Beitrag zur Erh\u00f6hung des Grundwasserspiegels unterstreicht unser Engagement f\u00fcr nachhaltige Praktiken und einen verantwortungsbewussten Umgang mit der Umwelt.<\/p>\n\n\n\n<h2 class=\"wp-block-heading\">Warum nicht einfach neuen Rasen s\u00e4en?<\/h2>\n\n\n\n<p>Nat\u00fcrlich ist es auch eine M\u00f6glichkeit, neuen Rasen in Ihrem Garten zu s\u00e4en, anstatt Rasenrollen zu bestellen. Beides bringt Vor- und Nachteile mit sich. Rollrasen ist eine beliebte Option f\u00fcr alle, die schnelle Ergebnisse sehen wollen. Anders als bei der Aussaat von Gras erhalten Sie bei Rollrasen sofortige Ergebnisse. Gerne erl\u00e4utern wir Ihnen die&nbsp;<strong>Vorteile und Unterschiede zwischen der Verlegung von Rollrasen und dem S\u00e4en von Gras<\/strong>.<\/p>\n\n\n\n<p><a href=\"https:\/\/www.tindemansrollrasen.de\/2024\/05\/22\/rollrasen-vs-rasen-saeen\/\">Rollrasen vs. Rasen s\u00e4en<\/a><\/p>\n\n\n\n<h2 class=\"wp-block-heading\">Anlieferung von Rollrasen nach Stolberg<\/h2>\n\n\n\n<p>Unsere Rollrasenpreise sind transparent und oftmals g\u00fcnstiger als von Konkurrenten in Deutschland. Mit unserem&nbsp;<a href=\"https:\/\/www.tindemansrollrasen.de\/\">Kalkulationstool<\/a>&nbsp;k\u00f6nnen Sie die&nbsp;<strong>genauen Kosten einschlie\u00dflich Transportkosten schnell ermitteln<\/strong>. Dank unserer effizienten Arbeitsweise k\u00f6nnen wir die Lieferung des Rollrasens nach Stolberg innerhalb von ein bis maximal zwei Tagen abwickeln, sodass Sie nicht lange auf Ihren gr\u00fcnen Rasen warten m\u00fcssen. Wir bieten auch Lieferungen nach Aachen, Langerwehe und K\u00f6ln an, die ebenfalls innerhalb eines oder maximal zweier Tage erfolgen k\u00f6nnen.<\/p>\n\n\n\n<h2 class=\"wp-block-heading\">Tindemans ist eine starke Marke<\/h2>\n\n\n\n<p>Die Bekanntheit von Tindemans Rollrasen in Nordrhein-Westfalen ist eindeutig, und&nbsp;<strong>zahlreiche Kunden in der Region Stolberg vertrauen auf die Qualit\u00e4t und Umweltvertr\u00e4glichkeit<\/strong>&nbsp;unserer Rasenprodukte. Unsere nachhaltige Herangehensweise und langj\u00e4hrige Erfahrung garantieren einen gr\u00fcnen Rasen, an dem Sie sich jahrelang erfreuen werden.<\/p>\n\n\n\n<p>Bei Fragen zur Rollrasenlieferung in Stolberg und Umgebung stehen wir Ihnen gerne zur Verf\u00fcgung. Wir sind stets bereit, Ihre Anforderungen an Gr\u00fcnfl\u00e4chen mit Fachkompetenz und Engagement zu erf\u00fcllen.<\/p>\n","protected":false},"excerpt":{"rendered":"<p>Rollrasen nach Stolberg bestellen Tindemans Rollrasen ist Ihr zuverl\u00e4ssiger Experte f\u00fcr hochwertig gewachsene Rasenfl\u00e4chen in den Niederlanden. Unsere Fachkompetenz liegt in der professionellen Zucht von Rollrasen, den wir auch nach Stolberg liefern. Der Rasen&nbsp;w\u00e4chst mindestens 12 Monate auf dem Feld, bevor er abgetragen und f\u00fcr den Transport aufgerollt wird. Diese lange Anbauzeit erm\u00f6glicht nicht nur [&hellip;]<\/p>\n","protected":false},"author":4,"featured_media":0,"parent":0,"menu_order":0,"comment_status":"closed","ping_status":"closed","template":"","meta":{"_acf_changed":false,"footnotes":""},"class_list":["post-9750","page","type-page","status-publish","hentry"],"acf":[],"yoast_head":"<!-- This site is optimized with the Yoast SEO plugin v26.9 - https:\/\/yoast.com\/product\/yoast-seo-wordpress\/ -->\n<title>Stolberg - Tindemans Graszoden<\/title>\n<meta name=\"robots\" content=\"index, follow, max-snippet:-1, max-image-preview:large, max-video-preview:-1\" \/>\n<link rel=\"canonical\" href=\"https:\/\/www.tindemansgraszoden.nl\/de\/rollrasen-stolberg\/\" \/>\n<meta property=\"og:locale\" content=\"de_DE\" \/>\n<meta property=\"og:type\" content=\"article\" \/>\n<meta property=\"og:title\" content=\"Stolberg - Tindemans Graszoden\" \/>\n<meta property=\"og:description\" content=\"Rollrasen nach Stolberg bestellen Tindemans Rollrasen ist Ihr zuverl\u00e4ssiger Experte f\u00fcr hochwertig gewachsene Rasenfl\u00e4chen in den Niederlanden. Unsere Fachkompetenz liegt in der professionellen Zucht von Rollrasen, den wir auch nach Stolberg liefern. Der Rasen&nbsp;w\u00e4chst mindestens 12 Monate auf dem Feld, bevor er abgetragen und f\u00fcr den Transport aufgerollt wird. Diese lange Anbauzeit erm\u00f6glicht nicht nur [&hellip;]\" \/>\n<meta property=\"og:url\" content=\"https:\/\/www.tindemansgraszoden.nl\/de\/rollrasen-stolberg\/\" \/>\n<meta property=\"og:site_name\" content=\"Tindemans Graszoden\" \/>\n<meta property=\"article:modified_time\" content=\"2026-04-09T09:34:06+00:00\" \/>\n<meta property=\"og:image\" content=\"https:\/\/www.tindemansrollrasen.de\/wp-content\/uploads\/2024\/06\/rollrasen-stolberg-ernte.jpg\" \/>\n<meta name=\"twitter:card\" content=\"summary_large_image\" \/>\n<meta name=\"twitter:label1\" content=\"Gesch\u00e4tzte Lesezeit\" \/>\n\t<meta name=\"twitter:data1\" content=\"3\u00a0Minuten\" \/>\n<script type=\"application\/ld+json\" class=\"yoast-schema-graph\">{\"@context\":\"https:\/\/schema.org\",\"@graph\":[{\"@type\":\"WebPage\",\"@id\":\"https:\/\/www.tindemansgraszoden.nl\/de\/rollrasen-stolberg\/\",\"url\":\"https:\/\/www.tindemansgraszoden.nl\/de\/rollrasen-stolberg\/\",\"name\":\"Stolberg - Tindemans Graszoden\",\"isPartOf\":{\"@id\":\"https:\/\/www.tindemansgraszoden.nl\/de\/#website\"},\"primaryImageOfPage\":{\"@id\":\"https:\/\/www.tindemansgraszoden.nl\/de\/rollrasen-stolberg\/#primaryimage\"},\"image\":{\"@id\":\"https:\/\/www.tindemansgraszoden.nl\/de\/rollrasen-stolberg\/#primaryimage\"},\"thumbnailUrl\":\"https:\/\/www.tindemansrollrasen.de\/wp-content\/uploads\/2024\/06\/rollrasen-stolberg-ernte.jpg\",\"datePublished\":\"2026-04-09T09:34:02+00:00\",\"dateModified\":\"2026-04-09T09:34:06+00:00\",\"breadcrumb\":{\"@id\":\"https:\/\/www.tindemansgraszoden.nl\/de\/rollrasen-stolberg\/#breadcrumb\"},\"inLanguage\":\"de\",\"potentialAction\":[{\"@type\":\"ReadAction\",\"target\":[\"https:\/\/www.tindemansgraszoden.nl\/de\/rollrasen-stolberg\/\"]}]},{\"@type\":\"ImageObject\",\"inLanguage\":\"de\",\"@id\":\"https:\/\/www.tindemansgraszoden.nl\/de\/rollrasen-stolberg\/#primaryimage\",\"url\":\"https:\/\/www.tindemansrollrasen.de\/wp-content\/uploads\/2024\/06\/rollrasen-stolberg-ernte.jpg\",\"contentUrl\":\"https:\/\/www.tindemansrollrasen.de\/wp-content\/uploads\/2024\/06\/rollrasen-stolberg-ernte.jpg\"},{\"@type\":\"BreadcrumbList\",\"@id\":\"https:\/\/www.tindemansgraszoden.nl\/de\/rollrasen-stolberg\/#breadcrumb\",\"itemListElement\":[{\"@type\":\"ListItem\",\"position\":1,\"name\":\"Home\",\"item\":\"https:\/\/www.tindemansgraszoden.nl\/de\/\"},{\"@type\":\"ListItem\",\"position\":2,\"name\":\"Stolberg\"}]},{\"@type\":\"WebSite\",\"@id\":\"https:\/\/www.tindemansgraszoden.nl\/de\/#website\",\"url\":\"https:\/\/www.tindemansgraszoden.nl\/de\/\",\"name\":\"Tindemans Graszoden\",\"description\":\"Graszoden Limburg: levering en aanleg\",\"publisher\":{\"@id\":\"https:\/\/www.tindemansgraszoden.nl\/de\/#organization\"},\"potentialAction\":[{\"@type\":\"SearchAction\",\"target\":{\"@type\":\"EntryPoint\",\"urlTemplate\":\"https:\/\/www.tindemansgraszoden.nl\/de\/?s={search_term_string}\"},\"query-input\":{\"@type\":\"PropertyValueSpecification\",\"valueRequired\":true,\"valueName\":\"search_term_string\"}}],\"inLanguage\":\"de\"},{\"@type\":\"Organization\",\"@id\":\"https:\/\/www.tindemansgraszoden.nl\/de\/#organization\",\"name\":\"Tindemans Graszoden\",\"url\":\"https:\/\/www.tindemansgraszoden.nl\/de\/\",\"logo\":{\"@type\":\"ImageObject\",\"inLanguage\":\"de\",\"@id\":\"https:\/\/www.tindemansgraszoden.nl\/de\/#\/schema\/logo\/image\/\",\"url\":\"https:\/\/www.tindemansgraszoden.nl\/wp-content\/uploads\/2022\/04\/logo.png\",\"contentUrl\":\"https:\/\/www.tindemansgraszoden.nl\/wp-content\/uploads\/2022\/04\/logo.png\",\"width\":394,\"height\":120,\"caption\":\"Tindemans Graszoden\"},\"image\":{\"@id\":\"https:\/\/www.tindemansgraszoden.nl\/de\/#\/schema\/logo\/image\/\"}}]}<\/script>\n<!-- \/ Yoast SEO plugin. -->","yoast_head_json":{"title":"Stolberg - Tindemans Graszoden","robots":{"index":"index","follow":"follow","max-snippet":"max-snippet:-1","max-image-preview":"max-image-preview:large","max-video-preview":"max-video-preview:-1"},"canonical":"https:\/\/www.tindemansgraszoden.nl\/de\/rollrasen-stolberg\/","og_locale":"de_DE","og_type":"article","og_title":"Stolberg - Tindemans Graszoden","og_description":"Rollrasen nach Stolberg bestellen Tindemans Rollrasen ist Ihr zuverl\u00e4ssiger Experte f\u00fcr hochwertig gewachsene Rasenfl\u00e4chen in den Niederlanden. Unsere Fachkompetenz liegt in der professionellen Zucht von Rollrasen, den wir auch nach Stolberg liefern. Der Rasen&nbsp;w\u00e4chst mindestens 12 Monate auf dem Feld, bevor er abgetragen und f\u00fcr den Transport aufgerollt wird. Diese lange Anbauzeit erm\u00f6glicht nicht nur [&hellip;]","og_url":"https:\/\/www.tindemansgraszoden.nl\/de\/rollrasen-stolberg\/","og_site_name":"Tindemans Graszoden","article_modified_time":"2026-04-09T09:34:06+00:00","og_image":[{"url":"https:\/\/www.tindemansrollrasen.de\/wp-content\/uploads\/2024\/06\/rollrasen-stolberg-ernte.jpg","type":"","width":"","height":""}],"twitter_card":"summary_large_image","twitter_misc":{"Gesch\u00e4tzte Lesezeit":"3\u00a0Minuten"},"schema":{"@context":"https:\/\/schema.org","@graph":[{"@type":"WebPage","@id":"https:\/\/www.tindemansgraszoden.nl\/de\/rollrasen-stolberg\/","url":"https:\/\/www.tindemansgraszoden.nl\/de\/rollrasen-stolberg\/","name":"Stolberg - Tindemans Graszoden","isPartOf":{"@id":"https:\/\/www.tindemansgraszoden.nl\/de\/#website"},"primaryImageOfPage":{"@id":"https:\/\/www.tindemansgraszoden.nl\/de\/rollrasen-stolberg\/#primaryimage"},"image":{"@id":"https:\/\/www.tindemansgraszoden.nl\/de\/rollrasen-stolberg\/#primaryimage"},"thumbnailUrl":"https:\/\/www.tindemansrollrasen.de\/wp-content\/uploads\/2024\/06\/rollrasen-stolberg-ernte.jpg","datePublished":"2026-04-09T09:34:02+00:00","dateModified":"2026-04-09T09:34:06+00:00","breadcrumb":{"@id":"https:\/\/www.tindemansgraszoden.nl\/de\/rollrasen-stolberg\/#breadcrumb"},"inLanguage":"de","potentialAction":[{"@type":"ReadAction","target":["https:\/\/www.tindemansgraszoden.nl\/de\/rollrasen-stolberg\/"]}]},{"@type":"ImageObject","inLanguage":"de","@id":"https:\/\/www.tindemansgraszoden.nl\/de\/rollrasen-stolberg\/#primaryimage","url":"https:\/\/www.tindemansrollrasen.de\/wp-content\/uploads\/2024\/06\/rollrasen-stolberg-ernte.jpg","contentUrl":"https:\/\/www.tindemansrollrasen.de\/wp-content\/uploads\/2024\/06\/rollrasen-stolberg-ernte.jpg"},{"@type":"BreadcrumbList","@id":"https:\/\/www.tindemansgraszoden.nl\/de\/rollrasen-stolberg\/#breadcrumb","itemListElement":[{"@type":"ListItem","position":1,"name":"Home","item":"https:\/\/www.tindemansgraszoden.nl\/de\/"},{"@type":"ListItem","position":2,"name":"Stolberg"}]},{"@type":"WebSite","@id":"https:\/\/www.tindemansgraszoden.nl\/de\/#website","url":"https:\/\/www.tindemansgraszoden.nl\/de\/","name":"Tindemans Graszoden","description":"Graszoden Limburg: levering en aanleg","publisher":{"@id":"https:\/\/www.tindemansgraszoden.nl\/de\/#organization"},"potentialAction":[{"@type":"SearchAction","target":{"@type":"EntryPoint","urlTemplate":"https:\/\/www.tindemansgraszoden.nl\/de\/?s={search_term_string}"},"query-input":{"@type":"PropertyValueSpecification","valueRequired":true,"valueName":"search_term_string"}}],"inLanguage":"de"},{"@type":"Organization","@id":"https:\/\/www.tindemansgraszoden.nl\/de\/#organization","name":"Tindemans Graszoden","url":"https:\/\/www.tindemansgraszoden.nl\/de\/","logo":{"@type":"ImageObject","inLanguage":"de","@id":"https:\/\/www.tindemansgraszoden.nl\/de\/#\/schema\/logo\/image\/","url":"https:\/\/www.tindemansgraszoden.nl\/wp-content\/uploads\/2022\/04\/logo.png","contentUrl":"https:\/\/www.tindemansgraszoden.nl\/wp-content\/uploads\/2022\/04\/logo.png","width":394,"height":120,"caption":"Tindemans Graszoden"},"image":{"@id":"https:\/\/www.tindemansgraszoden.nl\/de\/#\/schema\/logo\/image\/"}}]}},"_links":{"self":[{"href":"https:\/\/www.tindemansgraszoden.nl\/de\/wp-json\/wp\/v2\/pages\/9750","targetHints":{"allow":["GET"]}}],"collection":[{"href":"https:\/\/www.tindemansgraszoden.nl\/de\/wp-json\/wp\/v2\/pages"}],"about":[{"href":"https:\/\/www.tindemansgraszoden.nl\/de\/wp-json\/wp\/v2\/types\/page"}],"author":[{"embeddable":true,"href":"https:\/\/www.tindemansgraszoden.nl\/de\/wp-json\/wp\/v2\/users\/4"}],"replies":[{"embeddable":true,"href":"https:\/\/www.tindemansgraszoden.nl\/de\/wp-json\/wp\/v2\/comments?post=9750"}],"version-history":[{"count":1,"href":"https:\/\/www.tindemansgraszoden.nl\/de\/wp-json\/wp\/v2\/pages\/9750\/revisions"}],"predecessor-version":[{"id":9752,"href":"https:\/\/www.tindemansgraszoden.nl\/de\/wp-json\/wp\/v2\/pages\/9750\/revisions\/9752"}],"wp:attachment":[{"href":"https:\/\/www.tindemansgraszoden.nl\/de\/wp-json\/wp\/v2\/media?parent=9750"}],"curies":[{"name":"wp","href":"https:\/\/api.w.org\/{rel}","templated":true}]}}