{"id":9743,"date":"2026-04-09T11:31:57","date_gmt":"2026-04-09T09:31:57","guid":{"rendered":"https:\/\/www.tindemansgraszoden.nl\/?page_id=9743"},"modified":"2026-04-09T11:32:01","modified_gmt":"2026-04-09T09:32:01","slug":"rollrasen-julich","status":"publish","type":"page","link":"https:\/\/www.tindemansgraszoden.nl\/de\/rollrasen-julich\/","title":{"rendered":"J\u00fclich"},"content":{"rendered":"\n<h1 class=\"wp-block-heading\">Rollrasen J\u00fclich<\/h1>\n\n\n\n<p>Rollrasen bestellen Sie beim Rollrasen -Spezialisten aus S\u00fcd-Limburg in den Niederlanden: Tindemans Rollrasen. Mit mehr als 40 Jahren Branchenerfahrung sind wir sehr aktiv in der Verlegung und Lieferung von Rollrasen und Umgebung. Durch unseren t\u00e4glichen Service und unsere langj\u00e4hrige Erfahrung haben wir ein gro\u00dfes Portfolio aufgebaut. Dabei k\u00f6nnen Sie sich auf ein optimales Preis-Leistungs-Verh\u00e4ltnis und Pflegeberatung verlassen. Sie suchen also Rollrasen in J\u00fclich? Dann w\u00e4hlen Sie Tindemans Rollrasen, 30 Minuten von der Grenze entfernt!<\/p>\n\n\n\n<h2 class=\"wp-block-heading\">A-Qualit\u00e4t Rollrasen J\u00fclich?<\/h2>\n\n\n\n<p>M\u00f6chten Sie Rollrasen oder Umgebung kaufen? Dann sind Sie bei Tindemans Rollrasen genau richtig. Bei uns k\u00f6nnen Sie zwischen verschiedenen Arten von Rollrasen und Dienstleistungen w\u00e4hlen. Egal welche Wahl Sie treffen, Tindemans Rollrasen ist Ihr Partner f\u00fcr Rollrasen.<\/p>\n\n\n\n<p>Wenn Sie Rollrasen verlegen, profitieren Sie von folgenden Vorteilen:<\/p>\n\n\n\n<ul class=\"wp-block-list\">\n<li>A-Qualit\u00e4t Rollrasen<\/li>\n\n\n\n<li><a href=\"https:\/\/www.tindemansrollrasen.de\/\">Online bestellen<\/a>;<\/li>\n\n\n\n<li>Das beste Preis-Leistungs-Verh\u00e4ltnis;<\/li>\n\n\n\n<li>Kostenlose Pflegehinweise und Tipps;<\/li>\n\n\n\n<li>Schnelle Lieferung<\/li>\n<\/ul>\n\n\n\n<h2 class=\"wp-block-heading\">Rollrasen J\u00fclich: Rasensorten<\/h2>\n\n\n\n<p>Unser Sortiment an Rollrasen umfasst Spiel-, Freizeit- und Schattenrasen. Hier sind Sie an der richtigen Stelle f\u00fcr D\u00fcnger und Rohstoffe, die Sie f\u00fcr einen tollen Rasen ben\u00f6tigen. Die Verlegung von Rollrasen beginnt mit der richtigen Behandlung des Untergrundes. Wenn Sie den Rollrasen selbst verlegen und einige Tipps erhalten m\u00f6chten, dann k\u00f6nnen Sie uns jederzeit kontaktieren. Gerne besprechen wir mit Ihnen die M\u00f6glichkeiten.<\/p>\n\n\n\n<h2 class=\"wp-block-heading\">Angebot f\u00fcr Rollrasen Deutschland online anfordern<\/h2>\n\n\n\n<p>Sie wollen Rollrasen in J\u00fclich und sind neugierig wegen der Kosten? \u00dcber unsere Website k\u00f6nnen Sie sich ein unverbindliches Angebot mit&nbsp;<a href=\"https:\/\/www.tindemansrollrasen.de\/\">unserem Berechnungsmodul<\/a>&nbsp;erstellen lassen. Um Ihre Bestellung abzuschlie\u00dfen, k\u00f6nnen Sie alle Details ausf\u00fcllen und die Bestellung abschicken. Sie erhalten automatisch eine Best\u00e4tigung Ihrer Bestellung. M\u00f6chten Sie lieber telefonisch bestellen? Dann rufen Sie uns an unter +31 850645441.<\/p>\n","protected":false},"excerpt":{"rendered":"<p>Rollrasen J\u00fclich Rollrasen bestellen Sie beim Rollrasen -Spezialisten aus S\u00fcd-Limburg in den Niederlanden: Tindemans Rollrasen. Mit mehr als 40 Jahren Branchenerfahrung sind wir sehr aktiv in der Verlegung und Lieferung von Rollrasen und Umgebung. Durch unseren t\u00e4glichen Service und unsere langj\u00e4hrige Erfahrung haben wir ein gro\u00dfes Portfolio aufgebaut. Dabei k\u00f6nnen Sie sich auf ein optimales [&hellip;]<\/p>\n","protected":false},"author":4,"featured_media":0,"parent":0,"menu_order":0,"comment_status":"closed","ping_status":"closed","template":"","meta":{"_acf_changed":false,"footnotes":""},"class_list":["post-9743","page","type-page","status-publish","hentry"],"acf":[],"yoast_head":"<!-- This site is optimized with the Yoast SEO plugin v26.9 - https:\/\/yoast.com\/product\/yoast-seo-wordpress\/ -->\n<title>J\u00fclich - Tindemans Graszoden<\/title>\n<meta name=\"robots\" content=\"index, follow, max-snippet:-1, max-image-preview:large, max-video-preview:-1\" \/>\n<link rel=\"canonical\" href=\"https:\/\/www.tindemansgraszoden.nl\/de\/rollrasen-julich\/\" \/>\n<meta property=\"og:locale\" content=\"de_DE\" \/>\n<meta property=\"og:type\" content=\"article\" \/>\n<meta property=\"og:title\" content=\"J\u00fclich - Tindemans Graszoden\" \/>\n<meta property=\"og:description\" content=\"Rollrasen J\u00fclich Rollrasen bestellen Sie beim Rollrasen -Spezialisten aus S\u00fcd-Limburg in den Niederlanden: Tindemans Rollrasen. Mit mehr als 40 Jahren Branchenerfahrung sind wir sehr aktiv in der Verlegung und Lieferung von Rollrasen und Umgebung. Durch unseren t\u00e4glichen Service und unsere langj\u00e4hrige Erfahrung haben wir ein gro\u00dfes Portfolio aufgebaut. Dabei k\u00f6nnen Sie sich auf ein optimales [&hellip;]\" \/>\n<meta property=\"og:url\" content=\"https:\/\/www.tindemansgraszoden.nl\/de\/rollrasen-julich\/\" \/>\n<meta property=\"og:site_name\" content=\"Tindemans Graszoden\" \/>\n<meta property=\"article:modified_time\" content=\"2026-04-09T09:32:01+00:00\" \/>\n<meta name=\"twitter:card\" content=\"summary_large_image\" \/>\n<meta name=\"twitter:label1\" content=\"Gesch\u00e4tzte Lesezeit\" \/>\n\t<meta name=\"twitter:data1\" content=\"2\u00a0Minuten\" \/>\n<script type=\"application\/ld+json\" class=\"yoast-schema-graph\">{\"@context\":\"https:\/\/schema.org\",\"@graph\":[{\"@type\":\"WebPage\",\"@id\":\"https:\/\/www.tindemansgraszoden.nl\/de\/rollrasen-julich\/\",\"url\":\"https:\/\/www.tindemansgraszoden.nl\/de\/rollrasen-julich\/\",\"name\":\"J\u00fclich - Tindemans Graszoden\",\"isPartOf\":{\"@id\":\"https:\/\/www.tindemansgraszoden.nl\/de\/#website\"},\"datePublished\":\"2026-04-09T09:31:57+00:00\",\"dateModified\":\"2026-04-09T09:32:01+00:00\",\"breadcrumb\":{\"@id\":\"https:\/\/www.tindemansgraszoden.nl\/de\/rollrasen-julich\/#breadcrumb\"},\"inLanguage\":\"de\",\"potentialAction\":[{\"@type\":\"ReadAction\",\"target\":[\"https:\/\/www.tindemansgraszoden.nl\/de\/rollrasen-julich\/\"]}]},{\"@type\":\"BreadcrumbList\",\"@id\":\"https:\/\/www.tindemansgraszoden.nl\/de\/rollrasen-julich\/#breadcrumb\",\"itemListElement\":[{\"@type\":\"ListItem\",\"position\":1,\"name\":\"Home\",\"item\":\"https:\/\/www.tindemansgraszoden.nl\/de\/\"},{\"@type\":\"ListItem\",\"position\":2,\"name\":\"J\u00fclich\"}]},{\"@type\":\"WebSite\",\"@id\":\"https:\/\/www.tindemansgraszoden.nl\/de\/#website\",\"url\":\"https:\/\/www.tindemansgraszoden.nl\/de\/\",\"name\":\"Tindemans Graszoden\",\"description\":\"Graszoden Limburg: levering en aanleg\",\"publisher\":{\"@id\":\"https:\/\/www.tindemansgraszoden.nl\/de\/#organization\"},\"potentialAction\":[{\"@type\":\"SearchAction\",\"target\":{\"@type\":\"EntryPoint\",\"urlTemplate\":\"https:\/\/www.tindemansgraszoden.nl\/de\/?s={search_term_string}\"},\"query-input\":{\"@type\":\"PropertyValueSpecification\",\"valueRequired\":true,\"valueName\":\"search_term_string\"}}],\"inLanguage\":\"de\"},{\"@type\":\"Organization\",\"@id\":\"https:\/\/www.tindemansgraszoden.nl\/de\/#organization\",\"name\":\"Tindemans Graszoden\",\"url\":\"https:\/\/www.tindemansgraszoden.nl\/de\/\",\"logo\":{\"@type\":\"ImageObject\",\"inLanguage\":\"de\",\"@id\":\"https:\/\/www.tindemansgraszoden.nl\/de\/#\/schema\/logo\/image\/\",\"url\":\"https:\/\/www.tindemansgraszoden.nl\/wp-content\/uploads\/2022\/04\/logo.png\",\"contentUrl\":\"https:\/\/www.tindemansgraszoden.nl\/wp-content\/uploads\/2022\/04\/logo.png\",\"width\":394,\"height\":120,\"caption\":\"Tindemans Graszoden\"},\"image\":{\"@id\":\"https:\/\/www.tindemansgraszoden.nl\/de\/#\/schema\/logo\/image\/\"}}]}<\/script>\n<!-- \/ Yoast SEO plugin. -->","yoast_head_json":{"title":"J\u00fclich - Tindemans Graszoden","robots":{"index":"index","follow":"follow","max-snippet":"max-snippet:-1","max-image-preview":"max-image-preview:large","max-video-preview":"max-video-preview:-1"},"canonical":"https:\/\/www.tindemansgraszoden.nl\/de\/rollrasen-julich\/","og_locale":"de_DE","og_type":"article","og_title":"J\u00fclich - Tindemans Graszoden","og_description":"Rollrasen J\u00fclich Rollrasen bestellen Sie beim Rollrasen -Spezialisten aus S\u00fcd-Limburg in den Niederlanden: Tindemans Rollrasen. Mit mehr als 40 Jahren Branchenerfahrung sind wir sehr aktiv in der Verlegung und Lieferung von Rollrasen und Umgebung. Durch unseren t\u00e4glichen Service und unsere langj\u00e4hrige Erfahrung haben wir ein gro\u00dfes Portfolio aufgebaut. Dabei k\u00f6nnen Sie sich auf ein optimales [&hellip;]","og_url":"https:\/\/www.tindemansgraszoden.nl\/de\/rollrasen-julich\/","og_site_name":"Tindemans Graszoden","article_modified_time":"2026-04-09T09:32:01+00:00","twitter_card":"summary_large_image","twitter_misc":{"Gesch\u00e4tzte Lesezeit":"2\u00a0Minuten"},"schema":{"@context":"https:\/\/schema.org","@graph":[{"@type":"WebPage","@id":"https:\/\/www.tindemansgraszoden.nl\/de\/rollrasen-julich\/","url":"https:\/\/www.tindemansgraszoden.nl\/de\/rollrasen-julich\/","name":"J\u00fclich - Tindemans Graszoden","isPartOf":{"@id":"https:\/\/www.tindemansgraszoden.nl\/de\/#website"},"datePublished":"2026-04-09T09:31:57+00:00","dateModified":"2026-04-09T09:32:01+00:00","breadcrumb":{"@id":"https:\/\/www.tindemansgraszoden.nl\/de\/rollrasen-julich\/#breadcrumb"},"inLanguage":"de","potentialAction":[{"@type":"ReadAction","target":["https:\/\/www.tindemansgraszoden.nl\/de\/rollrasen-julich\/"]}]},{"@type":"BreadcrumbList","@id":"https:\/\/www.tindemansgraszoden.nl\/de\/rollrasen-julich\/#breadcrumb","itemListElement":[{"@type":"ListItem","position":1,"name":"Home","item":"https:\/\/www.tindemansgraszoden.nl\/de\/"},{"@type":"ListItem","position":2,"name":"J\u00fclich"}]},{"@type":"WebSite","@id":"https:\/\/www.tindemansgraszoden.nl\/de\/#website","url":"https:\/\/www.tindemansgraszoden.nl\/de\/","name":"Tindemans Graszoden","description":"Graszoden Limburg: levering en aanleg","publisher":{"@id":"https:\/\/www.tindemansgraszoden.nl\/de\/#organization"},"potentialAction":[{"@type":"SearchAction","target":{"@type":"EntryPoint","urlTemplate":"https:\/\/www.tindemansgraszoden.nl\/de\/?s={search_term_string}"},"query-input":{"@type":"PropertyValueSpecification","valueRequired":true,"valueName":"search_term_string"}}],"inLanguage":"de"},{"@type":"Organization","@id":"https:\/\/www.tindemansgraszoden.nl\/de\/#organization","name":"Tindemans Graszoden","url":"https:\/\/www.tindemansgraszoden.nl\/de\/","logo":{"@type":"ImageObject","inLanguage":"de","@id":"https:\/\/www.tindemansgraszoden.nl\/de\/#\/schema\/logo\/image\/","url":"https:\/\/www.tindemansgraszoden.nl\/wp-content\/uploads\/2022\/04\/logo.png","contentUrl":"https:\/\/www.tindemansgraszoden.nl\/wp-content\/uploads\/2022\/04\/logo.png","width":394,"height":120,"caption":"Tindemans Graszoden"},"image":{"@id":"https:\/\/www.tindemansgraszoden.nl\/de\/#\/schema\/logo\/image\/"}}]}},"_links":{"self":[{"href":"https:\/\/www.tindemansgraszoden.nl\/de\/wp-json\/wp\/v2\/pages\/9743","targetHints":{"allow":["GET"]}}],"collection":[{"href":"https:\/\/www.tindemansgraszoden.nl\/de\/wp-json\/wp\/v2\/pages"}],"about":[{"href":"https:\/\/www.tindemansgraszoden.nl\/de\/wp-json\/wp\/v2\/types\/page"}],"author":[{"embeddable":true,"href":"https:\/\/www.tindemansgraszoden.nl\/de\/wp-json\/wp\/v2\/users\/4"}],"replies":[{"embeddable":true,"href":"https:\/\/www.tindemansgraszoden.nl\/de\/wp-json\/wp\/v2\/comments?post=9743"}],"version-history":[{"count":1,"href":"https:\/\/www.tindemansgraszoden.nl\/de\/wp-json\/wp\/v2\/pages\/9743\/revisions"}],"predecessor-version":[{"id":9746,"href":"https:\/\/www.tindemansgraszoden.nl\/de\/wp-json\/wp\/v2\/pages\/9743\/revisions\/9746"}],"wp:attachment":[{"href":"https:\/\/www.tindemansgraszoden.nl\/de\/wp-json\/wp\/v2\/media?parent=9743"}],"curies":[{"name":"wp","href":"https:\/\/api.w.org\/{rel}","templated":true}]}}