{"id":9741,"date":"2026-04-09T11:28:54","date_gmt":"2026-04-09T09:28:54","guid":{"rendered":"https:\/\/www.tindemansgraszoden.nl\/?page_id=9741"},"modified":"2026-04-09T11:28:58","modified_gmt":"2026-04-09T09:28:58","slug":"rollrasen-herzogenrath","status":"publish","type":"page","link":"https:\/\/www.tindemansgraszoden.nl\/de\/rollrasen-herzogenrath\/","title":{"rendered":"Herzogenrath"},"content":{"rendered":"\n<h1 class=\"wp-block-heading\">Rollrasen nach Herzogenrath bestellen<\/h1>\n\n\n\n<p>Rollrasen nach Herzogenrath lassen Sie sich vom niederl\u00e4ndischen Rollrasen-Spezialisten Tindemans Rollrasen liefern. Wir haben&nbsp;<strong>mehr als 40 Jahre Erfahrung in der Lieferung von Rollrasen<\/strong>&nbsp;in Limburg, Deutschland und Belgien. Eine neue Rasenfl\u00e4che in Herzogenrath kann eine gro\u00dfe Bereicherung f\u00fcr Ihren Garten darstellen. Deshalb sollten Sie sich f\u00fcr einen erfahrenen&nbsp;<strong>Rasenspezialisten<\/strong>&nbsp;mit viel Erfahrung entscheiden. Lassen Sie sich von Tindemans Rollrasen aus Nederweert unverbindlich informieren.<\/p>\n\n\n\n<p><a href=\"https:\/\/www.tindemansrollrasen.de\/\">Berechnen Sie den Preis f\u00fcr Ihren Rasen<\/a><\/p>\n\n\n\n<h2 class=\"wp-block-heading\">Hohe Qualit\u00e4t des besten Rollrasens in Herzogenrath<\/h2>\n\n\n\n<p>Unser Rollrasen hat einen&nbsp;<strong>langen Kultivierungsprozess<\/strong>&nbsp;hinter sich, bevor er zu Ihnen nach Hause geliefert wird. Er wird mindestens 12 Monate lang gez\u00fcchtet, bevor er geerntet wird. Bei uns k\u00f6nnen Sie sich auf einen soliden Rollrasen&nbsp;<strong>mit der richtigen Dichte und ohne Unkraut<\/strong>&nbsp;verlassen. Nicht umsonst bestellen viele Kunden aus Herzogenrath Ihren Rollrasen bereits m\u00fchelos und schnell bei Tindemans Rollrasen in den Niederlanden.<\/p>\n\n\n\n<p><img fetchpriority=\"high\" decoding=\"async\" src=\"https:\/\/www.tindemansrollrasen.de\/wp-content\/uploads\/2024\/04\/rollrasen-herzogenrath-grassoden-1024x681.jpg\" alt=\"Rasenrollen werden f\u00fcr die Lieferung verladen\" width=\"600\" height=\"399\" srcset=\"https:\/\/www.tindemansrollrasen.de\/wp-content\/uploads\/2024\/04\/rollrasen-herzogenrath-grassoden-1024x681.jpg 1024w, https:\/\/www.tindemansrollrasen.de\/wp-content\/uploads\/2024\/04\/rollrasen-herzogenrath-grassoden-300x200.jpg 300w, https:\/\/www.tindemansrollrasen.de\/wp-content\/uploads\/2024\/04\/rollrasen-herzogenrath-grassoden-768x511.jpg 768w, https:\/\/www.tindemansrollrasen.de\/wp-content\/uploads\/2024\/04\/rollrasen-herzogenrath-grassoden-1536x1022.jpg 1536w, https:\/\/www.tindemansrollrasen.de\/wp-content\/uploads\/2024\/04\/rollrasen-herzogenrath-grassoden-600x399.jpg 600w, https:\/\/www.tindemansrollrasen.de\/wp-content\/uploads\/2024\/04\/rollrasen-herzogenrath-grassoden.jpg 2000w\"><\/p>\n\n\n\n<p id=\"caption-attachment-2732\"><em>Die Rasenrollen werden nach Ihrer Bestellung frisch vom Feld geholt und schnellstm\u00f6glich geliefert.<\/em><\/p>\n\n\n\n<h2 class=\"wp-block-heading\">Diverse Rollrasensorten<\/h2>\n\n\n\n<p>Bei Tindemans Rollrasen haben Sie die Auswahl aus&nbsp;<strong>verschiedenen Rasensorten<\/strong>. Sie k\u00f6nnen w\u00e4hlen zwischen&nbsp;<a href=\"https:\/\/www.tindemansrollrasen.de\/unser-rollrasen\/freizeitrasen\/\">Freizeitrasen<\/a>,&nbsp;<a href=\"https:\/\/www.tindemansrollrasen.de\/unser-rollrasen\/premium-sport-und-spielrasen\/\">Spielrasen<\/a>&nbsp;und Schattenrasen. Wir haben eine gro\u00dfe Auswahl an Rasenzubeh\u00f6r wie D\u00fcngemittel und Rohstoffe. Da jeder Garten anders ist, geben wir Ihnen gerne einen unverbindlichen Rat \u00fcber Rollrasen. Unsere Grassoden haben einen&nbsp;<strong>fairen und wettbewerbsf\u00e4higen Preis.<\/strong>&nbsp;Oftmals ist Rollrasen in Deutschland relativ teuer. Mit unseren Preisen wollen wir allen einen hochwertigen Rasen im Garten erm\u00f6glichen.<\/p>\n\n\n\n<p><\/p>\n","protected":false},"excerpt":{"rendered":"<p>Rollrasen nach Herzogenrath bestellen Rollrasen nach Herzogenrath lassen Sie sich vom niederl\u00e4ndischen Rollrasen-Spezialisten Tindemans Rollrasen liefern. Wir haben&nbsp;mehr als 40 Jahre Erfahrung in der Lieferung von Rollrasen&nbsp;in Limburg, Deutschland und Belgien. Eine neue Rasenfl\u00e4che in Herzogenrath kann eine gro\u00dfe Bereicherung f\u00fcr Ihren Garten darstellen. Deshalb sollten Sie sich f\u00fcr einen erfahrenen&nbsp;Rasenspezialisten&nbsp;mit viel Erfahrung entscheiden. Lassen [&hellip;]<\/p>\n","protected":false},"author":4,"featured_media":0,"parent":0,"menu_order":0,"comment_status":"closed","ping_status":"closed","template":"","meta":{"_acf_changed":false,"footnotes":""},"class_list":["post-9741","page","type-page","status-publish","hentry"],"acf":[],"yoast_head":"<!-- This site is optimized with the Yoast SEO plugin v26.9 - https:\/\/yoast.com\/product\/yoast-seo-wordpress\/ -->\n<title>Herzogenrath - Tindemans Graszoden<\/title>\n<meta name=\"robots\" content=\"index, follow, max-snippet:-1, max-image-preview:large, max-video-preview:-1\" \/>\n<link rel=\"canonical\" href=\"https:\/\/www.tindemansgraszoden.nl\/de\/rollrasen-herzogenrath\/\" \/>\n<meta property=\"og:locale\" content=\"de_DE\" \/>\n<meta property=\"og:type\" content=\"article\" \/>\n<meta property=\"og:title\" content=\"Herzogenrath - Tindemans Graszoden\" \/>\n<meta property=\"og:description\" content=\"Rollrasen nach Herzogenrath bestellen Rollrasen nach Herzogenrath lassen Sie sich vom niederl\u00e4ndischen Rollrasen-Spezialisten Tindemans Rollrasen liefern. Wir haben&nbsp;mehr als 40 Jahre Erfahrung in der Lieferung von Rollrasen&nbsp;in Limburg, Deutschland und Belgien. Eine neue Rasenfl\u00e4che in Herzogenrath kann eine gro\u00dfe Bereicherung f\u00fcr Ihren Garten darstellen. Deshalb sollten Sie sich f\u00fcr einen erfahrenen&nbsp;Rasenspezialisten&nbsp;mit viel Erfahrung entscheiden. Lassen [&hellip;]\" \/>\n<meta property=\"og:url\" content=\"https:\/\/www.tindemansgraszoden.nl\/de\/rollrasen-herzogenrath\/\" \/>\n<meta property=\"og:site_name\" content=\"Tindemans Graszoden\" \/>\n<meta property=\"article:modified_time\" content=\"2026-04-09T09:28:58+00:00\" \/>\n<meta property=\"og:image\" content=\"https:\/\/www.tindemansrollrasen.de\/wp-content\/uploads\/2024\/04\/rollrasen-herzogenrath-grassoden-1024x681.jpg\" \/>\n<meta name=\"twitter:card\" content=\"summary_large_image\" \/>\n<meta name=\"twitter:label1\" content=\"Gesch\u00e4tzte Lesezeit\" \/>\n\t<meta name=\"twitter:data1\" content=\"2\u00a0Minuten\" \/>\n<script type=\"application\/ld+json\" class=\"yoast-schema-graph\">{\"@context\":\"https:\/\/schema.org\",\"@graph\":[{\"@type\":\"WebPage\",\"@id\":\"https:\/\/www.tindemansgraszoden.nl\/de\/rollrasen-herzogenrath\/\",\"url\":\"https:\/\/www.tindemansgraszoden.nl\/de\/rollrasen-herzogenrath\/\",\"name\":\"Herzogenrath - Tindemans Graszoden\",\"isPartOf\":{\"@id\":\"https:\/\/www.tindemansgraszoden.nl\/de\/#website\"},\"primaryImageOfPage\":{\"@id\":\"https:\/\/www.tindemansgraszoden.nl\/de\/rollrasen-herzogenrath\/#primaryimage\"},\"image\":{\"@id\":\"https:\/\/www.tindemansgraszoden.nl\/de\/rollrasen-herzogenrath\/#primaryimage\"},\"thumbnailUrl\":\"https:\/\/www.tindemansrollrasen.de\/wp-content\/uploads\/2024\/04\/rollrasen-herzogenrath-grassoden-1024x681.jpg\",\"datePublished\":\"2026-04-09T09:28:54+00:00\",\"dateModified\":\"2026-04-09T09:28:58+00:00\",\"breadcrumb\":{\"@id\":\"https:\/\/www.tindemansgraszoden.nl\/de\/rollrasen-herzogenrath\/#breadcrumb\"},\"inLanguage\":\"de\",\"potentialAction\":[{\"@type\":\"ReadAction\",\"target\":[\"https:\/\/www.tindemansgraszoden.nl\/de\/rollrasen-herzogenrath\/\"]}]},{\"@type\":\"ImageObject\",\"inLanguage\":\"de\",\"@id\":\"https:\/\/www.tindemansgraszoden.nl\/de\/rollrasen-herzogenrath\/#primaryimage\",\"url\":\"https:\/\/www.tindemansrollrasen.de\/wp-content\/uploads\/2024\/04\/rollrasen-herzogenrath-grassoden-1024x681.jpg\",\"contentUrl\":\"https:\/\/www.tindemansrollrasen.de\/wp-content\/uploads\/2024\/04\/rollrasen-herzogenrath-grassoden-1024x681.jpg\"},{\"@type\":\"BreadcrumbList\",\"@id\":\"https:\/\/www.tindemansgraszoden.nl\/de\/rollrasen-herzogenrath\/#breadcrumb\",\"itemListElement\":[{\"@type\":\"ListItem\",\"position\":1,\"name\":\"Home\",\"item\":\"https:\/\/www.tindemansgraszoden.nl\/de\/\"},{\"@type\":\"ListItem\",\"position\":2,\"name\":\"Herzogenrath\"}]},{\"@type\":\"WebSite\",\"@id\":\"https:\/\/www.tindemansgraszoden.nl\/de\/#website\",\"url\":\"https:\/\/www.tindemansgraszoden.nl\/de\/\",\"name\":\"Tindemans Graszoden\",\"description\":\"Graszoden Limburg: levering en aanleg\",\"publisher\":{\"@id\":\"https:\/\/www.tindemansgraszoden.nl\/de\/#organization\"},\"potentialAction\":[{\"@type\":\"SearchAction\",\"target\":{\"@type\":\"EntryPoint\",\"urlTemplate\":\"https:\/\/www.tindemansgraszoden.nl\/de\/?s={search_term_string}\"},\"query-input\":{\"@type\":\"PropertyValueSpecification\",\"valueRequired\":true,\"valueName\":\"search_term_string\"}}],\"inLanguage\":\"de\"},{\"@type\":\"Organization\",\"@id\":\"https:\/\/www.tindemansgraszoden.nl\/de\/#organization\",\"name\":\"Tindemans Graszoden\",\"url\":\"https:\/\/www.tindemansgraszoden.nl\/de\/\",\"logo\":{\"@type\":\"ImageObject\",\"inLanguage\":\"de\",\"@id\":\"https:\/\/www.tindemansgraszoden.nl\/de\/#\/schema\/logo\/image\/\",\"url\":\"https:\/\/www.tindemansgraszoden.nl\/wp-content\/uploads\/2022\/04\/logo.png\",\"contentUrl\":\"https:\/\/www.tindemansgraszoden.nl\/wp-content\/uploads\/2022\/04\/logo.png\",\"width\":394,\"height\":120,\"caption\":\"Tindemans Graszoden\"},\"image\":{\"@id\":\"https:\/\/www.tindemansgraszoden.nl\/de\/#\/schema\/logo\/image\/\"}}]}<\/script>\n<!-- \/ Yoast SEO plugin. -->","yoast_head_json":{"title":"Herzogenrath - Tindemans Graszoden","robots":{"index":"index","follow":"follow","max-snippet":"max-snippet:-1","max-image-preview":"max-image-preview:large","max-video-preview":"max-video-preview:-1"},"canonical":"https:\/\/www.tindemansgraszoden.nl\/de\/rollrasen-herzogenrath\/","og_locale":"de_DE","og_type":"article","og_title":"Herzogenrath - Tindemans Graszoden","og_description":"Rollrasen nach Herzogenrath bestellen Rollrasen nach Herzogenrath lassen Sie sich vom niederl\u00e4ndischen Rollrasen-Spezialisten Tindemans Rollrasen liefern. Wir haben&nbsp;mehr als 40 Jahre Erfahrung in der Lieferung von Rollrasen&nbsp;in Limburg, Deutschland und Belgien. Eine neue Rasenfl\u00e4che in Herzogenrath kann eine gro\u00dfe Bereicherung f\u00fcr Ihren Garten darstellen. Deshalb sollten Sie sich f\u00fcr einen erfahrenen&nbsp;Rasenspezialisten&nbsp;mit viel Erfahrung entscheiden. Lassen [&hellip;]","og_url":"https:\/\/www.tindemansgraszoden.nl\/de\/rollrasen-herzogenrath\/","og_site_name":"Tindemans Graszoden","article_modified_time":"2026-04-09T09:28:58+00:00","og_image":[{"url":"https:\/\/www.tindemansrollrasen.de\/wp-content\/uploads\/2024\/04\/rollrasen-herzogenrath-grassoden-1024x681.jpg","type":"","width":"","height":""}],"twitter_card":"summary_large_image","twitter_misc":{"Gesch\u00e4tzte Lesezeit":"2\u00a0Minuten"},"schema":{"@context":"https:\/\/schema.org","@graph":[{"@type":"WebPage","@id":"https:\/\/www.tindemansgraszoden.nl\/de\/rollrasen-herzogenrath\/","url":"https:\/\/www.tindemansgraszoden.nl\/de\/rollrasen-herzogenrath\/","name":"Herzogenrath - Tindemans Graszoden","isPartOf":{"@id":"https:\/\/www.tindemansgraszoden.nl\/de\/#website"},"primaryImageOfPage":{"@id":"https:\/\/www.tindemansgraszoden.nl\/de\/rollrasen-herzogenrath\/#primaryimage"},"image":{"@id":"https:\/\/www.tindemansgraszoden.nl\/de\/rollrasen-herzogenrath\/#primaryimage"},"thumbnailUrl":"https:\/\/www.tindemansrollrasen.de\/wp-content\/uploads\/2024\/04\/rollrasen-herzogenrath-grassoden-1024x681.jpg","datePublished":"2026-04-09T09:28:54+00:00","dateModified":"2026-04-09T09:28:58+00:00","breadcrumb":{"@id":"https:\/\/www.tindemansgraszoden.nl\/de\/rollrasen-herzogenrath\/#breadcrumb"},"inLanguage":"de","potentialAction":[{"@type":"ReadAction","target":["https:\/\/www.tindemansgraszoden.nl\/de\/rollrasen-herzogenrath\/"]}]},{"@type":"ImageObject","inLanguage":"de","@id":"https:\/\/www.tindemansgraszoden.nl\/de\/rollrasen-herzogenrath\/#primaryimage","url":"https:\/\/www.tindemansrollrasen.de\/wp-content\/uploads\/2024\/04\/rollrasen-herzogenrath-grassoden-1024x681.jpg","contentUrl":"https:\/\/www.tindemansrollrasen.de\/wp-content\/uploads\/2024\/04\/rollrasen-herzogenrath-grassoden-1024x681.jpg"},{"@type":"BreadcrumbList","@id":"https:\/\/www.tindemansgraszoden.nl\/de\/rollrasen-herzogenrath\/#breadcrumb","itemListElement":[{"@type":"ListItem","position":1,"name":"Home","item":"https:\/\/www.tindemansgraszoden.nl\/de\/"},{"@type":"ListItem","position":2,"name":"Herzogenrath"}]},{"@type":"WebSite","@id":"https:\/\/www.tindemansgraszoden.nl\/de\/#website","url":"https:\/\/www.tindemansgraszoden.nl\/de\/","name":"Tindemans Graszoden","description":"Graszoden Limburg: levering en aanleg","publisher":{"@id":"https:\/\/www.tindemansgraszoden.nl\/de\/#organization"},"potentialAction":[{"@type":"SearchAction","target":{"@type":"EntryPoint","urlTemplate":"https:\/\/www.tindemansgraszoden.nl\/de\/?s={search_term_string}"},"query-input":{"@type":"PropertyValueSpecification","valueRequired":true,"valueName":"search_term_string"}}],"inLanguage":"de"},{"@type":"Organization","@id":"https:\/\/www.tindemansgraszoden.nl\/de\/#organization","name":"Tindemans Graszoden","url":"https:\/\/www.tindemansgraszoden.nl\/de\/","logo":{"@type":"ImageObject","inLanguage":"de","@id":"https:\/\/www.tindemansgraszoden.nl\/de\/#\/schema\/logo\/image\/","url":"https:\/\/www.tindemansgraszoden.nl\/wp-content\/uploads\/2022\/04\/logo.png","contentUrl":"https:\/\/www.tindemansgraszoden.nl\/wp-content\/uploads\/2022\/04\/logo.png","width":394,"height":120,"caption":"Tindemans Graszoden"},"image":{"@id":"https:\/\/www.tindemansgraszoden.nl\/de\/#\/schema\/logo\/image\/"}}]}},"_links":{"self":[{"href":"https:\/\/www.tindemansgraszoden.nl\/de\/wp-json\/wp\/v2\/pages\/9741","targetHints":{"allow":["GET"]}}],"collection":[{"href":"https:\/\/www.tindemansgraszoden.nl\/de\/wp-json\/wp\/v2\/pages"}],"about":[{"href":"https:\/\/www.tindemansgraszoden.nl\/de\/wp-json\/wp\/v2\/types\/page"}],"author":[{"embeddable":true,"href":"https:\/\/www.tindemansgraszoden.nl\/de\/wp-json\/wp\/v2\/users\/4"}],"replies":[{"embeddable":true,"href":"https:\/\/www.tindemansgraszoden.nl\/de\/wp-json\/wp\/v2\/comments?post=9741"}],"version-history":[{"count":1,"href":"https:\/\/www.tindemansgraszoden.nl\/de\/wp-json\/wp\/v2\/pages\/9741\/revisions"}],"predecessor-version":[{"id":9742,"href":"https:\/\/www.tindemansgraszoden.nl\/de\/wp-json\/wp\/v2\/pages\/9741\/revisions\/9742"}],"wp:attachment":[{"href":"https:\/\/www.tindemansgraszoden.nl\/de\/wp-json\/wp\/v2\/media?parent=9741"}],"curies":[{"name":"wp","href":"https:\/\/api.w.org\/{rel}","templated":true}]}}