{"id":9738,"date":"2026-04-09T11:28:22","date_gmt":"2026-04-09T09:28:22","guid":{"rendered":"https:\/\/www.tindemansgraszoden.nl\/?page_id=9738"},"modified":"2026-04-09T11:28:27","modified_gmt":"2026-04-09T09:28:27","slug":"rollrasen-eschweiler","status":"publish","type":"page","link":"https:\/\/www.tindemansgraszoden.nl\/de\/rollrasen-eschweiler\/","title":{"rendered":"Eschweiler"},"content":{"rendered":"\n<h1 class=\"wp-block-heading\">Rollrasen nach Eschweiler liefern lassen<\/h1>\n\n\n\n<p>Planen Sie, Rollrasen in Eschweiler zu verlegen? Entdecken Sie die vielf\u00e4ltigen M\u00f6glichkeiten von Rollrasen aus den Niederlanden. Sie k\u00f6nnen entscheiden, ob Sie den Rollrasen liefern lassen oder selbst abholen m\u00f6chten. Unsere Standorte sind nur&nbsp;<strong>45 bis 60 Minuten von Eschweiler entfernt<\/strong>, direkt hinter der Grenze. Mit \u00fcber&nbsp;<strong>40 Jahren Erfahrung<\/strong>&nbsp;garantieren wir Ihnen den besten Rollrasen zu fairen Preisen. Egal, was Sie vorhaben \u2013 Tindemans Rollrasen ber\u00e4t Sie gerne und verwirklicht Ihren neuen Traumgarten. Mit unserem&nbsp;<strong>praktischen Rechentool<\/strong>&nbsp;k\u00f6nnen Sie den Preis anhand der Quadratmeter direkt online berechnen.<\/p>\n\n\n\n<p><a href=\"https:\/\/www.tindemansrollrasen.de\/\">Rollrasen-Preis f\u00fcr Ihren Garten berechnen<\/a><\/p>\n\n\n\n<p>Tindemans-Rasenernte<\/p>\n\n\n\n<h2 class=\"wp-block-heading\">Entscheiden Sie sich f\u00fcr Qualit\u00e4t aus den Niederlanden<\/h2>\n\n\n\n<p>Lassen Sie Ihren neuen Rollrasen frisch vom Feld nach Eschweiler liefern und profitieren Sie von unserer Professionalit\u00e4t. Seit vielen Jahren sind wir im Bereich Rollrasen t\u00e4tig und haben die steigende Popularit\u00e4t von Fertigrasen aus erster Hand miterlebt. Nutzen Sie unser Wissen und unsere Leidenschaft f\u00fcr Ihren Vorteil. \u00dcberzeugen Sie sich selbst von der&nbsp;<strong>erstklassigen Qualit\u00e4t<\/strong>&nbsp;unseres Rollrasens, der&nbsp;<strong>mindestens 12 Monate lang gewachsen<\/strong>&nbsp;ist. F\u00fcr Beratung und weitere Informationen nehmen Sie am besten pers\u00f6nlich&nbsp;<a href=\"https:\/\/www.tindemansrollrasen.de\/contact\">Kontakt<\/a>&nbsp;mit uns auf.<\/p>\n\n\n\n<h3 class=\"wp-block-heading\">Wahl zwischen Spielrasen und Freizeitrasen<\/h3>\n\n\n\n<p>Es kann oft schwierig sein, die genauen Unterschiede zwischen den zahlreichen Rasensorten zu erkennen. Daher haben wir den&nbsp;<strong>Premium-Spielrasen<\/strong>&nbsp;entwickelt, der vielseitig einsetzbar ist. Durch die Kombination aus feinen und groben Grassorten entsteht eine robuste Rasenoberfl\u00e4che mit hohem \u00e4sthetischen Wert. Die besonders gesch\u00e4tzten Eigenschaften des Premium-Spielrasens sind:<\/p>\n\n\n\n<p>\u2713 Ideal f\u00fcr intensive Nutzung<br>\u2713 Auch als Zierrasen geeignet<br>\u2713 Bessere Widerstandsf\u00e4higkeit gegen Trockenheit und Schatten<br>\u2713 Weniger Pflegeaufwand im Vergleich zu anderen Rasensorten<\/p>\n\n\n\n<p><a href=\"https:\/\/www.tindemansrollrasen.de\/unser-rollrasen\/premium-sport-und-spielrasen\/\">Mehr \u00fcber den Spielrasen lesen<\/a><\/p>\n\n\n\n<p>Wenn Sie eine kosteng\u00fcnstige Alternative zum Rollrasen suchen, ist unser&nbsp;<strong>Freizeitrasen<\/strong>&nbsp;eine ausgezeichnete Wahl. Diese Rasenvariante ist besonders attraktiv f\u00fcr den Kauf in gr\u00f6\u00dferen Mengen und findet daher h\u00e4ufig Verwendung auf Campingpl\u00e4tzen, Veranstaltungsorten und in Erholungsgebieten. Freizeitrasen bietet eine Rasenqualit\u00e4t von etwas geringerem Standard zu einem \u00e4u\u00dferst ansprechenden Preis.<\/p>\n\n\n\n<p><a href=\"https:\/\/www.tindemansrollrasen.de\/unser-rollrasen\/freizeitrasen\/\">Mehr \u00fcber den Freizeitrasen lesen<\/a><\/p>\n\n\n\n<p><img fetchpriority=\"high\" decoding=\"async\" src=\"https:\/\/www.tindemansrollrasen.de\/wp-content\/uploads\/2024\/06\/rasenrollen-premium-spielrasen-eschweiler.jpg\" alt=\"Grasnarbe gestapelt\" width=\"600\" height=\"389\" srcset=\"https:\/\/www.tindemansrollrasen.de\/wp-content\/uploads\/2024\/06\/rasenrollen-premium-spielrasen-eschweiler.jpg 800w, https:\/\/www.tindemansrollrasen.de\/wp-content\/uploads\/2024\/06\/rasenrollen-premium-spielrasen-eschweiler-300x194.jpg 300w, https:\/\/www.tindemansrollrasen.de\/wp-content\/uploads\/2024\/06\/rasenrollen-premium-spielrasen-eschweiler-768x497.jpg 768w, https:\/\/www.tindemansrollrasen.de\/wp-content\/uploads\/2024\/06\/rasenrollen-premium-spielrasen-eschweiler-600x389.jpg 600w\"><\/p>\n\n\n\n<p id=\"caption-attachment-2849\"><em>Die qualitativ hochwertigen Rasenrollen aus den Niederlanden k\u00f6nnen direkt verlegt werden.<\/em><\/p>\n\n\n\n<h2 class=\"wp-block-heading\">Sehen Sie sich unser Portfolio an<\/h2>\n\n\n\n<p>Wenn Sie sich neuen&nbsp;<strong>Rollrasen nach Eschweiler liefern lassen<\/strong>, sind Sie sicher gespannt, wie das funktioniert. Um Ihnen einen Vorgeschmack auf die Ergebnisse zu geben, k\u00f6nnen Sie einen Blick auf das&nbsp;<a href=\"https:\/\/www.tindemansrollrasen.de\/project\/privatgaerten-mit-tindemans-rollrasen-angelegt\/\">abgeschlossene Projekt in Bladel<\/a>&nbsp;werfen. Sie k\u00f6nnen Ihren Rollrasen bei uns auch ganz einfach online bestellen. Nachdem Sie ein paar Schritte durchgef\u00fchrt und best\u00e4tigt haben, erhalten Sie so schnell wie m\u00f6glich eine Antwort.<\/p>\n\n\n\n<h2 class=\"wp-block-heading\">Die perfekte Rasenpflege f\u00fcr Ihren neuen Rasen in Eschweiler<\/h2>\n\n\n\n<p>Die Rasenpflege umfasst haupts\u00e4chlich das&nbsp;<strong>rechtzeitige Bew\u00e4ssern, regelm\u00e4\u00dfiges M\u00e4hen sowie die D\u00fcngung<\/strong>, die idealerweise dreimal j\u00e4hrlich erfolgen sollte. Zus\u00e4tzlich zum M\u00e4hen, Bew\u00e4ssern und D\u00fcngen erfordert die Rasenpflege auch andere Ma\u00dfnahmen wie&nbsp;<strong>Vertikutieren und Kalken<\/strong>. Es ist ratsam, den Rasen regelm\u00e4\u00dfig auf Anzeichen von Krankheiten und Sch\u00e4dlingen zu kontrollieren.<\/p>\n\n\n\n<p><a href=\"https:\/\/www.tindemansrollrasen.de\/rasenpflege\/\">Lesen Sie unsere Pflegetipps<\/a><\/p>\n\n\n\n<h2 class=\"wp-block-heading\">Rollrasen liefern nach Eschweiler<\/h2>\n\n\n\n<p>Wenn Sie kein geeignetes Fahrzeug haben, um die bestellten Rasenrollen abzuholen, bieten wir auch die&nbsp;<strong>Lieferung des Rollrasens nach Eschweiler<\/strong>&nbsp;an. Der Rollrasen wird bequem per Lkw oder Transporter direkt zu Ihnen nach Hause geliefert. Somit k\u00f6nnen Sie unmittelbar mit dem Verlegen beginnen. Falls Sie Unterst\u00fctzung ben\u00f6tigen, finden Sie in unserem&nbsp;<strong>Schritt-f\u00fcr-Schritt-Plan eine Anleitung f\u00fcr die Eigenverlegung<\/strong>&nbsp;des Rollrasens.<\/p>\n\n\n\n<p><a href=\"https:\/\/www.tindemansrollrasen.de\/selbst-rollrasen-verlegen\/\">Perfekter Rollrasen in 8 Schritten<\/a><\/p>\n\n\n\n<p>F\u00fcr weitere Informationen stehen wir Ihnen gerne telefonisch, per E-Mail oder \u00fcber unser Kontaktformular zur Verf\u00fcgung. Tindemans Rollrasen unterst\u00fctzt Sie gerne bei der Umsetzung Ihres neuen Rasens in Eschweiler, W\u00fcrselen und Alsdorf.<\/p>\n","protected":false},"excerpt":{"rendered":"<p>Rollrasen nach Eschweiler liefern lassen Planen Sie, Rollrasen in Eschweiler zu verlegen? Entdecken Sie die vielf\u00e4ltigen M\u00f6glichkeiten von Rollrasen aus den Niederlanden. Sie k\u00f6nnen entscheiden, ob Sie den Rollrasen liefern lassen oder selbst abholen m\u00f6chten. Unsere Standorte sind nur&nbsp;45 bis 60 Minuten von Eschweiler entfernt, direkt hinter der Grenze. Mit \u00fcber&nbsp;40 Jahren Erfahrung&nbsp;garantieren wir Ihnen [&hellip;]<\/p>\n","protected":false},"author":4,"featured_media":0,"parent":0,"menu_order":0,"comment_status":"closed","ping_status":"closed","template":"","meta":{"_acf_changed":false,"footnotes":""},"class_list":["post-9738","page","type-page","status-publish","hentry"],"acf":[],"yoast_head":"<!-- This site is optimized with the Yoast SEO plugin v26.9 - https:\/\/yoast.com\/product\/yoast-seo-wordpress\/ -->\n<title>Eschweiler - Tindemans Graszoden<\/title>\n<meta name=\"robots\" content=\"index, follow, max-snippet:-1, max-image-preview:large, max-video-preview:-1\" \/>\n<link rel=\"canonical\" href=\"https:\/\/www.tindemansgraszoden.nl\/de\/rollrasen-eschweiler\/\" \/>\n<meta property=\"og:locale\" content=\"de_DE\" \/>\n<meta property=\"og:type\" content=\"article\" \/>\n<meta property=\"og:title\" content=\"Eschweiler - Tindemans Graszoden\" \/>\n<meta property=\"og:description\" content=\"Rollrasen nach Eschweiler liefern lassen Planen Sie, Rollrasen in Eschweiler zu verlegen? Entdecken Sie die vielf\u00e4ltigen M\u00f6glichkeiten von Rollrasen aus den Niederlanden. Sie k\u00f6nnen entscheiden, ob Sie den Rollrasen liefern lassen oder selbst abholen m\u00f6chten. Unsere Standorte sind nur&nbsp;45 bis 60 Minuten von Eschweiler entfernt, direkt hinter der Grenze. Mit \u00fcber&nbsp;40 Jahren Erfahrung&nbsp;garantieren wir Ihnen [&hellip;]\" \/>\n<meta property=\"og:url\" content=\"https:\/\/www.tindemansgraszoden.nl\/de\/rollrasen-eschweiler\/\" \/>\n<meta property=\"og:site_name\" content=\"Tindemans Graszoden\" \/>\n<meta property=\"article:modified_time\" content=\"2026-04-09T09:28:27+00:00\" \/>\n<meta property=\"og:image\" content=\"https:\/\/www.tindemansrollrasen.de\/wp-content\/uploads\/2024\/06\/rasenrollen-premium-spielrasen-eschweiler.jpg\" \/>\n<meta name=\"twitter:card\" content=\"summary_large_image\" \/>\n<meta name=\"twitter:label1\" content=\"Gesch\u00e4tzte Lesezeit\" \/>\n\t<meta name=\"twitter:data1\" content=\"3\u00a0Minuten\" \/>\n<script type=\"application\/ld+json\" class=\"yoast-schema-graph\">{\"@context\":\"https:\/\/schema.org\",\"@graph\":[{\"@type\":\"WebPage\",\"@id\":\"https:\/\/www.tindemansgraszoden.nl\/de\/rollrasen-eschweiler\/\",\"url\":\"https:\/\/www.tindemansgraszoden.nl\/de\/rollrasen-eschweiler\/\",\"name\":\"Eschweiler - Tindemans Graszoden\",\"isPartOf\":{\"@id\":\"https:\/\/www.tindemansgraszoden.nl\/de\/#website\"},\"primaryImageOfPage\":{\"@id\":\"https:\/\/www.tindemansgraszoden.nl\/de\/rollrasen-eschweiler\/#primaryimage\"},\"image\":{\"@id\":\"https:\/\/www.tindemansgraszoden.nl\/de\/rollrasen-eschweiler\/#primaryimage\"},\"thumbnailUrl\":\"https:\/\/www.tindemansrollrasen.de\/wp-content\/uploads\/2024\/06\/rasenrollen-premium-spielrasen-eschweiler.jpg\",\"datePublished\":\"2026-04-09T09:28:22+00:00\",\"dateModified\":\"2026-04-09T09:28:27+00:00\",\"breadcrumb\":{\"@id\":\"https:\/\/www.tindemansgraszoden.nl\/de\/rollrasen-eschweiler\/#breadcrumb\"},\"inLanguage\":\"de\",\"potentialAction\":[{\"@type\":\"ReadAction\",\"target\":[\"https:\/\/www.tindemansgraszoden.nl\/de\/rollrasen-eschweiler\/\"]}]},{\"@type\":\"ImageObject\",\"inLanguage\":\"de\",\"@id\":\"https:\/\/www.tindemansgraszoden.nl\/de\/rollrasen-eschweiler\/#primaryimage\",\"url\":\"https:\/\/www.tindemansrollrasen.de\/wp-content\/uploads\/2024\/06\/rasenrollen-premium-spielrasen-eschweiler.jpg\",\"contentUrl\":\"https:\/\/www.tindemansrollrasen.de\/wp-content\/uploads\/2024\/06\/rasenrollen-premium-spielrasen-eschweiler.jpg\"},{\"@type\":\"BreadcrumbList\",\"@id\":\"https:\/\/www.tindemansgraszoden.nl\/de\/rollrasen-eschweiler\/#breadcrumb\",\"itemListElement\":[{\"@type\":\"ListItem\",\"position\":1,\"name\":\"Home\",\"item\":\"https:\/\/www.tindemansgraszoden.nl\/de\/\"},{\"@type\":\"ListItem\",\"position\":2,\"name\":\"Eschweiler\"}]},{\"@type\":\"WebSite\",\"@id\":\"https:\/\/www.tindemansgraszoden.nl\/de\/#website\",\"url\":\"https:\/\/www.tindemansgraszoden.nl\/de\/\",\"name\":\"Tindemans Graszoden\",\"description\":\"Graszoden Limburg: levering en aanleg\",\"publisher\":{\"@id\":\"https:\/\/www.tindemansgraszoden.nl\/de\/#organization\"},\"potentialAction\":[{\"@type\":\"SearchAction\",\"target\":{\"@type\":\"EntryPoint\",\"urlTemplate\":\"https:\/\/www.tindemansgraszoden.nl\/de\/?s={search_term_string}\"},\"query-input\":{\"@type\":\"PropertyValueSpecification\",\"valueRequired\":true,\"valueName\":\"search_term_string\"}}],\"inLanguage\":\"de\"},{\"@type\":\"Organization\",\"@id\":\"https:\/\/www.tindemansgraszoden.nl\/de\/#organization\",\"name\":\"Tindemans Graszoden\",\"url\":\"https:\/\/www.tindemansgraszoden.nl\/de\/\",\"logo\":{\"@type\":\"ImageObject\",\"inLanguage\":\"de\",\"@id\":\"https:\/\/www.tindemansgraszoden.nl\/de\/#\/schema\/logo\/image\/\",\"url\":\"https:\/\/www.tindemansgraszoden.nl\/wp-content\/uploads\/2022\/04\/logo.png\",\"contentUrl\":\"https:\/\/www.tindemansgraszoden.nl\/wp-content\/uploads\/2022\/04\/logo.png\",\"width\":394,\"height\":120,\"caption\":\"Tindemans Graszoden\"},\"image\":{\"@id\":\"https:\/\/www.tindemansgraszoden.nl\/de\/#\/schema\/logo\/image\/\"}}]}<\/script>\n<!-- \/ Yoast SEO plugin. -->","yoast_head_json":{"title":"Eschweiler - Tindemans Graszoden","robots":{"index":"index","follow":"follow","max-snippet":"max-snippet:-1","max-image-preview":"max-image-preview:large","max-video-preview":"max-video-preview:-1"},"canonical":"https:\/\/www.tindemansgraszoden.nl\/de\/rollrasen-eschweiler\/","og_locale":"de_DE","og_type":"article","og_title":"Eschweiler - Tindemans Graszoden","og_description":"Rollrasen nach Eschweiler liefern lassen Planen Sie, Rollrasen in Eschweiler zu verlegen? Entdecken Sie die vielf\u00e4ltigen M\u00f6glichkeiten von Rollrasen aus den Niederlanden. Sie k\u00f6nnen entscheiden, ob Sie den Rollrasen liefern lassen oder selbst abholen m\u00f6chten. Unsere Standorte sind nur&nbsp;45 bis 60 Minuten von Eschweiler entfernt, direkt hinter der Grenze. Mit \u00fcber&nbsp;40 Jahren Erfahrung&nbsp;garantieren wir Ihnen [&hellip;]","og_url":"https:\/\/www.tindemansgraszoden.nl\/de\/rollrasen-eschweiler\/","og_site_name":"Tindemans Graszoden","article_modified_time":"2026-04-09T09:28:27+00:00","og_image":[{"url":"https:\/\/www.tindemansrollrasen.de\/wp-content\/uploads\/2024\/06\/rasenrollen-premium-spielrasen-eschweiler.jpg","type":"","width":"","height":""}],"twitter_card":"summary_large_image","twitter_misc":{"Gesch\u00e4tzte Lesezeit":"3\u00a0Minuten"},"schema":{"@context":"https:\/\/schema.org","@graph":[{"@type":"WebPage","@id":"https:\/\/www.tindemansgraszoden.nl\/de\/rollrasen-eschweiler\/","url":"https:\/\/www.tindemansgraszoden.nl\/de\/rollrasen-eschweiler\/","name":"Eschweiler - Tindemans Graszoden","isPartOf":{"@id":"https:\/\/www.tindemansgraszoden.nl\/de\/#website"},"primaryImageOfPage":{"@id":"https:\/\/www.tindemansgraszoden.nl\/de\/rollrasen-eschweiler\/#primaryimage"},"image":{"@id":"https:\/\/www.tindemansgraszoden.nl\/de\/rollrasen-eschweiler\/#primaryimage"},"thumbnailUrl":"https:\/\/www.tindemansrollrasen.de\/wp-content\/uploads\/2024\/06\/rasenrollen-premium-spielrasen-eschweiler.jpg","datePublished":"2026-04-09T09:28:22+00:00","dateModified":"2026-04-09T09:28:27+00:00","breadcrumb":{"@id":"https:\/\/www.tindemansgraszoden.nl\/de\/rollrasen-eschweiler\/#breadcrumb"},"inLanguage":"de","potentialAction":[{"@type":"ReadAction","target":["https:\/\/www.tindemansgraszoden.nl\/de\/rollrasen-eschweiler\/"]}]},{"@type":"ImageObject","inLanguage":"de","@id":"https:\/\/www.tindemansgraszoden.nl\/de\/rollrasen-eschweiler\/#primaryimage","url":"https:\/\/www.tindemansrollrasen.de\/wp-content\/uploads\/2024\/06\/rasenrollen-premium-spielrasen-eschweiler.jpg","contentUrl":"https:\/\/www.tindemansrollrasen.de\/wp-content\/uploads\/2024\/06\/rasenrollen-premium-spielrasen-eschweiler.jpg"},{"@type":"BreadcrumbList","@id":"https:\/\/www.tindemansgraszoden.nl\/de\/rollrasen-eschweiler\/#breadcrumb","itemListElement":[{"@type":"ListItem","position":1,"name":"Home","item":"https:\/\/www.tindemansgraszoden.nl\/de\/"},{"@type":"ListItem","position":2,"name":"Eschweiler"}]},{"@type":"WebSite","@id":"https:\/\/www.tindemansgraszoden.nl\/de\/#website","url":"https:\/\/www.tindemansgraszoden.nl\/de\/","name":"Tindemans Graszoden","description":"Graszoden Limburg: levering en aanleg","publisher":{"@id":"https:\/\/www.tindemansgraszoden.nl\/de\/#organization"},"potentialAction":[{"@type":"SearchAction","target":{"@type":"EntryPoint","urlTemplate":"https:\/\/www.tindemansgraszoden.nl\/de\/?s={search_term_string}"},"query-input":{"@type":"PropertyValueSpecification","valueRequired":true,"valueName":"search_term_string"}}],"inLanguage":"de"},{"@type":"Organization","@id":"https:\/\/www.tindemansgraszoden.nl\/de\/#organization","name":"Tindemans Graszoden","url":"https:\/\/www.tindemansgraszoden.nl\/de\/","logo":{"@type":"ImageObject","inLanguage":"de","@id":"https:\/\/www.tindemansgraszoden.nl\/de\/#\/schema\/logo\/image\/","url":"https:\/\/www.tindemansgraszoden.nl\/wp-content\/uploads\/2022\/04\/logo.png","contentUrl":"https:\/\/www.tindemansgraszoden.nl\/wp-content\/uploads\/2022\/04\/logo.png","width":394,"height":120,"caption":"Tindemans Graszoden"},"image":{"@id":"https:\/\/www.tindemansgraszoden.nl\/de\/#\/schema\/logo\/image\/"}}]}},"_links":{"self":[{"href":"https:\/\/www.tindemansgraszoden.nl\/de\/wp-json\/wp\/v2\/pages\/9738","targetHints":{"allow":["GET"]}}],"collection":[{"href":"https:\/\/www.tindemansgraszoden.nl\/de\/wp-json\/wp\/v2\/pages"}],"about":[{"href":"https:\/\/www.tindemansgraszoden.nl\/de\/wp-json\/wp\/v2\/types\/page"}],"author":[{"embeddable":true,"href":"https:\/\/www.tindemansgraszoden.nl\/de\/wp-json\/wp\/v2\/users\/4"}],"replies":[{"embeddable":true,"href":"https:\/\/www.tindemansgraszoden.nl\/de\/wp-json\/wp\/v2\/comments?post=9738"}],"version-history":[{"count":1,"href":"https:\/\/www.tindemansgraszoden.nl\/de\/wp-json\/wp\/v2\/pages\/9738\/revisions"}],"predecessor-version":[{"id":9739,"href":"https:\/\/www.tindemansgraszoden.nl\/de\/wp-json\/wp\/v2\/pages\/9738\/revisions\/9739"}],"wp:attachment":[{"href":"https:\/\/www.tindemansgraszoden.nl\/de\/wp-json\/wp\/v2\/media?parent=9738"}],"curies":[{"name":"wp","href":"https:\/\/api.w.org\/{rel}","templated":true}]}}