{"id":9734,"date":"2026-04-09T11:27:02","date_gmt":"2026-04-09T09:27:02","guid":{"rendered":"https:\/\/www.tindemansgraszoden.nl\/?page_id=9734"},"modified":"2026-04-09T11:27:06","modified_gmt":"2026-04-09T09:27:06","slug":"rollrasen-duesseldorf","status":"publish","type":"page","link":"https:\/\/www.tindemansgraszoden.nl\/de\/rollrasen-duesseldorf\/","title":{"rendered":"D\u00fcsseldorf"},"content":{"rendered":"\n<h1 class=\"wp-block-heading\"><strong>Rollrasen nach D\u00fcsseldorf liefern lassen<\/strong><\/h1>\n\n\n\n<p>D\u00fcsseldorf, eine pulsierende Metropole am Ufer des Rheins, ist bekannt f\u00fcr ihre dynamische Atmosph\u00e4re, kulturelle Vielfalt und beeindruckende Architektur. In dieser Stadt der Kontraste, in der Moderne auf historischen Charme trifft, w\u00e4chst die Nachfrage nach gr\u00fcnen Oasen und lebendigen G\u00e4rten.&nbsp;<a href=\"https:\/\/www.tindemansrollrasen.de\/2024\/02\/27\/rollrasen-ersetzt-terrasse-fliesen-und-alten-rasen\/\">Rollrasen<\/a>&nbsp;spielt hierbei eine entscheidende Rolle, nicht nur als \u00e4sthetische Erg\u00e4nzung, sondern auch als funktionales Element. In st\u00e4dtischen Umgebungen wie D\u00fcsseldorf tragen Rollrasen dazu bei, die Hitze im Hochsommer zu reduzieren, was zu einer k\u00fchlenden Wirkung f\u00fchrt und die Lebensqualit\u00e4t in der Stadt f\u00f6rdert.<\/p>\n\n\n\n<h2 class=\"wp-block-heading\"><strong>Bequemer Lieferservice und Flexibilit\u00e4t von Tindemans Rollrasen<\/strong><\/h2>\n\n\n\n<p>Bei Tindemans Rollrasen verstehen wir, dass&nbsp;<strong>Bequemlichkeit und Flexibilit\u00e4t<\/strong>&nbsp;f\u00fcr unsere Kunden wichtig sind. Deshalb haben wir ein praktisches&nbsp;<a href=\"https:\/\/www.tindemansrollrasen.de\/\">Rechenmodell<\/a>&nbsp;entwickelt, mit dem Sie auf Grundlage ihrer Postleitzahl einfach die Lieferkosten berechnen k\u00f6nnen. Unser Lieferservice beginnt ab 30 Quadratmetern, und wir liefern direkt mit unserem eigenen Transport. Diese Herangehensweise gew\u00e4hrleistet nicht nur die Qualit\u00e4t der Lieferung, sondern bietet auch au\u00dfergew\u00f6hnliche Flexibilit\u00e4t. Egal, ob Sie&nbsp;<strong>im Herzen von D\u00fcsseldorf wohnen oder am Stadtrand<\/strong>, Tindemans Rollrasen garantiert eine zuverl\u00e4ssige und p\u00fcnktliche Lieferung unserer hochwertigen Rollrasen.<\/p>\n\n\n\n<p>Zus\u00e4tzlich dazu k\u00f6nnen wir in&nbsp;<a href=\"https:\/\/www.tindemansrollrasen.de\/rollrasen-aachen\/\">Aachen<\/a>, M\u00f6nchengladbach, K\u00f6ln und \u00fcberall dazwischen innerhalb von 2 Tagen liefern. Unsere&nbsp;<strong>effiziente Logistik<\/strong>&nbsp;erm\u00f6glicht es uns, flexibel auf die Bed\u00fcrfnisse unserer Kunden in der gesamten Region zu reagieren.<\/p>\n\n\n\n<p><img fetchpriority=\"high\" decoding=\"async\" src=\"https:\/\/www.tindemansrollrasen.de\/wp-content\/uploads\/2024\/07\/rollrasen-dusseldorf-lieferung-1024x768.jpg\" alt=\"Tindemans Rasen-LKW\" width=\"650\" height=\"488\" srcset=\"https:\/\/www.tindemansrollrasen.de\/wp-content\/uploads\/2024\/07\/rollrasen-dusseldorf-lieferung-1024x768.jpg 1024w, https:\/\/www.tindemansrollrasen.de\/wp-content\/uploads\/2024\/07\/rollrasen-dusseldorf-lieferung-300x225.jpg 300w, https:\/\/www.tindemansrollrasen.de\/wp-content\/uploads\/2024\/07\/rollrasen-dusseldorf-lieferung-768x576.jpg 768w, https:\/\/www.tindemansrollrasen.de\/wp-content\/uploads\/2024\/07\/rollrasen-dusseldorf-lieferung-1536x1152.jpg 1536w, https:\/\/www.tindemansrollrasen.de\/wp-content\/uploads\/2024\/07\/rollrasen-dusseldorf-lieferung-600x450.jpg 600w, https:\/\/www.tindemansrollrasen.de\/wp-content\/uploads\/2024\/07\/rollrasen-dusseldorf-lieferung.jpg 1800w\"><\/p>\n\n\n\n<p id=\"caption-attachment-2999\"><em>Direkte Lieferung nach D\u00fcsseldorf vom Feld<\/em><\/p>\n\n\n\n<h2 class=\"wp-block-heading\">Das sagen unsere Kunden<\/h2>\n\n\n\n<blockquote class=\"wp-block-quote is-layout-flow wp-block-quote-is-layout-flow\">\n<p>Nachdem ich eine Weile im Internet gesucht hatte, landete ich bei Tindemans. Das habe ich keineswegs bereut. Ich habe die Matten selbst verlegt und mich bei der Bestellung beraten lassen, habe die Matten und die notwendigen N\u00e4hrstoffe bestellt. Einmal verlegt, war das Ergebnis wirklich sch\u00f6n, ich kann es nicht anders sagen. \u2013 Harold R.<\/p>\n<\/blockquote>\n\n\n\n<p><a href=\"https:\/\/maps.app.goo.gl\/KnVRPS7oQJumZ82W7\" target=\"_blank\" rel=\"noreferrer noopener\">Mehr Google Bewertungen lesen<\/a><\/p>\n\n\n\n<h2 class=\"wp-block-heading\"><strong>Tindemans Rollrasen: Erfahrung und Qualit\u00e4t auch in D<\/strong><strong>\u00fc<\/strong><strong>sseldorf<\/strong><\/h2>\n\n\n\n<p>Mit&nbsp;<strong>jahrelanger Erfahrung im Anbau von Rollrasen<\/strong>&nbsp;haben wir bei Tindemans Rollrasen ein fundiertes Wissen aufgebaut, das sich in erstklassigen Produkten widerspiegelt. Unsere Konzentration liegt nicht nur auf der Lieferung von Rollrasen, sondern auch auf der Bereitstellung einer&nbsp;<strong>Gesamtl\u00f6sung f\u00fcr die gr\u00fcnen Bed\u00fcrfnisse unserer Kunden<\/strong>.<\/p>\n\n\n\n<p>Egal, ob es um Grassamen, D\u00fcngemittel oder Kalk geht, bei Tindemans finden Sie ein umfangreiches Sortiment an qualitativ hochwertigen Produkten. Die&nbsp;<strong>Zufriedenheit unserer Kunden steht bei uns im Mittelpunkt<\/strong>, und wir streben danach, Ihnen die bestm\u00f6gliche Erfahrung bei der Gestaltung eines \u00fcppigen und gesunden Rasens zu bieten. Bei Tindemans Rollrasen k\u00f6nnen Sie sich auf ein gr\u00fcnes Ergebnis verlassen, auf das Sie stolz sein werden.<\/p>\n","protected":false},"excerpt":{"rendered":"<p>Rollrasen nach D\u00fcsseldorf liefern lassen D\u00fcsseldorf, eine pulsierende Metropole am Ufer des Rheins, ist bekannt f\u00fcr ihre dynamische Atmosph\u00e4re, kulturelle Vielfalt und beeindruckende Architektur. In dieser Stadt der Kontraste, in der Moderne auf historischen Charme trifft, w\u00e4chst die Nachfrage nach gr\u00fcnen Oasen und lebendigen G\u00e4rten.&nbsp;Rollrasen&nbsp;spielt hierbei eine entscheidende Rolle, nicht nur als \u00e4sthetische Erg\u00e4nzung, sondern [&hellip;]<\/p>\n","protected":false},"author":4,"featured_media":0,"parent":0,"menu_order":0,"comment_status":"closed","ping_status":"closed","template":"","meta":{"_acf_changed":false,"footnotes":""},"class_list":["post-9734","page","type-page","status-publish","hentry"],"acf":[],"yoast_head":"<!-- This site is optimized with the Yoast SEO plugin v26.9 - https:\/\/yoast.com\/product\/yoast-seo-wordpress\/ -->\n<title>D\u00fcsseldorf - Tindemans Graszoden<\/title>\n<meta name=\"robots\" content=\"index, follow, max-snippet:-1, max-image-preview:large, max-video-preview:-1\" \/>\n<link rel=\"canonical\" href=\"https:\/\/www.tindemansgraszoden.nl\/de\/rollrasen-duesseldorf\/\" \/>\n<meta property=\"og:locale\" content=\"de_DE\" \/>\n<meta property=\"og:type\" content=\"article\" \/>\n<meta property=\"og:title\" content=\"D\u00fcsseldorf - Tindemans Graszoden\" \/>\n<meta property=\"og:description\" content=\"Rollrasen nach D\u00fcsseldorf liefern lassen D\u00fcsseldorf, eine pulsierende Metropole am Ufer des Rheins, ist bekannt f\u00fcr ihre dynamische Atmosph\u00e4re, kulturelle Vielfalt und beeindruckende Architektur. In dieser Stadt der Kontraste, in der Moderne auf historischen Charme trifft, w\u00e4chst die Nachfrage nach gr\u00fcnen Oasen und lebendigen G\u00e4rten.&nbsp;Rollrasen&nbsp;spielt hierbei eine entscheidende Rolle, nicht nur als \u00e4sthetische Erg\u00e4nzung, sondern [&hellip;]\" \/>\n<meta property=\"og:url\" content=\"https:\/\/www.tindemansgraszoden.nl\/de\/rollrasen-duesseldorf\/\" \/>\n<meta property=\"og:site_name\" content=\"Tindemans Graszoden\" \/>\n<meta property=\"article:modified_time\" content=\"2026-04-09T09:27:06+00:00\" \/>\n<meta property=\"og:image\" content=\"https:\/\/www.tindemansrollrasen.de\/wp-content\/uploads\/2024\/07\/rollrasen-dusseldorf-lieferung-1024x768.jpg\" \/>\n<meta name=\"twitter:card\" content=\"summary_large_image\" \/>\n<meta name=\"twitter:label1\" content=\"Gesch\u00e4tzte Lesezeit\" \/>\n\t<meta name=\"twitter:data1\" content=\"2\u00a0Minuten\" \/>\n<script type=\"application\/ld+json\" class=\"yoast-schema-graph\">{\"@context\":\"https:\/\/schema.org\",\"@graph\":[{\"@type\":\"WebPage\",\"@id\":\"https:\/\/www.tindemansgraszoden.nl\/de\/rollrasen-duesseldorf\/\",\"url\":\"https:\/\/www.tindemansgraszoden.nl\/de\/rollrasen-duesseldorf\/\",\"name\":\"D\u00fcsseldorf - Tindemans Graszoden\",\"isPartOf\":{\"@id\":\"https:\/\/www.tindemansgraszoden.nl\/de\/#website\"},\"primaryImageOfPage\":{\"@id\":\"https:\/\/www.tindemansgraszoden.nl\/de\/rollrasen-duesseldorf\/#primaryimage\"},\"image\":{\"@id\":\"https:\/\/www.tindemansgraszoden.nl\/de\/rollrasen-duesseldorf\/#primaryimage\"},\"thumbnailUrl\":\"https:\/\/www.tindemansrollrasen.de\/wp-content\/uploads\/2024\/07\/rollrasen-dusseldorf-lieferung-1024x768.jpg\",\"datePublished\":\"2026-04-09T09:27:02+00:00\",\"dateModified\":\"2026-04-09T09:27:06+00:00\",\"breadcrumb\":{\"@id\":\"https:\/\/www.tindemansgraszoden.nl\/de\/rollrasen-duesseldorf\/#breadcrumb\"},\"inLanguage\":\"de\",\"potentialAction\":[{\"@type\":\"ReadAction\",\"target\":[\"https:\/\/www.tindemansgraszoden.nl\/de\/rollrasen-duesseldorf\/\"]}]},{\"@type\":\"ImageObject\",\"inLanguage\":\"de\",\"@id\":\"https:\/\/www.tindemansgraszoden.nl\/de\/rollrasen-duesseldorf\/#primaryimage\",\"url\":\"https:\/\/www.tindemansrollrasen.de\/wp-content\/uploads\/2024\/07\/rollrasen-dusseldorf-lieferung-1024x768.jpg\",\"contentUrl\":\"https:\/\/www.tindemansrollrasen.de\/wp-content\/uploads\/2024\/07\/rollrasen-dusseldorf-lieferung-1024x768.jpg\"},{\"@type\":\"BreadcrumbList\",\"@id\":\"https:\/\/www.tindemansgraszoden.nl\/de\/rollrasen-duesseldorf\/#breadcrumb\",\"itemListElement\":[{\"@type\":\"ListItem\",\"position\":1,\"name\":\"Home\",\"item\":\"https:\/\/www.tindemansgraszoden.nl\/de\/\"},{\"@type\":\"ListItem\",\"position\":2,\"name\":\"D\u00fcsseldorf\"}]},{\"@type\":\"WebSite\",\"@id\":\"https:\/\/www.tindemansgraszoden.nl\/de\/#website\",\"url\":\"https:\/\/www.tindemansgraszoden.nl\/de\/\",\"name\":\"Tindemans Graszoden\",\"description\":\"Graszoden Limburg: levering en aanleg\",\"publisher\":{\"@id\":\"https:\/\/www.tindemansgraszoden.nl\/de\/#organization\"},\"potentialAction\":[{\"@type\":\"SearchAction\",\"target\":{\"@type\":\"EntryPoint\",\"urlTemplate\":\"https:\/\/www.tindemansgraszoden.nl\/de\/?s={search_term_string}\"},\"query-input\":{\"@type\":\"PropertyValueSpecification\",\"valueRequired\":true,\"valueName\":\"search_term_string\"}}],\"inLanguage\":\"de\"},{\"@type\":\"Organization\",\"@id\":\"https:\/\/www.tindemansgraszoden.nl\/de\/#organization\",\"name\":\"Tindemans Graszoden\",\"url\":\"https:\/\/www.tindemansgraszoden.nl\/de\/\",\"logo\":{\"@type\":\"ImageObject\",\"inLanguage\":\"de\",\"@id\":\"https:\/\/www.tindemansgraszoden.nl\/de\/#\/schema\/logo\/image\/\",\"url\":\"https:\/\/www.tindemansgraszoden.nl\/wp-content\/uploads\/2022\/04\/logo.png\",\"contentUrl\":\"https:\/\/www.tindemansgraszoden.nl\/wp-content\/uploads\/2022\/04\/logo.png\",\"width\":394,\"height\":120,\"caption\":\"Tindemans Graszoden\"},\"image\":{\"@id\":\"https:\/\/www.tindemansgraszoden.nl\/de\/#\/schema\/logo\/image\/\"}}]}<\/script>\n<!-- \/ Yoast SEO plugin. -->","yoast_head_json":{"title":"D\u00fcsseldorf - Tindemans Graszoden","robots":{"index":"index","follow":"follow","max-snippet":"max-snippet:-1","max-image-preview":"max-image-preview:large","max-video-preview":"max-video-preview:-1"},"canonical":"https:\/\/www.tindemansgraszoden.nl\/de\/rollrasen-duesseldorf\/","og_locale":"de_DE","og_type":"article","og_title":"D\u00fcsseldorf - Tindemans Graszoden","og_description":"Rollrasen nach D\u00fcsseldorf liefern lassen D\u00fcsseldorf, eine pulsierende Metropole am Ufer des Rheins, ist bekannt f\u00fcr ihre dynamische Atmosph\u00e4re, kulturelle Vielfalt und beeindruckende Architektur. In dieser Stadt der Kontraste, in der Moderne auf historischen Charme trifft, w\u00e4chst die Nachfrage nach gr\u00fcnen Oasen und lebendigen G\u00e4rten.&nbsp;Rollrasen&nbsp;spielt hierbei eine entscheidende Rolle, nicht nur als \u00e4sthetische Erg\u00e4nzung, sondern [&hellip;]","og_url":"https:\/\/www.tindemansgraszoden.nl\/de\/rollrasen-duesseldorf\/","og_site_name":"Tindemans Graszoden","article_modified_time":"2026-04-09T09:27:06+00:00","og_image":[{"url":"https:\/\/www.tindemansrollrasen.de\/wp-content\/uploads\/2024\/07\/rollrasen-dusseldorf-lieferung-1024x768.jpg","type":"","width":"","height":""}],"twitter_card":"summary_large_image","twitter_misc":{"Gesch\u00e4tzte Lesezeit":"2\u00a0Minuten"},"schema":{"@context":"https:\/\/schema.org","@graph":[{"@type":"WebPage","@id":"https:\/\/www.tindemansgraszoden.nl\/de\/rollrasen-duesseldorf\/","url":"https:\/\/www.tindemansgraszoden.nl\/de\/rollrasen-duesseldorf\/","name":"D\u00fcsseldorf - Tindemans Graszoden","isPartOf":{"@id":"https:\/\/www.tindemansgraszoden.nl\/de\/#website"},"primaryImageOfPage":{"@id":"https:\/\/www.tindemansgraszoden.nl\/de\/rollrasen-duesseldorf\/#primaryimage"},"image":{"@id":"https:\/\/www.tindemansgraszoden.nl\/de\/rollrasen-duesseldorf\/#primaryimage"},"thumbnailUrl":"https:\/\/www.tindemansrollrasen.de\/wp-content\/uploads\/2024\/07\/rollrasen-dusseldorf-lieferung-1024x768.jpg","datePublished":"2026-04-09T09:27:02+00:00","dateModified":"2026-04-09T09:27:06+00:00","breadcrumb":{"@id":"https:\/\/www.tindemansgraszoden.nl\/de\/rollrasen-duesseldorf\/#breadcrumb"},"inLanguage":"de","potentialAction":[{"@type":"ReadAction","target":["https:\/\/www.tindemansgraszoden.nl\/de\/rollrasen-duesseldorf\/"]}]},{"@type":"ImageObject","inLanguage":"de","@id":"https:\/\/www.tindemansgraszoden.nl\/de\/rollrasen-duesseldorf\/#primaryimage","url":"https:\/\/www.tindemansrollrasen.de\/wp-content\/uploads\/2024\/07\/rollrasen-dusseldorf-lieferung-1024x768.jpg","contentUrl":"https:\/\/www.tindemansrollrasen.de\/wp-content\/uploads\/2024\/07\/rollrasen-dusseldorf-lieferung-1024x768.jpg"},{"@type":"BreadcrumbList","@id":"https:\/\/www.tindemansgraszoden.nl\/de\/rollrasen-duesseldorf\/#breadcrumb","itemListElement":[{"@type":"ListItem","position":1,"name":"Home","item":"https:\/\/www.tindemansgraszoden.nl\/de\/"},{"@type":"ListItem","position":2,"name":"D\u00fcsseldorf"}]},{"@type":"WebSite","@id":"https:\/\/www.tindemansgraszoden.nl\/de\/#website","url":"https:\/\/www.tindemansgraszoden.nl\/de\/","name":"Tindemans Graszoden","description":"Graszoden Limburg: levering en aanleg","publisher":{"@id":"https:\/\/www.tindemansgraszoden.nl\/de\/#organization"},"potentialAction":[{"@type":"SearchAction","target":{"@type":"EntryPoint","urlTemplate":"https:\/\/www.tindemansgraszoden.nl\/de\/?s={search_term_string}"},"query-input":{"@type":"PropertyValueSpecification","valueRequired":true,"valueName":"search_term_string"}}],"inLanguage":"de"},{"@type":"Organization","@id":"https:\/\/www.tindemansgraszoden.nl\/de\/#organization","name":"Tindemans Graszoden","url":"https:\/\/www.tindemansgraszoden.nl\/de\/","logo":{"@type":"ImageObject","inLanguage":"de","@id":"https:\/\/www.tindemansgraszoden.nl\/de\/#\/schema\/logo\/image\/","url":"https:\/\/www.tindemansgraszoden.nl\/wp-content\/uploads\/2022\/04\/logo.png","contentUrl":"https:\/\/www.tindemansgraszoden.nl\/wp-content\/uploads\/2022\/04\/logo.png","width":394,"height":120,"caption":"Tindemans Graszoden"},"image":{"@id":"https:\/\/www.tindemansgraszoden.nl\/de\/#\/schema\/logo\/image\/"}}]}},"_links":{"self":[{"href":"https:\/\/www.tindemansgraszoden.nl\/de\/wp-json\/wp\/v2\/pages\/9734","targetHints":{"allow":["GET"]}}],"collection":[{"href":"https:\/\/www.tindemansgraszoden.nl\/de\/wp-json\/wp\/v2\/pages"}],"about":[{"href":"https:\/\/www.tindemansgraszoden.nl\/de\/wp-json\/wp\/v2\/types\/page"}],"author":[{"embeddable":true,"href":"https:\/\/www.tindemansgraszoden.nl\/de\/wp-json\/wp\/v2\/users\/4"}],"replies":[{"embeddable":true,"href":"https:\/\/www.tindemansgraszoden.nl\/de\/wp-json\/wp\/v2\/comments?post=9734"}],"version-history":[{"count":1,"href":"https:\/\/www.tindemansgraszoden.nl\/de\/wp-json\/wp\/v2\/pages\/9734\/revisions"}],"predecessor-version":[{"id":9735,"href":"https:\/\/www.tindemansgraszoden.nl\/de\/wp-json\/wp\/v2\/pages\/9734\/revisions\/9735"}],"wp:attachment":[{"href":"https:\/\/www.tindemansgraszoden.nl\/de\/wp-json\/wp\/v2\/media?parent=9734"}],"curies":[{"name":"wp","href":"https:\/\/api.w.org\/{rel}","templated":true}]}}