{"id":9661,"date":"2022-02-09T16:02:36","date_gmt":"2022-02-09T15:02:36","guid":{"rendered":"https:\/\/www.tindemansgraszoden.nl\/?page_id=9661"},"modified":"2026-04-09T10:56:24","modified_gmt":"2026-04-09T08:56:24","slug":"schneeschimmel-rasen","status":"publish","type":"page","link":"https:\/\/www.tindemansgraszoden.nl\/de\/rasenkrankheiten\/schneeschimmel-rasen\/","title":{"rendered":"Schneeschimmel"},"content":{"rendered":"\n<h1 class=\"wp-block-heading\">Schneeschimmel im Rasen<\/h1>\n\n\n\n<p>Der Schneeschimmel, auch Fusarium nivale genannt, ist eine Schimmelkrankheit, die im Rasen auftreten kann. Er ist an einem wei\u00dflichen Mycel im Rasen zu erkennen, und in vielen F\u00e4llen sind es ein oder mehrere Stellen, die oft von Winter bis Fr\u00fchling entstehen. Wenn Sie Schneeschimmel im Rasen haben, sollten Sie ihn sorgf\u00e4ltig behandeln. Nicht nur, um Sch\u00e4den an Ihrem Rasen zu vermeiden, sondern auch, um eine weitere Ausbreitung zu verhindern.<\/p>\n\n\n\n<h2 class=\"wp-block-heading\">Schneeschimmel erkennen<\/h2>\n\n\n\n<p>Obwohl Schneeschimmel am wei\u00dfen Mycel und den w\u00e4ssrigen Stellen im Rasen zu erkennen ist, wird diese Fl\u00e4che zu einem sp\u00e4teren Zeitpunkt gelb bis orange mit einem braunen Rand. Die Gr\u00f6\u00dfe kann andererseits auch sehr stark zunehmen, am Anfang sind es kleine Flecken von 4 bis 6 cm, die zu Fl\u00e4chen von 25 cm wachsen k\u00f6nnen. Ein weiteres Merkmal ist, dass das Gras klebrig ist und zusammenklebt. Kurzum: Schneeschimmel im Rasen sollte so schnell wie m\u00f6glich bek\u00e4mpft werden.<\/p>\n\n\n\n<p><br><p><img fetchpriority=\"high\" decoding=\"async\" width=\"349\" height=\"233\" class=\"alignnone wp-image-1550\" src=\"https:\/\/www.tindemansgraszoden.nl\/wp-content\/uploads\/2022\/03\/Gazon-met-sneeuwschimmel.png\" alt=\"gazon met sneeuwschimmel\" srcset=\"https:\/\/www.tindemansgraszoden.nl\/wp-content\/uploads\/2022\/03\/Gazon-met-sneeuwschimmel.png 1024w, https:\/\/www.tindemansgraszoden.nl\/wp-content\/uploads\/2022\/03\/Gazon-met-sneeuwschimmel-300x200.png 300w, https:\/\/www.tindemansgraszoden.nl\/wp-content\/uploads\/2022\/03\/Gazon-met-sneeuwschimmel-768x512.png 768w, https:\/\/www.tindemansgraszoden.nl\/wp-content\/uploads\/2022\/03\/Gazon-met-sneeuwschimmel-600x400.png 600w\" sizes=\"(max-width: 349px) 100vw, 349px\" \/>\u00a0 \u00a0 \u00a0<img decoding=\"async\" width=\"350\" height=\"233\" class=\"alignnone wp-image-1551\" src=\"https:\/\/www.tindemansgraszoden.nl\/wp-content\/uploads\/2022\/03\/Sneeuwschimmel-gazon.png\" alt=\"Sneeuwschimmel gazon\" srcset=\"https:\/\/www.tindemansgraszoden.nl\/wp-content\/uploads\/2022\/03\/Sneeuwschimmel-gazon.png 1024w, https:\/\/www.tindemansgraszoden.nl\/wp-content\/uploads\/2022\/03\/Sneeuwschimmel-gazon-300x200.png 300w, https:\/\/www.tindemansgraszoden.nl\/wp-content\/uploads\/2022\/03\/Sneeuwschimmel-gazon-768x512.png 768w, https:\/\/www.tindemansgraszoden.nl\/wp-content\/uploads\/2022\/03\/Sneeuwschimmel-gazon-600x400.png 600w\" sizes=\"(max-width: 350px) 100vw, 350px\" \/><\/p><\/p>\n\n\n\n<h2 class=\"wp-block-heading\">Die Ursache von Schneeschimmel im Rasen<\/h2>\n\n\n\n<p>Der Schneeschimmel tritt haupts\u00e4chlich bei kaltem und regnerischem Wetter auf. W\u00e4hrend dieser Zeit kann sich der Boden schlie\u00dfen und zu wenig Bel\u00fcftung verursachen. Selbst nach dem Schnee ist die Wahrscheinlichkeit von Schneeschimmel h\u00f6her, insbesondere wenn dar\u00fcber gelaufen wird. Der Boden hat dann einen hohen pH-Wert und einen Stickstoff\u00fcberschuss, sodass sich der Schimmel schneller entwickeln kann.<\/p>\n\n\n\n<h2 class=\"wp-block-heading\">Die Bek\u00e4mpfung<\/h2>\n\n\n\n<p>Leider ist Schneeschimmel ziemlich ansteckend und erfordert daher eine rechtzeitige und genaue Bek\u00e4mpfung. Aber das Beste ist nat\u00fcrlich eine gute Vorsorge. Einige Ma\u00dfnahmen, die Sie im Voraus anwenden k\u00f6nnen, um die Schimmelkrankheit zu verhindern, sind:<\/p>\n\n\n\n<ul class=\"wp-block-list\">\n<li><a href=\"https:\/\/www.tindemansrollrasen.de\/rasenpflege\/rasen-mahen\/\">M\u00e4hen<\/a>\u00a0Sie den Rasen rechtzeitig;<\/li>\n\n\n\n<li><a href=\"https:\/\/www.tindemansrollrasen.de\/rasenpflege\/rasen-vertikutieren\/\">Bel\u00fcften \/ Vertikutieren<\/a>\u00a0Sie den Rasen Ende September;<\/li>\n\n\n\n<li>D\u00fcngen Sie den Rasen nach Ende September mit einem<a href=\"https:\/\/www.tindemansrollrasen.de\/product\/herbstdunger\/\">\u00a0Herbstd\u00fcnger;<\/a><\/li>\n\n\n\n<li>Laufen Sie nicht \u00fcber einen schneebedeckten Rasen.<\/li>\n<\/ul>\n\n\n\n<p>Leiden Sie bereits unter dem Schneeschimmel? Dann fangen Sie sofort mit der Bek\u00e4mpfung an. Andernfalls besteht die Gefahr, dass das Gras abstirbt.<\/p>\n","protected":false},"excerpt":{"rendered":"<p>Schneeschimmel im Rasen Der Schneeschimmel, auch Fusarium nivale genannt, ist eine Schimmelkrankheit, die im Rasen auftreten kann. Er ist an einem wei\u00dflichen Mycel im Rasen zu erkennen, und in vielen F\u00e4llen sind es ein oder mehrere Stellen, die oft von Winter bis Fr\u00fchling entstehen. Wenn Sie Schneeschimmel im Rasen haben, sollten Sie ihn sorgf\u00e4ltig behandeln. [&hellip;]<\/p>\n","protected":false},"author":4,"featured_media":0,"parent":9595,"menu_order":2,"comment_status":"closed","ping_status":"closed","template":"","meta":{"_acf_changed":false,"footnotes":""},"class_list":["post-9661","page","type-page","status-publish","hentry"],"acf":[],"yoast_head":"<!-- This site is optimized with the Yoast SEO plugin v26.9 - https:\/\/yoast.com\/product\/yoast-seo-wordpress\/ -->\n<title>Schneeschimmel - Tindemans Graszoden<\/title>\n<meta name=\"robots\" content=\"index, follow, max-snippet:-1, max-image-preview:large, max-video-preview:-1\" \/>\n<link rel=\"canonical\" href=\"https:\/\/www.tindemansgraszoden.nl\/de\/rasenkrankheiten\/schneeschimmel-rasen\/\" \/>\n<meta property=\"og:locale\" content=\"de_DE\" \/>\n<meta property=\"og:type\" content=\"article\" \/>\n<meta property=\"og:title\" content=\"Schneeschimmel - Tindemans Graszoden\" \/>\n<meta property=\"og:description\" content=\"Schneeschimmel im Rasen Der Schneeschimmel, auch Fusarium nivale genannt, ist eine Schimmelkrankheit, die im Rasen auftreten kann. Er ist an einem wei\u00dflichen Mycel im Rasen zu erkennen, und in vielen F\u00e4llen sind es ein oder mehrere Stellen, die oft von Winter bis Fr\u00fchling entstehen. Wenn Sie Schneeschimmel im Rasen haben, sollten Sie ihn sorgf\u00e4ltig behandeln. [&hellip;]\" \/>\n<meta property=\"og:url\" content=\"https:\/\/www.tindemansgraszoden.nl\/de\/rasenkrankheiten\/schneeschimmel-rasen\/\" \/>\n<meta property=\"og:site_name\" content=\"Tindemans Graszoden\" \/>\n<meta property=\"article:modified_time\" content=\"2026-04-09T08:56:24+00:00\" \/>\n<meta property=\"og:image\" content=\"https:\/\/www.tindemansgraszoden.nl\/wp-content\/uploads\/2022\/03\/Gazon-met-sneeuwschimmel.png\" \/>\n\t<meta property=\"og:image:width\" content=\"1024\" \/>\n\t<meta property=\"og:image:height\" content=\"683\" \/>\n\t<meta property=\"og:image:type\" content=\"image\/png\" \/>\n<meta name=\"twitter:card\" content=\"summary_large_image\" \/>\n<meta name=\"twitter:label1\" content=\"Gesch\u00e4tzte Lesezeit\" \/>\n\t<meta name=\"twitter:data1\" content=\"2\u00a0Minuten\" \/>\n<script type=\"application\/ld+json\" class=\"yoast-schema-graph\">{\"@context\":\"https:\/\/schema.org\",\"@graph\":[{\"@type\":\"WebPage\",\"@id\":\"https:\/\/www.tindemansgraszoden.nl\/de\/rasenkrankheiten\/schneeschimmel-rasen\/\",\"url\":\"https:\/\/www.tindemansgraszoden.nl\/de\/rasenkrankheiten\/schneeschimmel-rasen\/\",\"name\":\"Schneeschimmel - Tindemans Graszoden\",\"isPartOf\":{\"@id\":\"https:\/\/www.tindemansgraszoden.nl\/de\/#website\"},\"primaryImageOfPage\":{\"@id\":\"https:\/\/www.tindemansgraszoden.nl\/de\/rasenkrankheiten\/schneeschimmel-rasen\/#primaryimage\"},\"image\":{\"@id\":\"https:\/\/www.tindemansgraszoden.nl\/de\/rasenkrankheiten\/schneeschimmel-rasen\/#primaryimage\"},\"thumbnailUrl\":\"https:\/\/www.tindemansgraszoden.nl\/wp-content\/uploads\/2022\/03\/Gazon-met-sneeuwschimmel.png\",\"datePublished\":\"2022-02-09T15:02:36+00:00\",\"dateModified\":\"2026-04-09T08:56:24+00:00\",\"breadcrumb\":{\"@id\":\"https:\/\/www.tindemansgraszoden.nl\/de\/rasenkrankheiten\/schneeschimmel-rasen\/#breadcrumb\"},\"inLanguage\":\"de\",\"potentialAction\":[{\"@type\":\"ReadAction\",\"target\":[\"https:\/\/www.tindemansgraszoden.nl\/de\/rasenkrankheiten\/schneeschimmel-rasen\/\"]}]},{\"@type\":\"ImageObject\",\"inLanguage\":\"de\",\"@id\":\"https:\/\/www.tindemansgraszoden.nl\/de\/rasenkrankheiten\/schneeschimmel-rasen\/#primaryimage\",\"url\":\"https:\/\/www.tindemansgraszoden.nl\/wp-content\/uploads\/2022\/03\/Gazon-met-sneeuwschimmel.png\",\"contentUrl\":\"https:\/\/www.tindemansgraszoden.nl\/wp-content\/uploads\/2022\/03\/Gazon-met-sneeuwschimmel.png\"},{\"@type\":\"BreadcrumbList\",\"@id\":\"https:\/\/www.tindemansgraszoden.nl\/de\/rasenkrankheiten\/schneeschimmel-rasen\/#breadcrumb\",\"itemListElement\":[{\"@type\":\"ListItem\",\"position\":1,\"name\":\"Home\",\"item\":\"https:\/\/www.tindemansgraszoden.nl\/de\/\"},{\"@type\":\"ListItem\",\"position\":2,\"name\":\"Rasenkrankheiten\",\"item\":\"https:\/\/www.tindemansgraszoden.nl\/de\/rasenkrankheiten\/\"},{\"@type\":\"ListItem\",\"position\":3,\"name\":\"Schneeschimmel\"}]},{\"@type\":\"WebSite\",\"@id\":\"https:\/\/www.tindemansgraszoden.nl\/de\/#website\",\"url\":\"https:\/\/www.tindemansgraszoden.nl\/de\/\",\"name\":\"Tindemans Graszoden\",\"description\":\"Graszoden Limburg: levering en aanleg\",\"publisher\":{\"@id\":\"https:\/\/www.tindemansgraszoden.nl\/de\/#organization\"},\"potentialAction\":[{\"@type\":\"SearchAction\",\"target\":{\"@type\":\"EntryPoint\",\"urlTemplate\":\"https:\/\/www.tindemansgraszoden.nl\/de\/?s={search_term_string}\"},\"query-input\":{\"@type\":\"PropertyValueSpecification\",\"valueRequired\":true,\"valueName\":\"search_term_string\"}}],\"inLanguage\":\"de\"},{\"@type\":\"Organization\",\"@id\":\"https:\/\/www.tindemansgraszoden.nl\/de\/#organization\",\"name\":\"Tindemans Graszoden\",\"url\":\"https:\/\/www.tindemansgraszoden.nl\/de\/\",\"logo\":{\"@type\":\"ImageObject\",\"inLanguage\":\"de\",\"@id\":\"https:\/\/www.tindemansgraszoden.nl\/de\/#\/schema\/logo\/image\/\",\"url\":\"https:\/\/www.tindemansgraszoden.nl\/wp-content\/uploads\/2022\/04\/logo.png\",\"contentUrl\":\"https:\/\/www.tindemansgraszoden.nl\/wp-content\/uploads\/2022\/04\/logo.png\",\"width\":394,\"height\":120,\"caption\":\"Tindemans Graszoden\"},\"image\":{\"@id\":\"https:\/\/www.tindemansgraszoden.nl\/de\/#\/schema\/logo\/image\/\"}}]}<\/script>\n<!-- \/ Yoast SEO plugin. -->","yoast_head_json":{"title":"Schneeschimmel - Tindemans Graszoden","robots":{"index":"index","follow":"follow","max-snippet":"max-snippet:-1","max-image-preview":"max-image-preview:large","max-video-preview":"max-video-preview:-1"},"canonical":"https:\/\/www.tindemansgraszoden.nl\/de\/rasenkrankheiten\/schneeschimmel-rasen\/","og_locale":"de_DE","og_type":"article","og_title":"Schneeschimmel - Tindemans Graszoden","og_description":"Schneeschimmel im Rasen Der Schneeschimmel, auch Fusarium nivale genannt, ist eine Schimmelkrankheit, die im Rasen auftreten kann. Er ist an einem wei\u00dflichen Mycel im Rasen zu erkennen, und in vielen F\u00e4llen sind es ein oder mehrere Stellen, die oft von Winter bis Fr\u00fchling entstehen. Wenn Sie Schneeschimmel im Rasen haben, sollten Sie ihn sorgf\u00e4ltig behandeln. [&hellip;]","og_url":"https:\/\/www.tindemansgraszoden.nl\/de\/rasenkrankheiten\/schneeschimmel-rasen\/","og_site_name":"Tindemans Graszoden","article_modified_time":"2026-04-09T08:56:24+00:00","og_image":[{"width":1024,"height":683,"url":"https:\/\/www.tindemansgraszoden.nl\/wp-content\/uploads\/2022\/03\/Gazon-met-sneeuwschimmel.png","type":"image\/png"}],"twitter_card":"summary_large_image","twitter_misc":{"Gesch\u00e4tzte Lesezeit":"2\u00a0Minuten"},"schema":{"@context":"https:\/\/schema.org","@graph":[{"@type":"WebPage","@id":"https:\/\/www.tindemansgraszoden.nl\/de\/rasenkrankheiten\/schneeschimmel-rasen\/","url":"https:\/\/www.tindemansgraszoden.nl\/de\/rasenkrankheiten\/schneeschimmel-rasen\/","name":"Schneeschimmel - Tindemans Graszoden","isPartOf":{"@id":"https:\/\/www.tindemansgraszoden.nl\/de\/#website"},"primaryImageOfPage":{"@id":"https:\/\/www.tindemansgraszoden.nl\/de\/rasenkrankheiten\/schneeschimmel-rasen\/#primaryimage"},"image":{"@id":"https:\/\/www.tindemansgraszoden.nl\/de\/rasenkrankheiten\/schneeschimmel-rasen\/#primaryimage"},"thumbnailUrl":"https:\/\/www.tindemansgraszoden.nl\/wp-content\/uploads\/2022\/03\/Gazon-met-sneeuwschimmel.png","datePublished":"2022-02-09T15:02:36+00:00","dateModified":"2026-04-09T08:56:24+00:00","breadcrumb":{"@id":"https:\/\/www.tindemansgraszoden.nl\/de\/rasenkrankheiten\/schneeschimmel-rasen\/#breadcrumb"},"inLanguage":"de","potentialAction":[{"@type":"ReadAction","target":["https:\/\/www.tindemansgraszoden.nl\/de\/rasenkrankheiten\/schneeschimmel-rasen\/"]}]},{"@type":"ImageObject","inLanguage":"de","@id":"https:\/\/www.tindemansgraszoden.nl\/de\/rasenkrankheiten\/schneeschimmel-rasen\/#primaryimage","url":"https:\/\/www.tindemansgraszoden.nl\/wp-content\/uploads\/2022\/03\/Gazon-met-sneeuwschimmel.png","contentUrl":"https:\/\/www.tindemansgraszoden.nl\/wp-content\/uploads\/2022\/03\/Gazon-met-sneeuwschimmel.png"},{"@type":"BreadcrumbList","@id":"https:\/\/www.tindemansgraszoden.nl\/de\/rasenkrankheiten\/schneeschimmel-rasen\/#breadcrumb","itemListElement":[{"@type":"ListItem","position":1,"name":"Home","item":"https:\/\/www.tindemansgraszoden.nl\/de\/"},{"@type":"ListItem","position":2,"name":"Rasenkrankheiten","item":"https:\/\/www.tindemansgraszoden.nl\/de\/rasenkrankheiten\/"},{"@type":"ListItem","position":3,"name":"Schneeschimmel"}]},{"@type":"WebSite","@id":"https:\/\/www.tindemansgraszoden.nl\/de\/#website","url":"https:\/\/www.tindemansgraszoden.nl\/de\/","name":"Tindemans Graszoden","description":"Graszoden Limburg: levering en aanleg","publisher":{"@id":"https:\/\/www.tindemansgraszoden.nl\/de\/#organization"},"potentialAction":[{"@type":"SearchAction","target":{"@type":"EntryPoint","urlTemplate":"https:\/\/www.tindemansgraszoden.nl\/de\/?s={search_term_string}"},"query-input":{"@type":"PropertyValueSpecification","valueRequired":true,"valueName":"search_term_string"}}],"inLanguage":"de"},{"@type":"Organization","@id":"https:\/\/www.tindemansgraszoden.nl\/de\/#organization","name":"Tindemans Graszoden","url":"https:\/\/www.tindemansgraszoden.nl\/de\/","logo":{"@type":"ImageObject","inLanguage":"de","@id":"https:\/\/www.tindemansgraszoden.nl\/de\/#\/schema\/logo\/image\/","url":"https:\/\/www.tindemansgraszoden.nl\/wp-content\/uploads\/2022\/04\/logo.png","contentUrl":"https:\/\/www.tindemansgraszoden.nl\/wp-content\/uploads\/2022\/04\/logo.png","width":394,"height":120,"caption":"Tindemans Graszoden"},"image":{"@id":"https:\/\/www.tindemansgraszoden.nl\/de\/#\/schema\/logo\/image\/"}}]}},"_links":{"self":[{"href":"https:\/\/www.tindemansgraszoden.nl\/de\/wp-json\/wp\/v2\/pages\/9661","targetHints":{"allow":["GET"]}}],"collection":[{"href":"https:\/\/www.tindemansgraszoden.nl\/de\/wp-json\/wp\/v2\/pages"}],"about":[{"href":"https:\/\/www.tindemansgraszoden.nl\/de\/wp-json\/wp\/v2\/types\/page"}],"author":[{"embeddable":true,"href":"https:\/\/www.tindemansgraszoden.nl\/de\/wp-json\/wp\/v2\/users\/4"}],"replies":[{"embeddable":true,"href":"https:\/\/www.tindemansgraszoden.nl\/de\/wp-json\/wp\/v2\/comments?post=9661"}],"version-history":[{"count":2,"href":"https:\/\/www.tindemansgraszoden.nl\/de\/wp-json\/wp\/v2\/pages\/9661\/revisions"}],"predecessor-version":[{"id":9703,"href":"https:\/\/www.tindemansgraszoden.nl\/de\/wp-json\/wp\/v2\/pages\/9661\/revisions\/9703"}],"up":[{"embeddable":true,"href":"https:\/\/www.tindemansgraszoden.nl\/de\/wp-json\/wp\/v2\/pages\/9595"}],"wp:attachment":[{"href":"https:\/\/www.tindemansgraszoden.nl\/de\/wp-json\/wp\/v2\/media?parent=9661"}],"curies":[{"name":"wp","href":"https:\/\/api.w.org\/{rel}","templated":true}]}}