{"id":9647,"date":"2022-02-09T15:50:34","date_gmt":"2022-02-09T14:50:34","guid":{"rendered":"https:\/\/www.tindemansgraszoden.nl\/?page_id=9647"},"modified":"2026-04-09T10:56:06","modified_gmt":"2026-04-09T08:56:06","slug":"rotspitzigkeit","status":"publish","type":"page","link":"https:\/\/www.tindemansgraszoden.nl\/de\/rasenkrankheiten\/rotspitzigkeit\/","title":{"rendered":"Rotspitzigkeit"},"content":{"rendered":"\n<h1 class=\"wp-block-heading\">Rotspitzigkeit im Rasen<\/h1>\n\n\n\n<p>Der Name sagt eigentlich alles, rote Spitzen. Dieses Krankheitsph\u00e4nomen ist an rotbraunen F\u00e4den am Grashalm zu erkennen. Oft beginnt es mit einem harmlosen trockenen \/ gelben Fleck, der sich jedoch im Laufe der Zeit zu einem rotbraunen Fleck entwickelt. Diese&nbsp;<a href=\"https:\/\/www.tindemansrollrasen.de\/rasenkrankheiten\/\">Rasenkrankheit<\/a>&nbsp;ist eine Schimmelart und tritt regelm\u00e4\u00dfig in einem neu angelegten Rasen auf. Die Grasart Rotschwingel ist haupts\u00e4chlich betroffen. Es ist wichtig, dass Sie Ihren Rasen von Rotspitzigkeit befreien, damit sich das Gras erholen kann und es wieder gut aussieht.<\/p>\n\n\n\n<p><br><p><img fetchpriority=\"high\" decoding=\"async\" width=\"350\" height=\"233\" class=\"alignnone wp-image-1546\" src=\"https:\/\/www.tindemansgraszoden.nl\/wp-content\/uploads\/2022\/03\/Rooddraad-gazon.png\" alt=\"Rooddraad gazon\" srcset=\"https:\/\/www.tindemansgraszoden.nl\/wp-content\/uploads\/2022\/03\/Rooddraad-gazon.png 1024w, https:\/\/www.tindemansgraszoden.nl\/wp-content\/uploads\/2022\/03\/Rooddraad-gazon-300x200.png 300w, https:\/\/www.tindemansgraszoden.nl\/wp-content\/uploads\/2022\/03\/Rooddraad-gazon-768x512.png 768w, https:\/\/www.tindemansgraszoden.nl\/wp-content\/uploads\/2022\/03\/Rooddraad-gazon-600x400.png 600w\" sizes=\"(max-width: 350px) 100vw, 350px\" \/> \u00a0 \u00a0 <img decoding=\"async\" width=\"350\" height=\"233\" class=\"alignnone wp-image-1547\" src=\"https:\/\/www.tindemansgraszoden.nl\/wp-content\/uploads\/2022\/03\/Gras-met-rooddraad.png\" alt=\"Gras met rooddraad\" srcset=\"https:\/\/www.tindemansgraszoden.nl\/wp-content\/uploads\/2022\/03\/Gras-met-rooddraad.png 1024w, https:\/\/www.tindemansgraszoden.nl\/wp-content\/uploads\/2022\/03\/Gras-met-rooddraad-300x200.png 300w, https:\/\/www.tindemansgraszoden.nl\/wp-content\/uploads\/2022\/03\/Gras-met-rooddraad-768x512.png 768w, https:\/\/www.tindemansgraszoden.nl\/wp-content\/uploads\/2022\/03\/Gras-met-rooddraad-600x400.png 600w\" sizes=\"(max-width: 350px) 100vw, 350px\" \/><\/p><\/p>\n\n\n\n<h2 class=\"wp-block-heading\">Rotspitzigkeit im Rasen. Wie ist das m\u00f6glich?<\/h2>\n\n\n\n<p>Rotspitzigkeit z\u00e4hlt zu den Schimmeln und tritt haupts\u00e4chlich in der Zeit von Mai bis Oktober auf. Rotspitzigkeit ist haupts\u00e4chlich auf einen Stickstoffmangel zur\u00fcckzuf\u00fchren, der regelm\u00e4\u00dfig im ersten Jahr Ihres neuen Rasens auftritt. Andere Ursachen, die rote Oberteile verursachen k\u00f6nnen, sind schlechte Wurzelbildung, viel Unkraut oder warmes Wetter in Kombination mit einer feuchten Periode. Es ist daher wichtig, besonders im ersten Jahr besonders auf Ihren Rasen zu achten.<\/p>\n\n\n\n<h2 class=\"wp-block-heading\">Rotspitzigkeit behandeln<\/h2>\n\n\n\n<p>Um Rotspitzigkeit in Ihrem Rasen zu beseitigen, m\u00fcssen Sie ihn sorgf\u00e4ltig behandeln. Sie k\u00f6nnen dies tun, indem Sie den Rasen mit einem organischen D\u00fcnger von Unkraut befreien. Entfernen Sie zuerst Unkraut und Moos und streuen Sie dann den D\u00fcnger \u00fcber das Gras. Wenn sich auf Ihrem Rasen Rotspitzigkeit befindet, ist es am besten, zuerst den Boden zu bel\u00fcften. Durch Bel\u00fcften oder Stechen mit einer Harke k\u00f6nnen Wasser und N\u00e4hrstoffe die Wurzeln besser erreichen. Beachten Sie, dass eine D\u00fcngung von Oktober bis Februar nicht empfohlen wird.<\/p>\n\n\n\n<p>Gl\u00fccklicherweise ist Rotspitzigkeit im Gegensatz zu vielen anderen Rasenkrankheiten nicht sch\u00e4dlich f\u00fcr die Wurzeln. Wenn Sie die obigen Schritte ausf\u00fchren, k\u00f6nnen Sie Rotspitzigkeit leicht von Ihrem Rasen entfernen. Hilft das nicht?&nbsp;<a href=\"https:\/\/www.tindemansrollrasen.de\/contact\/\">Dann setzen Sie sich am besten mit uns in Verbindung.<\/a>&nbsp;Wir suchen nach der Ursache f\u00fcr Rotspitzigkeit und nach einem geeigneten Weg, sie zu entfernen.<\/p>\n","protected":false},"excerpt":{"rendered":"<p>Rotspitzigkeit im Rasen Der Name sagt eigentlich alles, rote Spitzen. Dieses Krankheitsph\u00e4nomen ist an rotbraunen F\u00e4den am Grashalm zu erkennen. Oft beginnt es mit einem harmlosen trockenen \/ gelben Fleck, der sich jedoch im Laufe der Zeit zu einem rotbraunen Fleck entwickelt. Diese&nbsp;Rasenkrankheit&nbsp;ist eine Schimmelart und tritt regelm\u00e4\u00dfig in einem neu angelegten Rasen auf. Die [&hellip;]<\/p>\n","protected":false},"author":4,"featured_media":0,"parent":9595,"menu_order":2,"comment_status":"closed","ping_status":"closed","template":"","meta":{"_acf_changed":false,"footnotes":""},"class_list":["post-9647","page","type-page","status-publish","hentry"],"acf":[],"yoast_head":"<!-- This site is optimized with the Yoast SEO plugin v26.9 - https:\/\/yoast.com\/product\/yoast-seo-wordpress\/ -->\n<title>Rotspitzigkeit - Tindemans Graszoden<\/title>\n<meta name=\"robots\" content=\"index, follow, max-snippet:-1, max-image-preview:large, max-video-preview:-1\" \/>\n<link rel=\"canonical\" href=\"https:\/\/www.tindemansgraszoden.nl\/de\/rasenkrankheiten\/rotspitzigkeit\/\" \/>\n<meta property=\"og:locale\" content=\"de_DE\" \/>\n<meta property=\"og:type\" content=\"article\" \/>\n<meta property=\"og:title\" content=\"Rotspitzigkeit - Tindemans Graszoden\" \/>\n<meta property=\"og:description\" content=\"Rotspitzigkeit im Rasen Der Name sagt eigentlich alles, rote Spitzen. Dieses Krankheitsph\u00e4nomen ist an rotbraunen F\u00e4den am Grashalm zu erkennen. Oft beginnt es mit einem harmlosen trockenen \/ gelben Fleck, der sich jedoch im Laufe der Zeit zu einem rotbraunen Fleck entwickelt. Diese&nbsp;Rasenkrankheit&nbsp;ist eine Schimmelart und tritt regelm\u00e4\u00dfig in einem neu angelegten Rasen auf. Die [&hellip;]\" \/>\n<meta property=\"og:url\" content=\"https:\/\/www.tindemansgraszoden.nl\/de\/rasenkrankheiten\/rotspitzigkeit\/\" \/>\n<meta property=\"og:site_name\" content=\"Tindemans Graszoden\" \/>\n<meta property=\"article:modified_time\" content=\"2026-04-09T08:56:06+00:00\" \/>\n<meta property=\"og:image\" content=\"https:\/\/www.tindemansgraszoden.nl\/wp-content\/uploads\/2022\/03\/Rooddraad-gazon.png\" \/>\n\t<meta property=\"og:image:width\" content=\"1024\" \/>\n\t<meta property=\"og:image:height\" content=\"683\" \/>\n\t<meta property=\"og:image:type\" content=\"image\/png\" \/>\n<meta name=\"twitter:card\" content=\"summary_large_image\" \/>\n<meta name=\"twitter:label1\" content=\"Gesch\u00e4tzte Lesezeit\" \/>\n\t<meta name=\"twitter:data1\" content=\"2\u00a0Minuten\" \/>\n<script type=\"application\/ld+json\" class=\"yoast-schema-graph\">{\"@context\":\"https:\/\/schema.org\",\"@graph\":[{\"@type\":\"WebPage\",\"@id\":\"https:\/\/www.tindemansgraszoden.nl\/de\/rasenkrankheiten\/rotspitzigkeit\/\",\"url\":\"https:\/\/www.tindemansgraszoden.nl\/de\/rasenkrankheiten\/rotspitzigkeit\/\",\"name\":\"Rotspitzigkeit - Tindemans Graszoden\",\"isPartOf\":{\"@id\":\"https:\/\/www.tindemansgraszoden.nl\/de\/#website\"},\"primaryImageOfPage\":{\"@id\":\"https:\/\/www.tindemansgraszoden.nl\/de\/rasenkrankheiten\/rotspitzigkeit\/#primaryimage\"},\"image\":{\"@id\":\"https:\/\/www.tindemansgraszoden.nl\/de\/rasenkrankheiten\/rotspitzigkeit\/#primaryimage\"},\"thumbnailUrl\":\"https:\/\/www.tindemansgraszoden.nl\/wp-content\/uploads\/2022\/03\/Rooddraad-gazon.png\",\"datePublished\":\"2022-02-09T14:50:34+00:00\",\"dateModified\":\"2026-04-09T08:56:06+00:00\",\"breadcrumb\":{\"@id\":\"https:\/\/www.tindemansgraszoden.nl\/de\/rasenkrankheiten\/rotspitzigkeit\/#breadcrumb\"},\"inLanguage\":\"de\",\"potentialAction\":[{\"@type\":\"ReadAction\",\"target\":[\"https:\/\/www.tindemansgraszoden.nl\/de\/rasenkrankheiten\/rotspitzigkeit\/\"]}]},{\"@type\":\"ImageObject\",\"inLanguage\":\"de\",\"@id\":\"https:\/\/www.tindemansgraszoden.nl\/de\/rasenkrankheiten\/rotspitzigkeit\/#primaryimage\",\"url\":\"https:\/\/www.tindemansgraszoden.nl\/wp-content\/uploads\/2022\/03\/Rooddraad-gazon.png\",\"contentUrl\":\"https:\/\/www.tindemansgraszoden.nl\/wp-content\/uploads\/2022\/03\/Rooddraad-gazon.png\"},{\"@type\":\"BreadcrumbList\",\"@id\":\"https:\/\/www.tindemansgraszoden.nl\/de\/rasenkrankheiten\/rotspitzigkeit\/#breadcrumb\",\"itemListElement\":[{\"@type\":\"ListItem\",\"position\":1,\"name\":\"Home\",\"item\":\"https:\/\/www.tindemansgraszoden.nl\/de\/\"},{\"@type\":\"ListItem\",\"position\":2,\"name\":\"Rasenkrankheiten\",\"item\":\"https:\/\/www.tindemansgraszoden.nl\/de\/rasenkrankheiten\/\"},{\"@type\":\"ListItem\",\"position\":3,\"name\":\"Rotspitzigkeit\"}]},{\"@type\":\"WebSite\",\"@id\":\"https:\/\/www.tindemansgraszoden.nl\/de\/#website\",\"url\":\"https:\/\/www.tindemansgraszoden.nl\/de\/\",\"name\":\"Tindemans Graszoden\",\"description\":\"Graszoden Limburg: levering en aanleg\",\"publisher\":{\"@id\":\"https:\/\/www.tindemansgraszoden.nl\/de\/#organization\"},\"potentialAction\":[{\"@type\":\"SearchAction\",\"target\":{\"@type\":\"EntryPoint\",\"urlTemplate\":\"https:\/\/www.tindemansgraszoden.nl\/de\/?s={search_term_string}\"},\"query-input\":{\"@type\":\"PropertyValueSpecification\",\"valueRequired\":true,\"valueName\":\"search_term_string\"}}],\"inLanguage\":\"de\"},{\"@type\":\"Organization\",\"@id\":\"https:\/\/www.tindemansgraszoden.nl\/de\/#organization\",\"name\":\"Tindemans Graszoden\",\"url\":\"https:\/\/www.tindemansgraszoden.nl\/de\/\",\"logo\":{\"@type\":\"ImageObject\",\"inLanguage\":\"de\",\"@id\":\"https:\/\/www.tindemansgraszoden.nl\/de\/#\/schema\/logo\/image\/\",\"url\":\"https:\/\/www.tindemansgraszoden.nl\/wp-content\/uploads\/2022\/04\/logo.png\",\"contentUrl\":\"https:\/\/www.tindemansgraszoden.nl\/wp-content\/uploads\/2022\/04\/logo.png\",\"width\":394,\"height\":120,\"caption\":\"Tindemans Graszoden\"},\"image\":{\"@id\":\"https:\/\/www.tindemansgraszoden.nl\/de\/#\/schema\/logo\/image\/\"}}]}<\/script>\n<!-- \/ Yoast SEO plugin. -->","yoast_head_json":{"title":"Rotspitzigkeit - Tindemans Graszoden","robots":{"index":"index","follow":"follow","max-snippet":"max-snippet:-1","max-image-preview":"max-image-preview:large","max-video-preview":"max-video-preview:-1"},"canonical":"https:\/\/www.tindemansgraszoden.nl\/de\/rasenkrankheiten\/rotspitzigkeit\/","og_locale":"de_DE","og_type":"article","og_title":"Rotspitzigkeit - Tindemans Graszoden","og_description":"Rotspitzigkeit im Rasen Der Name sagt eigentlich alles, rote Spitzen. Dieses Krankheitsph\u00e4nomen ist an rotbraunen F\u00e4den am Grashalm zu erkennen. Oft beginnt es mit einem harmlosen trockenen \/ gelben Fleck, der sich jedoch im Laufe der Zeit zu einem rotbraunen Fleck entwickelt. Diese&nbsp;Rasenkrankheit&nbsp;ist eine Schimmelart und tritt regelm\u00e4\u00dfig in einem neu angelegten Rasen auf. Die [&hellip;]","og_url":"https:\/\/www.tindemansgraszoden.nl\/de\/rasenkrankheiten\/rotspitzigkeit\/","og_site_name":"Tindemans Graszoden","article_modified_time":"2026-04-09T08:56:06+00:00","og_image":[{"width":1024,"height":683,"url":"https:\/\/www.tindemansgraszoden.nl\/wp-content\/uploads\/2022\/03\/Rooddraad-gazon.png","type":"image\/png"}],"twitter_card":"summary_large_image","twitter_misc":{"Gesch\u00e4tzte Lesezeit":"2\u00a0Minuten"},"schema":{"@context":"https:\/\/schema.org","@graph":[{"@type":"WebPage","@id":"https:\/\/www.tindemansgraszoden.nl\/de\/rasenkrankheiten\/rotspitzigkeit\/","url":"https:\/\/www.tindemansgraszoden.nl\/de\/rasenkrankheiten\/rotspitzigkeit\/","name":"Rotspitzigkeit - Tindemans Graszoden","isPartOf":{"@id":"https:\/\/www.tindemansgraszoden.nl\/de\/#website"},"primaryImageOfPage":{"@id":"https:\/\/www.tindemansgraszoden.nl\/de\/rasenkrankheiten\/rotspitzigkeit\/#primaryimage"},"image":{"@id":"https:\/\/www.tindemansgraszoden.nl\/de\/rasenkrankheiten\/rotspitzigkeit\/#primaryimage"},"thumbnailUrl":"https:\/\/www.tindemansgraszoden.nl\/wp-content\/uploads\/2022\/03\/Rooddraad-gazon.png","datePublished":"2022-02-09T14:50:34+00:00","dateModified":"2026-04-09T08:56:06+00:00","breadcrumb":{"@id":"https:\/\/www.tindemansgraszoden.nl\/de\/rasenkrankheiten\/rotspitzigkeit\/#breadcrumb"},"inLanguage":"de","potentialAction":[{"@type":"ReadAction","target":["https:\/\/www.tindemansgraszoden.nl\/de\/rasenkrankheiten\/rotspitzigkeit\/"]}]},{"@type":"ImageObject","inLanguage":"de","@id":"https:\/\/www.tindemansgraszoden.nl\/de\/rasenkrankheiten\/rotspitzigkeit\/#primaryimage","url":"https:\/\/www.tindemansgraszoden.nl\/wp-content\/uploads\/2022\/03\/Rooddraad-gazon.png","contentUrl":"https:\/\/www.tindemansgraszoden.nl\/wp-content\/uploads\/2022\/03\/Rooddraad-gazon.png"},{"@type":"BreadcrumbList","@id":"https:\/\/www.tindemansgraszoden.nl\/de\/rasenkrankheiten\/rotspitzigkeit\/#breadcrumb","itemListElement":[{"@type":"ListItem","position":1,"name":"Home","item":"https:\/\/www.tindemansgraszoden.nl\/de\/"},{"@type":"ListItem","position":2,"name":"Rasenkrankheiten","item":"https:\/\/www.tindemansgraszoden.nl\/de\/rasenkrankheiten\/"},{"@type":"ListItem","position":3,"name":"Rotspitzigkeit"}]},{"@type":"WebSite","@id":"https:\/\/www.tindemansgraszoden.nl\/de\/#website","url":"https:\/\/www.tindemansgraszoden.nl\/de\/","name":"Tindemans Graszoden","description":"Graszoden Limburg: levering en aanleg","publisher":{"@id":"https:\/\/www.tindemansgraszoden.nl\/de\/#organization"},"potentialAction":[{"@type":"SearchAction","target":{"@type":"EntryPoint","urlTemplate":"https:\/\/www.tindemansgraszoden.nl\/de\/?s={search_term_string}"},"query-input":{"@type":"PropertyValueSpecification","valueRequired":true,"valueName":"search_term_string"}}],"inLanguage":"de"},{"@type":"Organization","@id":"https:\/\/www.tindemansgraszoden.nl\/de\/#organization","name":"Tindemans Graszoden","url":"https:\/\/www.tindemansgraszoden.nl\/de\/","logo":{"@type":"ImageObject","inLanguage":"de","@id":"https:\/\/www.tindemansgraszoden.nl\/de\/#\/schema\/logo\/image\/","url":"https:\/\/www.tindemansgraszoden.nl\/wp-content\/uploads\/2022\/04\/logo.png","contentUrl":"https:\/\/www.tindemansgraszoden.nl\/wp-content\/uploads\/2022\/04\/logo.png","width":394,"height":120,"caption":"Tindemans Graszoden"},"image":{"@id":"https:\/\/www.tindemansgraszoden.nl\/de\/#\/schema\/logo\/image\/"}}]}},"_links":{"self":[{"href":"https:\/\/www.tindemansgraszoden.nl\/de\/wp-json\/wp\/v2\/pages\/9647","targetHints":{"allow":["GET"]}}],"collection":[{"href":"https:\/\/www.tindemansgraszoden.nl\/de\/wp-json\/wp\/v2\/pages"}],"about":[{"href":"https:\/\/www.tindemansgraszoden.nl\/de\/wp-json\/wp\/v2\/types\/page"}],"author":[{"embeddable":true,"href":"https:\/\/www.tindemansgraszoden.nl\/de\/wp-json\/wp\/v2\/users\/4"}],"replies":[{"embeddable":true,"href":"https:\/\/www.tindemansgraszoden.nl\/de\/wp-json\/wp\/v2\/comments?post=9647"}],"version-history":[{"count":2,"href":"https:\/\/www.tindemansgraszoden.nl\/de\/wp-json\/wp\/v2\/pages\/9647\/revisions"}],"predecessor-version":[{"id":9702,"href":"https:\/\/www.tindemansgraszoden.nl\/de\/wp-json\/wp\/v2\/pages\/9647\/revisions\/9702"}],"up":[{"embeddable":true,"href":"https:\/\/www.tindemansgraszoden.nl\/de\/wp-json\/wp\/v2\/pages\/9595"}],"wp:attachment":[{"href":"https:\/\/www.tindemansgraszoden.nl\/de\/wp-json\/wp\/v2\/media?parent=9647"}],"curies":[{"name":"wp","href":"https:\/\/api.w.org\/{rel}","templated":true}]}}