{"id":9641,"date":"2022-02-09T15:14:48","date_gmt":"2022-02-09T14:14:48","guid":{"rendered":"https:\/\/www.tindemansgraszoden.nl\/?page_id=9641"},"modified":"2026-04-09T10:54:58","modified_gmt":"2026-04-09T08:54:58","slug":"regenwurmer-rasen","status":"publish","type":"page","link":"https:\/\/www.tindemansgraszoden.nl\/de\/rasenkrankheiten\/regenwurmer-rasen\/","title":{"rendered":"Regenw\u00fcrmer"},"content":{"rendered":"\n<h1 class=\"wp-block-heading\">Regenw\u00fcrmer im Rasen<\/h1>\n\n\n\n<p>Weist Ihr Rasen zahllose kleine Sandhaufen auf? Dann leiden Sie wahrscheinlich an Regenw\u00fcrmern. Obwohl dies sehr \u00e4rgerlich ist, ist dies einer der wenigen Plagegeister, die Ihrem Rasen keinen Schaden zuf\u00fcgen. Ganz im Gegenteil, denn Regenw\u00fcrmer haben einen n\u00fctzlichen Effekt auf Ihre Bodenstruktur. Trotz der positiven Wirkung der Regenw\u00fcrmer sind die Sandhaufen ein gro\u00dfer Nachteil.<\/p>\n\n\n\n<h2 class=\"wp-block-heading\">Ursache f\u00fcr Regenw\u00fcrmer<\/h2>\n\n\n\n<p>Regenw\u00fcrmer befinden sich (fast) \u00fcberall im Boden, und obwohl sie harmlos sind, k\u00f6nnen sie unglaublich unangenehm sein. Regenw\u00fcrmer lieben feuchten Boden und halten sich gerne hier auf. Dies hat den Nachteil, dass Regenw\u00fcrmer haupts\u00e4chlich bei Regen an die Oberfl\u00e4che Ihres Rasens kommen. Infolgedessen bringen sie Teile des Bodens nach oben und bilden Dutzende Sandhaufen.<\/p>\n\n\n\n<p><br><p><img fetchpriority=\"high\" decoding=\"async\" width=\"349\" height=\"233\" class=\"alignnone wp-image-1543\" src=\"https:\/\/www.tindemansgraszoden.nl\/wp-content\/uploads\/2022\/03\/regenwormen-in-gras.png\" alt=\"regenwormen in gras\" srcset=\"https:\/\/www.tindemansgraszoden.nl\/wp-content\/uploads\/2022\/03\/regenwormen-in-gras.png 1024w, https:\/\/www.tindemansgraszoden.nl\/wp-content\/uploads\/2022\/03\/regenwormen-in-gras-300x200.png 300w, https:\/\/www.tindemansgraszoden.nl\/wp-content\/uploads\/2022\/03\/regenwormen-in-gras-768x512.png 768w, https:\/\/www.tindemansgraszoden.nl\/wp-content\/uploads\/2022\/03\/regenwormen-in-gras-600x400.png 600w\" sizes=\"(max-width: 349px) 100vw, 349px\" \/>\u00a0 \u00a0 <img decoding=\"async\" width=\"350\" height=\"233\" class=\"alignnone wp-image-1544\" src=\"https:\/\/www.tindemansgraszoden.nl\/wp-content\/uploads\/2022\/03\/regenwormen-.png\" alt=\"regenwormen zand\" srcset=\"https:\/\/www.tindemansgraszoden.nl\/wp-content\/uploads\/2022\/03\/regenwormen-.png 1024w, https:\/\/www.tindemansgraszoden.nl\/wp-content\/uploads\/2022\/03\/regenwormen--300x200.png 300w, https:\/\/www.tindemansgraszoden.nl\/wp-content\/uploads\/2022\/03\/regenwormen--768x512.png 768w, https:\/\/www.tindemansgraszoden.nl\/wp-content\/uploads\/2022\/03\/regenwormen--600x400.png 600w\" sizes=\"(max-width: 350px) 100vw, 350px\" \/><\/p><\/p>\n\n\n\n<h2 class=\"wp-block-heading\">Regenw\u00fcrmer im Rasen bek\u00e4mpfen<\/h2>\n\n\n\n<p>Regenw\u00fcrmer sind leider sehr schwer zu loszuwerden, aber da sie nicht direkt sch\u00e4dlich f\u00fcr Ihren Rasen sind, m\u00fcssen Sie sie auch nicht bek\u00e4mpfen. Leiden Sie sehr unter den Regenw\u00fcrmern, zum Beispiel wegen der Sandhaufen? Dann ist es am besten, den Rasen regelm\u00e4\u00dfig mit einem Laubrechen zu harken. Auf diese Weise verteilen Sie die Sandhaufen und verhindern zu viele Haufen auf dem Rasen.<\/p>\n\n\n\n<h2 class=\"wp-block-heading\">Die N\u00fctzlichkeit von Regenw\u00fcrmern<\/h2>\n\n\n\n<p>Neben den Nachteilen, die Regenw\u00fcrmer mit sich bringen k\u00f6nnen, hat der Regenwurm tats\u00e4chlich nur Vorteile. Ein Regenwurm, wie er seinem Namen verdankt, sorgt daf\u00fcr, dass das (Regen-) Wasser leicht in den Untergrund eindringt. Der Regenwurm ist auch ein ideales Hilfsmittel zur Verbesserung der Bodenstruktur. Sie tun dies, indem sie organisches Material verdauen, das gegen Unkraut und&nbsp;<a href=\"https:\/\/www.tindemansrollrasen.de\/2023\/03\/16\/moos-im-rasen\/\">Moos<\/a>&nbsp;hilft.<\/p>\n\n\n\n<p>Leiden Sie doch unter den negativen Auswirkungen des Regenwurms wie den Sandhaufen? Oder wissen Sie nicht, mit welchen&nbsp;<a href=\"https:\/\/www.tindemansrollrasen.de\/rasenkrankheiten\/blattfleckenkrankheit\/\">Rasenkrankheiten<\/a>&nbsp;oder Sch\u00e4dlingen Sie es zu tun haben? Sie k\u00f6nnen uns jederzeit f\u00fcr Ratschl\u00e4ge oder Informationen&nbsp;<a href=\"https:\/\/www.tindemansrollrasen.de\/contact\/\">kontaktieren<\/a>.<\/p>\n","protected":false},"excerpt":{"rendered":"<p>Regenw\u00fcrmer im Rasen Weist Ihr Rasen zahllose kleine Sandhaufen auf? Dann leiden Sie wahrscheinlich an Regenw\u00fcrmern. Obwohl dies sehr \u00e4rgerlich ist, ist dies einer der wenigen Plagegeister, die Ihrem Rasen keinen Schaden zuf\u00fcgen. Ganz im Gegenteil, denn Regenw\u00fcrmer haben einen n\u00fctzlichen Effekt auf Ihre Bodenstruktur. Trotz der positiven Wirkung der Regenw\u00fcrmer sind die Sandhaufen ein [&hellip;]<\/p>\n","protected":false},"author":4,"featured_media":9640,"parent":9595,"menu_order":2,"comment_status":"closed","ping_status":"closed","template":"","meta":{"_acf_changed":false,"footnotes":""},"class_list":["post-9641","page","type-page","status-publish","has-post-thumbnail","hentry"],"acf":[],"yoast_head":"<!-- This site is optimized with the Yoast SEO plugin v26.9 - https:\/\/yoast.com\/product\/yoast-seo-wordpress\/ -->\n<title>Regenw\u00fcrmer - Tindemans Graszoden<\/title>\n<meta name=\"robots\" content=\"index, follow, max-snippet:-1, max-image-preview:large, max-video-preview:-1\" \/>\n<link rel=\"canonical\" href=\"https:\/\/www.tindemansgraszoden.nl\/de\/rasenkrankheiten\/regenwurmer-rasen\/\" \/>\n<meta property=\"og:locale\" content=\"de_DE\" \/>\n<meta property=\"og:type\" content=\"article\" \/>\n<meta property=\"og:title\" content=\"Regenw\u00fcrmer - Tindemans Graszoden\" \/>\n<meta property=\"og:description\" content=\"Regenw\u00fcrmer im Rasen Weist Ihr Rasen zahllose kleine Sandhaufen auf? Dann leiden Sie wahrscheinlich an Regenw\u00fcrmern. Obwohl dies sehr \u00e4rgerlich ist, ist dies einer der wenigen Plagegeister, die Ihrem Rasen keinen Schaden zuf\u00fcgen. Ganz im Gegenteil, denn Regenw\u00fcrmer haben einen n\u00fctzlichen Effekt auf Ihre Bodenstruktur. Trotz der positiven Wirkung der Regenw\u00fcrmer sind die Sandhaufen ein [&hellip;]\" \/>\n<meta property=\"og:url\" content=\"https:\/\/www.tindemansgraszoden.nl\/de\/rasenkrankheiten\/regenwurmer-rasen\/\" \/>\n<meta property=\"og:site_name\" content=\"Tindemans Graszoden\" \/>\n<meta property=\"article:modified_time\" content=\"2026-04-09T08:54:58+00:00\" \/>\n<meta property=\"og:image\" content=\"https:\/\/www.tindemansgraszoden.nl\/wp-content\/uploads\/2022\/02\/Regenworm-1-rotated.jpg\" \/>\n\t<meta property=\"og:image:width\" content=\"1200\" \/>\n\t<meta property=\"og:image:height\" content=\"798\" \/>\n\t<meta property=\"og:image:type\" content=\"image\/jpeg\" \/>\n<meta name=\"twitter:card\" content=\"summary_large_image\" \/>\n<meta name=\"twitter:label1\" content=\"Gesch\u00e4tzte Lesezeit\" \/>\n\t<meta name=\"twitter:data1\" content=\"2\u00a0Minuten\" \/>\n<script type=\"application\/ld+json\" class=\"yoast-schema-graph\">{\"@context\":\"https:\/\/schema.org\",\"@graph\":[{\"@type\":\"WebPage\",\"@id\":\"https:\/\/www.tindemansgraszoden.nl\/de\/rasenkrankheiten\/regenwurmer-rasen\/\",\"url\":\"https:\/\/www.tindemansgraszoden.nl\/de\/rasenkrankheiten\/regenwurmer-rasen\/\",\"name\":\"Regenw\u00fcrmer - Tindemans Graszoden\",\"isPartOf\":{\"@id\":\"https:\/\/www.tindemansgraszoden.nl\/de\/#website\"},\"primaryImageOfPage\":{\"@id\":\"https:\/\/www.tindemansgraszoden.nl\/de\/rasenkrankheiten\/regenwurmer-rasen\/#primaryimage\"},\"image\":{\"@id\":\"https:\/\/www.tindemansgraszoden.nl\/de\/rasenkrankheiten\/regenwurmer-rasen\/#primaryimage\"},\"thumbnailUrl\":\"https:\/\/www.tindemansgraszoden.nl\/wp-content\/uploads\/2022\/02\/Regenworm-1-rotated.jpg\",\"datePublished\":\"2022-02-09T14:14:48+00:00\",\"dateModified\":\"2026-04-09T08:54:58+00:00\",\"breadcrumb\":{\"@id\":\"https:\/\/www.tindemansgraszoden.nl\/de\/rasenkrankheiten\/regenwurmer-rasen\/#breadcrumb\"},\"inLanguage\":\"de\",\"potentialAction\":[{\"@type\":\"ReadAction\",\"target\":[\"https:\/\/www.tindemansgraszoden.nl\/de\/rasenkrankheiten\/regenwurmer-rasen\/\"]}]},{\"@type\":\"ImageObject\",\"inLanguage\":\"de\",\"@id\":\"https:\/\/www.tindemansgraszoden.nl\/de\/rasenkrankheiten\/regenwurmer-rasen\/#primaryimage\",\"url\":\"https:\/\/www.tindemansgraszoden.nl\/wp-content\/uploads\/2022\/02\/Regenworm-1-rotated.jpg\",\"contentUrl\":\"https:\/\/www.tindemansgraszoden.nl\/wp-content\/uploads\/2022\/02\/Regenworm-1-rotated.jpg\",\"width\":1200,\"height\":798,\"caption\":\"regenwormen\"},{\"@type\":\"BreadcrumbList\",\"@id\":\"https:\/\/www.tindemansgraszoden.nl\/de\/rasenkrankheiten\/regenwurmer-rasen\/#breadcrumb\",\"itemListElement\":[{\"@type\":\"ListItem\",\"position\":1,\"name\":\"Home\",\"item\":\"https:\/\/www.tindemansgraszoden.nl\/de\/\"},{\"@type\":\"ListItem\",\"position\":2,\"name\":\"Rasenkrankheiten\",\"item\":\"https:\/\/www.tindemansgraszoden.nl\/de\/rasenkrankheiten\/\"},{\"@type\":\"ListItem\",\"position\":3,\"name\":\"Regenw\u00fcrmer\"}]},{\"@type\":\"WebSite\",\"@id\":\"https:\/\/www.tindemansgraszoden.nl\/de\/#website\",\"url\":\"https:\/\/www.tindemansgraszoden.nl\/de\/\",\"name\":\"Tindemans Graszoden\",\"description\":\"Graszoden Limburg: levering en aanleg\",\"publisher\":{\"@id\":\"https:\/\/www.tindemansgraszoden.nl\/de\/#organization\"},\"potentialAction\":[{\"@type\":\"SearchAction\",\"target\":{\"@type\":\"EntryPoint\",\"urlTemplate\":\"https:\/\/www.tindemansgraszoden.nl\/de\/?s={search_term_string}\"},\"query-input\":{\"@type\":\"PropertyValueSpecification\",\"valueRequired\":true,\"valueName\":\"search_term_string\"}}],\"inLanguage\":\"de\"},{\"@type\":\"Organization\",\"@id\":\"https:\/\/www.tindemansgraszoden.nl\/de\/#organization\",\"name\":\"Tindemans Graszoden\",\"url\":\"https:\/\/www.tindemansgraszoden.nl\/de\/\",\"logo\":{\"@type\":\"ImageObject\",\"inLanguage\":\"de\",\"@id\":\"https:\/\/www.tindemansgraszoden.nl\/de\/#\/schema\/logo\/image\/\",\"url\":\"https:\/\/www.tindemansgraszoden.nl\/wp-content\/uploads\/2022\/04\/logo.png\",\"contentUrl\":\"https:\/\/www.tindemansgraszoden.nl\/wp-content\/uploads\/2022\/04\/logo.png\",\"width\":394,\"height\":120,\"caption\":\"Tindemans Graszoden\"},\"image\":{\"@id\":\"https:\/\/www.tindemansgraszoden.nl\/de\/#\/schema\/logo\/image\/\"}}]}<\/script>\n<!-- \/ Yoast SEO plugin. -->","yoast_head_json":{"title":"Regenw\u00fcrmer - Tindemans Graszoden","robots":{"index":"index","follow":"follow","max-snippet":"max-snippet:-1","max-image-preview":"max-image-preview:large","max-video-preview":"max-video-preview:-1"},"canonical":"https:\/\/www.tindemansgraszoden.nl\/de\/rasenkrankheiten\/regenwurmer-rasen\/","og_locale":"de_DE","og_type":"article","og_title":"Regenw\u00fcrmer - Tindemans Graszoden","og_description":"Regenw\u00fcrmer im Rasen Weist Ihr Rasen zahllose kleine Sandhaufen auf? Dann leiden Sie wahrscheinlich an Regenw\u00fcrmern. Obwohl dies sehr \u00e4rgerlich ist, ist dies einer der wenigen Plagegeister, die Ihrem Rasen keinen Schaden zuf\u00fcgen. Ganz im Gegenteil, denn Regenw\u00fcrmer haben einen n\u00fctzlichen Effekt auf Ihre Bodenstruktur. Trotz der positiven Wirkung der Regenw\u00fcrmer sind die Sandhaufen ein [&hellip;]","og_url":"https:\/\/www.tindemansgraszoden.nl\/de\/rasenkrankheiten\/regenwurmer-rasen\/","og_site_name":"Tindemans Graszoden","article_modified_time":"2026-04-09T08:54:58+00:00","og_image":[{"width":1200,"height":798,"url":"https:\/\/www.tindemansgraszoden.nl\/wp-content\/uploads\/2022\/02\/Regenworm-1-rotated.jpg","type":"image\/jpeg"}],"twitter_card":"summary_large_image","twitter_misc":{"Gesch\u00e4tzte Lesezeit":"2\u00a0Minuten"},"schema":{"@context":"https:\/\/schema.org","@graph":[{"@type":"WebPage","@id":"https:\/\/www.tindemansgraszoden.nl\/de\/rasenkrankheiten\/regenwurmer-rasen\/","url":"https:\/\/www.tindemansgraszoden.nl\/de\/rasenkrankheiten\/regenwurmer-rasen\/","name":"Regenw\u00fcrmer - Tindemans Graszoden","isPartOf":{"@id":"https:\/\/www.tindemansgraszoden.nl\/de\/#website"},"primaryImageOfPage":{"@id":"https:\/\/www.tindemansgraszoden.nl\/de\/rasenkrankheiten\/regenwurmer-rasen\/#primaryimage"},"image":{"@id":"https:\/\/www.tindemansgraszoden.nl\/de\/rasenkrankheiten\/regenwurmer-rasen\/#primaryimage"},"thumbnailUrl":"https:\/\/www.tindemansgraszoden.nl\/wp-content\/uploads\/2022\/02\/Regenworm-1-rotated.jpg","datePublished":"2022-02-09T14:14:48+00:00","dateModified":"2026-04-09T08:54:58+00:00","breadcrumb":{"@id":"https:\/\/www.tindemansgraszoden.nl\/de\/rasenkrankheiten\/regenwurmer-rasen\/#breadcrumb"},"inLanguage":"de","potentialAction":[{"@type":"ReadAction","target":["https:\/\/www.tindemansgraszoden.nl\/de\/rasenkrankheiten\/regenwurmer-rasen\/"]}]},{"@type":"ImageObject","inLanguage":"de","@id":"https:\/\/www.tindemansgraszoden.nl\/de\/rasenkrankheiten\/regenwurmer-rasen\/#primaryimage","url":"https:\/\/www.tindemansgraszoden.nl\/wp-content\/uploads\/2022\/02\/Regenworm-1-rotated.jpg","contentUrl":"https:\/\/www.tindemansgraszoden.nl\/wp-content\/uploads\/2022\/02\/Regenworm-1-rotated.jpg","width":1200,"height":798,"caption":"regenwormen"},{"@type":"BreadcrumbList","@id":"https:\/\/www.tindemansgraszoden.nl\/de\/rasenkrankheiten\/regenwurmer-rasen\/#breadcrumb","itemListElement":[{"@type":"ListItem","position":1,"name":"Home","item":"https:\/\/www.tindemansgraszoden.nl\/de\/"},{"@type":"ListItem","position":2,"name":"Rasenkrankheiten","item":"https:\/\/www.tindemansgraszoden.nl\/de\/rasenkrankheiten\/"},{"@type":"ListItem","position":3,"name":"Regenw\u00fcrmer"}]},{"@type":"WebSite","@id":"https:\/\/www.tindemansgraszoden.nl\/de\/#website","url":"https:\/\/www.tindemansgraszoden.nl\/de\/","name":"Tindemans Graszoden","description":"Graszoden Limburg: levering en aanleg","publisher":{"@id":"https:\/\/www.tindemansgraszoden.nl\/de\/#organization"},"potentialAction":[{"@type":"SearchAction","target":{"@type":"EntryPoint","urlTemplate":"https:\/\/www.tindemansgraszoden.nl\/de\/?s={search_term_string}"},"query-input":{"@type":"PropertyValueSpecification","valueRequired":true,"valueName":"search_term_string"}}],"inLanguage":"de"},{"@type":"Organization","@id":"https:\/\/www.tindemansgraszoden.nl\/de\/#organization","name":"Tindemans Graszoden","url":"https:\/\/www.tindemansgraszoden.nl\/de\/","logo":{"@type":"ImageObject","inLanguage":"de","@id":"https:\/\/www.tindemansgraszoden.nl\/de\/#\/schema\/logo\/image\/","url":"https:\/\/www.tindemansgraszoden.nl\/wp-content\/uploads\/2022\/04\/logo.png","contentUrl":"https:\/\/www.tindemansgraszoden.nl\/wp-content\/uploads\/2022\/04\/logo.png","width":394,"height":120,"caption":"Tindemans Graszoden"},"image":{"@id":"https:\/\/www.tindemansgraszoden.nl\/de\/#\/schema\/logo\/image\/"}}]}},"_links":{"self":[{"href":"https:\/\/www.tindemansgraszoden.nl\/de\/wp-json\/wp\/v2\/pages\/9641","targetHints":{"allow":["GET"]}}],"collection":[{"href":"https:\/\/www.tindemansgraszoden.nl\/de\/wp-json\/wp\/v2\/pages"}],"about":[{"href":"https:\/\/www.tindemansgraszoden.nl\/de\/wp-json\/wp\/v2\/types\/page"}],"author":[{"embeddable":true,"href":"https:\/\/www.tindemansgraszoden.nl\/de\/wp-json\/wp\/v2\/users\/4"}],"replies":[{"embeddable":true,"href":"https:\/\/www.tindemansgraszoden.nl\/de\/wp-json\/wp\/v2\/comments?post=9641"}],"version-history":[{"count":2,"href":"https:\/\/www.tindemansgraszoden.nl\/de\/wp-json\/wp\/v2\/pages\/9641\/revisions"}],"predecessor-version":[{"id":9701,"href":"https:\/\/www.tindemansgraszoden.nl\/de\/wp-json\/wp\/v2\/pages\/9641\/revisions\/9701"}],"up":[{"embeddable":true,"href":"https:\/\/www.tindemansgraszoden.nl\/de\/wp-json\/wp\/v2\/pages\/9595"}],"wp:featuredmedia":[{"embeddable":true,"href":"https:\/\/www.tindemansgraszoden.nl\/de\/wp-json\/wp\/v2\/media\/9640"}],"wp:attachment":[{"href":"https:\/\/www.tindemansgraszoden.nl\/de\/wp-json\/wp\/v2\/media?parent=9641"}],"curies":[{"name":"wp","href":"https:\/\/api.w.org\/{rel}","templated":true}]}}