{"id":9636,"date":"2022-02-09T15:38:30","date_gmt":"2022-02-09T14:38:30","guid":{"rendered":"https:\/\/www.tindemansgraszoden.nl\/?page_id=9636"},"modified":"2026-04-09T10:29:58","modified_gmt":"2026-04-09T08:29:58","slug":"rasenrost","status":"publish","type":"page","link":"https:\/\/www.tindemansgraszoden.nl\/de\/rasenkrankheiten\/rasenrost\/","title":{"rendered":"Rasenrost"},"content":{"rendered":"\n<h1 class=\"wp-block-heading\">Rasenrost<\/h1>\n\n\n\n<p>Rasenrost z\u00e4hlt zu den am weitesten verbreiteten Rasenkrankheiten. Man kann drei Arten von Rasenrostkrankheiten unterscheiden: Gelbrost, Wiesenrispenrost und Kronenrost. Alle drei Rostkrankheiten treten haupts\u00e4chlich bei Wiesenrispengras und Deutschem Weidelgras auf, zwei der drei Hauptgr\u00e4ser, aus denen der Rollrasen besteht.<\/p>\n\n\n\n<p><em><br><p><img decoding=\"async\" width=\"211\" height=\"190\" class=\"alignnone wp-image-970\" src=\"https:\/\/www.tindemansgraszoden.nl\/wp-content\/uploads\/2022\/02\/Kroonroest.jpg\" alt=\"Kroonroest gazon\">\u00a0 \u00a0 \u00a0<img decoding=\"async\" width=\"253\" height=\"190\" class=\"alignnone wp-image-968\" src=\"https:\/\/www.tindemansgraszoden.nl\/wp-content\/uploads\/2022\/02\/Roest-altijd-vernoemen-Door-FLamiot-Eigen-werk-CC-BY-SA-3.0.jpg\" alt=\"Oranje strepen roest\" srcset=\"https:\/\/www.tindemansgraszoden.nl\/wp-content\/uploads\/2022\/02\/Roest-altijd-vernoemen-Door-FLamiot-Eigen-werk-CC-BY-SA-3.0.jpg 2560w, https:\/\/www.tindemansgraszoden.nl\/wp-content\/uploads\/2022\/02\/Roest-altijd-vernoemen-Door-FLamiot-Eigen-werk-CC-BY-SA-3.0-600x450.jpg 600w, https:\/\/www.tindemansgraszoden.nl\/wp-content\/uploads\/2022\/02\/Roest-altijd-vernoemen-Door-FLamiot-Eigen-werk-CC-BY-SA-3.0-300x225.jpg 300w, https:\/\/www.tindemansgraszoden.nl\/wp-content\/uploads\/2022\/02\/Roest-altijd-vernoemen-Door-FLamiot-Eigen-werk-CC-BY-SA-3.0-1024x768.jpg 1024w, https:\/\/www.tindemansgraszoden.nl\/wp-content\/uploads\/2022\/02\/Roest-altijd-vernoemen-Door-FLamiot-Eigen-werk-CC-BY-SA-3.0-768x576.jpg 768w, https:\/\/www.tindemansgraszoden.nl\/wp-content\/uploads\/2022\/02\/Roest-altijd-vernoemen-Door-FLamiot-Eigen-werk-CC-BY-SA-3.0-1536x1152.jpg 1536w, https:\/\/www.tindemansgraszoden.nl\/wp-content\/uploads\/2022\/02\/Roest-altijd-vernoemen-Door-FLamiot-Eigen-werk-CC-BY-SA-3.0-2048x1536.jpg 2048w\" sizes=\"(max-width: 253px) 100vw, 253px\" \/>\u00a0 \u00a0 \u00a0<img decoding=\"async\" width=\"212\" height=\"190\" class=\"alignnone wp-image-969\" src=\"https:\/\/www.tindemansgraszoden.nl\/wp-content\/uploads\/2022\/02\/Bruine-vlekken-roest.jpg\" alt=\"bruine vlekken roest\"> <em>Kroonroest\u00a0 \u00a0 \u00a0 \u00a0 \u00a0 \u00a0 \u00a0 \u00a0 \u00a0 \u00a0 \u00a0 \u00a0 \u00a0 \u00a0 \u00a0 \u00a0 \u00a0 \u00a0 \u00a0Oranje strepenroest\u00a0 \u00a0 \u00a0 \u00a0 \u00a0 \u00a0 \u00a0 \u00a0 \u00a0 \u00a0 \u00a0 \u00a0 \u00a0 \u00a0 \u00a0 \u00a0 Bruine vlekken roest\u00a0 \u00a0 \u00a0 \u00a0 \u00a0 \u00a0 \u00a0 <\/em><\/p><\/em><\/p>\n\n\n\n<h2 class=\"wp-block-heading\">Kronenrost im Gras<\/h2>\n\n\n\n<p>Kronenrost ist eine unangenehme Rasenkrankheit, die vorwiegend zwischen Ende Juli und Oktober auftreten kann. Erkennbar ist dieser Rost an den orangefarbenen Spuren auf den Grashalmen und sp\u00e4ter an den abgestorbenen Stellen. Kronenrost betrifft haupts\u00e4chlich die Bl\u00e4tter des Grases, w\u00e4hrend der Stiel und der Bl\u00fctenstand unber\u00fchrt bleiben. Besonders feuchtes und warmes Wetter beg\u00fcnstigen das Auftreten von Kronenrost, insbesondere beim Deutschen Weidelgras.<\/p>\n\n\n\n<h2 class=\"wp-block-heading\">Gelbrost<\/h2>\n\n\n\n<p>Gelbrost tritt vorwiegend im Fr\u00fchling, zwischen Mai und Juni, auf. \u00c4hnlich wie der Kronenrost tritt Gelbrost haupts\u00e4chlich im Wiesen-Rispengras auf. Auf den ersten Blick mag die Rasenkrankheit schwer zu erkennen sein, da sie sich anfangs auf begrenztem Raum zeigt. Mit der Zeit breitet sich dieser Pilz jedoch \u00fcber den gesamten Rasen aus und wird durch gelb-orangefarbene Streifen auf den Grasbl\u00e4ttern deutlich. Besonders betroffen sind dabei die Bl\u00e4tter und St\u00e4ngel.<\/p>\n\n\n\n<h2 class=\"wp-block-heading\">Wiesenrispenrost<\/h2>\n\n\n\n<p>Wie bei anderen Rostkrankheiten ist es nat\u00fcrlich w\u00fcnschenswert, Wiesenrispenrost in Ihrem Rasen zu vermeiden. Diese Pilzart breitet sich allm\u00e4hlich im gesamten Rasen aus, insbesondere in Bereichen mit Wiesenrispengras. Wiesenrispenrost tritt vorwiegend ab April auf und ist an br\u00e4unlichen Sporenhopfen auf den Bl\u00e4ttern zu erkennen. Diese Krankheit entwickelt sich besonders in feuchten und warmen Perioden.<\/p>\n\n\n\n<h2 class=\"wp-block-heading\">Bek\u00e4mpfung und Pr\u00e4vention von Rasenrost:<\/h2>\n\n\n\n<p>Es gibt verschiedene Ma\u00dfnahmen, um die drei bekannten Rostarten zu bek\u00e4mpfen oder zu verhindern:<\/p>\n\n\n\n<ol class=\"wp-block-list\">\n<li>Achten Sie auf die richtige D\u00fcngemenge.<\/li>\n\n\n\n<li>Verhindern Sie, dass sich der Pilz \u00fcber den Rasenm\u00e4her verbreitet.<\/li>\n\n\n\n<li>D\u00fcngen Sie gegen Ende des Jahres mit Stickstoff.<\/li>\n<\/ol>\n\n\n\n<p>Falls Sie noch Unsicherheiten bez\u00fcglich der Behandlung oder Vorbeugung von Rostkrankheiten in Ihrem Rasen haben,&nbsp;<a href=\"https:\/\/www.tindemansrollrasen.de\/contact\/\">stehen wir Ihnen jederzeit f\u00fcr Fragen zur Verf\u00fcgung<\/a>.<\/p>\n","protected":false},"excerpt":{"rendered":"<p>Rasenrost Rasenrost z\u00e4hlt zu den am weitesten verbreiteten Rasenkrankheiten. Man kann drei Arten von Rasenrostkrankheiten unterscheiden: Gelbrost, Wiesenrispenrost und Kronenrost. Alle drei Rostkrankheiten treten haupts\u00e4chlich bei Wiesenrispengras und Deutschem Weidelgras auf, zwei der drei Hauptgr\u00e4ser, aus denen der Rollrasen besteht. \u00a0 \u00a0 \u00a0\u00a0 \u00a0 \u00a0 Kroonroest\u00a0 \u00a0 \u00a0 \u00a0 \u00a0 \u00a0 \u00a0 \u00a0 \u00a0 \u00a0 [&hellip;]<\/p>\n","protected":false},"author":4,"featured_media":0,"parent":9595,"menu_order":2,"comment_status":"closed","ping_status":"closed","template":"","meta":{"_acf_changed":false,"footnotes":""},"class_list":["post-9636","page","type-page","status-publish","hentry"],"acf":[],"yoast_head":"<!-- This site is optimized with the Yoast SEO plugin v26.9 - https:\/\/yoast.com\/product\/yoast-seo-wordpress\/ -->\n<title>Rasenrost - Tindemans Graszoden<\/title>\n<meta name=\"robots\" content=\"index, follow, max-snippet:-1, max-image-preview:large, max-video-preview:-1\" \/>\n<link rel=\"canonical\" href=\"https:\/\/www.tindemansgraszoden.nl\/de\/rasenkrankheiten\/rasenrost\/\" \/>\n<meta property=\"og:locale\" content=\"de_DE\" \/>\n<meta property=\"og:type\" content=\"article\" \/>\n<meta property=\"og:title\" content=\"Rasenrost - Tindemans Graszoden\" \/>\n<meta property=\"og:description\" content=\"Rasenrost Rasenrost z\u00e4hlt zu den am weitesten verbreiteten Rasenkrankheiten. Man kann drei Arten von Rasenrostkrankheiten unterscheiden: Gelbrost, Wiesenrispenrost und Kronenrost. Alle drei Rostkrankheiten treten haupts\u00e4chlich bei Wiesenrispengras und Deutschem Weidelgras auf, zwei der drei Hauptgr\u00e4ser, aus denen der Rollrasen besteht. \u00a0 \u00a0 \u00a0\u00a0 \u00a0 \u00a0 Kroonroest\u00a0 \u00a0 \u00a0 \u00a0 \u00a0 \u00a0 \u00a0 \u00a0 \u00a0 \u00a0 [&hellip;]\" \/>\n<meta property=\"og:url\" content=\"https:\/\/www.tindemansgraszoden.nl\/de\/rasenkrankheiten\/rasenrost\/\" \/>\n<meta property=\"og:site_name\" content=\"Tindemans Graszoden\" \/>\n<meta property=\"article:modified_time\" content=\"2026-04-09T08:29:58+00:00\" \/>\n<meta property=\"og:image\" content=\"https:\/\/www.tindemansgraszoden.nl\/wp-content\/uploads\/2022\/02\/Kroonroest.jpg\" \/>\n\t<meta property=\"og:image:width\" content=\"240\" \/>\n\t<meta property=\"og:image:height\" content=\"216\" \/>\n\t<meta property=\"og:image:type\" content=\"image\/jpeg\" \/>\n<meta name=\"twitter:card\" content=\"summary_large_image\" \/>\n<meta name=\"twitter:label1\" content=\"Gesch\u00e4tzte Lesezeit\" \/>\n\t<meta name=\"twitter:data1\" content=\"3\u00a0Minuten\" \/>\n<script type=\"application\/ld+json\" class=\"yoast-schema-graph\">{\"@context\":\"https:\/\/schema.org\",\"@graph\":[{\"@type\":\"WebPage\",\"@id\":\"https:\/\/www.tindemansgraszoden.nl\/de\/rasenkrankheiten\/rasenrost\/\",\"url\":\"https:\/\/www.tindemansgraszoden.nl\/de\/rasenkrankheiten\/rasenrost\/\",\"name\":\"Rasenrost - Tindemans Graszoden\",\"isPartOf\":{\"@id\":\"https:\/\/www.tindemansgraszoden.nl\/de\/#website\"},\"primaryImageOfPage\":{\"@id\":\"https:\/\/www.tindemansgraszoden.nl\/de\/rasenkrankheiten\/rasenrost\/#primaryimage\"},\"image\":{\"@id\":\"https:\/\/www.tindemansgraszoden.nl\/de\/rasenkrankheiten\/rasenrost\/#primaryimage\"},\"thumbnailUrl\":\"https:\/\/www.tindemansgraszoden.nl\/wp-content\/uploads\/2022\/02\/Kroonroest.jpg\",\"datePublished\":\"2022-02-09T14:38:30+00:00\",\"dateModified\":\"2026-04-09T08:29:58+00:00\",\"breadcrumb\":{\"@id\":\"https:\/\/www.tindemansgraszoden.nl\/de\/rasenkrankheiten\/rasenrost\/#breadcrumb\"},\"inLanguage\":\"de\",\"potentialAction\":[{\"@type\":\"ReadAction\",\"target\":[\"https:\/\/www.tindemansgraszoden.nl\/de\/rasenkrankheiten\/rasenrost\/\"]}]},{\"@type\":\"ImageObject\",\"inLanguage\":\"de\",\"@id\":\"https:\/\/www.tindemansgraszoden.nl\/de\/rasenkrankheiten\/rasenrost\/#primaryimage\",\"url\":\"https:\/\/www.tindemansgraszoden.nl\/wp-content\/uploads\/2022\/02\/Kroonroest.jpg\",\"contentUrl\":\"https:\/\/www.tindemansgraszoden.nl\/wp-content\/uploads\/2022\/02\/Kroonroest.jpg\"},{\"@type\":\"BreadcrumbList\",\"@id\":\"https:\/\/www.tindemansgraszoden.nl\/de\/rasenkrankheiten\/rasenrost\/#breadcrumb\",\"itemListElement\":[{\"@type\":\"ListItem\",\"position\":1,\"name\":\"Home\",\"item\":\"https:\/\/www.tindemansgraszoden.nl\/de\/\"},{\"@type\":\"ListItem\",\"position\":2,\"name\":\"Rasenkrankheiten\",\"item\":\"https:\/\/www.tindemansgraszoden.nl\/de\/rasenkrankheiten\/\"},{\"@type\":\"ListItem\",\"position\":3,\"name\":\"Rasenrost\"}]},{\"@type\":\"WebSite\",\"@id\":\"https:\/\/www.tindemansgraszoden.nl\/de\/#website\",\"url\":\"https:\/\/www.tindemansgraszoden.nl\/de\/\",\"name\":\"Tindemans Graszoden\",\"description\":\"Graszoden Limburg: levering en aanleg\",\"publisher\":{\"@id\":\"https:\/\/www.tindemansgraszoden.nl\/de\/#organization\"},\"potentialAction\":[{\"@type\":\"SearchAction\",\"target\":{\"@type\":\"EntryPoint\",\"urlTemplate\":\"https:\/\/www.tindemansgraszoden.nl\/de\/?s={search_term_string}\"},\"query-input\":{\"@type\":\"PropertyValueSpecification\",\"valueRequired\":true,\"valueName\":\"search_term_string\"}}],\"inLanguage\":\"de\"},{\"@type\":\"Organization\",\"@id\":\"https:\/\/www.tindemansgraszoden.nl\/de\/#organization\",\"name\":\"Tindemans Graszoden\",\"url\":\"https:\/\/www.tindemansgraszoden.nl\/de\/\",\"logo\":{\"@type\":\"ImageObject\",\"inLanguage\":\"de\",\"@id\":\"https:\/\/www.tindemansgraszoden.nl\/de\/#\/schema\/logo\/image\/\",\"url\":\"https:\/\/www.tindemansgraszoden.nl\/wp-content\/uploads\/2022\/04\/logo.png\",\"contentUrl\":\"https:\/\/www.tindemansgraszoden.nl\/wp-content\/uploads\/2022\/04\/logo.png\",\"width\":394,\"height\":120,\"caption\":\"Tindemans Graszoden\"},\"image\":{\"@id\":\"https:\/\/www.tindemansgraszoden.nl\/de\/#\/schema\/logo\/image\/\"}}]}<\/script>\n<!-- \/ Yoast SEO plugin. -->","yoast_head_json":{"title":"Rasenrost - Tindemans Graszoden","robots":{"index":"index","follow":"follow","max-snippet":"max-snippet:-1","max-image-preview":"max-image-preview:large","max-video-preview":"max-video-preview:-1"},"canonical":"https:\/\/www.tindemansgraszoden.nl\/de\/rasenkrankheiten\/rasenrost\/","og_locale":"de_DE","og_type":"article","og_title":"Rasenrost - Tindemans Graszoden","og_description":"Rasenrost Rasenrost z\u00e4hlt zu den am weitesten verbreiteten Rasenkrankheiten. Man kann drei Arten von Rasenrostkrankheiten unterscheiden: Gelbrost, Wiesenrispenrost und Kronenrost. Alle drei Rostkrankheiten treten haupts\u00e4chlich bei Wiesenrispengras und Deutschem Weidelgras auf, zwei der drei Hauptgr\u00e4ser, aus denen der Rollrasen besteht. \u00a0 \u00a0 \u00a0\u00a0 \u00a0 \u00a0 Kroonroest\u00a0 \u00a0 \u00a0 \u00a0 \u00a0 \u00a0 \u00a0 \u00a0 \u00a0 \u00a0 [&hellip;]","og_url":"https:\/\/www.tindemansgraszoden.nl\/de\/rasenkrankheiten\/rasenrost\/","og_site_name":"Tindemans Graszoden","article_modified_time":"2026-04-09T08:29:58+00:00","og_image":[{"width":240,"height":216,"url":"https:\/\/www.tindemansgraszoden.nl\/wp-content\/uploads\/2022\/02\/Kroonroest.jpg","type":"image\/jpeg"}],"twitter_card":"summary_large_image","twitter_misc":{"Gesch\u00e4tzte Lesezeit":"3\u00a0Minuten"},"schema":{"@context":"https:\/\/schema.org","@graph":[{"@type":"WebPage","@id":"https:\/\/www.tindemansgraszoden.nl\/de\/rasenkrankheiten\/rasenrost\/","url":"https:\/\/www.tindemansgraszoden.nl\/de\/rasenkrankheiten\/rasenrost\/","name":"Rasenrost - Tindemans Graszoden","isPartOf":{"@id":"https:\/\/www.tindemansgraszoden.nl\/de\/#website"},"primaryImageOfPage":{"@id":"https:\/\/www.tindemansgraszoden.nl\/de\/rasenkrankheiten\/rasenrost\/#primaryimage"},"image":{"@id":"https:\/\/www.tindemansgraszoden.nl\/de\/rasenkrankheiten\/rasenrost\/#primaryimage"},"thumbnailUrl":"https:\/\/www.tindemansgraszoden.nl\/wp-content\/uploads\/2022\/02\/Kroonroest.jpg","datePublished":"2022-02-09T14:38:30+00:00","dateModified":"2026-04-09T08:29:58+00:00","breadcrumb":{"@id":"https:\/\/www.tindemansgraszoden.nl\/de\/rasenkrankheiten\/rasenrost\/#breadcrumb"},"inLanguage":"de","potentialAction":[{"@type":"ReadAction","target":["https:\/\/www.tindemansgraszoden.nl\/de\/rasenkrankheiten\/rasenrost\/"]}]},{"@type":"ImageObject","inLanguage":"de","@id":"https:\/\/www.tindemansgraszoden.nl\/de\/rasenkrankheiten\/rasenrost\/#primaryimage","url":"https:\/\/www.tindemansgraszoden.nl\/wp-content\/uploads\/2022\/02\/Kroonroest.jpg","contentUrl":"https:\/\/www.tindemansgraszoden.nl\/wp-content\/uploads\/2022\/02\/Kroonroest.jpg"},{"@type":"BreadcrumbList","@id":"https:\/\/www.tindemansgraszoden.nl\/de\/rasenkrankheiten\/rasenrost\/#breadcrumb","itemListElement":[{"@type":"ListItem","position":1,"name":"Home","item":"https:\/\/www.tindemansgraszoden.nl\/de\/"},{"@type":"ListItem","position":2,"name":"Rasenkrankheiten","item":"https:\/\/www.tindemansgraszoden.nl\/de\/rasenkrankheiten\/"},{"@type":"ListItem","position":3,"name":"Rasenrost"}]},{"@type":"WebSite","@id":"https:\/\/www.tindemansgraszoden.nl\/de\/#website","url":"https:\/\/www.tindemansgraszoden.nl\/de\/","name":"Tindemans Graszoden","description":"Graszoden Limburg: levering en aanleg","publisher":{"@id":"https:\/\/www.tindemansgraszoden.nl\/de\/#organization"},"potentialAction":[{"@type":"SearchAction","target":{"@type":"EntryPoint","urlTemplate":"https:\/\/www.tindemansgraszoden.nl\/de\/?s={search_term_string}"},"query-input":{"@type":"PropertyValueSpecification","valueRequired":true,"valueName":"search_term_string"}}],"inLanguage":"de"},{"@type":"Organization","@id":"https:\/\/www.tindemansgraszoden.nl\/de\/#organization","name":"Tindemans Graszoden","url":"https:\/\/www.tindemansgraszoden.nl\/de\/","logo":{"@type":"ImageObject","inLanguage":"de","@id":"https:\/\/www.tindemansgraszoden.nl\/de\/#\/schema\/logo\/image\/","url":"https:\/\/www.tindemansgraszoden.nl\/wp-content\/uploads\/2022\/04\/logo.png","contentUrl":"https:\/\/www.tindemansgraszoden.nl\/wp-content\/uploads\/2022\/04\/logo.png","width":394,"height":120,"caption":"Tindemans Graszoden"},"image":{"@id":"https:\/\/www.tindemansgraszoden.nl\/de\/#\/schema\/logo\/image\/"}}]}},"_links":{"self":[{"href":"https:\/\/www.tindemansgraszoden.nl\/de\/wp-json\/wp\/v2\/pages\/9636","targetHints":{"allow":["GET"]}}],"collection":[{"href":"https:\/\/www.tindemansgraszoden.nl\/de\/wp-json\/wp\/v2\/pages"}],"about":[{"href":"https:\/\/www.tindemansgraszoden.nl\/de\/wp-json\/wp\/v2\/types\/page"}],"author":[{"embeddable":true,"href":"https:\/\/www.tindemansgraszoden.nl\/de\/wp-json\/wp\/v2\/users\/4"}],"replies":[{"embeddable":true,"href":"https:\/\/www.tindemansgraszoden.nl\/de\/wp-json\/wp\/v2\/comments?post=9636"}],"version-history":[{"count":1,"href":"https:\/\/www.tindemansgraszoden.nl\/de\/wp-json\/wp\/v2\/pages\/9636\/revisions"}],"predecessor-version":[{"id":9637,"href":"https:\/\/www.tindemansgraszoden.nl\/de\/wp-json\/wp\/v2\/pages\/9636\/revisions\/9637"}],"up":[{"embeddable":true,"href":"https:\/\/www.tindemansgraszoden.nl\/de\/wp-json\/wp\/v2\/pages\/9595"}],"wp:attachment":[{"href":"https:\/\/www.tindemansgraszoden.nl\/de\/wp-json\/wp\/v2\/media?parent=9636"}],"curies":[{"name":"wp","href":"https:\/\/api.w.org\/{rel}","templated":true}]}}