{"id":9627,"date":"2022-02-09T14:55:31","date_gmt":"2022-02-09T13:55:31","guid":{"rendered":"https:\/\/www.tindemansgraszoden.nl\/?page_id=9627"},"modified":"2026-04-09T10:27:41","modified_gmt":"2026-04-09T08:27:41","slug":"pilze-rasen","status":"publish","type":"page","link":"https:\/\/www.tindemansgraszoden.nl\/de\/rasenkrankheiten\/pilze-rasen\/","title":{"rendered":"Pilze im Rasen"},"content":{"rendered":"\n<h1 class=\"wp-block-heading\">Pilze im Rasen<\/h1>\n\n\n\n<p>Pilze werden von vielen als Sch\u00e4dlinge angesehen. Sie schl\u00e4ngeln sich durch den Rollrasen und ragen in k\u00fcrzester Zeit \u00fcber Ihr Gras. Pilze gibt es in allen Formen und Gr\u00f6\u00dfen. Manchmal sind ein paar Pilze der Schuldige<strong>,<\/strong>&nbsp;und manchmal ist das Gras mit ganzen Pilzkreisen bedeckt. Gl\u00fccklicherweise sind diese unerw\u00fcnschten Pilze f\u00fcr den Rasen nicht sehr sch\u00e4dlich.<\/p>\n\n\n\n<h2 class=\"wp-block-heading\">Ursache f\u00fcr Pilze im Rasen<\/h2>\n\n\n\n<p>Genau wie in der \u201ewilden\u201c Natur k\u00f6nnen auch in Ihrem Rasen Pilze vorkommen. Pilze entwickeln sich aus Schimmeln und diese befinden sich (fast) immer auf einem n\u00e4hrstoffreichen Boden ein Boden, den auch Gras liebt. Es ist kein Wunder, dass sich Schimmel im Boden befinden. In der Tat ist es sogar ganz normal, dass der Boden Schimmel enth\u00e4lt. Wenn es warm und feucht wird, werden diese Schimmel zum Leben erweckt. Dies f\u00fchrt schlie\u00dflich zu Pilzen.<\/p>\n\n\n\n<h1 class=\"wp-block-heading\"><br><p><img fetchpriority=\"high\" decoding=\"async\" width=\"350\" height=\"233\" class=\"alignnone wp-image-1540\" src=\"https:\/\/www.tindemansgraszoden.nl\/wp-content\/uploads\/2022\/03\/Paddenstoelen-in-gras.png\" alt=\"Paddenstoelen in gras\" srcset=\"https:\/\/www.tindemansgraszoden.nl\/wp-content\/uploads\/2022\/03\/Paddenstoelen-in-gras.png 1024w, https:\/\/www.tindemansgraszoden.nl\/wp-content\/uploads\/2022\/03\/Paddenstoelen-in-gras-300x200.png 300w, https:\/\/www.tindemansgraszoden.nl\/wp-content\/uploads\/2022\/03\/Paddenstoelen-in-gras-768x512.png 768w, https:\/\/www.tindemansgraszoden.nl\/wp-content\/uploads\/2022\/03\/Paddenstoelen-in-gras-600x400.png 600w\" sizes=\"(max-width: 350px) 100vw, 350px\" \/>\u00a0 \u00a0 \u00a0<img decoding=\"async\" width=\"350\" height=\"233\" class=\"alignnone wp-image-1541\" src=\"https:\/\/www.tindemansgraszoden.nl\/wp-content\/uploads\/2022\/03\/gras-paddenstoelen.png\" alt=\"gras paddenstoelen\" srcset=\"https:\/\/www.tindemansgraszoden.nl\/wp-content\/uploads\/2022\/03\/gras-paddenstoelen.png 1024w, https:\/\/www.tindemansgraszoden.nl\/wp-content\/uploads\/2022\/03\/gras-paddenstoelen-300x200.png 300w, https:\/\/www.tindemansgraszoden.nl\/wp-content\/uploads\/2022\/03\/gras-paddenstoelen-768x512.png 768w, https:\/\/www.tindemansgraszoden.nl\/wp-content\/uploads\/2022\/03\/gras-paddenstoelen-600x400.png 600w\" sizes=\"(max-width: 350px) 100vw, 350px\" \/><\/p><\/h1>\n\n\n\n<h2 class=\"wp-block-heading\">Kleine Pilze in Ihrem neuen Rasen?<\/h2>\n\n\n\n<p>Es kommt manchmal vor, dass sich in einem neu angelegten Rasen kleine Pilze befinden. Dies ist h\u00e4ufig und kein Grund zur Besorgnis. Da wir immer organische D\u00fcngemittel verwenden, wird der Rollrasen schneller und st\u00e4rker Wurzeln schlagen. Es kann dann sein, dass nicht alle D\u00fcngungen gleichzeitig aufgenommen werden. Wenn dies von warmem Wetter begleitet wird, k\u00f6nnen harmlose Pilze aus dem Boden austreten. Diese Pilze sind f\u00fcr den Rasen nicht sch\u00e4dlich und verschwinden von selbst. Um sie sofort zu entfernen, k\u00f6nnen Sie \u00fcber die Pilze m\u00e4hen. Dies f\u00fchrt zu keinen weiteren Sch\u00e4den am Rasen oder am Untergrund.<\/p>\n\n\n\n<h2 class=\"wp-block-heading\">Arten von Pilzen im Rasen<\/h2>\n\n\n\n<p>Es gibt eine Reihe bekannter Pilze, die wir regelm\u00e4\u00dfig im Rasen finden. Zum Beispiel kennen wir die harmlosen Pilze, die in geringer Anzahl vorkommen, die zur\u00fcckkehrenden Pilze oder die riesigen&nbsp;<a href=\"https:\/\/www.tindemansrollrasen.de\/rasenkrankheiten\/hexenringe-rasen\/\">Hexenringe<\/a>. bevor Sie den Pilz bek\u00e4mpfen, m\u00fcssen Sie zun\u00e4chst herausfinden, um welche Pilzart es sich handelt.<\/p>\n\n\n\n<h2 class=\"wp-block-heading\">Pilze bek\u00e4mpfen?<\/h2>\n\n\n\n<p>Pilze k\u00f6nnen mit verschiedenen Methoden ganz einfach bek\u00e4mpft werden. Aber Vorbeugen ist besser als Heilen. Daher ist es \u00e4u\u00dferst wichtig, dass Sie Ihren Rasen immer rechtzeitig bel\u00fcften und m\u00e4hen. Wenn Sie den Rasen regelm\u00e4\u00dfig&nbsp;<a href=\"https:\/\/www.tindemansrollrasen.de\/rasenpflege\/rasen-mahen\/\">m\u00e4hen<\/a>, verringert dies die Wahrscheinlichkeit des Pilzwachstums erheblich. Die j\u00e4hrliche Bel\u00fcftung Ihres Rasens tr\u00e4gt ebenfalls zu einem gesunden Rasen ohne Pilze bei.<\/p>\n\n\n\n<p>Es kann auch vorkommen, dass sich die Pilze bereits im Boden befinden, bevor Gras darauf w\u00e4chst. In diesem Fall ist es wichtig, Ihren Boden mit neuer, pilzfreier Erde zu versehen.<\/p>\n","protected":false},"excerpt":{"rendered":"<p>Pilze im Rasen Pilze werden von vielen als Sch\u00e4dlinge angesehen. Sie schl\u00e4ngeln sich durch den Rollrasen und ragen in k\u00fcrzester Zeit \u00fcber Ihr Gras. Pilze gibt es in allen Formen und Gr\u00f6\u00dfen. Manchmal sind ein paar Pilze der Schuldige,&nbsp;und manchmal ist das Gras mit ganzen Pilzkreisen bedeckt. Gl\u00fccklicherweise sind diese unerw\u00fcnschten Pilze f\u00fcr den Rasen [&hellip;]<\/p>\n","protected":false},"author":4,"featured_media":0,"parent":9595,"menu_order":2,"comment_status":"closed","ping_status":"closed","template":"","meta":{"_acf_changed":false,"footnotes":""},"class_list":["post-9627","page","type-page","status-publish","hentry"],"acf":[],"yoast_head":"<!-- This site is optimized with the Yoast SEO plugin v26.9 - https:\/\/yoast.com\/product\/yoast-seo-wordpress\/ -->\n<title>Pilze im Rasen - Tindemans Graszoden<\/title>\n<meta name=\"robots\" content=\"index, follow, max-snippet:-1, max-image-preview:large, max-video-preview:-1\" \/>\n<link rel=\"canonical\" href=\"https:\/\/www.tindemansgraszoden.nl\/de\/rasenkrankheiten\/pilze-rasen\/\" \/>\n<meta property=\"og:locale\" content=\"de_DE\" \/>\n<meta property=\"og:type\" content=\"article\" \/>\n<meta property=\"og:title\" content=\"Pilze im Rasen - Tindemans Graszoden\" \/>\n<meta property=\"og:description\" content=\"Pilze im Rasen Pilze werden von vielen als Sch\u00e4dlinge angesehen. Sie schl\u00e4ngeln sich durch den Rollrasen und ragen in k\u00fcrzester Zeit \u00fcber Ihr Gras. Pilze gibt es in allen Formen und Gr\u00f6\u00dfen. Manchmal sind ein paar Pilze der Schuldige,&nbsp;und manchmal ist das Gras mit ganzen Pilzkreisen bedeckt. Gl\u00fccklicherweise sind diese unerw\u00fcnschten Pilze f\u00fcr den Rasen [&hellip;]\" \/>\n<meta property=\"og:url\" content=\"https:\/\/www.tindemansgraszoden.nl\/de\/rasenkrankheiten\/pilze-rasen\/\" \/>\n<meta property=\"og:site_name\" content=\"Tindemans Graszoden\" \/>\n<meta property=\"article:modified_time\" content=\"2026-04-09T08:27:41+00:00\" \/>\n<meta property=\"og:image\" content=\"https:\/\/www.tindemansgraszoden.nl\/wp-content\/uploads\/2022\/03\/Paddenstoelen-in-gras.png\" \/>\n\t<meta property=\"og:image:width\" content=\"1024\" \/>\n\t<meta property=\"og:image:height\" content=\"683\" \/>\n\t<meta property=\"og:image:type\" content=\"image\/png\" \/>\n<meta name=\"twitter:card\" content=\"summary_large_image\" \/>\n<meta name=\"twitter:label1\" content=\"Gesch\u00e4tzte Lesezeit\" \/>\n\t<meta name=\"twitter:data1\" content=\"3\u00a0Minuten\" \/>\n<script type=\"application\/ld+json\" class=\"yoast-schema-graph\">{\"@context\":\"https:\/\/schema.org\",\"@graph\":[{\"@type\":\"WebPage\",\"@id\":\"https:\/\/www.tindemansgraszoden.nl\/de\/rasenkrankheiten\/pilze-rasen\/\",\"url\":\"https:\/\/www.tindemansgraszoden.nl\/de\/rasenkrankheiten\/pilze-rasen\/\",\"name\":\"Pilze im Rasen - Tindemans Graszoden\",\"isPartOf\":{\"@id\":\"https:\/\/www.tindemansgraszoden.nl\/de\/#website\"},\"primaryImageOfPage\":{\"@id\":\"https:\/\/www.tindemansgraszoden.nl\/de\/rasenkrankheiten\/pilze-rasen\/#primaryimage\"},\"image\":{\"@id\":\"https:\/\/www.tindemansgraszoden.nl\/de\/rasenkrankheiten\/pilze-rasen\/#primaryimage\"},\"thumbnailUrl\":\"https:\/\/www.tindemansgraszoden.nl\/wp-content\/uploads\/2022\/03\/Paddenstoelen-in-gras.png\",\"datePublished\":\"2022-02-09T13:55:31+00:00\",\"dateModified\":\"2026-04-09T08:27:41+00:00\",\"breadcrumb\":{\"@id\":\"https:\/\/www.tindemansgraszoden.nl\/de\/rasenkrankheiten\/pilze-rasen\/#breadcrumb\"},\"inLanguage\":\"de\",\"potentialAction\":[{\"@type\":\"ReadAction\",\"target\":[\"https:\/\/www.tindemansgraszoden.nl\/de\/rasenkrankheiten\/pilze-rasen\/\"]}]},{\"@type\":\"ImageObject\",\"inLanguage\":\"de\",\"@id\":\"https:\/\/www.tindemansgraszoden.nl\/de\/rasenkrankheiten\/pilze-rasen\/#primaryimage\",\"url\":\"https:\/\/www.tindemansgraszoden.nl\/wp-content\/uploads\/2022\/03\/Paddenstoelen-in-gras.png\",\"contentUrl\":\"https:\/\/www.tindemansgraszoden.nl\/wp-content\/uploads\/2022\/03\/Paddenstoelen-in-gras.png\"},{\"@type\":\"BreadcrumbList\",\"@id\":\"https:\/\/www.tindemansgraszoden.nl\/de\/rasenkrankheiten\/pilze-rasen\/#breadcrumb\",\"itemListElement\":[{\"@type\":\"ListItem\",\"position\":1,\"name\":\"Home\",\"item\":\"https:\/\/www.tindemansgraszoden.nl\/de\/\"},{\"@type\":\"ListItem\",\"position\":2,\"name\":\"Rasenkrankheiten\",\"item\":\"https:\/\/www.tindemansgraszoden.nl\/de\/rasenkrankheiten\/\"},{\"@type\":\"ListItem\",\"position\":3,\"name\":\"Pilze im Rasen\"}]},{\"@type\":\"WebSite\",\"@id\":\"https:\/\/www.tindemansgraszoden.nl\/de\/#website\",\"url\":\"https:\/\/www.tindemansgraszoden.nl\/de\/\",\"name\":\"Tindemans Graszoden\",\"description\":\"Graszoden Limburg: levering en aanleg\",\"publisher\":{\"@id\":\"https:\/\/www.tindemansgraszoden.nl\/de\/#organization\"},\"potentialAction\":[{\"@type\":\"SearchAction\",\"target\":{\"@type\":\"EntryPoint\",\"urlTemplate\":\"https:\/\/www.tindemansgraszoden.nl\/de\/?s={search_term_string}\"},\"query-input\":{\"@type\":\"PropertyValueSpecification\",\"valueRequired\":true,\"valueName\":\"search_term_string\"}}],\"inLanguage\":\"de\"},{\"@type\":\"Organization\",\"@id\":\"https:\/\/www.tindemansgraszoden.nl\/de\/#organization\",\"name\":\"Tindemans Graszoden\",\"url\":\"https:\/\/www.tindemansgraszoden.nl\/de\/\",\"logo\":{\"@type\":\"ImageObject\",\"inLanguage\":\"de\",\"@id\":\"https:\/\/www.tindemansgraszoden.nl\/de\/#\/schema\/logo\/image\/\",\"url\":\"https:\/\/www.tindemansgraszoden.nl\/wp-content\/uploads\/2022\/04\/logo.png\",\"contentUrl\":\"https:\/\/www.tindemansgraszoden.nl\/wp-content\/uploads\/2022\/04\/logo.png\",\"width\":394,\"height\":120,\"caption\":\"Tindemans Graszoden\"},\"image\":{\"@id\":\"https:\/\/www.tindemansgraszoden.nl\/de\/#\/schema\/logo\/image\/\"}}]}<\/script>\n<!-- \/ Yoast SEO plugin. -->","yoast_head_json":{"title":"Pilze im Rasen - Tindemans Graszoden","robots":{"index":"index","follow":"follow","max-snippet":"max-snippet:-1","max-image-preview":"max-image-preview:large","max-video-preview":"max-video-preview:-1"},"canonical":"https:\/\/www.tindemansgraszoden.nl\/de\/rasenkrankheiten\/pilze-rasen\/","og_locale":"de_DE","og_type":"article","og_title":"Pilze im Rasen - Tindemans Graszoden","og_description":"Pilze im Rasen Pilze werden von vielen als Sch\u00e4dlinge angesehen. Sie schl\u00e4ngeln sich durch den Rollrasen und ragen in k\u00fcrzester Zeit \u00fcber Ihr Gras. Pilze gibt es in allen Formen und Gr\u00f6\u00dfen. Manchmal sind ein paar Pilze der Schuldige,&nbsp;und manchmal ist das Gras mit ganzen Pilzkreisen bedeckt. Gl\u00fccklicherweise sind diese unerw\u00fcnschten Pilze f\u00fcr den Rasen [&hellip;]","og_url":"https:\/\/www.tindemansgraszoden.nl\/de\/rasenkrankheiten\/pilze-rasen\/","og_site_name":"Tindemans Graszoden","article_modified_time":"2026-04-09T08:27:41+00:00","og_image":[{"width":1024,"height":683,"url":"https:\/\/www.tindemansgraszoden.nl\/wp-content\/uploads\/2022\/03\/Paddenstoelen-in-gras.png","type":"image\/png"}],"twitter_card":"summary_large_image","twitter_misc":{"Gesch\u00e4tzte Lesezeit":"3\u00a0Minuten"},"schema":{"@context":"https:\/\/schema.org","@graph":[{"@type":"WebPage","@id":"https:\/\/www.tindemansgraszoden.nl\/de\/rasenkrankheiten\/pilze-rasen\/","url":"https:\/\/www.tindemansgraszoden.nl\/de\/rasenkrankheiten\/pilze-rasen\/","name":"Pilze im Rasen - Tindemans Graszoden","isPartOf":{"@id":"https:\/\/www.tindemansgraszoden.nl\/de\/#website"},"primaryImageOfPage":{"@id":"https:\/\/www.tindemansgraszoden.nl\/de\/rasenkrankheiten\/pilze-rasen\/#primaryimage"},"image":{"@id":"https:\/\/www.tindemansgraszoden.nl\/de\/rasenkrankheiten\/pilze-rasen\/#primaryimage"},"thumbnailUrl":"https:\/\/www.tindemansgraszoden.nl\/wp-content\/uploads\/2022\/03\/Paddenstoelen-in-gras.png","datePublished":"2022-02-09T13:55:31+00:00","dateModified":"2026-04-09T08:27:41+00:00","breadcrumb":{"@id":"https:\/\/www.tindemansgraszoden.nl\/de\/rasenkrankheiten\/pilze-rasen\/#breadcrumb"},"inLanguage":"de","potentialAction":[{"@type":"ReadAction","target":["https:\/\/www.tindemansgraszoden.nl\/de\/rasenkrankheiten\/pilze-rasen\/"]}]},{"@type":"ImageObject","inLanguage":"de","@id":"https:\/\/www.tindemansgraszoden.nl\/de\/rasenkrankheiten\/pilze-rasen\/#primaryimage","url":"https:\/\/www.tindemansgraszoden.nl\/wp-content\/uploads\/2022\/03\/Paddenstoelen-in-gras.png","contentUrl":"https:\/\/www.tindemansgraszoden.nl\/wp-content\/uploads\/2022\/03\/Paddenstoelen-in-gras.png"},{"@type":"BreadcrumbList","@id":"https:\/\/www.tindemansgraszoden.nl\/de\/rasenkrankheiten\/pilze-rasen\/#breadcrumb","itemListElement":[{"@type":"ListItem","position":1,"name":"Home","item":"https:\/\/www.tindemansgraszoden.nl\/de\/"},{"@type":"ListItem","position":2,"name":"Rasenkrankheiten","item":"https:\/\/www.tindemansgraszoden.nl\/de\/rasenkrankheiten\/"},{"@type":"ListItem","position":3,"name":"Pilze im Rasen"}]},{"@type":"WebSite","@id":"https:\/\/www.tindemansgraszoden.nl\/de\/#website","url":"https:\/\/www.tindemansgraszoden.nl\/de\/","name":"Tindemans Graszoden","description":"Graszoden Limburg: levering en aanleg","publisher":{"@id":"https:\/\/www.tindemansgraszoden.nl\/de\/#organization"},"potentialAction":[{"@type":"SearchAction","target":{"@type":"EntryPoint","urlTemplate":"https:\/\/www.tindemansgraszoden.nl\/de\/?s={search_term_string}"},"query-input":{"@type":"PropertyValueSpecification","valueRequired":true,"valueName":"search_term_string"}}],"inLanguage":"de"},{"@type":"Organization","@id":"https:\/\/www.tindemansgraszoden.nl\/de\/#organization","name":"Tindemans Graszoden","url":"https:\/\/www.tindemansgraszoden.nl\/de\/","logo":{"@type":"ImageObject","inLanguage":"de","@id":"https:\/\/www.tindemansgraszoden.nl\/de\/#\/schema\/logo\/image\/","url":"https:\/\/www.tindemansgraszoden.nl\/wp-content\/uploads\/2022\/04\/logo.png","contentUrl":"https:\/\/www.tindemansgraszoden.nl\/wp-content\/uploads\/2022\/04\/logo.png","width":394,"height":120,"caption":"Tindemans Graszoden"},"image":{"@id":"https:\/\/www.tindemansgraszoden.nl\/de\/#\/schema\/logo\/image\/"}}]}},"_links":{"self":[{"href":"https:\/\/www.tindemansgraszoden.nl\/de\/wp-json\/wp\/v2\/pages\/9627","targetHints":{"allow":["GET"]}}],"collection":[{"href":"https:\/\/www.tindemansgraszoden.nl\/de\/wp-json\/wp\/v2\/pages"}],"about":[{"href":"https:\/\/www.tindemansgraszoden.nl\/de\/wp-json\/wp\/v2\/types\/page"}],"author":[{"embeddable":true,"href":"https:\/\/www.tindemansgraszoden.nl\/de\/wp-json\/wp\/v2\/users\/4"}],"replies":[{"embeddable":true,"href":"https:\/\/www.tindemansgraszoden.nl\/de\/wp-json\/wp\/v2\/comments?post=9627"}],"version-history":[{"count":1,"href":"https:\/\/www.tindemansgraszoden.nl\/de\/wp-json\/wp\/v2\/pages\/9627\/revisions"}],"predecessor-version":[{"id":9628,"href":"https:\/\/www.tindemansgraszoden.nl\/de\/wp-json\/wp\/v2\/pages\/9627\/revisions\/9628"}],"up":[{"embeddable":true,"href":"https:\/\/www.tindemansgraszoden.nl\/de\/wp-json\/wp\/v2\/pages\/9595"}],"wp:attachment":[{"href":"https:\/\/www.tindemansgraszoden.nl\/de\/wp-json\/wp\/v2\/media?parent=9627"}],"curies":[{"name":"wp","href":"https:\/\/api.w.org\/{rel}","templated":true}]}}