{"id":9601,"date":"2022-02-09T13:40:49","date_gmt":"2022-02-09T12:40:49","guid":{"rendered":"https:\/\/www.tindemansgraszoden.nl\/?page_id=9601"},"modified":"2026-04-09T10:51:28","modified_gmt":"2026-04-09T08:51:28","slug":"engerlinge-rasen","status":"publish","type":"page","link":"https:\/\/www.tindemansgraszoden.nl\/de\/rasenkrankheiten\/engerlinge-rasen\/","title":{"rendered":"Engerlinge"},"content":{"rendered":"\n<h1 class=\"wp-block-heading\">Engerlinge im Rasen<\/h1>\n\n\n\n<p>Leiden Sie unter einem besch\u00e4digten Rasen mit L\u00f6chern und gelben Flecken? Dann besteht die M\u00f6glichkeit, dass Sie Engerlinge unter Ihrem Rasen haben. Engerlinge sind Larven des Maik\u00e4fers, die sich von den Wurzeln des Grases ern\u00e4hren. Dies kann u. a. dazu f\u00fchren, dass Einstichl\u00f6cher, loser Rasen und das Risiko einer absterbenden Grasmatte.<\/p>\n\n\n\n<h2 class=\"wp-block-heading\">Der Maik\u00e4fer und Engerlinge<\/h2>\n\n\n\n<p>Die Larven des Maik\u00e4fers werden auch Engerlinge genannt, ein Sammelbegriff unter den K\u00e4fern. Obwohl der Maik\u00e4fer die Ursache der Engerlinge ist, richtet er keinen Schaden an. Das gro\u00dfe Problem sind die Larven des Maik\u00e4fers, die Engerlinge. Sie erkennen sie an der krummen C-Form, dem raupenartigen gelb-wei\u00dfen K\u00f6rper und dem orange-braunen Kopf. Sie befinden sich direkt unter der Grasoberfl\u00e4che, wo sie die Wurzeln des Grases fressen. Zun\u00e4chst ist der Schaden mit blo\u00dfem Auge m\u00f6glicherweise nicht sichtbar, aber im Laufe der Zeit bilden sich allm\u00e4hlich gelbe Flecken und L\u00f6cher. Kurzum: Engerlinge wirken sich schnell negativ auf Ihren Rasen aus.<\/p>\n\n\n\n<p><br><p><img fetchpriority=\"high\" decoding=\"async\" width=\"350\" height=\"233\" class=\"alignnone wp-image-1519\" src=\"https:\/\/www.tindemansgraszoden.nl\/wp-content\/uploads\/2022\/03\/meikever-engerling.png\" alt=\"meikever engerling\" srcset=\"https:\/\/www.tindemansgraszoden.nl\/wp-content\/uploads\/2022\/03\/meikever-engerling.png 1024w, https:\/\/www.tindemansgraszoden.nl\/wp-content\/uploads\/2022\/03\/meikever-engerling-300x200.png 300w, https:\/\/www.tindemansgraszoden.nl\/wp-content\/uploads\/2022\/03\/meikever-engerling-768x512.png 768w, https:\/\/www.tindemansgraszoden.nl\/wp-content\/uploads\/2022\/03\/meikever-engerling-600x400.png 600w\" sizes=\"(max-width: 350px) 100vw, 350px\" \/>\u00a0 \u00a0 <img decoding=\"async\" width=\"350\" height=\"233\" class=\"alignnone wp-image-1520\" src=\"https:\/\/www.tindemansgraszoden.nl\/wp-content\/uploads\/2022\/03\/engerling-gazon.png\" alt=\"Engerling larf gazon\" srcset=\"https:\/\/www.tindemansgraszoden.nl\/wp-content\/uploads\/2022\/03\/engerling-gazon.png 1024w, https:\/\/www.tindemansgraszoden.nl\/wp-content\/uploads\/2022\/03\/engerling-gazon-300x200.png 300w, https:\/\/www.tindemansgraszoden.nl\/wp-content\/uploads\/2022\/03\/engerling-gazon-768x512.png 768w, https:\/\/www.tindemansgraszoden.nl\/wp-content\/uploads\/2022\/03\/engerling-gazon-600x400.png 600w\" sizes=\"(max-width: 350px) 100vw, 350px\" \/><\/p><\/p>\n\n\n\n<h2 class=\"wp-block-heading\">Die Verschlechterung Ihres Rasens durch Engerlinge.<\/h2>\n\n\n\n<p>Engerlinge sind ein h\u00e4ufiges Problem bei Gras, das rasch zunimmt. Es ist daher wichtig, sofort mit der Bek\u00e4mpfung der Engerlinge des Maik\u00e4fers zu beginnen. Der Schaden, den Engerlinge verursachen k\u00f6nnen, kann enorm sein. Da die Wurzeln des Grases gefressen werden, erh\u00e4lt das Gras nicht mehr gen\u00fcgend N\u00e4hrstoffe. Dar\u00fcber hinaus sind Engerlinge eine Delikatesse f\u00fcr V\u00f6gel. Dies kann dazu f\u00fchren, dass die Engerlinge zwar verschwinden, aber Sie erhalten im Gegenzug Pickl\u00f6cher in Ihrem Rasen.<\/p>\n\n\n\n<h2 class=\"wp-block-heading\">Engerlinge bek\u00e4mpfen<\/h2>\n\n\n\n<p>Wenn Sie Engerlinge unter Ihrem Rasen entdeckt haben, ist es ratsam, so schnell wie m\u00f6glich mit der Bek\u00e4mpfung zu beginnen. Die Bek\u00e4mpfung von Engerlingen kann auf biologische Weise mit Hilfe von parasit\u00e4ren Fadenw\u00fcrmern erfolgen. Diese parasit\u00e4ren Fadenw\u00fcrmer, auch Nematoden genannt, dringen auf der Suche nach Engerlingen in den Boden ein. Die Nematoden sehen die Engerlinge als Nahrung, bis sie nicht mehr leben. W\u00e4hrend sich die Nematoden im Boden befinden, nimmt ihre Anzahl zu, sodass sie alle Engerlinge t\u00f6ten k\u00f6nnen.<\/p>\n\n\n\n<p>Die Engerlinge k\u00f6nnen am besten in ihrem 1. Stadium \u2013 von Juli bis September \u2013 bek\u00e4mpft werden. Au\u00dferdem ist es ratsam, Engerlinge vorbeugend zu bek\u00e4mpfen, damit sie sicher nicht zur\u00fcckkommen.<\/p>\n\n\n\n<p><\/p>\n","protected":false},"excerpt":{"rendered":"<p>Engerlinge im Rasen Leiden Sie unter einem besch\u00e4digten Rasen mit L\u00f6chern und gelben Flecken? Dann besteht die M\u00f6glichkeit, dass Sie Engerlinge unter Ihrem Rasen haben. Engerlinge sind Larven des Maik\u00e4fers, die sich von den Wurzeln des Grases ern\u00e4hren. Dies kann u. a. dazu f\u00fchren, dass Einstichl\u00f6cher, loser Rasen und das Risiko einer absterbenden Grasmatte. Der [&hellip;]<\/p>\n","protected":false},"author":4,"featured_media":0,"parent":9595,"menu_order":2,"comment_status":"closed","ping_status":"closed","template":"","meta":{"_acf_changed":false,"footnotes":""},"class_list":["post-9601","page","type-page","status-publish","hentry"],"acf":[],"yoast_head":"<!-- This site is optimized with the Yoast SEO plugin v26.9 - https:\/\/yoast.com\/product\/yoast-seo-wordpress\/ -->\n<title>Engerlinge - Tindemans Graszoden<\/title>\n<meta name=\"robots\" content=\"index, follow, max-snippet:-1, max-image-preview:large, max-video-preview:-1\" \/>\n<link rel=\"canonical\" href=\"https:\/\/www.tindemansgraszoden.nl\/de\/rasenkrankheiten\/engerlinge-rasen\/\" \/>\n<meta property=\"og:locale\" content=\"de_DE\" \/>\n<meta property=\"og:type\" content=\"article\" \/>\n<meta property=\"og:title\" content=\"Engerlinge - Tindemans Graszoden\" \/>\n<meta property=\"og:description\" content=\"Engerlinge im Rasen Leiden Sie unter einem besch\u00e4digten Rasen mit L\u00f6chern und gelben Flecken? Dann besteht die M\u00f6glichkeit, dass Sie Engerlinge unter Ihrem Rasen haben. Engerlinge sind Larven des Maik\u00e4fers, die sich von den Wurzeln des Grases ern\u00e4hren. Dies kann u. a. dazu f\u00fchren, dass Einstichl\u00f6cher, loser Rasen und das Risiko einer absterbenden Grasmatte. Der [&hellip;]\" \/>\n<meta property=\"og:url\" content=\"https:\/\/www.tindemansgraszoden.nl\/de\/rasenkrankheiten\/engerlinge-rasen\/\" \/>\n<meta property=\"og:site_name\" content=\"Tindemans Graszoden\" \/>\n<meta property=\"article:modified_time\" content=\"2026-04-09T08:51:28+00:00\" \/>\n<meta property=\"og:image\" content=\"https:\/\/www.tindemansgraszoden.nl\/wp-content\/uploads\/2022\/03\/meikever-engerling.png\" \/>\n\t<meta property=\"og:image:width\" content=\"1024\" \/>\n\t<meta property=\"og:image:height\" content=\"683\" \/>\n\t<meta property=\"og:image:type\" content=\"image\/png\" \/>\n<meta name=\"twitter:card\" content=\"summary_large_image\" \/>\n<meta name=\"twitter:label1\" content=\"Gesch\u00e4tzte Lesezeit\" \/>\n\t<meta name=\"twitter:data1\" content=\"3\u00a0Minuten\" \/>\n<script type=\"application\/ld+json\" class=\"yoast-schema-graph\">{\"@context\":\"https:\/\/schema.org\",\"@graph\":[{\"@type\":\"WebPage\",\"@id\":\"https:\/\/www.tindemansgraszoden.nl\/de\/rasenkrankheiten\/engerlinge-rasen\/\",\"url\":\"https:\/\/www.tindemansgraszoden.nl\/de\/rasenkrankheiten\/engerlinge-rasen\/\",\"name\":\"Engerlinge - Tindemans Graszoden\",\"isPartOf\":{\"@id\":\"https:\/\/www.tindemansgraszoden.nl\/de\/#website\"},\"primaryImageOfPage\":{\"@id\":\"https:\/\/www.tindemansgraszoden.nl\/de\/rasenkrankheiten\/engerlinge-rasen\/#primaryimage\"},\"image\":{\"@id\":\"https:\/\/www.tindemansgraszoden.nl\/de\/rasenkrankheiten\/engerlinge-rasen\/#primaryimage\"},\"thumbnailUrl\":\"https:\/\/www.tindemansgraszoden.nl\/wp-content\/uploads\/2022\/03\/meikever-engerling.png\",\"datePublished\":\"2022-02-09T12:40:49+00:00\",\"dateModified\":\"2026-04-09T08:51:28+00:00\",\"breadcrumb\":{\"@id\":\"https:\/\/www.tindemansgraszoden.nl\/de\/rasenkrankheiten\/engerlinge-rasen\/#breadcrumb\"},\"inLanguage\":\"de\",\"potentialAction\":[{\"@type\":\"ReadAction\",\"target\":[\"https:\/\/www.tindemansgraszoden.nl\/de\/rasenkrankheiten\/engerlinge-rasen\/\"]}]},{\"@type\":\"ImageObject\",\"inLanguage\":\"de\",\"@id\":\"https:\/\/www.tindemansgraszoden.nl\/de\/rasenkrankheiten\/engerlinge-rasen\/#primaryimage\",\"url\":\"https:\/\/www.tindemansgraszoden.nl\/wp-content\/uploads\/2022\/03\/meikever-engerling.png\",\"contentUrl\":\"https:\/\/www.tindemansgraszoden.nl\/wp-content\/uploads\/2022\/03\/meikever-engerling.png\"},{\"@type\":\"BreadcrumbList\",\"@id\":\"https:\/\/www.tindemansgraszoden.nl\/de\/rasenkrankheiten\/engerlinge-rasen\/#breadcrumb\",\"itemListElement\":[{\"@type\":\"ListItem\",\"position\":1,\"name\":\"Home\",\"item\":\"https:\/\/www.tindemansgraszoden.nl\/de\/\"},{\"@type\":\"ListItem\",\"position\":2,\"name\":\"Rasenkrankheiten\",\"item\":\"https:\/\/www.tindemansgraszoden.nl\/de\/rasenkrankheiten\/\"},{\"@type\":\"ListItem\",\"position\":3,\"name\":\"Engerlinge\"}]},{\"@type\":\"WebSite\",\"@id\":\"https:\/\/www.tindemansgraszoden.nl\/de\/#website\",\"url\":\"https:\/\/www.tindemansgraszoden.nl\/de\/\",\"name\":\"Tindemans Graszoden\",\"description\":\"Graszoden Limburg: levering en aanleg\",\"publisher\":{\"@id\":\"https:\/\/www.tindemansgraszoden.nl\/de\/#organization\"},\"potentialAction\":[{\"@type\":\"SearchAction\",\"target\":{\"@type\":\"EntryPoint\",\"urlTemplate\":\"https:\/\/www.tindemansgraszoden.nl\/de\/?s={search_term_string}\"},\"query-input\":{\"@type\":\"PropertyValueSpecification\",\"valueRequired\":true,\"valueName\":\"search_term_string\"}}],\"inLanguage\":\"de\"},{\"@type\":\"Organization\",\"@id\":\"https:\/\/www.tindemansgraszoden.nl\/de\/#organization\",\"name\":\"Tindemans Graszoden\",\"url\":\"https:\/\/www.tindemansgraszoden.nl\/de\/\",\"logo\":{\"@type\":\"ImageObject\",\"inLanguage\":\"de\",\"@id\":\"https:\/\/www.tindemansgraszoden.nl\/de\/#\/schema\/logo\/image\/\",\"url\":\"https:\/\/www.tindemansgraszoden.nl\/wp-content\/uploads\/2022\/04\/logo.png\",\"contentUrl\":\"https:\/\/www.tindemansgraszoden.nl\/wp-content\/uploads\/2022\/04\/logo.png\",\"width\":394,\"height\":120,\"caption\":\"Tindemans Graszoden\"},\"image\":{\"@id\":\"https:\/\/www.tindemansgraszoden.nl\/de\/#\/schema\/logo\/image\/\"}}]}<\/script>\n<!-- \/ Yoast SEO plugin. -->","yoast_head_json":{"title":"Engerlinge - Tindemans Graszoden","robots":{"index":"index","follow":"follow","max-snippet":"max-snippet:-1","max-image-preview":"max-image-preview:large","max-video-preview":"max-video-preview:-1"},"canonical":"https:\/\/www.tindemansgraszoden.nl\/de\/rasenkrankheiten\/engerlinge-rasen\/","og_locale":"de_DE","og_type":"article","og_title":"Engerlinge - Tindemans Graszoden","og_description":"Engerlinge im Rasen Leiden Sie unter einem besch\u00e4digten Rasen mit L\u00f6chern und gelben Flecken? Dann besteht die M\u00f6glichkeit, dass Sie Engerlinge unter Ihrem Rasen haben. Engerlinge sind Larven des Maik\u00e4fers, die sich von den Wurzeln des Grases ern\u00e4hren. Dies kann u. a. dazu f\u00fchren, dass Einstichl\u00f6cher, loser Rasen und das Risiko einer absterbenden Grasmatte. Der [&hellip;]","og_url":"https:\/\/www.tindemansgraszoden.nl\/de\/rasenkrankheiten\/engerlinge-rasen\/","og_site_name":"Tindemans Graszoden","article_modified_time":"2026-04-09T08:51:28+00:00","og_image":[{"width":1024,"height":683,"url":"https:\/\/www.tindemansgraszoden.nl\/wp-content\/uploads\/2022\/03\/meikever-engerling.png","type":"image\/png"}],"twitter_card":"summary_large_image","twitter_misc":{"Gesch\u00e4tzte Lesezeit":"3\u00a0Minuten"},"schema":{"@context":"https:\/\/schema.org","@graph":[{"@type":"WebPage","@id":"https:\/\/www.tindemansgraszoden.nl\/de\/rasenkrankheiten\/engerlinge-rasen\/","url":"https:\/\/www.tindemansgraszoden.nl\/de\/rasenkrankheiten\/engerlinge-rasen\/","name":"Engerlinge - Tindemans Graszoden","isPartOf":{"@id":"https:\/\/www.tindemansgraszoden.nl\/de\/#website"},"primaryImageOfPage":{"@id":"https:\/\/www.tindemansgraszoden.nl\/de\/rasenkrankheiten\/engerlinge-rasen\/#primaryimage"},"image":{"@id":"https:\/\/www.tindemansgraszoden.nl\/de\/rasenkrankheiten\/engerlinge-rasen\/#primaryimage"},"thumbnailUrl":"https:\/\/www.tindemansgraszoden.nl\/wp-content\/uploads\/2022\/03\/meikever-engerling.png","datePublished":"2022-02-09T12:40:49+00:00","dateModified":"2026-04-09T08:51:28+00:00","breadcrumb":{"@id":"https:\/\/www.tindemansgraszoden.nl\/de\/rasenkrankheiten\/engerlinge-rasen\/#breadcrumb"},"inLanguage":"de","potentialAction":[{"@type":"ReadAction","target":["https:\/\/www.tindemansgraszoden.nl\/de\/rasenkrankheiten\/engerlinge-rasen\/"]}]},{"@type":"ImageObject","inLanguage":"de","@id":"https:\/\/www.tindemansgraszoden.nl\/de\/rasenkrankheiten\/engerlinge-rasen\/#primaryimage","url":"https:\/\/www.tindemansgraszoden.nl\/wp-content\/uploads\/2022\/03\/meikever-engerling.png","contentUrl":"https:\/\/www.tindemansgraszoden.nl\/wp-content\/uploads\/2022\/03\/meikever-engerling.png"},{"@type":"BreadcrumbList","@id":"https:\/\/www.tindemansgraszoden.nl\/de\/rasenkrankheiten\/engerlinge-rasen\/#breadcrumb","itemListElement":[{"@type":"ListItem","position":1,"name":"Home","item":"https:\/\/www.tindemansgraszoden.nl\/de\/"},{"@type":"ListItem","position":2,"name":"Rasenkrankheiten","item":"https:\/\/www.tindemansgraszoden.nl\/de\/rasenkrankheiten\/"},{"@type":"ListItem","position":3,"name":"Engerlinge"}]},{"@type":"WebSite","@id":"https:\/\/www.tindemansgraszoden.nl\/de\/#website","url":"https:\/\/www.tindemansgraszoden.nl\/de\/","name":"Tindemans Graszoden","description":"Graszoden Limburg: levering en aanleg","publisher":{"@id":"https:\/\/www.tindemansgraszoden.nl\/de\/#organization"},"potentialAction":[{"@type":"SearchAction","target":{"@type":"EntryPoint","urlTemplate":"https:\/\/www.tindemansgraszoden.nl\/de\/?s={search_term_string}"},"query-input":{"@type":"PropertyValueSpecification","valueRequired":true,"valueName":"search_term_string"}}],"inLanguage":"de"},{"@type":"Organization","@id":"https:\/\/www.tindemansgraszoden.nl\/de\/#organization","name":"Tindemans Graszoden","url":"https:\/\/www.tindemansgraszoden.nl\/de\/","logo":{"@type":"ImageObject","inLanguage":"de","@id":"https:\/\/www.tindemansgraszoden.nl\/de\/#\/schema\/logo\/image\/","url":"https:\/\/www.tindemansgraszoden.nl\/wp-content\/uploads\/2022\/04\/logo.png","contentUrl":"https:\/\/www.tindemansgraszoden.nl\/wp-content\/uploads\/2022\/04\/logo.png","width":394,"height":120,"caption":"Tindemans Graszoden"},"image":{"@id":"https:\/\/www.tindemansgraszoden.nl\/de\/#\/schema\/logo\/image\/"}}]}},"_links":{"self":[{"href":"https:\/\/www.tindemansgraszoden.nl\/de\/wp-json\/wp\/v2\/pages\/9601","targetHints":{"allow":["GET"]}}],"collection":[{"href":"https:\/\/www.tindemansgraszoden.nl\/de\/wp-json\/wp\/v2\/pages"}],"about":[{"href":"https:\/\/www.tindemansgraszoden.nl\/de\/wp-json\/wp\/v2\/types\/page"}],"author":[{"embeddable":true,"href":"https:\/\/www.tindemansgraszoden.nl\/de\/wp-json\/wp\/v2\/users\/4"}],"replies":[{"embeddable":true,"href":"https:\/\/www.tindemansgraszoden.nl\/de\/wp-json\/wp\/v2\/comments?post=9601"}],"version-history":[{"count":3,"href":"https:\/\/www.tindemansgraszoden.nl\/de\/wp-json\/wp\/v2\/pages\/9601\/revisions"}],"predecessor-version":[{"id":9691,"href":"https:\/\/www.tindemansgraszoden.nl\/de\/wp-json\/wp\/v2\/pages\/9601\/revisions\/9691"}],"up":[{"embeddable":true,"href":"https:\/\/www.tindemansgraszoden.nl\/de\/wp-json\/wp\/v2\/pages\/9595"}],"wp:attachment":[{"href":"https:\/\/www.tindemansgraszoden.nl\/de\/wp-json\/wp\/v2\/media?parent=9601"}],"curies":[{"name":"wp","href":"https:\/\/api.w.org\/{rel}","templated":true}]}}