{"id":9584,"date":"2022-02-07T16:30:19","date_gmt":"2022-02-07T15:30:19","guid":{"rendered":"https:\/\/www.tindemansgraszoden.nl\/?page_id=9584"},"modified":"2026-04-09T10:46:59","modified_gmt":"2026-04-09T08:46:59","slug":"wiesenschnakenlarven-rasen","status":"publish","type":"page","link":"https:\/\/www.tindemansgraszoden.nl\/de\/rasenkrankheiten\/wiesenschnakenlarven-rasen\/","title":{"rendered":"Tipula-Larven"},"content":{"rendered":"\n<h1 class=\"wp-block-heading\">Wiesenschnakenlarven (Tipula-Larven)<\/h1>\n\n\n\n<p>Im Gegensatz zu&nbsp;<a href=\"https:\/\/www.tindemansrollrasen.de\/rasenkrankheiten\/engerlinge-rasen\/\">Engerlingen<\/a>, K\u00e4ferlarven, sind Wiesenschnakenlarven Larven von Schnaken. Unter diesen Wiesenschnaken k\u00f6nnen die Larven weiter unterschieden werden. Die bekannteste in den Niederlanden und Belgien ist die Tipula-Larve. Die Tipula-Larve ist an ihrer dunkelgrauen Farbe und ihrem beinlosen K\u00f6rper zu erkennen. Diese Larve kann auch Ihren Rasen ernsthaft besch\u00e4digen und dazu f\u00fchren, dieser abstirbt.<\/p>\n\n\n\n<h2 class=\"wp-block-heading\">Wiesenschnakenlarven aufsp\u00fcren<\/h2>\n\n\n\n<p>Sie sind sich nicht sicher, ob sich in Ihrem Rasen Wiesenschnakenlarven befinden? Es gibt eine Reihe von Methoden, mit denen Sie Wiesenschnakenlarven aufsp\u00fcren k\u00f6nnen. Zum Beispiel tauchen nachts Wiesenschnakenlarven aus dem Boden auf, um die oberste Schicht des Rasens zu fressen. Sie sind dann oft auf der Rasenoberfl\u00e4che sichtbar. Sie kommen auch gerne ans Licht.<\/p>\n\n\n\n<p>Auf der anderen Seite: Wenn Ihr Rasen kahle Stellen hat und schlechter w\u00e4chst, ist die Wahrscheinlichkeit von Wiesenschnakenlarven ebenfalls hoch. Da Wiesenschnakenlarven gerne an den Wurzeln des Grases fressen, kann sich der Rasen l\u00f6sen. Au\u00dferdem m\u00f6gen V\u00f6gel Wiesenschnakenlarven als Futter, wodurch noch mehr L\u00f6cher im Rasen entstehen. Alles in allem ist es am besten, Wiesenschnakenlarven so schnell wie m\u00f6glich zu bek\u00e4mpfen, bevor Ihr Rasen vollst\u00e4ndig besch\u00e4digt ist.<\/p>\n\n\n\n<p><br><p><img fetchpriority=\"high\" decoding=\"async\" width=\"350\" height=\"233\" class=\"alignnone wp-image-1515\" src=\"https:\/\/www.tindemansgraszoden.nl\/wp-content\/uploads\/2022\/03\/emelt-gazon.png\" alt=\"Emeltenlarven in het gazon\" srcset=\"https:\/\/www.tindemansgraszoden.nl\/wp-content\/uploads\/2022\/03\/emelt-gazon.png 1024w, https:\/\/www.tindemansgraszoden.nl\/wp-content\/uploads\/2022\/03\/emelt-gazon-300x200.png 300w, https:\/\/www.tindemansgraszoden.nl\/wp-content\/uploads\/2022\/03\/emelt-gazon-768x512.png 768w, https:\/\/www.tindemansgraszoden.nl\/wp-content\/uploads\/2022\/03\/emelt-gazon-600x400.png 600w\" sizes=\"(max-width: 350px) 100vw, 350px\" \/>\u00a0 \u00a0 \u00a0<img decoding=\"async\" width=\"350\" height=\"233\" class=\"alignnone wp-image-1516\" src=\"https:\/\/www.tindemansgraszoden.nl\/wp-content\/uploads\/2022\/03\/Langpootmug-emelt.png\" alt=\"Langpootmug emelt\" srcset=\"https:\/\/www.tindemansgraszoden.nl\/wp-content\/uploads\/2022\/03\/Langpootmug-emelt.png 1024w, https:\/\/www.tindemansgraszoden.nl\/wp-content\/uploads\/2022\/03\/Langpootmug-emelt-300x200.png 300w, https:\/\/www.tindemansgraszoden.nl\/wp-content\/uploads\/2022\/03\/Langpootmug-emelt-768x512.png 768w, https:\/\/www.tindemansgraszoden.nl\/wp-content\/uploads\/2022\/03\/Langpootmug-emelt-600x400.png 600w\" sizes=\"(max-width: 350px) 100vw, 350px\" \/><\/p><\/p>\n\n\n\n<h2 class=\"wp-block-heading\">Die Wiesenschnakenlarven<\/h2>\n\n\n\n<p>Wie oben erw\u00e4hnt, sind Wiesenschnakenlarven ein gro\u00dfer Feind f\u00fcr Ihren Rasen. Die Wiesenschnakenlarven stammen von der Wiesenschnake, die Hunderte von Eiern gleichzeitig legt. Diese Eier werden vorzugsweise auf dem Gras gelegt, danach schl\u00fcpfen sie nach einigen Wochen. Infolgedessen sind Sie direkt mit einer gro\u00dfen Anzahl von Wiesenschnakenlarven in Ihrem Rasen konfrontiert.<\/p>\n\n\n\n<p><br><p><img decoding=\"async\" width=\"92\" height=\"91\" class=\"size-full wp-image-356 alignleft\" src=\"https:\/\/www.tindemansgraszoden.nl\/wp-content\/uploads\/2022\/01\/tip-e1643814179359.png\" alt=\"tip-graszoden\" srcset=\"https:\/\/www.tindemansgraszoden.nl\/wp-content\/uploads\/2022\/01\/tip-e1643814179359.png 92w, https:\/\/www.tindemansgraszoden.nl\/wp-content\/uploads\/2022\/01\/tip-e1643814179359-300x300.png 300w, https:\/\/www.tindemansgraszoden.nl\/wp-content\/uploads\/2022\/01\/tip-e1643814179359-100x100.png 100w\" sizes=\"(max-width: 92px) 100vw, 92px\" \/><span class=\"TextRun SCXW189895879 BCX8\" lang=\"NL-NL\" xml:lang=\"NL-NL\" data-contrast=\"auto\"><span class=\"NormalTextRun SCXW189895879 BCX8\" data-ccp-parastyle=\"Normal (Web)\"><em><br>Die Bek\u00e4mpfung von Lederwanzen ist am wirksamsten, wenn die Larven noch jung sind. Die ersten Larven schl\u00fcpfen zwei Wochen nach der Eiablage. Die ersten 4 Wochen sind der beste Zeitraum f\u00fcr die Bek\u00e4mpfung eines gro\u00dfen Rasenbefalls.<\/em><\/span><\/span><\/p><\/p>\n\n\n\n<h2 class=\"wp-block-heading\">&nbsp;<\/h2>\n\n\n\n<h2 class=\"wp-block-heading\">Wiesenschnakenlarven bek\u00e4mpfen?<\/h2>\n\n\n\n<p>Leider ist es fast unm\u00f6glich, die Larven ganz zu vermeiden. Sie k\u00f6nnen jedoch auf nat\u00fcrliche Weise kontrolliert werden, n\u00e4mlich mit Nematoden. Nematoden sind parasit\u00e4re Fadenw\u00fcrmer, die Wiesenschnakenlarven auf biologische Weise t\u00f6ten. Wie funktioniert das? Es gibt Millionen von Fadenw\u00fcrmern, die die Wiesenschnakenlarven als Nahrung betrachten. Sie dringen ein, vermehren sich und fressen die Wiesenschnakenlarven. Das tun sie, bis alle Wiesenschnakenlarven gefressen sind, und sterben dann selbst aus. Die beste Zeit zur Bek\u00e4mpfung von Wiesenschnakenlarven ist von Mai bis Juli und von Oktober bis Dezember.<\/p>\n\n\n\n<p>Der Vorteil dieser biologischen Kontrolle gegen Wiesenschnakenlarven ist, dass der Rasen unber\u00fchrt bleibt. Man kann also sagen, dass dies eine effektive und umweltfreundliche Art der Bek\u00e4mpfung ist. Leiden Sie unter Wiesenschnakenlarven? Dann w\u00e4hlen Sie unseren Nematoden-Mix zur Bek\u00e4mpfung von Wiesenschnakenlarven. F\u00fcr Bestellungen und Informationen ist es am besten, per&nbsp;<a href=\"mailto:info@tindemansgraszoden.nl\">E-<u>Mail<\/u><\/a>&nbsp;oder<a href=\"tel:+31 (0)85 064 5441\">&nbsp;<u>telefonisch<\/u>&nbsp;<\/a>Kontakt mit uns aufzunehmen.<\/p>\n","protected":false},"excerpt":{"rendered":"<p>Wiesenschnakenlarven (Tipula-Larven) Im Gegensatz zu&nbsp;Engerlingen, K\u00e4ferlarven, sind Wiesenschnakenlarven Larven von Schnaken. Unter diesen Wiesenschnaken k\u00f6nnen die Larven weiter unterschieden werden. Die bekannteste in den Niederlanden und Belgien ist die Tipula-Larve. Die Tipula-Larve ist an ihrer dunkelgrauen Farbe und ihrem beinlosen K\u00f6rper zu erkennen. Diese Larve kann auch Ihren Rasen ernsthaft besch\u00e4digen und dazu f\u00fchren, dieser [&hellip;]<\/p>\n","protected":false},"author":4,"featured_media":0,"parent":9595,"menu_order":2,"comment_status":"closed","ping_status":"closed","template":"","meta":{"_acf_changed":false,"footnotes":""},"class_list":["post-9584","page","type-page","status-publish","hentry"],"acf":[],"yoast_head":"<!-- This site is optimized with the Yoast SEO plugin v26.9 - https:\/\/yoast.com\/product\/yoast-seo-wordpress\/ -->\n<title>Tipula-Larven - Tindemans Graszoden<\/title>\n<meta name=\"robots\" content=\"index, follow, max-snippet:-1, max-image-preview:large, max-video-preview:-1\" \/>\n<link rel=\"canonical\" href=\"https:\/\/www.tindemansgraszoden.nl\/de\/rasenkrankheiten\/wiesenschnakenlarven-rasen\/\" \/>\n<meta property=\"og:locale\" content=\"de_DE\" \/>\n<meta property=\"og:type\" content=\"article\" \/>\n<meta property=\"og:title\" content=\"Tipula-Larven - Tindemans Graszoden\" \/>\n<meta property=\"og:description\" content=\"Wiesenschnakenlarven (Tipula-Larven) Im Gegensatz zu&nbsp;Engerlingen, K\u00e4ferlarven, sind Wiesenschnakenlarven Larven von Schnaken. Unter diesen Wiesenschnaken k\u00f6nnen die Larven weiter unterschieden werden. Die bekannteste in den Niederlanden und Belgien ist die Tipula-Larve. Die Tipula-Larve ist an ihrer dunkelgrauen Farbe und ihrem beinlosen K\u00f6rper zu erkennen. Diese Larve kann auch Ihren Rasen ernsthaft besch\u00e4digen und dazu f\u00fchren, dieser [&hellip;]\" \/>\n<meta property=\"og:url\" content=\"https:\/\/www.tindemansgraszoden.nl\/de\/rasenkrankheiten\/wiesenschnakenlarven-rasen\/\" \/>\n<meta property=\"og:site_name\" content=\"Tindemans Graszoden\" \/>\n<meta property=\"article:modified_time\" content=\"2026-04-09T08:46:59+00:00\" \/>\n<meta property=\"og:image\" content=\"https:\/\/www.tindemansgraszoden.nl\/wp-content\/uploads\/2022\/03\/emelt-gazon.png\" \/>\n\t<meta property=\"og:image:width\" content=\"1024\" \/>\n\t<meta property=\"og:image:height\" content=\"683\" \/>\n\t<meta property=\"og:image:type\" content=\"image\/png\" \/>\n<meta name=\"twitter:card\" content=\"summary_large_image\" \/>\n<meta name=\"twitter:label1\" content=\"Gesch\u00e4tzte Lesezeit\" \/>\n\t<meta name=\"twitter:data1\" content=\"3\u00a0Minuten\" \/>\n<script type=\"application\/ld+json\" class=\"yoast-schema-graph\">{\"@context\":\"https:\/\/schema.org\",\"@graph\":[{\"@type\":\"WebPage\",\"@id\":\"https:\/\/www.tindemansgraszoden.nl\/de\/rasenkrankheiten\/wiesenschnakenlarven-rasen\/\",\"url\":\"https:\/\/www.tindemansgraszoden.nl\/de\/rasenkrankheiten\/wiesenschnakenlarven-rasen\/\",\"name\":\"Tipula-Larven - Tindemans Graszoden\",\"isPartOf\":{\"@id\":\"https:\/\/www.tindemansgraszoden.nl\/de\/#website\"},\"primaryImageOfPage\":{\"@id\":\"https:\/\/www.tindemansgraszoden.nl\/de\/rasenkrankheiten\/wiesenschnakenlarven-rasen\/#primaryimage\"},\"image\":{\"@id\":\"https:\/\/www.tindemansgraszoden.nl\/de\/rasenkrankheiten\/wiesenschnakenlarven-rasen\/#primaryimage\"},\"thumbnailUrl\":\"https:\/\/www.tindemansgraszoden.nl\/wp-content\/uploads\/2022\/03\/emelt-gazon.png\",\"datePublished\":\"2022-02-07T15:30:19+00:00\",\"dateModified\":\"2026-04-09T08:46:59+00:00\",\"breadcrumb\":{\"@id\":\"https:\/\/www.tindemansgraszoden.nl\/de\/rasenkrankheiten\/wiesenschnakenlarven-rasen\/#breadcrumb\"},\"inLanguage\":\"de\",\"potentialAction\":[{\"@type\":\"ReadAction\",\"target\":[\"https:\/\/www.tindemansgraszoden.nl\/de\/rasenkrankheiten\/wiesenschnakenlarven-rasen\/\"]}]},{\"@type\":\"ImageObject\",\"inLanguage\":\"de\",\"@id\":\"https:\/\/www.tindemansgraszoden.nl\/de\/rasenkrankheiten\/wiesenschnakenlarven-rasen\/#primaryimage\",\"url\":\"https:\/\/www.tindemansgraszoden.nl\/wp-content\/uploads\/2022\/03\/emelt-gazon.png\",\"contentUrl\":\"https:\/\/www.tindemansgraszoden.nl\/wp-content\/uploads\/2022\/03\/emelt-gazon.png\"},{\"@type\":\"BreadcrumbList\",\"@id\":\"https:\/\/www.tindemansgraszoden.nl\/de\/rasenkrankheiten\/wiesenschnakenlarven-rasen\/#breadcrumb\",\"itemListElement\":[{\"@type\":\"ListItem\",\"position\":1,\"name\":\"Home\",\"item\":\"https:\/\/www.tindemansgraszoden.nl\/de\/\"},{\"@type\":\"ListItem\",\"position\":2,\"name\":\"Rasenkrankheiten\",\"item\":\"https:\/\/www.tindemansgraszoden.nl\/de\/rasenkrankheiten\/\"},{\"@type\":\"ListItem\",\"position\":3,\"name\":\"Tipula-Larven\"}]},{\"@type\":\"WebSite\",\"@id\":\"https:\/\/www.tindemansgraszoden.nl\/de\/#website\",\"url\":\"https:\/\/www.tindemansgraszoden.nl\/de\/\",\"name\":\"Tindemans Graszoden\",\"description\":\"Graszoden Limburg: levering en aanleg\",\"publisher\":{\"@id\":\"https:\/\/www.tindemansgraszoden.nl\/de\/#organization\"},\"potentialAction\":[{\"@type\":\"SearchAction\",\"target\":{\"@type\":\"EntryPoint\",\"urlTemplate\":\"https:\/\/www.tindemansgraszoden.nl\/de\/?s={search_term_string}\"},\"query-input\":{\"@type\":\"PropertyValueSpecification\",\"valueRequired\":true,\"valueName\":\"search_term_string\"}}],\"inLanguage\":\"de\"},{\"@type\":\"Organization\",\"@id\":\"https:\/\/www.tindemansgraszoden.nl\/de\/#organization\",\"name\":\"Tindemans Graszoden\",\"url\":\"https:\/\/www.tindemansgraszoden.nl\/de\/\",\"logo\":{\"@type\":\"ImageObject\",\"inLanguage\":\"de\",\"@id\":\"https:\/\/www.tindemansgraszoden.nl\/de\/#\/schema\/logo\/image\/\",\"url\":\"https:\/\/www.tindemansgraszoden.nl\/wp-content\/uploads\/2022\/04\/logo.png\",\"contentUrl\":\"https:\/\/www.tindemansgraszoden.nl\/wp-content\/uploads\/2022\/04\/logo.png\",\"width\":394,\"height\":120,\"caption\":\"Tindemans Graszoden\"},\"image\":{\"@id\":\"https:\/\/www.tindemansgraszoden.nl\/de\/#\/schema\/logo\/image\/\"}}]}<\/script>\n<!-- \/ Yoast SEO plugin. -->","yoast_head_json":{"title":"Tipula-Larven - Tindemans Graszoden","robots":{"index":"index","follow":"follow","max-snippet":"max-snippet:-1","max-image-preview":"max-image-preview:large","max-video-preview":"max-video-preview:-1"},"canonical":"https:\/\/www.tindemansgraszoden.nl\/de\/rasenkrankheiten\/wiesenschnakenlarven-rasen\/","og_locale":"de_DE","og_type":"article","og_title":"Tipula-Larven - Tindemans Graszoden","og_description":"Wiesenschnakenlarven (Tipula-Larven) Im Gegensatz zu&nbsp;Engerlingen, K\u00e4ferlarven, sind Wiesenschnakenlarven Larven von Schnaken. Unter diesen Wiesenschnaken k\u00f6nnen die Larven weiter unterschieden werden. Die bekannteste in den Niederlanden und Belgien ist die Tipula-Larve. Die Tipula-Larve ist an ihrer dunkelgrauen Farbe und ihrem beinlosen K\u00f6rper zu erkennen. Diese Larve kann auch Ihren Rasen ernsthaft besch\u00e4digen und dazu f\u00fchren, dieser [&hellip;]","og_url":"https:\/\/www.tindemansgraszoden.nl\/de\/rasenkrankheiten\/wiesenschnakenlarven-rasen\/","og_site_name":"Tindemans Graszoden","article_modified_time":"2026-04-09T08:46:59+00:00","og_image":[{"width":1024,"height":683,"url":"https:\/\/www.tindemansgraszoden.nl\/wp-content\/uploads\/2022\/03\/emelt-gazon.png","type":"image\/png"}],"twitter_card":"summary_large_image","twitter_misc":{"Gesch\u00e4tzte Lesezeit":"3\u00a0Minuten"},"schema":{"@context":"https:\/\/schema.org","@graph":[{"@type":"WebPage","@id":"https:\/\/www.tindemansgraszoden.nl\/de\/rasenkrankheiten\/wiesenschnakenlarven-rasen\/","url":"https:\/\/www.tindemansgraszoden.nl\/de\/rasenkrankheiten\/wiesenschnakenlarven-rasen\/","name":"Tipula-Larven - Tindemans Graszoden","isPartOf":{"@id":"https:\/\/www.tindemansgraszoden.nl\/de\/#website"},"primaryImageOfPage":{"@id":"https:\/\/www.tindemansgraszoden.nl\/de\/rasenkrankheiten\/wiesenschnakenlarven-rasen\/#primaryimage"},"image":{"@id":"https:\/\/www.tindemansgraszoden.nl\/de\/rasenkrankheiten\/wiesenschnakenlarven-rasen\/#primaryimage"},"thumbnailUrl":"https:\/\/www.tindemansgraszoden.nl\/wp-content\/uploads\/2022\/03\/emelt-gazon.png","datePublished":"2022-02-07T15:30:19+00:00","dateModified":"2026-04-09T08:46:59+00:00","breadcrumb":{"@id":"https:\/\/www.tindemansgraszoden.nl\/de\/rasenkrankheiten\/wiesenschnakenlarven-rasen\/#breadcrumb"},"inLanguage":"de","potentialAction":[{"@type":"ReadAction","target":["https:\/\/www.tindemansgraszoden.nl\/de\/rasenkrankheiten\/wiesenschnakenlarven-rasen\/"]}]},{"@type":"ImageObject","inLanguage":"de","@id":"https:\/\/www.tindemansgraszoden.nl\/de\/rasenkrankheiten\/wiesenschnakenlarven-rasen\/#primaryimage","url":"https:\/\/www.tindemansgraszoden.nl\/wp-content\/uploads\/2022\/03\/emelt-gazon.png","contentUrl":"https:\/\/www.tindemansgraszoden.nl\/wp-content\/uploads\/2022\/03\/emelt-gazon.png"},{"@type":"BreadcrumbList","@id":"https:\/\/www.tindemansgraszoden.nl\/de\/rasenkrankheiten\/wiesenschnakenlarven-rasen\/#breadcrumb","itemListElement":[{"@type":"ListItem","position":1,"name":"Home","item":"https:\/\/www.tindemansgraszoden.nl\/de\/"},{"@type":"ListItem","position":2,"name":"Rasenkrankheiten","item":"https:\/\/www.tindemansgraszoden.nl\/de\/rasenkrankheiten\/"},{"@type":"ListItem","position":3,"name":"Tipula-Larven"}]},{"@type":"WebSite","@id":"https:\/\/www.tindemansgraszoden.nl\/de\/#website","url":"https:\/\/www.tindemansgraszoden.nl\/de\/","name":"Tindemans Graszoden","description":"Graszoden Limburg: levering en aanleg","publisher":{"@id":"https:\/\/www.tindemansgraszoden.nl\/de\/#organization"},"potentialAction":[{"@type":"SearchAction","target":{"@type":"EntryPoint","urlTemplate":"https:\/\/www.tindemansgraszoden.nl\/de\/?s={search_term_string}"},"query-input":{"@type":"PropertyValueSpecification","valueRequired":true,"valueName":"search_term_string"}}],"inLanguage":"de"},{"@type":"Organization","@id":"https:\/\/www.tindemansgraszoden.nl\/de\/#organization","name":"Tindemans Graszoden","url":"https:\/\/www.tindemansgraszoden.nl\/de\/","logo":{"@type":"ImageObject","inLanguage":"de","@id":"https:\/\/www.tindemansgraszoden.nl\/de\/#\/schema\/logo\/image\/","url":"https:\/\/www.tindemansgraszoden.nl\/wp-content\/uploads\/2022\/04\/logo.png","contentUrl":"https:\/\/www.tindemansgraszoden.nl\/wp-content\/uploads\/2022\/04\/logo.png","width":394,"height":120,"caption":"Tindemans Graszoden"},"image":{"@id":"https:\/\/www.tindemansgraszoden.nl\/de\/#\/schema\/logo\/image\/"}}]}},"_links":{"self":[{"href":"https:\/\/www.tindemansgraszoden.nl\/de\/wp-json\/wp\/v2\/pages\/9584","targetHints":{"allow":["GET"]}}],"collection":[{"href":"https:\/\/www.tindemansgraszoden.nl\/de\/wp-json\/wp\/v2\/pages"}],"about":[{"href":"https:\/\/www.tindemansgraszoden.nl\/de\/wp-json\/wp\/v2\/types\/page"}],"author":[{"embeddable":true,"href":"https:\/\/www.tindemansgraszoden.nl\/de\/wp-json\/wp\/v2\/users\/4"}],"replies":[{"embeddable":true,"href":"https:\/\/www.tindemansgraszoden.nl\/de\/wp-json\/wp\/v2\/comments?post=9584"}],"version-history":[{"count":3,"href":"https:\/\/www.tindemansgraszoden.nl\/de\/wp-json\/wp\/v2\/pages\/9584\/revisions"}],"predecessor-version":[{"id":9690,"href":"https:\/\/www.tindemansgraszoden.nl\/de\/wp-json\/wp\/v2\/pages\/9584\/revisions\/9690"}],"up":[{"embeddable":true,"href":"https:\/\/www.tindemansgraszoden.nl\/de\/wp-json\/wp\/v2\/pages\/9595"}],"wp:attachment":[{"href":"https:\/\/www.tindemansgraszoden.nl\/de\/wp-json\/wp\/v2\/media?parent=9584"}],"curies":[{"name":"wp","href":"https:\/\/api.w.org\/{rel}","templated":true}]}}