{"id":9574,"date":"2022-02-07T15:57:20","date_gmt":"2022-02-07T14:57:20","guid":{"rendered":"https:\/\/www.tindemansgraszoden.nl\/?page_id=9574"},"modified":"2026-04-09T10:51:14","modified_gmt":"2026-04-09T08:51:14","slug":"blattfleckenkrankheit-rasen","status":"publish","type":"page","link":"https:\/\/www.tindemansgraszoden.nl\/de\/rasenkrankheiten\/blattfleckenkrankheit-rasen\/","title":{"rendered":"Blattfleckenkrankheit"},"content":{"rendered":"\n<h2 class=\"wp-block-heading\">Blattfleckenkrankheit im Rasen<\/h2>\n\n\n\n<p>Blattfleckenkrankheit ist eine ernste Krankheit, die haupts\u00e4chlich die Bl\u00e4tter des Grases betrifft. Im Gegensatz zu vielen anderen beschriebenen Krankheiten tritt die Blattfleckenkrankheit nicht nur im Rasen, sondern auch in anderen Pflanzen auf. Wie der Name schon sagt, ist die Blattfleckenkrankheit an den Flecken auf dem Blatt zu erkennen. Haupts\u00e4chlich sind diese Flecken klein und braun und wachsen mit der Zeit zu gr\u00f6\u00dferen Flecken, was zu einem schlechten Rasen f\u00fchrt.<\/p>\n\n\n\n<p><br><p><img fetchpriority=\"high\" decoding=\"async\" width=\"350\" height=\"233\" class=\"alignnone wp-image-1506\" src=\"https:\/\/www.tindemansgraszoden.nl\/wp-content\/uploads\/2022\/03\/Bladvlekkenziekte-gazon.png\" alt=\"Grasblad die lijdt aan bladvlekkenziekte in gazon\" srcset=\"https:\/\/www.tindemansgraszoden.nl\/wp-content\/uploads\/2022\/03\/Bladvlekkenziekte-gazon.png 1024w, https:\/\/www.tindemansgraszoden.nl\/wp-content\/uploads\/2022\/03\/Bladvlekkenziekte-gazon-300x200.png 300w, https:\/\/www.tindemansgraszoden.nl\/wp-content\/uploads\/2022\/03\/Bladvlekkenziekte-gazon-768x512.png 768w, https:\/\/www.tindemansgraszoden.nl\/wp-content\/uploads\/2022\/03\/Bladvlekkenziekte-gazon-600x400.png 600w\" sizes=\"(max-width: 350px) 100vw, 350px\" \/>\u00a0 \u00a0 \u00a0<img decoding=\"async\" width=\"349\" height=\"233\" class=\"alignnone wp-image-1507\" src=\"https:\/\/www.tindemansgraszoden.nl\/wp-content\/uploads\/2022\/03\/Gazon-bladvlekkenziekte.png\" alt=\"Grasblad die lijdt aan bladvlekkenziekte in gazon\" srcset=\"https:\/\/www.tindemansgraszoden.nl\/wp-content\/uploads\/2022\/03\/Gazon-bladvlekkenziekte.png 1024w, https:\/\/www.tindemansgraszoden.nl\/wp-content\/uploads\/2022\/03\/Gazon-bladvlekkenziekte-300x200.png 300w, https:\/\/www.tindemansgraszoden.nl\/wp-content\/uploads\/2022\/03\/Gazon-bladvlekkenziekte-768x512.png 768w, https:\/\/www.tindemansgraszoden.nl\/wp-content\/uploads\/2022\/03\/Gazon-bladvlekkenziekte-600x400.png 600w\" sizes=\"(max-width: 349px) 100vw, 349px\" \/><\/p><\/p>\n\n\n\n<h2 class=\"wp-block-heading\">Ursache der Blattfleckenkrankheit<\/h2>\n\n\n\n<p>Blattfleckenkrankheit ist eine ernste Krankheit, die in Gras und Pflanzen vor allem im Fr\u00fchjahr oder Herbst auftritt. Dass diese Krankheit in diesen Jahreszeiten auftritt, ist haupts\u00e4chlich auf die niedrigeren Temperaturen zur\u00fcckzuf\u00fchren, die das Wachstum beeinflussen. Eine weitere Ursache f\u00fcr Blattfleckenkrankheit ist ein Mangel an Stickstoff oder Kalium.<\/p>\n\n\n\n<h2 class=\"wp-block-heading\">Bek\u00e4mpfung der Blattfleckenkrankheit im Rasen<\/h2>\n\n\n\n<p>Wenn Sie Ihren Rasen richtig und p\u00fcnktlich d\u00fcngen, verhindern Sie Rasenkrankheiten wie die Blattfleckenkrankheit. Auch das rechtzeitige&nbsp;<a href=\"https:\/\/www.tindemansrollrasen.de\/rasenpflege\/rasen-mahen\/\">M\u00e4hen<\/a>&nbsp;Ihres Rasens verringert das Risiko einer Blattfleckenkrankheit. Wenn Sie bereits unter Blattflecken auf Ihrem Rasen leiden, ist es am besten, den Teil des Rasens zu m\u00e4hen, der mit der Krankheit infiziert ist. Sie entsorgen diese Abf\u00e4lle und d\u00fcngen den Rasen schlie\u00dflich mit geeignetem D\u00fcnger.<\/p>\n\n\n\n<p><\/p>\n","protected":false},"excerpt":{"rendered":"<p>Blattfleckenkrankheit im Rasen Blattfleckenkrankheit ist eine ernste Krankheit, die haupts\u00e4chlich die Bl\u00e4tter des Grases betrifft. Im Gegensatz zu vielen anderen beschriebenen Krankheiten tritt die Blattfleckenkrankheit nicht nur im Rasen, sondern auch in anderen Pflanzen auf. Wie der Name schon sagt, ist die Blattfleckenkrankheit an den Flecken auf dem Blatt zu erkennen. Haupts\u00e4chlich sind diese Flecken [&hellip;]<\/p>\n","protected":false},"author":4,"featured_media":0,"parent":9595,"menu_order":2,"comment_status":"closed","ping_status":"closed","template":"","meta":{"_acf_changed":false,"footnotes":""},"class_list":["post-9574","page","type-page","status-publish","hentry"],"acf":[],"yoast_head":"<!-- This site is optimized with the Yoast SEO plugin v26.9 - https:\/\/yoast.com\/product\/yoast-seo-wordpress\/ -->\n<title>Blattfleckenkrankheit - Tindemans Graszoden<\/title>\n<meta name=\"robots\" content=\"index, follow, max-snippet:-1, max-image-preview:large, max-video-preview:-1\" \/>\n<link rel=\"canonical\" href=\"https:\/\/www.tindemansgraszoden.nl\/de\/rasenkrankheiten\/blattfleckenkrankheit-rasen\/\" \/>\n<meta property=\"og:locale\" content=\"de_DE\" \/>\n<meta property=\"og:type\" content=\"article\" \/>\n<meta property=\"og:title\" content=\"Blattfleckenkrankheit - Tindemans Graszoden\" \/>\n<meta property=\"og:description\" content=\"Blattfleckenkrankheit im Rasen Blattfleckenkrankheit ist eine ernste Krankheit, die haupts\u00e4chlich die Bl\u00e4tter des Grases betrifft. Im Gegensatz zu vielen anderen beschriebenen Krankheiten tritt die Blattfleckenkrankheit nicht nur im Rasen, sondern auch in anderen Pflanzen auf. Wie der Name schon sagt, ist die Blattfleckenkrankheit an den Flecken auf dem Blatt zu erkennen. Haupts\u00e4chlich sind diese Flecken [&hellip;]\" \/>\n<meta property=\"og:url\" content=\"https:\/\/www.tindemansgraszoden.nl\/de\/rasenkrankheiten\/blattfleckenkrankheit-rasen\/\" \/>\n<meta property=\"og:site_name\" content=\"Tindemans Graszoden\" \/>\n<meta property=\"article:modified_time\" content=\"2026-04-09T08:51:14+00:00\" \/>\n<meta property=\"og:image\" content=\"https:\/\/www.tindemansgraszoden.nl\/wp-content\/uploads\/2022\/03\/Bladvlekkenziekte-gazon.png\" \/>\n\t<meta property=\"og:image:width\" content=\"1024\" \/>\n\t<meta property=\"og:image:height\" content=\"683\" \/>\n\t<meta property=\"og:image:type\" content=\"image\/png\" \/>\n<meta name=\"twitter:card\" content=\"summary_large_image\" \/>\n<meta name=\"twitter:label1\" content=\"Gesch\u00e4tzte Lesezeit\" \/>\n\t<meta name=\"twitter:data1\" content=\"2\u00a0Minuten\" \/>\n<script type=\"application\/ld+json\" class=\"yoast-schema-graph\">{\"@context\":\"https:\/\/schema.org\",\"@graph\":[{\"@type\":\"WebPage\",\"@id\":\"https:\/\/www.tindemansgraszoden.nl\/de\/rasenkrankheiten\/blattfleckenkrankheit-rasen\/\",\"url\":\"https:\/\/www.tindemansgraszoden.nl\/de\/rasenkrankheiten\/blattfleckenkrankheit-rasen\/\",\"name\":\"Blattfleckenkrankheit - Tindemans Graszoden\",\"isPartOf\":{\"@id\":\"https:\/\/www.tindemansgraszoden.nl\/de\/#website\"},\"primaryImageOfPage\":{\"@id\":\"https:\/\/www.tindemansgraszoden.nl\/de\/rasenkrankheiten\/blattfleckenkrankheit-rasen\/#primaryimage\"},\"image\":{\"@id\":\"https:\/\/www.tindemansgraszoden.nl\/de\/rasenkrankheiten\/blattfleckenkrankheit-rasen\/#primaryimage\"},\"thumbnailUrl\":\"https:\/\/www.tindemansgraszoden.nl\/wp-content\/uploads\/2022\/03\/Bladvlekkenziekte-gazon.png\",\"datePublished\":\"2022-02-07T14:57:20+00:00\",\"dateModified\":\"2026-04-09T08:51:14+00:00\",\"breadcrumb\":{\"@id\":\"https:\/\/www.tindemansgraszoden.nl\/de\/rasenkrankheiten\/blattfleckenkrankheit-rasen\/#breadcrumb\"},\"inLanguage\":\"de\",\"potentialAction\":[{\"@type\":\"ReadAction\",\"target\":[\"https:\/\/www.tindemansgraszoden.nl\/de\/rasenkrankheiten\/blattfleckenkrankheit-rasen\/\"]}]},{\"@type\":\"ImageObject\",\"inLanguage\":\"de\",\"@id\":\"https:\/\/www.tindemansgraszoden.nl\/de\/rasenkrankheiten\/blattfleckenkrankheit-rasen\/#primaryimage\",\"url\":\"https:\/\/www.tindemansgraszoden.nl\/wp-content\/uploads\/2022\/03\/Bladvlekkenziekte-gazon.png\",\"contentUrl\":\"https:\/\/www.tindemansgraszoden.nl\/wp-content\/uploads\/2022\/03\/Bladvlekkenziekte-gazon.png\"},{\"@type\":\"BreadcrumbList\",\"@id\":\"https:\/\/www.tindemansgraszoden.nl\/de\/rasenkrankheiten\/blattfleckenkrankheit-rasen\/#breadcrumb\",\"itemListElement\":[{\"@type\":\"ListItem\",\"position\":1,\"name\":\"Home\",\"item\":\"https:\/\/www.tindemansgraszoden.nl\/de\/\"},{\"@type\":\"ListItem\",\"position\":2,\"name\":\"Rasenkrankheiten\",\"item\":\"https:\/\/www.tindemansgraszoden.nl\/de\/rasenkrankheiten\/\"},{\"@type\":\"ListItem\",\"position\":3,\"name\":\"Blattfleckenkrankheit\"}]},{\"@type\":\"WebSite\",\"@id\":\"https:\/\/www.tindemansgraszoden.nl\/de\/#website\",\"url\":\"https:\/\/www.tindemansgraszoden.nl\/de\/\",\"name\":\"Tindemans Graszoden\",\"description\":\"Graszoden Limburg: levering en aanleg\",\"publisher\":{\"@id\":\"https:\/\/www.tindemansgraszoden.nl\/de\/#organization\"},\"potentialAction\":[{\"@type\":\"SearchAction\",\"target\":{\"@type\":\"EntryPoint\",\"urlTemplate\":\"https:\/\/www.tindemansgraszoden.nl\/de\/?s={search_term_string}\"},\"query-input\":{\"@type\":\"PropertyValueSpecification\",\"valueRequired\":true,\"valueName\":\"search_term_string\"}}],\"inLanguage\":\"de\"},{\"@type\":\"Organization\",\"@id\":\"https:\/\/www.tindemansgraszoden.nl\/de\/#organization\",\"name\":\"Tindemans Graszoden\",\"url\":\"https:\/\/www.tindemansgraszoden.nl\/de\/\",\"logo\":{\"@type\":\"ImageObject\",\"inLanguage\":\"de\",\"@id\":\"https:\/\/www.tindemansgraszoden.nl\/de\/#\/schema\/logo\/image\/\",\"url\":\"https:\/\/www.tindemansgraszoden.nl\/wp-content\/uploads\/2022\/04\/logo.png\",\"contentUrl\":\"https:\/\/www.tindemansgraszoden.nl\/wp-content\/uploads\/2022\/04\/logo.png\",\"width\":394,\"height\":120,\"caption\":\"Tindemans Graszoden\"},\"image\":{\"@id\":\"https:\/\/www.tindemansgraszoden.nl\/de\/#\/schema\/logo\/image\/\"}}]}<\/script>\n<!-- \/ Yoast SEO plugin. -->","yoast_head_json":{"title":"Blattfleckenkrankheit - Tindemans Graszoden","robots":{"index":"index","follow":"follow","max-snippet":"max-snippet:-1","max-image-preview":"max-image-preview:large","max-video-preview":"max-video-preview:-1"},"canonical":"https:\/\/www.tindemansgraszoden.nl\/de\/rasenkrankheiten\/blattfleckenkrankheit-rasen\/","og_locale":"de_DE","og_type":"article","og_title":"Blattfleckenkrankheit - Tindemans Graszoden","og_description":"Blattfleckenkrankheit im Rasen Blattfleckenkrankheit ist eine ernste Krankheit, die haupts\u00e4chlich die Bl\u00e4tter des Grases betrifft. Im Gegensatz zu vielen anderen beschriebenen Krankheiten tritt die Blattfleckenkrankheit nicht nur im Rasen, sondern auch in anderen Pflanzen auf. Wie der Name schon sagt, ist die Blattfleckenkrankheit an den Flecken auf dem Blatt zu erkennen. Haupts\u00e4chlich sind diese Flecken [&hellip;]","og_url":"https:\/\/www.tindemansgraszoden.nl\/de\/rasenkrankheiten\/blattfleckenkrankheit-rasen\/","og_site_name":"Tindemans Graszoden","article_modified_time":"2026-04-09T08:51:14+00:00","og_image":[{"width":1024,"height":683,"url":"https:\/\/www.tindemansgraszoden.nl\/wp-content\/uploads\/2022\/03\/Bladvlekkenziekte-gazon.png","type":"image\/png"}],"twitter_card":"summary_large_image","twitter_misc":{"Gesch\u00e4tzte Lesezeit":"2\u00a0Minuten"},"schema":{"@context":"https:\/\/schema.org","@graph":[{"@type":"WebPage","@id":"https:\/\/www.tindemansgraszoden.nl\/de\/rasenkrankheiten\/blattfleckenkrankheit-rasen\/","url":"https:\/\/www.tindemansgraszoden.nl\/de\/rasenkrankheiten\/blattfleckenkrankheit-rasen\/","name":"Blattfleckenkrankheit - Tindemans Graszoden","isPartOf":{"@id":"https:\/\/www.tindemansgraszoden.nl\/de\/#website"},"primaryImageOfPage":{"@id":"https:\/\/www.tindemansgraszoden.nl\/de\/rasenkrankheiten\/blattfleckenkrankheit-rasen\/#primaryimage"},"image":{"@id":"https:\/\/www.tindemansgraszoden.nl\/de\/rasenkrankheiten\/blattfleckenkrankheit-rasen\/#primaryimage"},"thumbnailUrl":"https:\/\/www.tindemansgraszoden.nl\/wp-content\/uploads\/2022\/03\/Bladvlekkenziekte-gazon.png","datePublished":"2022-02-07T14:57:20+00:00","dateModified":"2026-04-09T08:51:14+00:00","breadcrumb":{"@id":"https:\/\/www.tindemansgraszoden.nl\/de\/rasenkrankheiten\/blattfleckenkrankheit-rasen\/#breadcrumb"},"inLanguage":"de","potentialAction":[{"@type":"ReadAction","target":["https:\/\/www.tindemansgraszoden.nl\/de\/rasenkrankheiten\/blattfleckenkrankheit-rasen\/"]}]},{"@type":"ImageObject","inLanguage":"de","@id":"https:\/\/www.tindemansgraszoden.nl\/de\/rasenkrankheiten\/blattfleckenkrankheit-rasen\/#primaryimage","url":"https:\/\/www.tindemansgraszoden.nl\/wp-content\/uploads\/2022\/03\/Bladvlekkenziekte-gazon.png","contentUrl":"https:\/\/www.tindemansgraszoden.nl\/wp-content\/uploads\/2022\/03\/Bladvlekkenziekte-gazon.png"},{"@type":"BreadcrumbList","@id":"https:\/\/www.tindemansgraszoden.nl\/de\/rasenkrankheiten\/blattfleckenkrankheit-rasen\/#breadcrumb","itemListElement":[{"@type":"ListItem","position":1,"name":"Home","item":"https:\/\/www.tindemansgraszoden.nl\/de\/"},{"@type":"ListItem","position":2,"name":"Rasenkrankheiten","item":"https:\/\/www.tindemansgraszoden.nl\/de\/rasenkrankheiten\/"},{"@type":"ListItem","position":3,"name":"Blattfleckenkrankheit"}]},{"@type":"WebSite","@id":"https:\/\/www.tindemansgraszoden.nl\/de\/#website","url":"https:\/\/www.tindemansgraszoden.nl\/de\/","name":"Tindemans Graszoden","description":"Graszoden Limburg: levering en aanleg","publisher":{"@id":"https:\/\/www.tindemansgraszoden.nl\/de\/#organization"},"potentialAction":[{"@type":"SearchAction","target":{"@type":"EntryPoint","urlTemplate":"https:\/\/www.tindemansgraszoden.nl\/de\/?s={search_term_string}"},"query-input":{"@type":"PropertyValueSpecification","valueRequired":true,"valueName":"search_term_string"}}],"inLanguage":"de"},{"@type":"Organization","@id":"https:\/\/www.tindemansgraszoden.nl\/de\/#organization","name":"Tindemans Graszoden","url":"https:\/\/www.tindemansgraszoden.nl\/de\/","logo":{"@type":"ImageObject","inLanguage":"de","@id":"https:\/\/www.tindemansgraszoden.nl\/de\/#\/schema\/logo\/image\/","url":"https:\/\/www.tindemansgraszoden.nl\/wp-content\/uploads\/2022\/04\/logo.png","contentUrl":"https:\/\/www.tindemansgraszoden.nl\/wp-content\/uploads\/2022\/04\/logo.png","width":394,"height":120,"caption":"Tindemans Graszoden"},"image":{"@id":"https:\/\/www.tindemansgraszoden.nl\/de\/#\/schema\/logo\/image\/"}}]}},"_links":{"self":[{"href":"https:\/\/www.tindemansgraszoden.nl\/de\/wp-json\/wp\/v2\/pages\/9574","targetHints":{"allow":["GET"]}}],"collection":[{"href":"https:\/\/www.tindemansgraszoden.nl\/de\/wp-json\/wp\/v2\/pages"}],"about":[{"href":"https:\/\/www.tindemansgraszoden.nl\/de\/wp-json\/wp\/v2\/types\/page"}],"author":[{"embeddable":true,"href":"https:\/\/www.tindemansgraszoden.nl\/de\/wp-json\/wp\/v2\/users\/4"}],"replies":[{"embeddable":true,"href":"https:\/\/www.tindemansgraszoden.nl\/de\/wp-json\/wp\/v2\/comments?post=9574"}],"version-history":[{"count":4,"href":"https:\/\/www.tindemansgraszoden.nl\/de\/wp-json\/wp\/v2\/pages\/9574\/revisions"}],"predecessor-version":[{"id":9689,"href":"https:\/\/www.tindemansgraszoden.nl\/de\/wp-json\/wp\/v2\/pages\/9574\/revisions\/9689"}],"up":[{"embeddable":true,"href":"https:\/\/www.tindemansgraszoden.nl\/de\/wp-json\/wp\/v2\/pages\/9595"}],"wp:attachment":[{"href":"https:\/\/www.tindemansgraszoden.nl\/de\/wp-json\/wp\/v2\/media?parent=9574"}],"curies":[{"name":"wp","href":"https:\/\/api.w.org\/{rel}","templated":true}]}}