{"id":9549,"date":"2022-01-31T12:57:55","date_gmt":"2022-01-31T11:57:55","guid":{"rendered":"https:\/\/www.tindemansgraszoden.nl\/?page_id=9549"},"modified":"2026-04-09T09:08:48","modified_gmt":"2026-04-09T07:08:48","slug":"rasenpflege","status":"publish","type":"page","link":"https:\/\/www.tindemansgraszoden.nl\/de\/rasenpflege\/","title":{"rendered":"Rasenpflege"},"content":{"rendered":"\n<h1 class=\"wp-block-heading\">Rasenpflege<\/h1>\n\n\n\n<p>Ein Rasen muss regelm\u00e4\u00dfig gepflegt werden, um gesund zu bleiben. Die Hauptpflegeaufgaben sind das Bew\u00e4ssern, D\u00fcngen und Rasenm\u00e4hen. Zum Beispiel bekommt der Rasen mit der richtigen D\u00fcngung eine sch\u00f6ne gr\u00fcne Farbe. Die Wurzeln werden auch st\u00e4rker, was zu einer dickeren Rasenoberfl\u00e4che f\u00fchrt.\u00a0<br><br><img decoding=\"async\" class=\"wp-image-9547\" style=\"width: 350px;\" src=\"https:\/\/www.tindemansgraszoden.nl\/wp-content\/uploads\/2022\/03\/Gras-maaien1.jpg\" alt=\"Gras maaien1\"> <img decoding=\"async\" class=\"wp-image-9548\" style=\"width: 350px;\" src=\"https:\/\/www.tindemansgraszoden.nl\/wp-content\/uploads\/2021\/07\/graszoden-sproeien.png\" alt=\"graszoden sproeien\"><\/p>\n\n\n\n<h2 class=\"wp-block-heading\"><strong>Die Zutaten f\u00fcr einen sch\u00f6nen Rasen<\/strong><\/h2>\n\n\n\n<p>Es ist etwas, dem wir h\u00e4ufig begegnen: ein schlecht aussehender Rasen, der zum Beispiel L\u00f6cher, Unkraut oder trockene Stellen enth\u00e4lt. Oft ist ein Mangel an D\u00fcngung oder Bew\u00e4sserung die Ursache daf\u00fcr. Um einen Rasen sch\u00f6n zu halten, ist es daher wichtig, die empfohlene Pflege einzuhalten. Wenn Sie den Rasen jeden Monat ein wenig und in den Sommermonaten h\u00e4ufiger pflegen, profitieren Sie l\u00e4nger von einem gesunden Rasen. Unser Pflegekalender hilft dabei.<\/p>\n\n\n\n<h2 class=\"wp-block-heading\">Die wichtigste Rasenpflege<\/h2>\n\n\n\n<p>Die Pflege des Rasens besteht in erster Linie aus der rechtzeitigen Bew\u00e4sserung, dem regelm\u00e4\u00dfigen Rasenm\u00e4hen und der D\u00fcngung, die dreimal im Jahr erfolgen sollte. Denken Sie daran, dass der Rasen von M\u00e4rz bis Oktober mindestens einmal pro Woche gem\u00e4ht werden sollte. Das Bew\u00e4ssern des Rasens variiert je nach Wetterlage. Bei viel Niederschlag m\u00fcssen Sie nat\u00fcrlich selbst nicht viel sprengen. Bei l\u00e4ngeren Trockenperioden empfehlen wir, etwa dreimal pro Woche f\u00fcr eine l\u00e4ngere Zeitdauer zu sprengen. Die D\u00fcngung des Rasens wird oft vergessen. Legen Sie daher die D\u00fcngezeiten fest. Ein Rasen sollte im M\u00e4rz, Juni und September ged\u00fcngt werden.<\/p>\n\n\n\n<h2 class=\"wp-block-heading\">Sonstige Pflege<\/h2>\n\n\n\n<p>Neben dem&nbsp;<a href=\"https:\/\/www.tindemansrollrasen.de\/rasenpflege\/rasen-mahen\/\">M\u00e4hen<\/a>,&nbsp;<a href=\"https:\/\/www.tindemansrollrasen.de\/rasenpflege\/rasen-sprengen\/\">Bew\u00e4ssern<\/a>&nbsp;und&nbsp;<a href=\"https:\/\/www.tindemansrollrasen.de\/rasenpflege\/rasen-dungen\/\">D\u00fcngen<\/a>&nbsp;gibt es auch noch andere Pflegearbeiten an einem Rasen, wie zum Beispiel&nbsp;<a href=\"https:\/\/www.tindemansrollrasen.de\/rasenpflege\/rasen-vertikutieren\/\">Vertikutieren<\/a>&nbsp;und&nbsp;<a href=\"https:\/\/www.tindemansrollrasen.de\/rasenpflege\/rasen-kalken\/\">Kalken<\/a>. Wir empfehlen Ihnen auch, den Rasen regelm\u00e4\u00dfig auf etwaige&nbsp;<a href=\"https:\/\/www.tindemansrollrasen.de\/rasenkrankheiten\/\">Rasenkrankheiten und Sch\u00e4dlinge<\/a>&nbsp;zu \u00fcberpr\u00fcfen. Rasenerkrankungen k\u00f6nnen fr\u00fchzeitig wirksam verhindert werden. Eventuelle Sch\u00e4den k\u00f6nnen durch&nbsp;<a href=\"https:\/\/www.tindemansrollrasen.de\/2023\/10\/15\/rasen-einsaen\/\">Nachs\u00e4en<\/a>&nbsp;leicht repariert werden.<\/p>\n\n\n\n<p>Wenn Sie weitere Tipps zur Rasenpflege w\u00fcnschen,&nbsp;<a href=\"https:\/\/www.tindemansrollrasen.de\/contact\/\">lassen Sie es uns wissen!<\/a><\/p>\n","protected":false},"excerpt":{"rendered":"<p>Rasenpflege Ein Rasen muss regelm\u00e4\u00dfig gepflegt werden, um gesund zu bleiben. Die Hauptpflegeaufgaben sind das Bew\u00e4ssern, D\u00fcngen und Rasenm\u00e4hen. Zum Beispiel bekommt der Rasen mit der richtigen D\u00fcngung eine sch\u00f6ne gr\u00fcne Farbe. Die Wurzeln werden auch st\u00e4rker, was zu einer dickeren Rasenoberfl\u00e4che f\u00fchrt.\u00a0 Die Zutaten f\u00fcr einen sch\u00f6nen Rasen Es ist etwas, dem wir h\u00e4ufig [&hellip;]<\/p>\n","protected":false},"author":4,"featured_media":0,"parent":0,"menu_order":2,"comment_status":"closed","ping_status":"closed","template":"","meta":{"_acf_changed":false,"footnotes":""},"class_list":["post-9549","page","type-page","status-publish","hentry"],"acf":[],"yoast_head":"<!-- This site is optimized with the Yoast SEO plugin v26.9 - https:\/\/yoast.com\/product\/yoast-seo-wordpress\/ -->\n<title>Rasenpflege - Tindemans Graszoden<\/title>\n<meta name=\"robots\" content=\"index, follow, max-snippet:-1, max-image-preview:large, max-video-preview:-1\" \/>\n<link rel=\"canonical\" href=\"https:\/\/www.tindemansgraszoden.nl\/de\/rasenpflege\/\" \/>\n<meta property=\"og:locale\" content=\"de_DE\" \/>\n<meta property=\"og:type\" content=\"article\" \/>\n<meta property=\"og:title\" content=\"Rasenpflege - Tindemans Graszoden\" \/>\n<meta property=\"og:description\" content=\"Rasenpflege Ein Rasen muss regelm\u00e4\u00dfig gepflegt werden, um gesund zu bleiben. Die Hauptpflegeaufgaben sind das Bew\u00e4ssern, D\u00fcngen und Rasenm\u00e4hen. Zum Beispiel bekommt der Rasen mit der richtigen D\u00fcngung eine sch\u00f6ne gr\u00fcne Farbe. Die Wurzeln werden auch st\u00e4rker, was zu einer dickeren Rasenoberfl\u00e4che f\u00fchrt.\u00a0 Die Zutaten f\u00fcr einen sch\u00f6nen Rasen Es ist etwas, dem wir h\u00e4ufig [&hellip;]\" \/>\n<meta property=\"og:url\" content=\"https:\/\/www.tindemansgraszoden.nl\/de\/rasenpflege\/\" \/>\n<meta property=\"og:site_name\" content=\"Tindemans Graszoden\" \/>\n<meta property=\"article:modified_time\" content=\"2026-04-09T07:08:48+00:00\" \/>\n<meta name=\"twitter:card\" content=\"summary_large_image\" \/>\n<meta name=\"twitter:label1\" content=\"Gesch\u00e4tzte Lesezeit\" \/>\n\t<meta name=\"twitter:data1\" content=\"2\u00a0Minuten\" \/>\n<script type=\"application\/ld+json\" class=\"yoast-schema-graph\">{\"@context\":\"https:\/\/schema.org\",\"@graph\":[{\"@type\":\"WebPage\",\"@id\":\"https:\/\/www.tindemansgraszoden.nl\/de\/rasenpflege\/\",\"url\":\"https:\/\/www.tindemansgraszoden.nl\/de\/rasenpflege\/\",\"name\":\"Rasenpflege - Tindemans Graszoden\",\"isPartOf\":{\"@id\":\"https:\/\/www.tindemansgraszoden.nl\/de\/#website\"},\"primaryImageOfPage\":{\"@id\":\"https:\/\/www.tindemansgraszoden.nl\/de\/rasenpflege\/#primaryimage\"},\"image\":{\"@id\":\"https:\/\/www.tindemansgraszoden.nl\/de\/rasenpflege\/#primaryimage\"},\"thumbnailUrl\":\"https:\/\/www.tindemansgraszoden.nl\/wp-content\/uploads\/2022\/03\/Gras-maaien1.jpg\",\"datePublished\":\"2022-01-31T11:57:55+00:00\",\"dateModified\":\"2026-04-09T07:08:48+00:00\",\"breadcrumb\":{\"@id\":\"https:\/\/www.tindemansgraszoden.nl\/de\/rasenpflege\/#breadcrumb\"},\"inLanguage\":\"de\",\"potentialAction\":[{\"@type\":\"ReadAction\",\"target\":[\"https:\/\/www.tindemansgraszoden.nl\/de\/rasenpflege\/\"]}]},{\"@type\":\"ImageObject\",\"inLanguage\":\"de\",\"@id\":\"https:\/\/www.tindemansgraszoden.nl\/de\/rasenpflege\/#primaryimage\",\"url\":\"https:\/\/www.tindemansgraszoden.nl\/wp-content\/uploads\/2022\/03\/Gras-maaien1.jpg\",\"contentUrl\":\"https:\/\/www.tindemansgraszoden.nl\/wp-content\/uploads\/2022\/03\/Gras-maaien1.jpg\"},{\"@type\":\"BreadcrumbList\",\"@id\":\"https:\/\/www.tindemansgraszoden.nl\/de\/rasenpflege\/#breadcrumb\",\"itemListElement\":[{\"@type\":\"ListItem\",\"position\":1,\"name\":\"Home\",\"item\":\"https:\/\/www.tindemansgraszoden.nl\/de\/\"},{\"@type\":\"ListItem\",\"position\":2,\"name\":\"Rasenpflege\"}]},{\"@type\":\"WebSite\",\"@id\":\"https:\/\/www.tindemansgraszoden.nl\/de\/#website\",\"url\":\"https:\/\/www.tindemansgraszoden.nl\/de\/\",\"name\":\"Tindemans Graszoden\",\"description\":\"Graszoden Limburg: levering en aanleg\",\"publisher\":{\"@id\":\"https:\/\/www.tindemansgraszoden.nl\/de\/#organization\"},\"potentialAction\":[{\"@type\":\"SearchAction\",\"target\":{\"@type\":\"EntryPoint\",\"urlTemplate\":\"https:\/\/www.tindemansgraszoden.nl\/de\/?s={search_term_string}\"},\"query-input\":{\"@type\":\"PropertyValueSpecification\",\"valueRequired\":true,\"valueName\":\"search_term_string\"}}],\"inLanguage\":\"de\"},{\"@type\":\"Organization\",\"@id\":\"https:\/\/www.tindemansgraszoden.nl\/de\/#organization\",\"name\":\"Tindemans Graszoden\",\"url\":\"https:\/\/www.tindemansgraszoden.nl\/de\/\",\"logo\":{\"@type\":\"ImageObject\",\"inLanguage\":\"de\",\"@id\":\"https:\/\/www.tindemansgraszoden.nl\/de\/#\/schema\/logo\/image\/\",\"url\":\"https:\/\/www.tindemansgraszoden.nl\/wp-content\/uploads\/2022\/04\/logo.png\",\"contentUrl\":\"https:\/\/www.tindemansgraszoden.nl\/wp-content\/uploads\/2022\/04\/logo.png\",\"width\":394,\"height\":120,\"caption\":\"Tindemans Graszoden\"},\"image\":{\"@id\":\"https:\/\/www.tindemansgraszoden.nl\/de\/#\/schema\/logo\/image\/\"}}]}<\/script>\n<!-- \/ Yoast SEO plugin. -->","yoast_head_json":{"title":"Rasenpflege - Tindemans Graszoden","robots":{"index":"index","follow":"follow","max-snippet":"max-snippet:-1","max-image-preview":"max-image-preview:large","max-video-preview":"max-video-preview:-1"},"canonical":"https:\/\/www.tindemansgraszoden.nl\/de\/rasenpflege\/","og_locale":"de_DE","og_type":"article","og_title":"Rasenpflege - Tindemans Graszoden","og_description":"Rasenpflege Ein Rasen muss regelm\u00e4\u00dfig gepflegt werden, um gesund zu bleiben. Die Hauptpflegeaufgaben sind das Bew\u00e4ssern, D\u00fcngen und Rasenm\u00e4hen. Zum Beispiel bekommt der Rasen mit der richtigen D\u00fcngung eine sch\u00f6ne gr\u00fcne Farbe. Die Wurzeln werden auch st\u00e4rker, was zu einer dickeren Rasenoberfl\u00e4che f\u00fchrt.\u00a0 Die Zutaten f\u00fcr einen sch\u00f6nen Rasen Es ist etwas, dem wir h\u00e4ufig [&hellip;]","og_url":"https:\/\/www.tindemansgraszoden.nl\/de\/rasenpflege\/","og_site_name":"Tindemans Graszoden","article_modified_time":"2026-04-09T07:08:48+00:00","twitter_card":"summary_large_image","twitter_misc":{"Gesch\u00e4tzte Lesezeit":"2\u00a0Minuten"},"schema":{"@context":"https:\/\/schema.org","@graph":[{"@type":"WebPage","@id":"https:\/\/www.tindemansgraszoden.nl\/de\/rasenpflege\/","url":"https:\/\/www.tindemansgraszoden.nl\/de\/rasenpflege\/","name":"Rasenpflege - Tindemans Graszoden","isPartOf":{"@id":"https:\/\/www.tindemansgraszoden.nl\/de\/#website"},"primaryImageOfPage":{"@id":"https:\/\/www.tindemansgraszoden.nl\/de\/rasenpflege\/#primaryimage"},"image":{"@id":"https:\/\/www.tindemansgraszoden.nl\/de\/rasenpflege\/#primaryimage"},"thumbnailUrl":"https:\/\/www.tindemansgraszoden.nl\/wp-content\/uploads\/2022\/03\/Gras-maaien1.jpg","datePublished":"2022-01-31T11:57:55+00:00","dateModified":"2026-04-09T07:08:48+00:00","breadcrumb":{"@id":"https:\/\/www.tindemansgraszoden.nl\/de\/rasenpflege\/#breadcrumb"},"inLanguage":"de","potentialAction":[{"@type":"ReadAction","target":["https:\/\/www.tindemansgraszoden.nl\/de\/rasenpflege\/"]}]},{"@type":"ImageObject","inLanguage":"de","@id":"https:\/\/www.tindemansgraszoden.nl\/de\/rasenpflege\/#primaryimage","url":"https:\/\/www.tindemansgraszoden.nl\/wp-content\/uploads\/2022\/03\/Gras-maaien1.jpg","contentUrl":"https:\/\/www.tindemansgraszoden.nl\/wp-content\/uploads\/2022\/03\/Gras-maaien1.jpg"},{"@type":"BreadcrumbList","@id":"https:\/\/www.tindemansgraszoden.nl\/de\/rasenpflege\/#breadcrumb","itemListElement":[{"@type":"ListItem","position":1,"name":"Home","item":"https:\/\/www.tindemansgraszoden.nl\/de\/"},{"@type":"ListItem","position":2,"name":"Rasenpflege"}]},{"@type":"WebSite","@id":"https:\/\/www.tindemansgraszoden.nl\/de\/#website","url":"https:\/\/www.tindemansgraszoden.nl\/de\/","name":"Tindemans Graszoden","description":"Graszoden Limburg: levering en aanleg","publisher":{"@id":"https:\/\/www.tindemansgraszoden.nl\/de\/#organization"},"potentialAction":[{"@type":"SearchAction","target":{"@type":"EntryPoint","urlTemplate":"https:\/\/www.tindemansgraszoden.nl\/de\/?s={search_term_string}"},"query-input":{"@type":"PropertyValueSpecification","valueRequired":true,"valueName":"search_term_string"}}],"inLanguage":"de"},{"@type":"Organization","@id":"https:\/\/www.tindemansgraszoden.nl\/de\/#organization","name":"Tindemans Graszoden","url":"https:\/\/www.tindemansgraszoden.nl\/de\/","logo":{"@type":"ImageObject","inLanguage":"de","@id":"https:\/\/www.tindemansgraszoden.nl\/de\/#\/schema\/logo\/image\/","url":"https:\/\/www.tindemansgraszoden.nl\/wp-content\/uploads\/2022\/04\/logo.png","contentUrl":"https:\/\/www.tindemansgraszoden.nl\/wp-content\/uploads\/2022\/04\/logo.png","width":394,"height":120,"caption":"Tindemans Graszoden"},"image":{"@id":"https:\/\/www.tindemansgraszoden.nl\/de\/#\/schema\/logo\/image\/"}}]}},"_links":{"self":[{"href":"https:\/\/www.tindemansgraszoden.nl\/de\/wp-json\/wp\/v2\/pages\/9549","targetHints":{"allow":["GET"]}}],"collection":[{"href":"https:\/\/www.tindemansgraszoden.nl\/de\/wp-json\/wp\/v2\/pages"}],"about":[{"href":"https:\/\/www.tindemansgraszoden.nl\/de\/wp-json\/wp\/v2\/types\/page"}],"author":[{"embeddable":true,"href":"https:\/\/www.tindemansgraszoden.nl\/de\/wp-json\/wp\/v2\/users\/4"}],"replies":[{"embeddable":true,"href":"https:\/\/www.tindemansgraszoden.nl\/de\/wp-json\/wp\/v2\/comments?post=9549"}],"version-history":[{"count":1,"href":"https:\/\/www.tindemansgraszoden.nl\/de\/wp-json\/wp\/v2\/pages\/9549\/revisions"}],"predecessor-version":[{"id":9559,"href":"https:\/\/www.tindemansgraszoden.nl\/de\/wp-json\/wp\/v2\/pages\/9549\/revisions\/9559"}],"wp:attachment":[{"href":"https:\/\/www.tindemansgraszoden.nl\/de\/wp-json\/wp\/v2\/media?parent=9549"}],"curies":[{"name":"wp","href":"https:\/\/api.w.org\/{rel}","templated":true}]}}