{"id":9473,"date":"2022-01-31T15:41:46","date_gmt":"2022-01-31T14:41:46","guid":{"rendered":"https:\/\/www.tindemansgraszoden.nl\/?page_id=9473"},"modified":"2026-04-08T10:29:51","modified_gmt":"2026-04-08T08:29:51","slug":"rasen-vertikutieren","status":"publish","type":"page","link":"https:\/\/www.tindemansgraszoden.nl\/de\/rasenpflege\/rasen-vertikutieren\/","title":{"rendered":"Rasen vertikutieren"},"content":{"rendered":"\n<h1 class=\"wp-block-heading\">Rasen vertikutieren<\/h1>\n\n\n\n<p>Wenn Sie einen Rasen haben, der viel Unkraut oder Moos enth\u00e4lt, k\u00f6nnen Sie ihn vertikutieren. Das Vertikutieren ist die Bearbeitung des bestehenden Rasens mit einer Vertikutiermaschine oder einem Vertikutierrechen. Sie schneiden sozusagen in den vorhandenen Rasen. Da sich im Laufe der Jahre Unkraut und Moos im Rasen entwickeln k\u00f6nnen, kann sich der Zustand des Rasens verschlechtern. Durch das Vertikutieren des Rasens entfernen Sie Moos schneller und der Rasen erholt sich besser. Lesen Sie hier, wie und wann Sie vertikutieren m\u00fcssen.<\/p>\n\n\n\n<h2 class=\"wp-block-heading\">Rasen vertikutieren, warum?<\/h2>\n\n\n\n<p>Vertikutieren ist das Entfernen einer Filzschicht, die auf dem Rasen w\u00e4chst. Eine solche Filzschicht, bestehend aus Moos und Unkraut, entsteht auf Rasenfl\u00e4chen, die d\u00fcnner und in einem schlechteren Zustand sind. Dies gilt insbesondere f\u00fcr Rasenfl\u00e4chen, die bereits mehrere Jahre alt sind. Die Filzschicht sorgt daf\u00fcr, dass der Rest des Grases erstickt, sodass N\u00e4hrstoffe, Wasser und Licht nicht mehr in die unterste Grasschicht gelangen. Durch Entfernen dieser Filzschicht erh\u00e4lt der Rasen wieder Luft und Raum, um gesund weiter zu wachsen.<br><br><img fetchpriority=\"high\" decoding=\"async\" width=\"350\" height=\"233\" class=\"wp-image-9475\" style=\"width: 350px;\" src=\"https:\/\/www.tindemansgraszoden.nl\/wp-content\/uploads\/2026\/04\/Vertiucteren-met-verticuteerhark-768x512-1.jpg\" alt=\"\" srcset=\"https:\/\/www.tindemansgraszoden.nl\/wp-content\/uploads\/2026\/04\/Vertiucteren-met-verticuteerhark-768x512-1.jpg 768w, https:\/\/www.tindemansgraszoden.nl\/wp-content\/uploads\/2026\/04\/Vertiucteren-met-verticuteerhark-768x512-1-300x200.jpg 300w, https:\/\/www.tindemansgraszoden.nl\/wp-content\/uploads\/2026\/04\/Vertiucteren-met-verticuteerhark-768x512-1-600x400.jpg 600w\" sizes=\"(max-width: 350px) 100vw, 350px\" \/>  <img decoding=\"async\" width=\"350\" height=\"233\" class=\"wp-image-9476\" style=\"width: 350px;\" src=\"https:\/\/www.tindemansgraszoden.nl\/wp-content\/uploads\/2026\/04\/gazon-verticuteren-768x512-1.png\" alt=\"\" srcset=\"https:\/\/www.tindemansgraszoden.nl\/wp-content\/uploads\/2026\/04\/gazon-verticuteren-768x512-1.png 768w, https:\/\/www.tindemansgraszoden.nl\/wp-content\/uploads\/2026\/04\/gazon-verticuteren-768x512-1-300x200.png 300w, https:\/\/www.tindemansgraszoden.nl\/wp-content\/uploads\/2026\/04\/gazon-verticuteren-768x512-1-600x400.png 600w\" sizes=\"(max-width: 350px) 100vw, 350px\" \/><br><\/p>\n\n\n\n<h2 class=\"wp-block-heading\">Den Rasen vertikutieren. Wie funktioniert es?<\/h2>\n\n\n\n<p>Jeder Rasen ist anders und die Sch\u00e4den durch Unkraut und \/ oder Moos sind sehr unterschiedlich. Der beste Weg, um festzustellen, wie man vertikutiert, basiert auf dem Schaden. Den Rasen von Hand zu vertikutieren (Vertikutierrechen) kann eine enorme und zeitaufw\u00e4ndige Aufgabe sein. Dies wird daher f\u00fcr gro\u00dfe Fl\u00e4chen nicht empfohlen. F\u00fcr die schnelle L\u00f6sung k\u00f6nnen Sie ganz einfach eine Vertikutiermaschine mieten. Der Vorteil einer Vertikutiermaschine besteht darin, dass das Vertikutieren gleichm\u00e4\u00dfig und sorgf\u00e4ltig durchgef\u00fchrt wird. Dar\u00fcber hinaus ist das Vertikutieren mit einer Vertikutiermaschine viel einfacher und weniger anstrengend. Vertikutieren Sie den Rasen nicht, wenn es gefroren hat oder wenn es nass ist.<\/p>\n\n\n\n<h2 class=\"wp-block-heading\">Wann sollte man vertikutieren?<\/h2>\n\n\n\n<p>M\u00f6chten Sie Ihren Rasen sch\u00f6n und gesund halten? Dann ist es am besten, den Rasen mindestens einmal und vorzugsweise zweimal im Jahr zu vertikutieren. Die beste Zeit, um den Rasen zu vertikutieren, ist im Fr\u00fchling oder Herbst.<br>Wenn Sie den Rasen vertikutieren, sieht er nicht sofort besser aus. Tats\u00e4chlich sieht der Rasen kahl und ausgerupft aus. Trotzdem erholt sich der Rasen nach einigen Tagen wieder. Sollten die kahlen Stellen zu gro\u00df sein, um sich selbst zu reparieren? Dann s\u00e4en Sie Gras hinzu.<br><br><p><img decoding=\"async\" width=\"70\" height=\"69\" class=\"wp-image-356 alignleft\" src=\"https:\/\/www.tindemansgraszoden.nl\/wp-content\/uploads\/2022\/01\/tip-e1643814179359.png\" alt=\"tip-graszoden\" srcset=\"https:\/\/www.tindemansgraszoden.nl\/wp-content\/uploads\/2022\/01\/tip-e1643814179359.png 92w, https:\/\/www.tindemansgraszoden.nl\/wp-content\/uploads\/2022\/01\/tip-e1643814179359-300x300.png 300w, https:\/\/www.tindemansgraszoden.nl\/wp-content\/uploads\/2022\/01\/tip-e1643814179359-100x100.png 100w\" sizes=\"(max-width: 70px) 100vw, 70px\" \/><strong><br>In den ersten drei Jahren eines neuen Rasens m\u00fcssen Sie ihn nicht vertikutieren.<br>Das Gras ist erst nach drei Jahren ausreichend verwurzelt, dass beim Vertikutieren nur Moos und Unkraut entfernt werden.<\/strong><\/p><\/p>\n\n\n\n<p>Nachdem Sie den Rasen vertikutiert haben, k\u00f6nnen Sie ihn mit einem organischen Rasend\u00fcnger&nbsp;<a href=\"https:\/\/www.tindemansrollrasen.de\/rasenpflege\/rasen-dungen\/\">d\u00fcngen.<\/a>&nbsp;Tun Sie dies im Fr\u00fchjahr mit einem saisonalen D\u00fcnger und im Herbst mit einem Herbstd\u00fcnger. F\u00fcr&nbsp;<a href=\"https:\/\/www.tindemansrollrasen.de\/contact\/\">Ratschl\u00e4ge<\/a>&nbsp;zu D\u00fcngemitteln oder zum Vertikutieren von Rasen wenden Sie sich am besten an uns.<\/p>\n","protected":false},"excerpt":{"rendered":"<p>Rasen vertikutieren Wenn Sie einen Rasen haben, der viel Unkraut oder Moos enth\u00e4lt, k\u00f6nnen Sie ihn vertikutieren. Das Vertikutieren ist die Bearbeitung des bestehenden Rasens mit einer Vertikutiermaschine oder einem Vertikutierrechen. Sie schneiden sozusagen in den vorhandenen Rasen. Da sich im Laufe der Jahre Unkraut und Moos im Rasen entwickeln k\u00f6nnen, kann sich der Zustand [&hellip;]<\/p>\n","protected":false},"author":4,"featured_media":0,"parent":9549,"menu_order":2,"comment_status":"closed","ping_status":"closed","template":"","meta":{"_acf_changed":false,"footnotes":""},"class_list":["post-9473","page","type-page","status-publish","hentry"],"acf":[],"yoast_head":"<!-- This site is optimized with the Yoast SEO plugin v26.9 - https:\/\/yoast.com\/product\/yoast-seo-wordpress\/ -->\n<title>Rasen vertikutieren - Tindemans Graszoden<\/title>\n<meta name=\"robots\" content=\"index, follow, max-snippet:-1, max-image-preview:large, max-video-preview:-1\" \/>\n<link rel=\"canonical\" href=\"https:\/\/www.tindemansgraszoden.nl\/de\/rasenpflege\/rasen-vertikutieren\/\" \/>\n<meta property=\"og:locale\" content=\"de_DE\" \/>\n<meta property=\"og:type\" content=\"article\" \/>\n<meta property=\"og:title\" content=\"Rasen vertikutieren - Tindemans Graszoden\" \/>\n<meta property=\"og:description\" content=\"Rasen vertikutieren Wenn Sie einen Rasen haben, der viel Unkraut oder Moos enth\u00e4lt, k\u00f6nnen Sie ihn vertikutieren. Das Vertikutieren ist die Bearbeitung des bestehenden Rasens mit einer Vertikutiermaschine oder einem Vertikutierrechen. Sie schneiden sozusagen in den vorhandenen Rasen. Da sich im Laufe der Jahre Unkraut und Moos im Rasen entwickeln k\u00f6nnen, kann sich der Zustand [&hellip;]\" \/>\n<meta property=\"og:url\" content=\"https:\/\/www.tindemansgraszoden.nl\/de\/rasenpflege\/rasen-vertikutieren\/\" \/>\n<meta property=\"og:site_name\" content=\"Tindemans Graszoden\" \/>\n<meta property=\"article:modified_time\" content=\"2026-04-08T08:29:51+00:00\" \/>\n<meta property=\"og:image\" content=\"https:\/\/www.tindemansgraszoden.nl\/wp-content\/uploads\/2026\/04\/Vertiucteren-met-verticuteerhark-768x512-1.jpg\" \/>\n\t<meta property=\"og:image:width\" content=\"768\" \/>\n\t<meta property=\"og:image:height\" content=\"512\" \/>\n\t<meta property=\"og:image:type\" content=\"image\/jpeg\" \/>\n<meta name=\"twitter:card\" content=\"summary_large_image\" \/>\n<meta name=\"twitter:label1\" content=\"Gesch\u00e4tzte Lesezeit\" \/>\n\t<meta name=\"twitter:data1\" content=\"3\u00a0Minuten\" \/>\n<script type=\"application\/ld+json\" class=\"yoast-schema-graph\">{\"@context\":\"https:\/\/schema.org\",\"@graph\":[{\"@type\":\"WebPage\",\"@id\":\"https:\/\/www.tindemansgraszoden.nl\/de\/rasenpflege\/rasen-vertikutieren\/\",\"url\":\"https:\/\/www.tindemansgraszoden.nl\/de\/rasenpflege\/rasen-vertikutieren\/\",\"name\":\"Rasen vertikutieren - Tindemans Graszoden\",\"isPartOf\":{\"@id\":\"https:\/\/www.tindemansgraszoden.nl\/de\/#website\"},\"primaryImageOfPage\":{\"@id\":\"https:\/\/www.tindemansgraszoden.nl\/de\/rasenpflege\/rasen-vertikutieren\/#primaryimage\"},\"image\":{\"@id\":\"https:\/\/www.tindemansgraszoden.nl\/de\/rasenpflege\/rasen-vertikutieren\/#primaryimage\"},\"thumbnailUrl\":\"https:\/\/www.tindemansgraszoden.nl\/wp-content\/uploads\/2026\/04\/Vertiucteren-met-verticuteerhark-768x512-1.jpg\",\"datePublished\":\"2022-01-31T14:41:46+00:00\",\"dateModified\":\"2026-04-08T08:29:51+00:00\",\"breadcrumb\":{\"@id\":\"https:\/\/www.tindemansgraszoden.nl\/de\/rasenpflege\/rasen-vertikutieren\/#breadcrumb\"},\"inLanguage\":\"de\",\"potentialAction\":[{\"@type\":\"ReadAction\",\"target\":[\"https:\/\/www.tindemansgraszoden.nl\/de\/rasenpflege\/rasen-vertikutieren\/\"]}]},{\"@type\":\"ImageObject\",\"inLanguage\":\"de\",\"@id\":\"https:\/\/www.tindemansgraszoden.nl\/de\/rasenpflege\/rasen-vertikutieren\/#primaryimage\",\"url\":\"https:\/\/www.tindemansgraszoden.nl\/wp-content\/uploads\/2026\/04\/Vertiucteren-met-verticuteerhark-768x512-1.jpg\",\"contentUrl\":\"https:\/\/www.tindemansgraszoden.nl\/wp-content\/uploads\/2026\/04\/Vertiucteren-met-verticuteerhark-768x512-1.jpg\"},{\"@type\":\"BreadcrumbList\",\"@id\":\"https:\/\/www.tindemansgraszoden.nl\/de\/rasenpflege\/rasen-vertikutieren\/#breadcrumb\",\"itemListElement\":[{\"@type\":\"ListItem\",\"position\":1,\"name\":\"Home\",\"item\":\"https:\/\/www.tindemansgraszoden.nl\/de\/\"},{\"@type\":\"ListItem\",\"position\":2,\"name\":\"Rasen vertikutieren\"}]},{\"@type\":\"WebSite\",\"@id\":\"https:\/\/www.tindemansgraszoden.nl\/de\/#website\",\"url\":\"https:\/\/www.tindemansgraszoden.nl\/de\/\",\"name\":\"Tindemans Graszoden\",\"description\":\"Graszoden Limburg: levering en aanleg\",\"publisher\":{\"@id\":\"https:\/\/www.tindemansgraszoden.nl\/de\/#organization\"},\"potentialAction\":[{\"@type\":\"SearchAction\",\"target\":{\"@type\":\"EntryPoint\",\"urlTemplate\":\"https:\/\/www.tindemansgraszoden.nl\/de\/?s={search_term_string}\"},\"query-input\":{\"@type\":\"PropertyValueSpecification\",\"valueRequired\":true,\"valueName\":\"search_term_string\"}}],\"inLanguage\":\"de\"},{\"@type\":\"Organization\",\"@id\":\"https:\/\/www.tindemansgraszoden.nl\/de\/#organization\",\"name\":\"Tindemans Graszoden\",\"url\":\"https:\/\/www.tindemansgraszoden.nl\/de\/\",\"logo\":{\"@type\":\"ImageObject\",\"inLanguage\":\"de\",\"@id\":\"https:\/\/www.tindemansgraszoden.nl\/de\/#\/schema\/logo\/image\/\",\"url\":\"https:\/\/www.tindemansgraszoden.nl\/wp-content\/uploads\/2022\/04\/logo.png\",\"contentUrl\":\"https:\/\/www.tindemansgraszoden.nl\/wp-content\/uploads\/2022\/04\/logo.png\",\"width\":394,\"height\":120,\"caption\":\"Tindemans Graszoden\"},\"image\":{\"@id\":\"https:\/\/www.tindemansgraszoden.nl\/de\/#\/schema\/logo\/image\/\"}}]}<\/script>\n<!-- \/ Yoast SEO plugin. -->","yoast_head_json":{"title":"Rasen vertikutieren - Tindemans Graszoden","robots":{"index":"index","follow":"follow","max-snippet":"max-snippet:-1","max-image-preview":"max-image-preview:large","max-video-preview":"max-video-preview:-1"},"canonical":"https:\/\/www.tindemansgraszoden.nl\/de\/rasenpflege\/rasen-vertikutieren\/","og_locale":"de_DE","og_type":"article","og_title":"Rasen vertikutieren - Tindemans Graszoden","og_description":"Rasen vertikutieren Wenn Sie einen Rasen haben, der viel Unkraut oder Moos enth\u00e4lt, k\u00f6nnen Sie ihn vertikutieren. Das Vertikutieren ist die Bearbeitung des bestehenden Rasens mit einer Vertikutiermaschine oder einem Vertikutierrechen. Sie schneiden sozusagen in den vorhandenen Rasen. Da sich im Laufe der Jahre Unkraut und Moos im Rasen entwickeln k\u00f6nnen, kann sich der Zustand [&hellip;]","og_url":"https:\/\/www.tindemansgraszoden.nl\/de\/rasenpflege\/rasen-vertikutieren\/","og_site_name":"Tindemans Graszoden","article_modified_time":"2026-04-08T08:29:51+00:00","og_image":[{"width":768,"height":512,"url":"https:\/\/www.tindemansgraszoden.nl\/wp-content\/uploads\/2026\/04\/Vertiucteren-met-verticuteerhark-768x512-1.jpg","type":"image\/jpeg"}],"twitter_card":"summary_large_image","twitter_misc":{"Gesch\u00e4tzte Lesezeit":"3\u00a0Minuten"},"schema":{"@context":"https:\/\/schema.org","@graph":[{"@type":"WebPage","@id":"https:\/\/www.tindemansgraszoden.nl\/de\/rasenpflege\/rasen-vertikutieren\/","url":"https:\/\/www.tindemansgraszoden.nl\/de\/rasenpflege\/rasen-vertikutieren\/","name":"Rasen vertikutieren - Tindemans Graszoden","isPartOf":{"@id":"https:\/\/www.tindemansgraszoden.nl\/de\/#website"},"primaryImageOfPage":{"@id":"https:\/\/www.tindemansgraszoden.nl\/de\/rasenpflege\/rasen-vertikutieren\/#primaryimage"},"image":{"@id":"https:\/\/www.tindemansgraszoden.nl\/de\/rasenpflege\/rasen-vertikutieren\/#primaryimage"},"thumbnailUrl":"https:\/\/www.tindemansgraszoden.nl\/wp-content\/uploads\/2026\/04\/Vertiucteren-met-verticuteerhark-768x512-1.jpg","datePublished":"2022-01-31T14:41:46+00:00","dateModified":"2026-04-08T08:29:51+00:00","breadcrumb":{"@id":"https:\/\/www.tindemansgraszoden.nl\/de\/rasenpflege\/rasen-vertikutieren\/#breadcrumb"},"inLanguage":"de","potentialAction":[{"@type":"ReadAction","target":["https:\/\/www.tindemansgraszoden.nl\/de\/rasenpflege\/rasen-vertikutieren\/"]}]},{"@type":"ImageObject","inLanguage":"de","@id":"https:\/\/www.tindemansgraszoden.nl\/de\/rasenpflege\/rasen-vertikutieren\/#primaryimage","url":"https:\/\/www.tindemansgraszoden.nl\/wp-content\/uploads\/2026\/04\/Vertiucteren-met-verticuteerhark-768x512-1.jpg","contentUrl":"https:\/\/www.tindemansgraszoden.nl\/wp-content\/uploads\/2026\/04\/Vertiucteren-met-verticuteerhark-768x512-1.jpg"},{"@type":"BreadcrumbList","@id":"https:\/\/www.tindemansgraszoden.nl\/de\/rasenpflege\/rasen-vertikutieren\/#breadcrumb","itemListElement":[{"@type":"ListItem","position":1,"name":"Home","item":"https:\/\/www.tindemansgraszoden.nl\/de\/"},{"@type":"ListItem","position":2,"name":"Rasen vertikutieren"}]},{"@type":"WebSite","@id":"https:\/\/www.tindemansgraszoden.nl\/de\/#website","url":"https:\/\/www.tindemansgraszoden.nl\/de\/","name":"Tindemans Graszoden","description":"Graszoden Limburg: levering en aanleg","publisher":{"@id":"https:\/\/www.tindemansgraszoden.nl\/de\/#organization"},"potentialAction":[{"@type":"SearchAction","target":{"@type":"EntryPoint","urlTemplate":"https:\/\/www.tindemansgraszoden.nl\/de\/?s={search_term_string}"},"query-input":{"@type":"PropertyValueSpecification","valueRequired":true,"valueName":"search_term_string"}}],"inLanguage":"de"},{"@type":"Organization","@id":"https:\/\/www.tindemansgraszoden.nl\/de\/#organization","name":"Tindemans Graszoden","url":"https:\/\/www.tindemansgraszoden.nl\/de\/","logo":{"@type":"ImageObject","inLanguage":"de","@id":"https:\/\/www.tindemansgraszoden.nl\/de\/#\/schema\/logo\/image\/","url":"https:\/\/www.tindemansgraszoden.nl\/wp-content\/uploads\/2022\/04\/logo.png","contentUrl":"https:\/\/www.tindemansgraszoden.nl\/wp-content\/uploads\/2022\/04\/logo.png","width":394,"height":120,"caption":"Tindemans Graszoden"},"image":{"@id":"https:\/\/www.tindemansgraszoden.nl\/de\/#\/schema\/logo\/image\/"}}]}},"_links":{"self":[{"href":"https:\/\/www.tindemansgraszoden.nl\/de\/wp-json\/wp\/v2\/pages\/9473","targetHints":{"allow":["GET"]}}],"collection":[{"href":"https:\/\/www.tindemansgraszoden.nl\/de\/wp-json\/wp\/v2\/pages"}],"about":[{"href":"https:\/\/www.tindemansgraszoden.nl\/de\/wp-json\/wp\/v2\/types\/page"}],"author":[{"embeddable":true,"href":"https:\/\/www.tindemansgraszoden.nl\/de\/wp-json\/wp\/v2\/users\/4"}],"replies":[{"embeddable":true,"href":"https:\/\/www.tindemansgraszoden.nl\/de\/wp-json\/wp\/v2\/comments?post=9473"}],"version-history":[{"count":1,"href":"https:\/\/www.tindemansgraszoden.nl\/de\/wp-json\/wp\/v2\/pages\/9473\/revisions"}],"predecessor-version":[{"id":9483,"href":"https:\/\/www.tindemansgraszoden.nl\/de\/wp-json\/wp\/v2\/pages\/9473\/revisions\/9483"}],"up":[{"embeddable":true,"href":"https:\/\/www.tindemansgraszoden.nl\/de\/wp-json\/wp\/v2\/pages\/9549"}],"wp:attachment":[{"href":"https:\/\/www.tindemansgraszoden.nl\/de\/wp-json\/wp\/v2\/media?parent=9473"}],"curies":[{"name":"wp","href":"https:\/\/api.w.org\/{rel}","templated":true}]}}