{"id":9457,"date":"2022-01-27T14:45:37","date_gmt":"2022-01-27T13:45:37","guid":{"rendered":"https:\/\/www.tindemansgraszoden.nl\/?page_id=9457"},"modified":"2026-04-08T10:23:37","modified_gmt":"2026-04-08T08:23:37","slug":"rasen-maehen","status":"publish","type":"page","link":"https:\/\/www.tindemansgraszoden.nl\/de\/rasenpflege\/rasen-maehen\/","title":{"rendered":"Rasen m\u00e4hen"},"content":{"rendered":"\n<h1 class=\"wp-block-heading\">Den Rasen m\u00e4hen<\/h1>\n\n\n\n<p>In der Wachstumsperiode von M\u00e4rz bis Oktober m\u00fcssen wir den Rasen m\u00e4hen. Sie m\u00e4hen den Rasen, um ihn gesund und sch\u00f6n zu halten. Wann und wie oft sollten Sie den Rasen m\u00e4hen? Und welchen M\u00e4her verwenden Sie daf\u00fcr? Wir teilen gerne unsere Ratschl\u00e4ge mit Ihnen.<\/p>\n\n\n\n<h2 class=\"wp-block-heading\">Warum m\u00e4hen wir den Rasen?<\/h2>\n\n\n\n<p>Das Rasenm\u00e4hen ist eine der wichtigsten Zutaten f\u00fcr einen gesunden Rasen. Wir m\u00e4hen nicht nur, damit er sch\u00f6n aussieht, sondern vor allem, um die Qualit\u00e4t zu erhalten. Regelm\u00e4\u00dfiges Rasenm\u00e4hen versorgt den Rasen mit ausreichend Licht und Sauerstoff. Dies schafft eine starke Rasenfl\u00e4che. Gleichzeitig haben Moos und Unkraut weniger Chancen in einem Rasen, der regelm\u00e4\u00dfig gem\u00e4ht wird. Es d\u00fcrfte daher einleuchten, dass das Rasenm\u00e4hen zu dessen Gesundheit beitr\u00e4gt.<br><br><div class=\"wpb_text_column wpb_content_element \"><div class=\"wpb_wrapper\"><p><img fetchpriority=\"high\" decoding=\"async\" width=\"350\" height=\"233\" class=\"alignnone wp-image-1642\" src=\"https:\/\/www.tindemansgraszoden.nl\/wp-content\/uploads\/2022\/03\/gazon-bewateren.png\" alt=\"Gazon bewateren\" srcset=\"https:\/\/www.tindemansgraszoden.nl\/wp-content\/uploads\/2022\/03\/gazon-bewateren.png 1024w, https:\/\/www.tindemansgraszoden.nl\/wp-content\/uploads\/2022\/03\/gazon-bewateren-300x200.png 300w, https:\/\/www.tindemansgraszoden.nl\/wp-content\/uploads\/2022\/03\/gazon-bewateren-768x512.png 768w, https:\/\/www.tindemansgraszoden.nl\/wp-content\/uploads\/2022\/03\/gazon-bewateren-600x400.png 600w\" sizes=\"(max-width: 350px) 100vw, 350px\" \/>\u00a0 \u00a0 \u00a0<img decoding=\"async\" width=\"350\" height=\"233\" class=\"alignnone wp-image-1644\" src=\"https:\/\/www.tindemansgraszoden.nl\/wp-content\/uploads\/2022\/03\/gazon-sproeien.png\" alt=\"Gazon sproeien\" srcset=\"https:\/\/www.tindemansgraszoden.nl\/wp-content\/uploads\/2022\/03\/gazon-sproeien.png 1024w, https:\/\/www.tindemansgraszoden.nl\/wp-content\/uploads\/2022\/03\/gazon-sproeien-300x200.png 300w, https:\/\/www.tindemansgraszoden.nl\/wp-content\/uploads\/2022\/03\/gazon-sproeien-768x512.png 768w, https:\/\/www.tindemansgraszoden.nl\/wp-content\/uploads\/2022\/03\/gazon-sproeien-600x400.png 600w\" sizes=\"(max-width: 350px) 100vw, 350px\" \/><\/p><\/div><\/div><\/p>\n\n\n\n<h2 class=\"wp-block-heading\">Wann den Rasen m\u00e4hen?<\/h2>\n\n\n\n<p>Wir m\u00e4hen den Rasen w\u00e4hrend der Wachstumsperiode von M\u00e4rz bis Oktober. Gras w\u00e4chst n\u00e4mlich nur bei Temperaturen \u00fcber 10 Grad. Das Wachstum des Rasens dauert daher im M\u00e4rz l\u00e4nger als im Mai. Das Gras w\u00e4chst in den Monaten Mai und September am schnellsten. In den Monaten Juli und August w\u00e4chst das Gras aufgrund der warmen Temperaturen weniger schnell. Um den Rasen richtig zu pflegen, empfehlen wir, ihn mindestens einmal pro Woche zu m\u00e4hen. In Zeiten starken Wachstums empfehlen wir, mindestens zweimal pro Woche zu m\u00e4hen.<\/p>\n\n\n\n<p><p><img decoding=\"async\" width=\"70\" height=\"69\" class=\"wp-image-356 alignleft\" src=\"https:\/\/www.tindemansgraszoden.nl\/wp-content\/uploads\/2022\/01\/tip-e1643814179359.png\" alt=\"tip-graszoden\" srcset=\"https:\/\/www.tindemansgraszoden.nl\/wp-content\/uploads\/2022\/01\/tip-e1643814179359.png 92w, https:\/\/www.tindemansgraszoden.nl\/wp-content\/uploads\/2022\/01\/tip-e1643814179359-300x300.png 300w, https:\/\/www.tindemansgraszoden.nl\/wp-content\/uploads\/2022\/01\/tip-e1643814179359-100x100.png 100w\" sizes=\"(max-width: 70px) 100vw, 70px\" \/><\/p><\/p>\n\n\n\n<p><strong><br>Wenn Sie regelm\u00e4\u00dfig m\u00e4hen, k\u00f6nnen Sie die abgeschnittenen Spitzen im Rasen liegen lassen. Dies dient wiederum als D\u00fcnger f\u00fcr den Rasen. Wir nennen das auch Mulchen.<\/strong><\/p>\n\n\n\n<h2 class=\"wp-block-heading\">&nbsp;<\/h2>\n\n\n\n<h2 class=\"wp-block-heading\">Neuen Rollrasen m\u00e4hen?<\/h2>\n\n\n\n<p>Ein neuer Rasen sollte w\u00e4hrend der ersten Periode nicht betreten oder gem\u00e4ht werden. Es ist wichtig, dass der Rasen gut verwurzeln kann. Normalerweise dauert dies zwei Wochen, aber aufgrund wechselnder Temperaturen kann es l\u00e4nger oder k\u00fcrzer dauern. \u00dcberpr\u00fcfen Sie daher immer, ob der Rollrasen fest anliegt, bevor Sie zum ersten Mal m\u00e4hen. Beginnen Sie das erste Mal mit der h\u00f6chsten Stellung des Rasenm\u00e4hers zu m\u00e4hen.<\/p>\n\n\n\n<p><p><img decoding=\"async\" width=\"70\" height=\"69\" class=\"wp-image-356 alignleft\" src=\"https:\/\/www.tindemansgraszoden.nl\/wp-content\/uploads\/2022\/01\/tip-e1643814179359.png\" alt=\"tip-graszoden\" srcset=\"https:\/\/www.tindemansgraszoden.nl\/wp-content\/uploads\/2022\/01\/tip-e1643814179359.png 92w, https:\/\/www.tindemansgraszoden.nl\/wp-content\/uploads\/2022\/01\/tip-e1643814179359-300x300.png 300w, https:\/\/www.tindemansgraszoden.nl\/wp-content\/uploads\/2022\/01\/tip-e1643814179359-100x100.png 100w\" sizes=\"(max-width: 70px) 100vw, 70px\" \/><\/p><strong><br>Ein Rasenm\u00e4hroboter kann sofort einen neuen Rasen m\u00e4hen. Da er leicht ist, kann er den Rasen nicht besch\u00e4digen.<\/strong><\/p>\n\n\n\n<h2 class=\"wp-block-heading\">&nbsp;<\/h2>\n\n\n\n<h2 class=\"wp-block-heading\">Wie lang oder kurz soll ich den Rasen m\u00e4hen?<\/h2>\n\n\n\n<p>Ein Rasen sollte niemals zu kurz gem\u00e4ht werden. Wenn Sie das Gras sehr kurz schneiden, kann es in der Sonne verbrennen oder durch Frost zerst\u00f6rt werden. Die oberste Rasenschicht dient n\u00e4mlich als Schutzschicht. Wenn Sie regelm\u00e4\u00dfig m\u00e4hen, wird eine h\u00f6here Schnitth\u00f6he empfohlen. Auf diese Weise wird jeweils nur eine kleine Rasenspitze abgeschnitten, wodurch eine feste und volle Rasenfl\u00e4che gew\u00e4hrleistet wird. Eine ideale Schnitth\u00f6he f\u00fcr den Spielrasen betr\u00e4gt 3 \u2013 4 cm. Bei sehr hei\u00dfen oder kalten Temperaturen empfehlen wir eine h\u00f6here Schnitth\u00f6he von ca. 5 \u2013 6 cm.<br><br><img loading=\"lazy\" decoding=\"async\" width=\"350\" height=\"233\" class=\"alignnone wp-image-1642\" src=\"https:\/\/www.tindemansgraszoden.nl\/wp-content\/uploads\/2026\/04\/RM800-08-768x512-1.jpg\" alt=\"Gazon bewateren\">&nbsp; &nbsp; &nbsp;<img loading=\"lazy\" decoding=\"async\" width=\"350\" height=\"233\" class=\"alignnone wp-image-1644\" src=\"https:\/\/www.tindemansgraszoden.nl\/wp-content\/uploads\/2026\/04\/Graszoden-meten-768x512-1.png\" alt=\"Gazon sproeien\"><\/p>\n\n\n\n<h2 class=\"wp-block-heading\">Rasenm\u00e4hen: mit welchem Rasenm\u00e4her?<\/h2>\n\n\n\n<p>Wir kennen verschiedene&nbsp;<a href=\"https:\/\/www.tindemansrollrasen.de\/product-categorie\/rasenmaeher\/\">Rasenm\u00e4her<\/a>, zum Beispiel einen Spindelm\u00e4her, einen Sichelm\u00e4her oder einen M\u00e4hroboter. Mit einem Spindelm\u00e4her schieben Sie den Rasen manuell in eine Richtung. Auf diese Weise k\u00f6nnen Sie Bahnen im Rasen erstellen. Dies erfordert viel Arbeit, f\u00fchrt aber zu einem sch\u00f6nen Ergebnis. Ein weiterer beliebter Rasenm\u00e4her ist der Sichelm\u00e4her. Dieser Rasenm\u00e4her arbeitet automatisch und ist f\u00fcr fast alle Gel\u00e4nde geeignet. Der neueste und benutzerfreundlichste Rasenm\u00e4her ist der M\u00e4hroboter. Der Rasen wird auf Knopfdruck vollautomatisch gem\u00e4ht. Dank des Mulchsystems m\u00fcssen Sie kein altes Schnittgut harken und erhalten eine volle Rasendichte.<\/p>\n\n\n\n<p>M\u00f6chten Sie weitere Informationen zum Rasenm\u00e4hen oder zu den verschiedenen Rasenm\u00e4hern? Dann&nbsp;<a href=\"https:\/\/www.tindemansrollrasen.de\/contact\/\">kontaktieren<\/a>&nbsp;Sie uns.<\/p>\n\n\n\n<p><\/p>\n","protected":false},"excerpt":{"rendered":"<p>Den Rasen m\u00e4hen In der Wachstumsperiode von M\u00e4rz bis Oktober m\u00fcssen wir den Rasen m\u00e4hen. Sie m\u00e4hen den Rasen, um ihn gesund und sch\u00f6n zu halten. Wann und wie oft sollten Sie den Rasen m\u00e4hen? Und welchen M\u00e4her verwenden Sie daf\u00fcr? Wir teilen gerne unsere Ratschl\u00e4ge mit Ihnen. Warum m\u00e4hen wir den Rasen? Das Rasenm\u00e4hen [&hellip;]<\/p>\n","protected":false},"author":4,"featured_media":0,"parent":9549,"menu_order":2,"comment_status":"closed","ping_status":"closed","template":"","meta":{"_acf_changed":false,"footnotes":""},"class_list":["post-9457","page","type-page","status-publish","hentry"],"acf":[],"yoast_head":"<!-- This site is optimized with the Yoast SEO plugin v26.9 - https:\/\/yoast.com\/product\/yoast-seo-wordpress\/ -->\n<title>Rasen m\u00e4hen - Tindemans Graszoden<\/title>\n<meta name=\"robots\" content=\"index, follow, max-snippet:-1, max-image-preview:large, max-video-preview:-1\" \/>\n<link rel=\"canonical\" href=\"https:\/\/www.tindemansgraszoden.nl\/de\/rasenpflege\/rasen-maehen\/\" \/>\n<meta property=\"og:locale\" content=\"de_DE\" \/>\n<meta property=\"og:type\" content=\"article\" \/>\n<meta property=\"og:title\" content=\"Rasen m\u00e4hen - Tindemans Graszoden\" \/>\n<meta property=\"og:description\" content=\"Den Rasen m\u00e4hen In der Wachstumsperiode von M\u00e4rz bis Oktober m\u00fcssen wir den Rasen m\u00e4hen. Sie m\u00e4hen den Rasen, um ihn gesund und sch\u00f6n zu halten. Wann und wie oft sollten Sie den Rasen m\u00e4hen? Und welchen M\u00e4her verwenden Sie daf\u00fcr? Wir teilen gerne unsere Ratschl\u00e4ge mit Ihnen. Warum m\u00e4hen wir den Rasen? Das Rasenm\u00e4hen [&hellip;]\" \/>\n<meta property=\"og:url\" content=\"https:\/\/www.tindemansgraszoden.nl\/de\/rasenpflege\/rasen-maehen\/\" \/>\n<meta property=\"og:site_name\" content=\"Tindemans Graszoden\" \/>\n<meta property=\"article:modified_time\" content=\"2026-04-08T08:23:37+00:00\" \/>\n<meta property=\"og:image\" content=\"https:\/\/www.tindemansgraszoden.nl\/wp-content\/uploads\/2022\/03\/gazon-bewateren.png\" \/>\n\t<meta property=\"og:image:width\" content=\"1024\" \/>\n\t<meta property=\"og:image:height\" content=\"683\" \/>\n\t<meta property=\"og:image:type\" content=\"image\/png\" \/>\n<meta name=\"twitter:card\" content=\"summary_large_image\" \/>\n<meta name=\"twitter:label1\" content=\"Gesch\u00e4tzte Lesezeit\" \/>\n\t<meta name=\"twitter:data1\" content=\"4\u00a0Minuten\" \/>\n<script type=\"application\/ld+json\" class=\"yoast-schema-graph\">{\"@context\":\"https:\/\/schema.org\",\"@graph\":[{\"@type\":\"WebPage\",\"@id\":\"https:\/\/www.tindemansgraszoden.nl\/de\/rasenpflege\/rasen-maehen\/\",\"url\":\"https:\/\/www.tindemansgraszoden.nl\/de\/rasenpflege\/rasen-maehen\/\",\"name\":\"Rasen m\u00e4hen - Tindemans Graszoden\",\"isPartOf\":{\"@id\":\"https:\/\/www.tindemansgraszoden.nl\/de\/#website\"},\"primaryImageOfPage\":{\"@id\":\"https:\/\/www.tindemansgraszoden.nl\/de\/rasenpflege\/rasen-maehen\/#primaryimage\"},\"image\":{\"@id\":\"https:\/\/www.tindemansgraszoden.nl\/de\/rasenpflege\/rasen-maehen\/#primaryimage\"},\"thumbnailUrl\":\"https:\/\/www.tindemansgraszoden.nl\/wp-content\/uploads\/2022\/03\/gazon-bewateren.png\",\"datePublished\":\"2022-01-27T13:45:37+00:00\",\"dateModified\":\"2026-04-08T08:23:37+00:00\",\"breadcrumb\":{\"@id\":\"https:\/\/www.tindemansgraszoden.nl\/de\/rasenpflege\/rasen-maehen\/#breadcrumb\"},\"inLanguage\":\"de\",\"potentialAction\":[{\"@type\":\"ReadAction\",\"target\":[\"https:\/\/www.tindemansgraszoden.nl\/de\/rasenpflege\/rasen-maehen\/\"]}]},{\"@type\":\"ImageObject\",\"inLanguage\":\"de\",\"@id\":\"https:\/\/www.tindemansgraszoden.nl\/de\/rasenpflege\/rasen-maehen\/#primaryimage\",\"url\":\"https:\/\/www.tindemansgraszoden.nl\/wp-content\/uploads\/2022\/03\/gazon-bewateren.png\",\"contentUrl\":\"https:\/\/www.tindemansgraszoden.nl\/wp-content\/uploads\/2022\/03\/gazon-bewateren.png\"},{\"@type\":\"BreadcrumbList\",\"@id\":\"https:\/\/www.tindemansgraszoden.nl\/de\/rasenpflege\/rasen-maehen\/#breadcrumb\",\"itemListElement\":[{\"@type\":\"ListItem\",\"position\":1,\"name\":\"Home\",\"item\":\"https:\/\/www.tindemansgraszoden.nl\/de\/\"},{\"@type\":\"ListItem\",\"position\":2,\"name\":\"Rasen m\u00e4hen\"}]},{\"@type\":\"WebSite\",\"@id\":\"https:\/\/www.tindemansgraszoden.nl\/de\/#website\",\"url\":\"https:\/\/www.tindemansgraszoden.nl\/de\/\",\"name\":\"Tindemans Graszoden\",\"description\":\"Graszoden Limburg: levering en aanleg\",\"publisher\":{\"@id\":\"https:\/\/www.tindemansgraszoden.nl\/de\/#organization\"},\"potentialAction\":[{\"@type\":\"SearchAction\",\"target\":{\"@type\":\"EntryPoint\",\"urlTemplate\":\"https:\/\/www.tindemansgraszoden.nl\/de\/?s={search_term_string}\"},\"query-input\":{\"@type\":\"PropertyValueSpecification\",\"valueRequired\":true,\"valueName\":\"search_term_string\"}}],\"inLanguage\":\"de\"},{\"@type\":\"Organization\",\"@id\":\"https:\/\/www.tindemansgraszoden.nl\/de\/#organization\",\"name\":\"Tindemans Graszoden\",\"url\":\"https:\/\/www.tindemansgraszoden.nl\/de\/\",\"logo\":{\"@type\":\"ImageObject\",\"inLanguage\":\"de\",\"@id\":\"https:\/\/www.tindemansgraszoden.nl\/de\/#\/schema\/logo\/image\/\",\"url\":\"https:\/\/www.tindemansgraszoden.nl\/wp-content\/uploads\/2022\/04\/logo.png\",\"contentUrl\":\"https:\/\/www.tindemansgraszoden.nl\/wp-content\/uploads\/2022\/04\/logo.png\",\"width\":394,\"height\":120,\"caption\":\"Tindemans Graszoden\"},\"image\":{\"@id\":\"https:\/\/www.tindemansgraszoden.nl\/de\/#\/schema\/logo\/image\/\"}}]}<\/script>\n<!-- \/ Yoast SEO plugin. -->","yoast_head_json":{"title":"Rasen m\u00e4hen - Tindemans Graszoden","robots":{"index":"index","follow":"follow","max-snippet":"max-snippet:-1","max-image-preview":"max-image-preview:large","max-video-preview":"max-video-preview:-1"},"canonical":"https:\/\/www.tindemansgraszoden.nl\/de\/rasenpflege\/rasen-maehen\/","og_locale":"de_DE","og_type":"article","og_title":"Rasen m\u00e4hen - Tindemans Graszoden","og_description":"Den Rasen m\u00e4hen In der Wachstumsperiode von M\u00e4rz bis Oktober m\u00fcssen wir den Rasen m\u00e4hen. Sie m\u00e4hen den Rasen, um ihn gesund und sch\u00f6n zu halten. Wann und wie oft sollten Sie den Rasen m\u00e4hen? Und welchen M\u00e4her verwenden Sie daf\u00fcr? Wir teilen gerne unsere Ratschl\u00e4ge mit Ihnen. Warum m\u00e4hen wir den Rasen? Das Rasenm\u00e4hen [&hellip;]","og_url":"https:\/\/www.tindemansgraszoden.nl\/de\/rasenpflege\/rasen-maehen\/","og_site_name":"Tindemans Graszoden","article_modified_time":"2026-04-08T08:23:37+00:00","og_image":[{"width":1024,"height":683,"url":"https:\/\/www.tindemansgraszoden.nl\/wp-content\/uploads\/2022\/03\/gazon-bewateren.png","type":"image\/png"}],"twitter_card":"summary_large_image","twitter_misc":{"Gesch\u00e4tzte Lesezeit":"4\u00a0Minuten"},"schema":{"@context":"https:\/\/schema.org","@graph":[{"@type":"WebPage","@id":"https:\/\/www.tindemansgraszoden.nl\/de\/rasenpflege\/rasen-maehen\/","url":"https:\/\/www.tindemansgraszoden.nl\/de\/rasenpflege\/rasen-maehen\/","name":"Rasen m\u00e4hen - Tindemans Graszoden","isPartOf":{"@id":"https:\/\/www.tindemansgraszoden.nl\/de\/#website"},"primaryImageOfPage":{"@id":"https:\/\/www.tindemansgraszoden.nl\/de\/rasenpflege\/rasen-maehen\/#primaryimage"},"image":{"@id":"https:\/\/www.tindemansgraszoden.nl\/de\/rasenpflege\/rasen-maehen\/#primaryimage"},"thumbnailUrl":"https:\/\/www.tindemansgraszoden.nl\/wp-content\/uploads\/2022\/03\/gazon-bewateren.png","datePublished":"2022-01-27T13:45:37+00:00","dateModified":"2026-04-08T08:23:37+00:00","breadcrumb":{"@id":"https:\/\/www.tindemansgraszoden.nl\/de\/rasenpflege\/rasen-maehen\/#breadcrumb"},"inLanguage":"de","potentialAction":[{"@type":"ReadAction","target":["https:\/\/www.tindemansgraszoden.nl\/de\/rasenpflege\/rasen-maehen\/"]}]},{"@type":"ImageObject","inLanguage":"de","@id":"https:\/\/www.tindemansgraszoden.nl\/de\/rasenpflege\/rasen-maehen\/#primaryimage","url":"https:\/\/www.tindemansgraszoden.nl\/wp-content\/uploads\/2022\/03\/gazon-bewateren.png","contentUrl":"https:\/\/www.tindemansgraszoden.nl\/wp-content\/uploads\/2022\/03\/gazon-bewateren.png"},{"@type":"BreadcrumbList","@id":"https:\/\/www.tindemansgraszoden.nl\/de\/rasenpflege\/rasen-maehen\/#breadcrumb","itemListElement":[{"@type":"ListItem","position":1,"name":"Home","item":"https:\/\/www.tindemansgraszoden.nl\/de\/"},{"@type":"ListItem","position":2,"name":"Rasen m\u00e4hen"}]},{"@type":"WebSite","@id":"https:\/\/www.tindemansgraszoden.nl\/de\/#website","url":"https:\/\/www.tindemansgraszoden.nl\/de\/","name":"Tindemans Graszoden","description":"Graszoden Limburg: levering en aanleg","publisher":{"@id":"https:\/\/www.tindemansgraszoden.nl\/de\/#organization"},"potentialAction":[{"@type":"SearchAction","target":{"@type":"EntryPoint","urlTemplate":"https:\/\/www.tindemansgraszoden.nl\/de\/?s={search_term_string}"},"query-input":{"@type":"PropertyValueSpecification","valueRequired":true,"valueName":"search_term_string"}}],"inLanguage":"de"},{"@type":"Organization","@id":"https:\/\/www.tindemansgraszoden.nl\/de\/#organization","name":"Tindemans Graszoden","url":"https:\/\/www.tindemansgraszoden.nl\/de\/","logo":{"@type":"ImageObject","inLanguage":"de","@id":"https:\/\/www.tindemansgraszoden.nl\/de\/#\/schema\/logo\/image\/","url":"https:\/\/www.tindemansgraszoden.nl\/wp-content\/uploads\/2022\/04\/logo.png","contentUrl":"https:\/\/www.tindemansgraszoden.nl\/wp-content\/uploads\/2022\/04\/logo.png","width":394,"height":120,"caption":"Tindemans Graszoden"},"image":{"@id":"https:\/\/www.tindemansgraszoden.nl\/de\/#\/schema\/logo\/image\/"}}]}},"_links":{"self":[{"href":"https:\/\/www.tindemansgraszoden.nl\/de\/wp-json\/wp\/v2\/pages\/9457","targetHints":{"allow":["GET"]}}],"collection":[{"href":"https:\/\/www.tindemansgraszoden.nl\/de\/wp-json\/wp\/v2\/pages"}],"about":[{"href":"https:\/\/www.tindemansgraszoden.nl\/de\/wp-json\/wp\/v2\/types\/page"}],"author":[{"embeddable":true,"href":"https:\/\/www.tindemansgraszoden.nl\/de\/wp-json\/wp\/v2\/users\/4"}],"replies":[{"embeddable":true,"href":"https:\/\/www.tindemansgraszoden.nl\/de\/wp-json\/wp\/v2\/comments?post=9457"}],"version-history":[{"count":3,"href":"https:\/\/www.tindemansgraszoden.nl\/de\/wp-json\/wp\/v2\/pages\/9457\/revisions"}],"predecessor-version":[{"id":9474,"href":"https:\/\/www.tindemansgraszoden.nl\/de\/wp-json\/wp\/v2\/pages\/9457\/revisions\/9474"}],"up":[{"embeddable":true,"href":"https:\/\/www.tindemansgraszoden.nl\/de\/wp-json\/wp\/v2\/pages\/9549"}],"wp:attachment":[{"href":"https:\/\/www.tindemansgraszoden.nl\/de\/wp-json\/wp\/v2\/media?parent=9457"}],"curies":[{"name":"wp","href":"https:\/\/api.w.org\/{rel}","templated":true}]}}