{"id":9437,"date":"2022-01-21T11:29:48","date_gmt":"2022-01-21T10:29:48","guid":{"rendered":"https:\/\/www.tindemansgraszoden.nl\/?page_id=9437"},"modified":"2026-04-08T10:23:09","modified_gmt":"2026-04-08T08:23:09","slug":"rasen-sprengen","status":"publish","type":"page","link":"https:\/\/www.tindemansgraszoden.nl\/de\/rasenpflege\/rasen-sprengen\/","title":{"rendered":"Rasen sprengen"},"content":{"rendered":"\n<h1 class=\"wp-block-heading\">Rasen sprengen<\/h1>\n\n\n\n<p>Wasser ist einer der wichtigsten Bestandteile eines strahlenden Rasens, insbesondere wenn es um einen neuen Rasen geht. Obwohl wir in den Niederlanden h\u00e4ufig mit Regen zu tun haben, ist es immer noch wichtig, die Feuchtigkeit des Rasens regelm\u00e4\u00dfig instand zu halten. Sie k\u00f6nnen dies selbst durch Bew\u00e4sserung unterst\u00fctzen. Behalten Sie den Feuchtigkeitsgehalt immer im Auge, da zu viel Wasser auch nicht gut ist. Der Rasen wird dann sozusagen \u201efaul\u201c und die Wurzeln suchen weniger wahrscheinlich nach Wasser aus dem Boden.<\/p>\n\n\n\n<h2 class=\"wp-block-heading\"><img fetchpriority=\"high\" decoding=\"async\" src=\"https:\/\/www.tindemansrollrasen.de\/wp-content\/uploads\/2022\/03\/gras-bewateren-300x200.png\" alt=\"Grasbew\u00e4sserung, nasses Gras\" width=\"351\" height=\"234\" srcset=\"https:\/\/www.tindemansrollrasen.de\/wp-content\/uploads\/2022\/03\/gras-bewateren-300x200.png 300w, https:\/\/www.tindemansrollrasen.de\/wp-content\/uploads\/2022\/03\/gras-bewateren-768x512.png 768w, https:\/\/www.tindemansrollrasen.de\/wp-content\/uploads\/2022\/03\/gras-bewateren-600x400.png 600w, https:\/\/www.tindemansrollrasen.de\/wp-content\/uploads\/2022\/03\/gras-bewateren.png 1024w\">&nbsp;&nbsp;&nbsp;<img decoding=\"async\" src=\"https:\/\/www.tindemansrollrasen.de\/wp-content\/uploads\/2021\/07\/graszoden-sproeien-300x200.png\" alt=\"Ein Rasensprenger, der an einen Wasserschlauch angeschlossen ist. Das Wasser kommt aus der Rasend\u00fcse\" width=\"351\" height=\"234\" srcset=\"https:\/\/www.tindemansrollrasen.de\/wp-content\/uploads\/2021\/07\/graszoden-sproeien-300x200.png 300w, https:\/\/www.tindemansrollrasen.de\/wp-content\/uploads\/2021\/07\/graszoden-sproeien-600x400.png 600w, https:\/\/www.tindemansrollrasen.de\/wp-content\/uploads\/2021\/07\/graszoden-sproeien-768x512.png 768w, https:\/\/www.tindemansrollrasen.de\/wp-content\/uploads\/2021\/07\/graszoden-sproeien.png 1024w\"><\/h2>\n\n\n\n<h2 class=\"wp-block-heading\">Einen neuen Rasen sprengen<\/h2>\n\n\n\n<p>Haben Sie gerade einen neuen Rasen oder planen Sie, einen Rasen anzulegen? Dann sind die ersten Wochen besonders wichtig, um gut zu bew\u00e4ssern. Rollrasen verwurzelt nach etwa 2 Wochen im Boden, danach sucht er selbst nach Wasser. Damit dieser Prozess reibungslos verl\u00e4uft, ist es wichtig, in den ersten zwei Wochen eines neuen Rasens ausreichend zu sprengen, damit der Rollrasen gesund verwurzeln kann. Ber\u00fccksichtigen Sie bei einem neuen Rasen je nach Wetterlage etwa 1 bis 1,5 Stunden pro Tag. Bei hohen Temperaturen wird empfohlen, den neuen Rasen morgens, nachmittags und abends zu sprengen. Wenn Sie sich nicht sicher sind, wie viel Sie sprengen sollen,&nbsp;<a href=\"https:\/\/www.tindemansrollrasen.de\/contact\/\">beraten wir Sie gerne.<\/a><\/p>\n\n\n\n<h2 class=\"wp-block-heading\">Einen vorhandenen Rasen sprengen<\/h2>\n\n\n\n<p>Nachdem der Rollrasen verwurzelt ist, k\u00f6nnen Sie die Bew\u00e4sserung reduzieren. Zwei- bis dreimal pro Woche ist dann ausreichend. Sprengen Sie vorzugsweise einige Stunden hintereinander anstatt jeden Tag ein wenig. Andernfalls besteht die M\u00f6glichkeit, dass das Gras \u201efaul\u201c wird und sich nicht zu tief verwurzelt. Bew\u00e4ssern Sie den Rasen am besten morgens oder abends. Wenn wir \u00fcber einen l\u00e4ngeren Zeitraum mit hohen Temperaturen zu tun haben, mit einer Hitzewelle, sprengen Sie den vorhandenen Rasen jeden zweiten Tag mehrere Stunden lang.<\/p>\n\n\n\n<h2 class=\"wp-block-heading\">Bew\u00e4sserungssystem f\u00fcr den Rasen<\/h2>\n\n\n\n<p>F\u00fcr gro\u00dfe Fl\u00e4chen ist es oft ratsam, ein Bew\u00e4sserungssystem zu installieren. Dieses System ist im Boden installiert, wo die Sprinkler vollautomatisch spr\u00fchen k\u00f6nnen. Auf diese Weise m\u00fcssen Sie nicht mit allen Arten von separaten D\u00fcsen arbeiten. Bew\u00e4sserungssysteme werden besonders f\u00fcr gro\u00dfe Rasenfl\u00e4chen +200 m\u00b2 empfohlen. Wenn Sie Informationen dazu w\u00fcnschen,<a href=\"https:\/\/www.tindemansrollrasen.de\/contact\/\">&nbsp;k\u00f6nnen Sie uns gern um Rat fragen.<\/a><\/p>\n\n\n\n<p><\/p>\n","protected":false},"excerpt":{"rendered":"<p>Rasen sprengen Wasser ist einer der wichtigsten Bestandteile eines strahlenden Rasens, insbesondere wenn es um einen neuen Rasen geht. Obwohl wir in den Niederlanden h\u00e4ufig mit Regen zu tun haben, ist es immer noch wichtig, die Feuchtigkeit des Rasens regelm\u00e4\u00dfig instand zu halten. Sie k\u00f6nnen dies selbst durch Bew\u00e4sserung unterst\u00fctzen. Behalten Sie den Feuchtigkeitsgehalt immer [&hellip;]<\/p>\n","protected":false},"author":4,"featured_media":0,"parent":9549,"menu_order":2,"comment_status":"closed","ping_status":"closed","template":"","meta":{"_acf_changed":false,"footnotes":""},"class_list":["post-9437","page","type-page","status-publish","hentry"],"acf":[],"yoast_head":"<!-- This site is optimized with the Yoast SEO plugin v26.9 - https:\/\/yoast.com\/product\/yoast-seo-wordpress\/ -->\n<title>Rasen sprengen - Tindemans Graszoden<\/title>\n<meta name=\"robots\" content=\"index, follow, max-snippet:-1, max-image-preview:large, max-video-preview:-1\" \/>\n<link rel=\"canonical\" href=\"https:\/\/www.tindemansgraszoden.nl\/de\/rasenpflege\/rasen-sprengen\/\" \/>\n<meta property=\"og:locale\" content=\"de_DE\" \/>\n<meta property=\"og:type\" content=\"article\" \/>\n<meta property=\"og:title\" content=\"Rasen sprengen - Tindemans Graszoden\" \/>\n<meta property=\"og:description\" content=\"Rasen sprengen Wasser ist einer der wichtigsten Bestandteile eines strahlenden Rasens, insbesondere wenn es um einen neuen Rasen geht. Obwohl wir in den Niederlanden h\u00e4ufig mit Regen zu tun haben, ist es immer noch wichtig, die Feuchtigkeit des Rasens regelm\u00e4\u00dfig instand zu halten. Sie k\u00f6nnen dies selbst durch Bew\u00e4sserung unterst\u00fctzen. Behalten Sie den Feuchtigkeitsgehalt immer [&hellip;]\" \/>\n<meta property=\"og:url\" content=\"https:\/\/www.tindemansgraszoden.nl\/de\/rasenpflege\/rasen-sprengen\/\" \/>\n<meta property=\"og:site_name\" content=\"Tindemans Graszoden\" \/>\n<meta property=\"article:modified_time\" content=\"2026-04-08T08:23:09+00:00\" \/>\n<meta property=\"og:image\" content=\"https:\/\/www.tindemansgraszoden.nl\/wp-content\/uploads\/2022\/02\/Tindemans-Graszoden-4756-scaled.jpg\" \/>\n\t<meta property=\"og:image:width\" content=\"2560\" \/>\n\t<meta property=\"og:image:height\" content=\"1704\" \/>\n\t<meta property=\"og:image:type\" content=\"image\/jpeg\" \/>\n<meta name=\"twitter:card\" content=\"summary_large_image\" \/>\n<meta name=\"twitter:label1\" content=\"Gesch\u00e4tzte Lesezeit\" \/>\n\t<meta name=\"twitter:data1\" content=\"3\u00a0Minuten\" \/>\n<script type=\"application\/ld+json\" class=\"yoast-schema-graph\">{\"@context\":\"https:\/\/schema.org\",\"@graph\":[{\"@type\":\"WebPage\",\"@id\":\"https:\/\/www.tindemansgraszoden.nl\/de\/rasenpflege\/rasen-sprengen\/\",\"url\":\"https:\/\/www.tindemansgraszoden.nl\/de\/rasenpflege\/rasen-sprengen\/\",\"name\":\"Rasen sprengen - Tindemans Graszoden\",\"isPartOf\":{\"@id\":\"https:\/\/www.tindemansgraszoden.nl\/de\/#website\"},\"primaryImageOfPage\":{\"@id\":\"https:\/\/www.tindemansgraszoden.nl\/de\/rasenpflege\/rasen-sprengen\/#primaryimage\"},\"image\":{\"@id\":\"https:\/\/www.tindemansgraszoden.nl\/de\/rasenpflege\/rasen-sprengen\/#primaryimage\"},\"thumbnailUrl\":\"https:\/\/www.tindemansrollrasen.de\/wp-content\/uploads\/2022\/03\/gras-bewateren-300x200.png\",\"datePublished\":\"2022-01-21T10:29:48+00:00\",\"dateModified\":\"2026-04-08T08:23:09+00:00\",\"breadcrumb\":{\"@id\":\"https:\/\/www.tindemansgraszoden.nl\/de\/rasenpflege\/rasen-sprengen\/#breadcrumb\"},\"inLanguage\":\"de\",\"potentialAction\":[{\"@type\":\"ReadAction\",\"target\":[\"https:\/\/www.tindemansgraszoden.nl\/de\/rasenpflege\/rasen-sprengen\/\"]}]},{\"@type\":\"ImageObject\",\"inLanguage\":\"de\",\"@id\":\"https:\/\/www.tindemansgraszoden.nl\/de\/rasenpflege\/rasen-sprengen\/#primaryimage\",\"url\":\"https:\/\/www.tindemansrollrasen.de\/wp-content\/uploads\/2022\/03\/gras-bewateren-300x200.png\",\"contentUrl\":\"https:\/\/www.tindemansrollrasen.de\/wp-content\/uploads\/2022\/03\/gras-bewateren-300x200.png\"},{\"@type\":\"BreadcrumbList\",\"@id\":\"https:\/\/www.tindemansgraszoden.nl\/de\/rasenpflege\/rasen-sprengen\/#breadcrumb\",\"itemListElement\":[{\"@type\":\"ListItem\",\"position\":1,\"name\":\"Home\",\"item\":\"https:\/\/www.tindemansgraszoden.nl\/de\/\"},{\"@type\":\"ListItem\",\"position\":2,\"name\":\"Rasen sprengen\"}]},{\"@type\":\"WebSite\",\"@id\":\"https:\/\/www.tindemansgraszoden.nl\/de\/#website\",\"url\":\"https:\/\/www.tindemansgraszoden.nl\/de\/\",\"name\":\"Tindemans Graszoden\",\"description\":\"Graszoden Limburg: levering en aanleg\",\"publisher\":{\"@id\":\"https:\/\/www.tindemansgraszoden.nl\/de\/#organization\"},\"potentialAction\":[{\"@type\":\"SearchAction\",\"target\":{\"@type\":\"EntryPoint\",\"urlTemplate\":\"https:\/\/www.tindemansgraszoden.nl\/de\/?s={search_term_string}\"},\"query-input\":{\"@type\":\"PropertyValueSpecification\",\"valueRequired\":true,\"valueName\":\"search_term_string\"}}],\"inLanguage\":\"de\"},{\"@type\":\"Organization\",\"@id\":\"https:\/\/www.tindemansgraszoden.nl\/de\/#organization\",\"name\":\"Tindemans Graszoden\",\"url\":\"https:\/\/www.tindemansgraszoden.nl\/de\/\",\"logo\":{\"@type\":\"ImageObject\",\"inLanguage\":\"de\",\"@id\":\"https:\/\/www.tindemansgraszoden.nl\/de\/#\/schema\/logo\/image\/\",\"url\":\"https:\/\/www.tindemansgraszoden.nl\/wp-content\/uploads\/2022\/04\/logo.png\",\"contentUrl\":\"https:\/\/www.tindemansgraszoden.nl\/wp-content\/uploads\/2022\/04\/logo.png\",\"width\":394,\"height\":120,\"caption\":\"Tindemans Graszoden\"},\"image\":{\"@id\":\"https:\/\/www.tindemansgraszoden.nl\/de\/#\/schema\/logo\/image\/\"}}]}<\/script>\n<!-- \/ Yoast SEO plugin. -->","yoast_head_json":{"title":"Rasen sprengen - Tindemans Graszoden","robots":{"index":"index","follow":"follow","max-snippet":"max-snippet:-1","max-image-preview":"max-image-preview:large","max-video-preview":"max-video-preview:-1"},"canonical":"https:\/\/www.tindemansgraszoden.nl\/de\/rasenpflege\/rasen-sprengen\/","og_locale":"de_DE","og_type":"article","og_title":"Rasen sprengen - Tindemans Graszoden","og_description":"Rasen sprengen Wasser ist einer der wichtigsten Bestandteile eines strahlenden Rasens, insbesondere wenn es um einen neuen Rasen geht. Obwohl wir in den Niederlanden h\u00e4ufig mit Regen zu tun haben, ist es immer noch wichtig, die Feuchtigkeit des Rasens regelm\u00e4\u00dfig instand zu halten. Sie k\u00f6nnen dies selbst durch Bew\u00e4sserung unterst\u00fctzen. Behalten Sie den Feuchtigkeitsgehalt immer [&hellip;]","og_url":"https:\/\/www.tindemansgraszoden.nl\/de\/rasenpflege\/rasen-sprengen\/","og_site_name":"Tindemans Graszoden","article_modified_time":"2026-04-08T08:23:09+00:00","og_image":[{"width":2560,"height":1704,"url":"https:\/\/www.tindemansgraszoden.nl\/wp-content\/uploads\/2022\/02\/Tindemans-Graszoden-4756-scaled.jpg","type":"image\/jpeg"}],"twitter_card":"summary_large_image","twitter_misc":{"Gesch\u00e4tzte Lesezeit":"3\u00a0Minuten"},"schema":{"@context":"https:\/\/schema.org","@graph":[{"@type":"WebPage","@id":"https:\/\/www.tindemansgraszoden.nl\/de\/rasenpflege\/rasen-sprengen\/","url":"https:\/\/www.tindemansgraszoden.nl\/de\/rasenpflege\/rasen-sprengen\/","name":"Rasen sprengen - Tindemans Graszoden","isPartOf":{"@id":"https:\/\/www.tindemansgraszoden.nl\/de\/#website"},"primaryImageOfPage":{"@id":"https:\/\/www.tindemansgraszoden.nl\/de\/rasenpflege\/rasen-sprengen\/#primaryimage"},"image":{"@id":"https:\/\/www.tindemansgraszoden.nl\/de\/rasenpflege\/rasen-sprengen\/#primaryimage"},"thumbnailUrl":"https:\/\/www.tindemansrollrasen.de\/wp-content\/uploads\/2022\/03\/gras-bewateren-300x200.png","datePublished":"2022-01-21T10:29:48+00:00","dateModified":"2026-04-08T08:23:09+00:00","breadcrumb":{"@id":"https:\/\/www.tindemansgraszoden.nl\/de\/rasenpflege\/rasen-sprengen\/#breadcrumb"},"inLanguage":"de","potentialAction":[{"@type":"ReadAction","target":["https:\/\/www.tindemansgraszoden.nl\/de\/rasenpflege\/rasen-sprengen\/"]}]},{"@type":"ImageObject","inLanguage":"de","@id":"https:\/\/www.tindemansgraszoden.nl\/de\/rasenpflege\/rasen-sprengen\/#primaryimage","url":"https:\/\/www.tindemansrollrasen.de\/wp-content\/uploads\/2022\/03\/gras-bewateren-300x200.png","contentUrl":"https:\/\/www.tindemansrollrasen.de\/wp-content\/uploads\/2022\/03\/gras-bewateren-300x200.png"},{"@type":"BreadcrumbList","@id":"https:\/\/www.tindemansgraszoden.nl\/de\/rasenpflege\/rasen-sprengen\/#breadcrumb","itemListElement":[{"@type":"ListItem","position":1,"name":"Home","item":"https:\/\/www.tindemansgraszoden.nl\/de\/"},{"@type":"ListItem","position":2,"name":"Rasen sprengen"}]},{"@type":"WebSite","@id":"https:\/\/www.tindemansgraszoden.nl\/de\/#website","url":"https:\/\/www.tindemansgraszoden.nl\/de\/","name":"Tindemans Graszoden","description":"Graszoden Limburg: levering en aanleg","publisher":{"@id":"https:\/\/www.tindemansgraszoden.nl\/de\/#organization"},"potentialAction":[{"@type":"SearchAction","target":{"@type":"EntryPoint","urlTemplate":"https:\/\/www.tindemansgraszoden.nl\/de\/?s={search_term_string}"},"query-input":{"@type":"PropertyValueSpecification","valueRequired":true,"valueName":"search_term_string"}}],"inLanguage":"de"},{"@type":"Organization","@id":"https:\/\/www.tindemansgraszoden.nl\/de\/#organization","name":"Tindemans Graszoden","url":"https:\/\/www.tindemansgraszoden.nl\/de\/","logo":{"@type":"ImageObject","inLanguage":"de","@id":"https:\/\/www.tindemansgraszoden.nl\/de\/#\/schema\/logo\/image\/","url":"https:\/\/www.tindemansgraszoden.nl\/wp-content\/uploads\/2022\/04\/logo.png","contentUrl":"https:\/\/www.tindemansgraszoden.nl\/wp-content\/uploads\/2022\/04\/logo.png","width":394,"height":120,"caption":"Tindemans Graszoden"},"image":{"@id":"https:\/\/www.tindemansgraszoden.nl\/de\/#\/schema\/logo\/image\/"}}]}},"_links":{"self":[{"href":"https:\/\/www.tindemansgraszoden.nl\/de\/wp-json\/wp\/v2\/pages\/9437","targetHints":{"allow":["GET"]}}],"collection":[{"href":"https:\/\/www.tindemansgraszoden.nl\/de\/wp-json\/wp\/v2\/pages"}],"about":[{"href":"https:\/\/www.tindemansgraszoden.nl\/de\/wp-json\/wp\/v2\/types\/page"}],"author":[{"embeddable":true,"href":"https:\/\/www.tindemansgraszoden.nl\/de\/wp-json\/wp\/v2\/users\/4"}],"replies":[{"embeddable":true,"href":"https:\/\/www.tindemansgraszoden.nl\/de\/wp-json\/wp\/v2\/comments?post=9437"}],"version-history":[{"count":2,"href":"https:\/\/www.tindemansgraszoden.nl\/de\/wp-json\/wp\/v2\/pages\/9437\/revisions"}],"predecessor-version":[{"id":9469,"href":"https:\/\/www.tindemansgraszoden.nl\/de\/wp-json\/wp\/v2\/pages\/9437\/revisions\/9469"}],"up":[{"embeddable":true,"href":"https:\/\/www.tindemansgraszoden.nl\/de\/wp-json\/wp\/v2\/pages\/9549"}],"wp:attachment":[{"href":"https:\/\/www.tindemansgraszoden.nl\/de\/wp-json\/wp\/v2\/media?parent=9437"}],"curies":[{"name":"wp","href":"https:\/\/api.w.org\/{rel}","templated":true}]}}