{"id":9423,"date":"2022-01-21T11:26:19","date_gmt":"2022-01-21T10:26:19","guid":{"rendered":"https:\/\/www.tindemansgraszoden.nl\/?page_id=9423"},"modified":"2026-04-08T10:10:05","modified_gmt":"2026-04-08T08:10:05","slug":"rasen-kalken","status":"publish","type":"page","link":"https:\/\/www.tindemansgraszoden.nl\/de\/rasenpflege\/rasen-kalken\/","title":{"rendered":"Rasen Kalken"},"content":{"rendered":"\n<h1 class=\"wp-block-heading\">Rasen mit Kalk bestreuen<\/h1>\n\n\n\n<p>Das Verteilen von Kalkgranulat im Winter ist sehr wichtig. Da der Rasen im Winter sehr langsam oder gar nicht w\u00e4chst, erh\u00e4lt er nicht gen\u00fcgend N\u00e4hrstoffe. Deshalb ist es wichtig, dass der S\u00e4uregehalt (der pH-Wert) im Boden erhalten bleibt, damit die N\u00e4hrstoffe f\u00fcr den Rest des Jahres richtig aufgenommen werden. Nachfolgend erkl\u00e4ren wir dies.<\/p>\n\n\n\n<h2 class=\"wp-block-heading\">Kalk bestreuen, wann und warum?<\/h2>\n\n\n\n<p>Jeder Rasen sollte mindestens einmal im Jahr gekalkt werden. Streuen Sie Kalkk\u00f6rner im Winter, Ende Dezember oder im Januar. Im Winter ist der S\u00e4uregehalt des Untergrunds nicht im Gleichgewicht. Deshalb ist es wichtig, daf\u00fcr zu sorgen, dass der pH-Wert des Bodens stimmt. Mit einem pH-Messer k\u00f6nnen Sie den pH-Wert Ihres Gartens ganz einfach selbst messen. Sobald der S\u00e4uregehalt in Ordnung ist, kann der Untergrund die D\u00fcngemittel richtig aufnehmen. Zus\u00e4tzlich sorgt das Magnesium aus dem Kalkgranulat daf\u00fcr, dass der Rasen wieder ein sch\u00f6nes Gr\u00fcn bekommt. Stellen Sie sicher, dass zwischen dem Kalken und D\u00fcngen mit Kunstd\u00fcnger mindestens 6 Wochen liegen.<br><br><p><img fetchpriority=\"high\" decoding=\"async\" width=\"350\" height=\"233\" class=\"alignnone wp-image-1658\" src=\"https:\/\/www.tindemansgraszoden.nl\/wp-content\/uploads\/2022\/03\/kalk-verspreiden-gazon.png\" alt=\"Kalk verspreiden gazon\" srcset=\"https:\/\/www.tindemansgraszoden.nl\/wp-content\/uploads\/2022\/03\/kalk-verspreiden-gazon.png 1024w, https:\/\/www.tindemansgraszoden.nl\/wp-content\/uploads\/2022\/03\/kalk-verspreiden-gazon-300x200.png 300w, https:\/\/www.tindemansgraszoden.nl\/wp-content\/uploads\/2022\/03\/kalk-verspreiden-gazon-768x512.png 768w, https:\/\/www.tindemansgraszoden.nl\/wp-content\/uploads\/2022\/03\/kalk-verspreiden-gazon-600x400.png 600w\" sizes=\"(max-width: 350px) 100vw, 350px\" \/>\u00a0 \u00a0 \u00a0<img decoding=\"async\" width=\"350\" height=\"233\" class=\"alignnone wp-image-1473\" src=\"https:\/\/www.tindemansgraszoden.nl\/wp-content\/uploads\/2022\/03\/Kalkkorrels-op-gazon.png\" alt=\"Kalkkorrels gazon\" srcset=\"https:\/\/www.tindemansgraszoden.nl\/wp-content\/uploads\/2022\/03\/Kalkkorrels-op-gazon.png 1024w, https:\/\/www.tindemansgraszoden.nl\/wp-content\/uploads\/2022\/03\/Kalkkorrels-op-gazon-300x200.png 300w, https:\/\/www.tindemansgraszoden.nl\/wp-content\/uploads\/2022\/03\/Kalkkorrels-op-gazon-768x512.png 768w, https:\/\/www.tindemansgraszoden.nl\/wp-content\/uploads\/2022\/03\/Kalkkorrels-op-gazon-600x400.png 600w\" sizes=\"(max-width: 350px) 100vw, 350px\" \/><\/p><br><br><p><img decoding=\"async\" width=\"70\" height=\"69\" class=\"wp-image-356 alignleft\" src=\"https:\/\/www.tindemansgraszoden.nl\/wp-content\/uploads\/2022\/01\/tip-e1643814179359.png\" alt=\"tip-graszoden\" srcset=\"https:\/\/www.tindemansgraszoden.nl\/wp-content\/uploads\/2022\/01\/tip-e1643814179359.png 92w, https:\/\/www.tindemansgraszoden.nl\/wp-content\/uploads\/2022\/01\/tip-e1643814179359-300x300.png 300w, https:\/\/www.tindemansgraszoden.nl\/wp-content\/uploads\/2022\/01\/tip-e1643814179359-100x100.png 100w\" sizes=\"(max-width: 70px) 100vw, 70px\" \/><strong><br><strong>\u2018Ein korrekter pH-Wert f\u00fcr den Rasen betr\u00e4gt 6,5. Aber alles zwischen 6 und 7 ist in Ordnung.\u2018<\/strong><\/strong><\/p><\/p>\n\n\n\n<p><strong><br><\/strong><\/p>\n\n\n\n<h2 class=\"wp-block-heading\">Die Vorteile, Kalkgranulat auf den Rasen zu streuen<\/h2>\n\n\n\n<p>Das Streuen von Kalkgranulat im Winter hat viele Vorteile f\u00fcr die Rasensaison. Es hat folgende Vorteile:<\/p>\n\n\n\n<ul class=\"wp-block-list\">\n<li>Wiederherstellung der S\u00e4ure des Bodens<\/li>\n\n\n\n<li>Die tiefgr\u00fcne Farbe wird wieder an die Oberfl\u00e4che gebracht;<\/li>\n\n\n\n<li>Moos wird verhindert;<\/li>\n\n\n\n<li>Bessere Aufnahme von D\u00fcngemitteln f\u00fcr den Rest des Jahres;<\/li>\n<\/ul>\n\n\n\n<h2 class=\"wp-block-heading\">Wie viel Kalk brauchen Sie?<\/h2>\n\n\n\n<p>Es gibt zwei Formen von Kalk: Kalkpulver oder Kalkgranulat. Wir bevorzugen\u00a0<a href=\"https:\/\/www.tindemansrollrasen.de\/product-categorie\/duengemittel\/\">Kalkgranulat<\/a>. Dies ist leichter zu verteilen und bleibt besser auf dem Rasen liegen. Sie k\u00f6nnen einen Bodentest durchf\u00fchren, um die richtige Menge an Kalkgranulat zu bestimmen. Sobald Sie wissen, wie hoch der S\u00e4uregehalt des Bodens ist, k\u00f6nnen Sie die richtige Menge Kalk darauf verteilen. Wenn der S\u00e4uregehalt des Bodens gut ist (zwischen 6 und 7), empfehlen wir 1 bis 1,5 kg Kalkgranulat pro 10 m\u00b2.<br><p><img decoding=\"async\" width=\"70\" height=\"69\" class=\"wp-image-356 alignleft\" src=\"https:\/\/www.tindemansgraszoden.nl\/wp-content\/uploads\/2022\/01\/tip-e1643814179359.png\" alt=\"tip-graszoden\" srcset=\"https:\/\/www.tindemansgraszoden.nl\/wp-content\/uploads\/2022\/01\/tip-e1643814179359.png 92w, https:\/\/www.tindemansgraszoden.nl\/wp-content\/uploads\/2022\/01\/tip-e1643814179359-300x300.png 300w, https:\/\/www.tindemansgraszoden.nl\/wp-content\/uploads\/2022\/01\/tip-e1643814179359-100x100.png 100w\" sizes=\"(max-width: 70px) 100vw, 70px\" \/><strong><br><strong>Bei einem pH-Wert unter 6 zweimal j\u00e4hrlich 2 kg Kalk pro 10 m\u00b2 verteilen. Bei einem pH-Wert \u00fcber 6,5 einmal j\u00e4hrlich 0,5 kg pro 10 m\u00b2 streuen.<\/strong><br><\/strong><\/p><\/p>\n\n\n\n<h2 class=\"wp-block-heading\">\u00a0<br>Kalkgranulat selbst verteilen, wie macht man das?<\/h2>\n\n\n\n<p>Es ist m\u00f6glich, das Kalkgranulat manuell auf Ihrem Rasen zu verteilen. Es ist wichtig, dass das Kalkgranulat in der richtigen Menge und gleichm\u00e4\u00dfig auf dem Rasen verteilt wird. Jedes St\u00fcck sollte mit der gleichen Menge Kalk versehen sein. Es ist auch eine Option, einen Streuwagen zu verwenden. Dies gilt normalerweise f\u00fcr gr\u00f6\u00dfere Rasenfl\u00e4chen. Mit einem Streuwagen k\u00f6nnen Sie pr\u00e4zise Bahnen \u00fcber den Rasen fahren, sodass das Kalkgranulat gut verteilt wird.<\/p>\n\n\n\n<p>Bei einem korrekten pH-Wert des Bodens besteht ein aktives Bodenleben. Dies hat viele Vorteile f\u00fcr den Zustand des Rasens. Wenn Sch\u00e4den wie viel&nbsp;<a href=\"https:\/\/www.tindemansrollrasen.de\/2023\/03\/16\/moos-im-rasen\/\">Moos<\/a>&nbsp;durch einen falschen pH-Wert verursacht wurden, k\u00f6nnen Sie&nbsp;<a href=\"https:\/\/www.tindemansrollrasen.de\/rasenpflege\/rasen-vertikutieren\/\"><u>den Rasen vertikutieren.<\/u><\/a><\/p>\n","protected":false},"excerpt":{"rendered":"<p>Rasen mit Kalk bestreuen Das Verteilen von Kalkgranulat im Winter ist sehr wichtig. Da der Rasen im Winter sehr langsam oder gar nicht w\u00e4chst, erh\u00e4lt er nicht gen\u00fcgend N\u00e4hrstoffe. Deshalb ist es wichtig, dass der S\u00e4uregehalt (der pH-Wert) im Boden erhalten bleibt, damit die N\u00e4hrstoffe f\u00fcr den Rest des Jahres richtig aufgenommen werden. Nachfolgend erkl\u00e4ren [&hellip;]<\/p>\n","protected":false},"author":4,"featured_media":0,"parent":9549,"menu_order":2,"comment_status":"closed","ping_status":"closed","template":"","meta":{"_acf_changed":false,"footnotes":""},"class_list":["post-9423","page","type-page","status-publish","hentry"],"acf":[],"yoast_head":"<!-- This site is optimized with the Yoast SEO plugin v26.9 - https:\/\/yoast.com\/product\/yoast-seo-wordpress\/ -->\n<title>Rasen Kalken - Tindemans Graszoden<\/title>\n<meta name=\"robots\" content=\"index, follow, max-snippet:-1, max-image-preview:large, max-video-preview:-1\" \/>\n<link rel=\"canonical\" href=\"https:\/\/www.tindemansgraszoden.nl\/de\/rasenpflege\/rasen-kalken\/\" \/>\n<meta property=\"og:locale\" content=\"de_DE\" \/>\n<meta property=\"og:type\" content=\"article\" \/>\n<meta property=\"og:title\" content=\"Rasen Kalken - Tindemans Graszoden\" \/>\n<meta property=\"og:description\" content=\"Rasen mit Kalk bestreuen Das Verteilen von Kalkgranulat im Winter ist sehr wichtig. Da der Rasen im Winter sehr langsam oder gar nicht w\u00e4chst, erh\u00e4lt er nicht gen\u00fcgend N\u00e4hrstoffe. Deshalb ist es wichtig, dass der S\u00e4uregehalt (der pH-Wert) im Boden erhalten bleibt, damit die N\u00e4hrstoffe f\u00fcr den Rest des Jahres richtig aufgenommen werden. Nachfolgend erkl\u00e4ren [&hellip;]\" \/>\n<meta property=\"og:url\" content=\"https:\/\/www.tindemansgraszoden.nl\/de\/rasenpflege\/rasen-kalken\/\" \/>\n<meta property=\"og:site_name\" content=\"Tindemans Graszoden\" \/>\n<meta property=\"article:modified_time\" content=\"2026-04-08T08:10:05+00:00\" \/>\n<meta property=\"og:image\" content=\"https:\/\/www.tindemansgraszoden.nl\/wp-content\/uploads\/2022\/03\/kalk-verspreiden-gazon.png\" \/>\n\t<meta property=\"og:image:width\" content=\"1024\" \/>\n\t<meta property=\"og:image:height\" content=\"683\" \/>\n\t<meta property=\"og:image:type\" content=\"image\/png\" \/>\n<meta name=\"twitter:card\" content=\"summary_large_image\" \/>\n<meta name=\"twitter:label1\" content=\"Gesch\u00e4tzte Lesezeit\" \/>\n\t<meta name=\"twitter:data1\" content=\"4\u00a0Minuten\" \/>\n<script type=\"application\/ld+json\" class=\"yoast-schema-graph\">{\"@context\":\"https:\/\/schema.org\",\"@graph\":[{\"@type\":\"WebPage\",\"@id\":\"https:\/\/www.tindemansgraszoden.nl\/de\/rasenpflege\/rasen-kalken\/\",\"url\":\"https:\/\/www.tindemansgraszoden.nl\/de\/rasenpflege\/rasen-kalken\/\",\"name\":\"Rasen Kalken - Tindemans Graszoden\",\"isPartOf\":{\"@id\":\"https:\/\/www.tindemansgraszoden.nl\/de\/#website\"},\"primaryImageOfPage\":{\"@id\":\"https:\/\/www.tindemansgraszoden.nl\/de\/rasenpflege\/rasen-kalken\/#primaryimage\"},\"image\":{\"@id\":\"https:\/\/www.tindemansgraszoden.nl\/de\/rasenpflege\/rasen-kalken\/#primaryimage\"},\"thumbnailUrl\":\"https:\/\/www.tindemansgraszoden.nl\/wp-content\/uploads\/2022\/03\/kalk-verspreiden-gazon.png\",\"datePublished\":\"2022-01-21T10:26:19+00:00\",\"dateModified\":\"2026-04-08T08:10:05+00:00\",\"breadcrumb\":{\"@id\":\"https:\/\/www.tindemansgraszoden.nl\/de\/rasenpflege\/rasen-kalken\/#breadcrumb\"},\"inLanguage\":\"de\",\"potentialAction\":[{\"@type\":\"ReadAction\",\"target\":[\"https:\/\/www.tindemansgraszoden.nl\/de\/rasenpflege\/rasen-kalken\/\"]}]},{\"@type\":\"ImageObject\",\"inLanguage\":\"de\",\"@id\":\"https:\/\/www.tindemansgraszoden.nl\/de\/rasenpflege\/rasen-kalken\/#primaryimage\",\"url\":\"https:\/\/www.tindemansgraszoden.nl\/wp-content\/uploads\/2022\/03\/kalk-verspreiden-gazon.png\",\"contentUrl\":\"https:\/\/www.tindemansgraszoden.nl\/wp-content\/uploads\/2022\/03\/kalk-verspreiden-gazon.png\"},{\"@type\":\"BreadcrumbList\",\"@id\":\"https:\/\/www.tindemansgraszoden.nl\/de\/rasenpflege\/rasen-kalken\/#breadcrumb\",\"itemListElement\":[{\"@type\":\"ListItem\",\"position\":1,\"name\":\"Home\",\"item\":\"https:\/\/www.tindemansgraszoden.nl\/de\/\"},{\"@type\":\"ListItem\",\"position\":2,\"name\":\"Rasen Kalken\"}]},{\"@type\":\"WebSite\",\"@id\":\"https:\/\/www.tindemansgraszoden.nl\/de\/#website\",\"url\":\"https:\/\/www.tindemansgraszoden.nl\/de\/\",\"name\":\"Tindemans Graszoden\",\"description\":\"Graszoden Limburg: levering en aanleg\",\"publisher\":{\"@id\":\"https:\/\/www.tindemansgraszoden.nl\/de\/#organization\"},\"potentialAction\":[{\"@type\":\"SearchAction\",\"target\":{\"@type\":\"EntryPoint\",\"urlTemplate\":\"https:\/\/www.tindemansgraszoden.nl\/de\/?s={search_term_string}\"},\"query-input\":{\"@type\":\"PropertyValueSpecification\",\"valueRequired\":true,\"valueName\":\"search_term_string\"}}],\"inLanguage\":\"de\"},{\"@type\":\"Organization\",\"@id\":\"https:\/\/www.tindemansgraszoden.nl\/de\/#organization\",\"name\":\"Tindemans Graszoden\",\"url\":\"https:\/\/www.tindemansgraszoden.nl\/de\/\",\"logo\":{\"@type\":\"ImageObject\",\"inLanguage\":\"de\",\"@id\":\"https:\/\/www.tindemansgraszoden.nl\/de\/#\/schema\/logo\/image\/\",\"url\":\"https:\/\/www.tindemansgraszoden.nl\/wp-content\/uploads\/2022\/04\/logo.png\",\"contentUrl\":\"https:\/\/www.tindemansgraszoden.nl\/wp-content\/uploads\/2022\/04\/logo.png\",\"width\":394,\"height\":120,\"caption\":\"Tindemans Graszoden\"},\"image\":{\"@id\":\"https:\/\/www.tindemansgraszoden.nl\/de\/#\/schema\/logo\/image\/\"}}]}<\/script>\n<!-- \/ Yoast SEO plugin. -->","yoast_head_json":{"title":"Rasen Kalken - Tindemans Graszoden","robots":{"index":"index","follow":"follow","max-snippet":"max-snippet:-1","max-image-preview":"max-image-preview:large","max-video-preview":"max-video-preview:-1"},"canonical":"https:\/\/www.tindemansgraszoden.nl\/de\/rasenpflege\/rasen-kalken\/","og_locale":"de_DE","og_type":"article","og_title":"Rasen Kalken - Tindemans Graszoden","og_description":"Rasen mit Kalk bestreuen Das Verteilen von Kalkgranulat im Winter ist sehr wichtig. Da der Rasen im Winter sehr langsam oder gar nicht w\u00e4chst, erh\u00e4lt er nicht gen\u00fcgend N\u00e4hrstoffe. Deshalb ist es wichtig, dass der S\u00e4uregehalt (der pH-Wert) im Boden erhalten bleibt, damit die N\u00e4hrstoffe f\u00fcr den Rest des Jahres richtig aufgenommen werden. Nachfolgend erkl\u00e4ren [&hellip;]","og_url":"https:\/\/www.tindemansgraszoden.nl\/de\/rasenpflege\/rasen-kalken\/","og_site_name":"Tindemans Graszoden","article_modified_time":"2026-04-08T08:10:05+00:00","og_image":[{"width":1024,"height":683,"url":"https:\/\/www.tindemansgraszoden.nl\/wp-content\/uploads\/2022\/03\/kalk-verspreiden-gazon.png","type":"image\/png"}],"twitter_card":"summary_large_image","twitter_misc":{"Gesch\u00e4tzte Lesezeit":"4\u00a0Minuten"},"schema":{"@context":"https:\/\/schema.org","@graph":[{"@type":"WebPage","@id":"https:\/\/www.tindemansgraszoden.nl\/de\/rasenpflege\/rasen-kalken\/","url":"https:\/\/www.tindemansgraszoden.nl\/de\/rasenpflege\/rasen-kalken\/","name":"Rasen Kalken - Tindemans Graszoden","isPartOf":{"@id":"https:\/\/www.tindemansgraszoden.nl\/de\/#website"},"primaryImageOfPage":{"@id":"https:\/\/www.tindemansgraszoden.nl\/de\/rasenpflege\/rasen-kalken\/#primaryimage"},"image":{"@id":"https:\/\/www.tindemansgraszoden.nl\/de\/rasenpflege\/rasen-kalken\/#primaryimage"},"thumbnailUrl":"https:\/\/www.tindemansgraszoden.nl\/wp-content\/uploads\/2022\/03\/kalk-verspreiden-gazon.png","datePublished":"2022-01-21T10:26:19+00:00","dateModified":"2026-04-08T08:10:05+00:00","breadcrumb":{"@id":"https:\/\/www.tindemansgraszoden.nl\/de\/rasenpflege\/rasen-kalken\/#breadcrumb"},"inLanguage":"de","potentialAction":[{"@type":"ReadAction","target":["https:\/\/www.tindemansgraszoden.nl\/de\/rasenpflege\/rasen-kalken\/"]}]},{"@type":"ImageObject","inLanguage":"de","@id":"https:\/\/www.tindemansgraszoden.nl\/de\/rasenpflege\/rasen-kalken\/#primaryimage","url":"https:\/\/www.tindemansgraszoden.nl\/wp-content\/uploads\/2022\/03\/kalk-verspreiden-gazon.png","contentUrl":"https:\/\/www.tindemansgraszoden.nl\/wp-content\/uploads\/2022\/03\/kalk-verspreiden-gazon.png"},{"@type":"BreadcrumbList","@id":"https:\/\/www.tindemansgraszoden.nl\/de\/rasenpflege\/rasen-kalken\/#breadcrumb","itemListElement":[{"@type":"ListItem","position":1,"name":"Home","item":"https:\/\/www.tindemansgraszoden.nl\/de\/"},{"@type":"ListItem","position":2,"name":"Rasen Kalken"}]},{"@type":"WebSite","@id":"https:\/\/www.tindemansgraszoden.nl\/de\/#website","url":"https:\/\/www.tindemansgraszoden.nl\/de\/","name":"Tindemans Graszoden","description":"Graszoden Limburg: levering en aanleg","publisher":{"@id":"https:\/\/www.tindemansgraszoden.nl\/de\/#organization"},"potentialAction":[{"@type":"SearchAction","target":{"@type":"EntryPoint","urlTemplate":"https:\/\/www.tindemansgraszoden.nl\/de\/?s={search_term_string}"},"query-input":{"@type":"PropertyValueSpecification","valueRequired":true,"valueName":"search_term_string"}}],"inLanguage":"de"},{"@type":"Organization","@id":"https:\/\/www.tindemansgraszoden.nl\/de\/#organization","name":"Tindemans Graszoden","url":"https:\/\/www.tindemansgraszoden.nl\/de\/","logo":{"@type":"ImageObject","inLanguage":"de","@id":"https:\/\/www.tindemansgraszoden.nl\/de\/#\/schema\/logo\/image\/","url":"https:\/\/www.tindemansgraszoden.nl\/wp-content\/uploads\/2022\/04\/logo.png","contentUrl":"https:\/\/www.tindemansgraszoden.nl\/wp-content\/uploads\/2022\/04\/logo.png","width":394,"height":120,"caption":"Tindemans Graszoden"},"image":{"@id":"https:\/\/www.tindemansgraszoden.nl\/de\/#\/schema\/logo\/image\/"}}]}},"_links":{"self":[{"href":"https:\/\/www.tindemansgraszoden.nl\/de\/wp-json\/wp\/v2\/pages\/9423","targetHints":{"allow":["GET"]}}],"collection":[{"href":"https:\/\/www.tindemansgraszoden.nl\/de\/wp-json\/wp\/v2\/pages"}],"about":[{"href":"https:\/\/www.tindemansgraszoden.nl\/de\/wp-json\/wp\/v2\/types\/page"}],"author":[{"embeddable":true,"href":"https:\/\/www.tindemansgraszoden.nl\/de\/wp-json\/wp\/v2\/users\/4"}],"replies":[{"embeddable":true,"href":"https:\/\/www.tindemansgraszoden.nl\/de\/wp-json\/wp\/v2\/comments?post=9423"}],"version-history":[{"count":1,"href":"https:\/\/www.tindemansgraszoden.nl\/de\/wp-json\/wp\/v2\/pages\/9423\/revisions"}],"predecessor-version":[{"id":9431,"href":"https:\/\/www.tindemansgraszoden.nl\/de\/wp-json\/wp\/v2\/pages\/9423\/revisions\/9431"}],"up":[{"embeddable":true,"href":"https:\/\/www.tindemansgraszoden.nl\/de\/wp-json\/wp\/v2\/pages\/9549"}],"wp:attachment":[{"href":"https:\/\/www.tindemansgraszoden.nl\/de\/wp-json\/wp\/v2\/media?parent=9423"}],"curies":[{"name":"wp","href":"https:\/\/api.w.org\/{rel}","templated":true}]}}