{"id":9405,"date":"2022-01-21T11:22:32","date_gmt":"2022-01-21T10:22:32","guid":{"rendered":"https:\/\/www.tindemansgraszoden.nl\/?page_id=9405"},"modified":"2026-04-08T10:03:07","modified_gmt":"2026-04-08T08:03:07","slug":"rasen-duengen","status":"publish","type":"page","link":"https:\/\/www.tindemansgraszoden.nl\/de\/rasenpflege\/rasen-duengen\/","title":{"rendered":"Rasen d\u00fcngen"},"content":{"rendered":"\n<h1 class=\"wp-block-heading\">Rollrasen d\u00fcngen<\/h1>\n\n\n\n<p>Ihr Rasen bezieht seine Energie und St\u00e4rke, einem nahrhaften Untergrund. Es ist daher nicht verwunderlich, dass ein Rasen ohne D\u00fcngung von schlechter Qualit\u00e4t ist. Dies liegt daran, dass ihm viele N\u00e4hrstoffe fehlen, die f\u00fcr ein gesundes Wachstum notwendig sind. Um die gute Qualit\u00e4t des Rollrasens zu gew\u00e4hrleisten, m\u00fcssen Sie Ihren Rasen rechtzeitig d\u00fcngen. Die D\u00fcngung ist ebenso wie das Wasser eine Grundbedingung f\u00fcr Ihren Rasen. Aber welchen D\u00fcnger sollten Sie eigentlich f\u00fcr Rollrasen verwenden und wie oft sollte der Rasen ged\u00fcngt werden? Sie k\u00f6nnen es hier lesen.<br><p>\u00a0<img fetchpriority=\"high\" decoding=\"async\" width=\"350\" height=\"233\" class=\"wp-image-1679 alignnone\" src=\"https:\/\/www.tindemansgraszoden.nl\/wp-content\/uploads\/2022\/03\/bemesten-met-bemestingkar.png\" alt=\"Bemesten met bemestingkar\" srcset=\"https:\/\/www.tindemansgraszoden.nl\/wp-content\/uploads\/2022\/03\/bemesten-met-bemestingkar.png 1024w, https:\/\/www.tindemansgraszoden.nl\/wp-content\/uploads\/2022\/03\/bemesten-met-bemestingkar-300x200.png 300w, https:\/\/www.tindemansgraszoden.nl\/wp-content\/uploads\/2022\/03\/bemesten-met-bemestingkar-768x512.png 768w, https:\/\/www.tindemansgraszoden.nl\/wp-content\/uploads\/2022\/03\/bemesten-met-bemestingkar-600x400.png 600w\" sizes=\"(max-width: 350px) 100vw, 350px\" \/>\u00a0\u00a0 \u00a0<img decoding=\"async\" width=\"350\" height=\"233\" class=\"wp-image-1673 alignnone\" src=\"https:\/\/www.tindemansgraszoden.nl\/wp-content\/uploads\/2022\/03\/Gazon-bemesting.png\" alt=\"Gazon bemesting\" srcset=\"https:\/\/www.tindemansgraszoden.nl\/wp-content\/uploads\/2022\/03\/Gazon-bemesting.png 1024w, https:\/\/www.tindemansgraszoden.nl\/wp-content\/uploads\/2022\/03\/Gazon-bemesting-300x200.png 300w, https:\/\/www.tindemansgraszoden.nl\/wp-content\/uploads\/2022\/03\/Gazon-bemesting-768x512.png 768w, https:\/\/www.tindemansgraszoden.nl\/wp-content\/uploads\/2022\/03\/Gazon-bemesting-600x400.png 600w\" sizes=\"(max-width: 350px) 100vw, 350px\" \/><\/p><\/p>\n\n\n\n<h2 class=\"wp-block-heading\">Organischer Rasend\u00fcnger&nbsp;<\/h2>\n\n\n\n<p>Es gibt viele verschiedene Rasend\u00fcnger auf dem Markt. Wir verstehen, dass es daher verwirrend sein kann, welcher D\u00fcnger f\u00fcr den Rasen am besten geeignet ist. Zun\u00e4chst ist es wichtig, die Qualit\u00e4t des D\u00fcngers und dessen genaue Bestimmung zu ber\u00fccksichtigen. In den meisten F\u00e4llen empfehlen wir Ihnen, einen organischen D\u00fcnger zu w\u00e4hlen, der f\u00fcr alles geeignet ist, was w\u00e4chst und bl\u00fcht. Im Gegensatz zu Kunstd\u00fcnger setzen organische D\u00fcnger 3 (!) Monate lang N\u00e4hrstoffe frei. Dies sorgt f\u00fcr einen l\u00e4ngeren Effekt und eine dauerhaft sch\u00f6ne, gr\u00fcne Farbe. Organischer D\u00fcnger kann einen Geruch hinterlassen, der jedoch nach einem Regenschauer oder Sprengen vollst\u00e4ndig verschwindet.<\/p>\n\n\n\n<h2 class=\"wp-block-heading\">Die Vor- und Nachteile von Kunstd\u00fcnger<\/h2>\n\n\n\n<p>Kunstd\u00fcnger wird f\u00fcr ein direktes und schnelles Ergebnis empfohlen. Kunstd\u00fcnger ist ein schnell wirkender D\u00fcnger und wird h\u00e4ufig verwendet, um einen Rasen schnell wiederherzustellen. Dies ist besonders empfehlenswert f\u00fcr einen schlechten Rasen, der schnell N\u00e4hrstoffe ben\u00f6tigt. Kunstd\u00fcnger gibt dem Gras einen Schub, was oft zu schnellen Ergebnissen f\u00fchrt. Der Nachteil bei Kunstd\u00fcnger ist, dass das Risiko einer Wurzelverbrennung um ein Vielfaches h\u00f6her ist als bei organischen D\u00fcngemitteln. Dar\u00fcber hinaus wird Kunstd\u00fcnger nach einem Regenschauer oder Sprengen schnell abgewaschen. Dies erh\u00f6ht das Risiko, dass der Rasen vor\u00fcbergehend nicht gen\u00e4hrt wird, was letztendlich zu Problemen f\u00fchren kann. Verwenden Sie niemals Kunstd\u00fcnger unter dem Rasen. Ein direkter Kontakt des Kunstd\u00fcngers mit den Graswurzeln kann zu Sch\u00e4den f\u00fchren.<\/p>\n\n\n\n<h2 class=\"wp-block-heading\">Herbstd\u00fcngung<\/h2>\n\n\n\n<p>Im Herbst braucht der Rasen eine andere D\u00fcngung als im Fr\u00fchjahr. Wir nennen das Herbstd\u00fcngung. Herbstd\u00fcnger enth\u00e4lt weniger Stickstoff und mehr Kalium, Magnesium und Phosphor. Kalium st\u00e4rkt den Rasen im Winter gegen Frost und Betreten. Magnesium und Eisen sorgen daf\u00fcr, dass die gr\u00fcne Farbe auch im Winter besser erhalten bleibt. Die Ergebnisse bleiben in der Regel bis zum Fr\u00fchjahr sichtbar.<\/p>\n\n\n\n<h2 class=\"wp-block-heading\">Die richtigen D\u00fcngemittel kaufen?<\/h2>\n\n\n\n<p>M\u00f6chten Sie Rollrasend\u00fcnger f\u00fcr das ganze Jahr kaufen? Wir haben f\u00fcr das ganze Jahr&nbsp;<a href=\"https:\/\/www.tindemansrollrasen.de\/product-categorie\/duengemittel\/\">organische D\u00fcngemittel.<\/a>&nbsp;Dies stellt sicher, dass Sie immer den richtigen organischen Rollrasend\u00fcnger verwenden, der gut f\u00fcr den Rasen ist. Haben Sie einen gro\u00dfen Rasen? Dann ist es besser, den Rasen mit einem Streuwagen zu d\u00fcngen. F\u00fcr Informationen \u00fcber Streuwagen oder \u00fcber organische D\u00fcngemittel k\u00f6nnen Sie uns jederzeit&nbsp;<a href=\"https:\/\/www.tindemansrollrasen.de\/contact\/\">kontaktieren<\/a>.<\/p>\n","protected":false},"excerpt":{"rendered":"<p>Rollrasen d\u00fcngen Ihr Rasen bezieht seine Energie und St\u00e4rke, einem nahrhaften Untergrund. Es ist daher nicht verwunderlich, dass ein Rasen ohne D\u00fcngung von schlechter Qualit\u00e4t ist. Dies liegt daran, dass ihm viele N\u00e4hrstoffe fehlen, die f\u00fcr ein gesundes Wachstum notwendig sind. Um die gute Qualit\u00e4t des Rollrasens zu gew\u00e4hrleisten, m\u00fcssen Sie Ihren Rasen rechtzeitig d\u00fcngen. [&hellip;]<\/p>\n","protected":false},"author":4,"featured_media":0,"parent":9549,"menu_order":2,"comment_status":"closed","ping_status":"closed","template":"","meta":{"_acf_changed":false,"footnotes":""},"class_list":["post-9405","page","type-page","status-publish","hentry"],"acf":[],"yoast_head":"<!-- This site is optimized with the Yoast SEO plugin v26.9 - https:\/\/yoast.com\/product\/yoast-seo-wordpress\/ -->\n<title>Rasen d\u00fcngen - Tindemans Graszoden<\/title>\n<meta name=\"robots\" content=\"index, follow, max-snippet:-1, max-image-preview:large, max-video-preview:-1\" \/>\n<link rel=\"canonical\" href=\"https:\/\/www.tindemansgraszoden.nl\/de\/rasenpflege\/rasen-duengen\/\" \/>\n<meta property=\"og:locale\" content=\"de_DE\" \/>\n<meta property=\"og:type\" content=\"article\" \/>\n<meta property=\"og:title\" content=\"Rasen d\u00fcngen - Tindemans Graszoden\" \/>\n<meta property=\"og:description\" content=\"Rollrasen d\u00fcngen Ihr Rasen bezieht seine Energie und St\u00e4rke, einem nahrhaften Untergrund. Es ist daher nicht verwunderlich, dass ein Rasen ohne D\u00fcngung von schlechter Qualit\u00e4t ist. Dies liegt daran, dass ihm viele N\u00e4hrstoffe fehlen, die f\u00fcr ein gesundes Wachstum notwendig sind. Um die gute Qualit\u00e4t des Rollrasens zu gew\u00e4hrleisten, m\u00fcssen Sie Ihren Rasen rechtzeitig d\u00fcngen. [&hellip;]\" \/>\n<meta property=\"og:url\" content=\"https:\/\/www.tindemansgraszoden.nl\/de\/rasenpflege\/rasen-duengen\/\" \/>\n<meta property=\"og:site_name\" content=\"Tindemans Graszoden\" \/>\n<meta property=\"article:modified_time\" content=\"2026-04-08T08:03:07+00:00\" \/>\n<meta property=\"og:image\" content=\"https:\/\/www.tindemansgraszoden.nl\/wp-content\/uploads\/2022\/03\/bemesten-met-bemestingkar.png\" \/>\n\t<meta property=\"og:image:width\" content=\"1024\" \/>\n\t<meta property=\"og:image:height\" content=\"683\" \/>\n\t<meta property=\"og:image:type\" content=\"image\/png\" \/>\n<meta name=\"twitter:card\" content=\"summary_large_image\" \/>\n<meta name=\"twitter:label1\" content=\"Gesch\u00e4tzte Lesezeit\" \/>\n\t<meta name=\"twitter:data1\" content=\"3\u00a0Minuten\" \/>\n<script type=\"application\/ld+json\" class=\"yoast-schema-graph\">{\"@context\":\"https:\/\/schema.org\",\"@graph\":[{\"@type\":\"WebPage\",\"@id\":\"https:\/\/www.tindemansgraszoden.nl\/de\/rasenpflege\/rasen-duengen\/\",\"url\":\"https:\/\/www.tindemansgraszoden.nl\/de\/rasenpflege\/rasen-duengen\/\",\"name\":\"Rasen d\u00fcngen - Tindemans Graszoden\",\"isPartOf\":{\"@id\":\"https:\/\/www.tindemansgraszoden.nl\/de\/#website\"},\"primaryImageOfPage\":{\"@id\":\"https:\/\/www.tindemansgraszoden.nl\/de\/rasenpflege\/rasen-duengen\/#primaryimage\"},\"image\":{\"@id\":\"https:\/\/www.tindemansgraszoden.nl\/de\/rasenpflege\/rasen-duengen\/#primaryimage\"},\"thumbnailUrl\":\"https:\/\/www.tindemansgraszoden.nl\/wp-content\/uploads\/2022\/03\/bemesten-met-bemestingkar.png\",\"datePublished\":\"2022-01-21T10:22:32+00:00\",\"dateModified\":\"2026-04-08T08:03:07+00:00\",\"breadcrumb\":{\"@id\":\"https:\/\/www.tindemansgraszoden.nl\/de\/rasenpflege\/rasen-duengen\/#breadcrumb\"},\"inLanguage\":\"de\",\"potentialAction\":[{\"@type\":\"ReadAction\",\"target\":[\"https:\/\/www.tindemansgraszoden.nl\/de\/rasenpflege\/rasen-duengen\/\"]}]},{\"@type\":\"ImageObject\",\"inLanguage\":\"de\",\"@id\":\"https:\/\/www.tindemansgraszoden.nl\/de\/rasenpflege\/rasen-duengen\/#primaryimage\",\"url\":\"https:\/\/www.tindemansgraszoden.nl\/wp-content\/uploads\/2022\/03\/bemesten-met-bemestingkar.png\",\"contentUrl\":\"https:\/\/www.tindemansgraszoden.nl\/wp-content\/uploads\/2022\/03\/bemesten-met-bemestingkar.png\"},{\"@type\":\"BreadcrumbList\",\"@id\":\"https:\/\/www.tindemansgraszoden.nl\/de\/rasenpflege\/rasen-duengen\/#breadcrumb\",\"itemListElement\":[{\"@type\":\"ListItem\",\"position\":1,\"name\":\"Home\",\"item\":\"https:\/\/www.tindemansgraszoden.nl\/de\/\"},{\"@type\":\"ListItem\",\"position\":2,\"name\":\"Rasen d\u00fcngen\"}]},{\"@type\":\"WebSite\",\"@id\":\"https:\/\/www.tindemansgraszoden.nl\/de\/#website\",\"url\":\"https:\/\/www.tindemansgraszoden.nl\/de\/\",\"name\":\"Tindemans Graszoden\",\"description\":\"Graszoden Limburg: levering en aanleg\",\"publisher\":{\"@id\":\"https:\/\/www.tindemansgraszoden.nl\/de\/#organization\"},\"potentialAction\":[{\"@type\":\"SearchAction\",\"target\":{\"@type\":\"EntryPoint\",\"urlTemplate\":\"https:\/\/www.tindemansgraszoden.nl\/de\/?s={search_term_string}\"},\"query-input\":{\"@type\":\"PropertyValueSpecification\",\"valueRequired\":true,\"valueName\":\"search_term_string\"}}],\"inLanguage\":\"de\"},{\"@type\":\"Organization\",\"@id\":\"https:\/\/www.tindemansgraszoden.nl\/de\/#organization\",\"name\":\"Tindemans Graszoden\",\"url\":\"https:\/\/www.tindemansgraszoden.nl\/de\/\",\"logo\":{\"@type\":\"ImageObject\",\"inLanguage\":\"de\",\"@id\":\"https:\/\/www.tindemansgraszoden.nl\/de\/#\/schema\/logo\/image\/\",\"url\":\"https:\/\/www.tindemansgraszoden.nl\/wp-content\/uploads\/2022\/04\/logo.png\",\"contentUrl\":\"https:\/\/www.tindemansgraszoden.nl\/wp-content\/uploads\/2022\/04\/logo.png\",\"width\":394,\"height\":120,\"caption\":\"Tindemans Graszoden\"},\"image\":{\"@id\":\"https:\/\/www.tindemansgraszoden.nl\/de\/#\/schema\/logo\/image\/\"}}]}<\/script>\n<!-- \/ Yoast SEO plugin. -->","yoast_head_json":{"title":"Rasen d\u00fcngen - Tindemans Graszoden","robots":{"index":"index","follow":"follow","max-snippet":"max-snippet:-1","max-image-preview":"max-image-preview:large","max-video-preview":"max-video-preview:-1"},"canonical":"https:\/\/www.tindemansgraszoden.nl\/de\/rasenpflege\/rasen-duengen\/","og_locale":"de_DE","og_type":"article","og_title":"Rasen d\u00fcngen - Tindemans Graszoden","og_description":"Rollrasen d\u00fcngen Ihr Rasen bezieht seine Energie und St\u00e4rke, einem nahrhaften Untergrund. Es ist daher nicht verwunderlich, dass ein Rasen ohne D\u00fcngung von schlechter Qualit\u00e4t ist. Dies liegt daran, dass ihm viele N\u00e4hrstoffe fehlen, die f\u00fcr ein gesundes Wachstum notwendig sind. Um die gute Qualit\u00e4t des Rollrasens zu gew\u00e4hrleisten, m\u00fcssen Sie Ihren Rasen rechtzeitig d\u00fcngen. [&hellip;]","og_url":"https:\/\/www.tindemansgraszoden.nl\/de\/rasenpflege\/rasen-duengen\/","og_site_name":"Tindemans Graszoden","article_modified_time":"2026-04-08T08:03:07+00:00","og_image":[{"width":1024,"height":683,"url":"https:\/\/www.tindemansgraszoden.nl\/wp-content\/uploads\/2022\/03\/bemesten-met-bemestingkar.png","type":"image\/png"}],"twitter_card":"summary_large_image","twitter_misc":{"Gesch\u00e4tzte Lesezeit":"3\u00a0Minuten"},"schema":{"@context":"https:\/\/schema.org","@graph":[{"@type":"WebPage","@id":"https:\/\/www.tindemansgraszoden.nl\/de\/rasenpflege\/rasen-duengen\/","url":"https:\/\/www.tindemansgraszoden.nl\/de\/rasenpflege\/rasen-duengen\/","name":"Rasen d\u00fcngen - Tindemans Graszoden","isPartOf":{"@id":"https:\/\/www.tindemansgraszoden.nl\/de\/#website"},"primaryImageOfPage":{"@id":"https:\/\/www.tindemansgraszoden.nl\/de\/rasenpflege\/rasen-duengen\/#primaryimage"},"image":{"@id":"https:\/\/www.tindemansgraszoden.nl\/de\/rasenpflege\/rasen-duengen\/#primaryimage"},"thumbnailUrl":"https:\/\/www.tindemansgraszoden.nl\/wp-content\/uploads\/2022\/03\/bemesten-met-bemestingkar.png","datePublished":"2022-01-21T10:22:32+00:00","dateModified":"2026-04-08T08:03:07+00:00","breadcrumb":{"@id":"https:\/\/www.tindemansgraszoden.nl\/de\/rasenpflege\/rasen-duengen\/#breadcrumb"},"inLanguage":"de","potentialAction":[{"@type":"ReadAction","target":["https:\/\/www.tindemansgraszoden.nl\/de\/rasenpflege\/rasen-duengen\/"]}]},{"@type":"ImageObject","inLanguage":"de","@id":"https:\/\/www.tindemansgraszoden.nl\/de\/rasenpflege\/rasen-duengen\/#primaryimage","url":"https:\/\/www.tindemansgraszoden.nl\/wp-content\/uploads\/2022\/03\/bemesten-met-bemestingkar.png","contentUrl":"https:\/\/www.tindemansgraszoden.nl\/wp-content\/uploads\/2022\/03\/bemesten-met-bemestingkar.png"},{"@type":"BreadcrumbList","@id":"https:\/\/www.tindemansgraszoden.nl\/de\/rasenpflege\/rasen-duengen\/#breadcrumb","itemListElement":[{"@type":"ListItem","position":1,"name":"Home","item":"https:\/\/www.tindemansgraszoden.nl\/de\/"},{"@type":"ListItem","position":2,"name":"Rasen d\u00fcngen"}]},{"@type":"WebSite","@id":"https:\/\/www.tindemansgraszoden.nl\/de\/#website","url":"https:\/\/www.tindemansgraszoden.nl\/de\/","name":"Tindemans Graszoden","description":"Graszoden Limburg: levering en aanleg","publisher":{"@id":"https:\/\/www.tindemansgraszoden.nl\/de\/#organization"},"potentialAction":[{"@type":"SearchAction","target":{"@type":"EntryPoint","urlTemplate":"https:\/\/www.tindemansgraszoden.nl\/de\/?s={search_term_string}"},"query-input":{"@type":"PropertyValueSpecification","valueRequired":true,"valueName":"search_term_string"}}],"inLanguage":"de"},{"@type":"Organization","@id":"https:\/\/www.tindemansgraszoden.nl\/de\/#organization","name":"Tindemans Graszoden","url":"https:\/\/www.tindemansgraszoden.nl\/de\/","logo":{"@type":"ImageObject","inLanguage":"de","@id":"https:\/\/www.tindemansgraszoden.nl\/de\/#\/schema\/logo\/image\/","url":"https:\/\/www.tindemansgraszoden.nl\/wp-content\/uploads\/2022\/04\/logo.png","contentUrl":"https:\/\/www.tindemansgraszoden.nl\/wp-content\/uploads\/2022\/04\/logo.png","width":394,"height":120,"caption":"Tindemans Graszoden"},"image":{"@id":"https:\/\/www.tindemansgraszoden.nl\/de\/#\/schema\/logo\/image\/"}}]}},"_links":{"self":[{"href":"https:\/\/www.tindemansgraszoden.nl\/de\/wp-json\/wp\/v2\/pages\/9405","targetHints":{"allow":["GET"]}}],"collection":[{"href":"https:\/\/www.tindemansgraszoden.nl\/de\/wp-json\/wp\/v2\/pages"}],"about":[{"href":"https:\/\/www.tindemansgraszoden.nl\/de\/wp-json\/wp\/v2\/types\/page"}],"author":[{"embeddable":true,"href":"https:\/\/www.tindemansgraszoden.nl\/de\/wp-json\/wp\/v2\/users\/4"}],"replies":[{"embeddable":true,"href":"https:\/\/www.tindemansgraszoden.nl\/de\/wp-json\/wp\/v2\/comments?post=9405"}],"version-history":[{"count":2,"href":"https:\/\/www.tindemansgraszoden.nl\/de\/wp-json\/wp\/v2\/pages\/9405\/revisions"}],"predecessor-version":[{"id":9415,"href":"https:\/\/www.tindemansgraszoden.nl\/de\/wp-json\/wp\/v2\/pages\/9405\/revisions\/9415"}],"up":[{"embeddable":true,"href":"https:\/\/www.tindemansgraszoden.nl\/de\/wp-json\/wp\/v2\/pages\/9549"}],"wp:attachment":[{"href":"https:\/\/www.tindemansgraszoden.nl\/de\/wp-json\/wp\/v2\/media?parent=9405"}],"curies":[{"name":"wp","href":"https:\/\/api.w.org\/{rel}","templated":true}]}}