{"id":9189,"date":"2026-03-25T14:06:58","date_gmt":"2026-03-25T13:06:58","guid":{"rendered":"https:\/\/www.tindemansgraszoden.nl\/?page_id=9189"},"modified":"2026-04-09T11:02:27","modified_gmt":"2026-04-09T09:02:27","slug":"rollrasen-aachen","status":"publish","type":"page","link":"https:\/\/www.tindemansgraszoden.nl\/de\/rollrasen-aachen\/","title":{"rendered":"Aachen"},"content":{"rendered":"\n<h1 class=\"wp-block-heading\">Rollrasen kaufen in Aachen<\/h1>\n\n\n\n<p>Wir sind mit der Lieferung von Rollrasen nach Aachen sehr aktiv. Tindemans Rollrasen ist seit 1970 auf den Verkauf von Rollrasen spezialisiert. Da wir&nbsp;<strong>an der deutschen Grenze liegen<\/strong>, ist es einfach, Rollrasen bei uns abzuholen oder nach Aachen liefern zu lassen. Mit dem Berechnungstool unten auf der Seite k\u00f6nnen Sie direkt einen Preis und die Lieferkosten berechnen und Ihre neuen Grassoden sowie Pfleged\u00fcnger bestellen. Wir liefern t\u00e4glich Rollrasen nach Deutschland. Ob Sie nun in Aachen, Stolberg, Eschweiler oder W\u00fcrselen wohnen, Tindemans Rollrasen ist immer in der N\u00e4he.<\/p>\n\n\n\n<p><img fetchpriority=\"high\" decoding=\"async\" src=\"https:\/\/www.tindemansrollrasen.de\/wp-content\/uploads\/2024\/04\/rollrasen-aachen-ernte-1024x768.jpg\" alt=\"Rasenernte\" width=\"600\" height=\"450\" srcset=\"https:\/\/www.tindemansrollrasen.de\/wp-content\/uploads\/2024\/04\/rollrasen-aachen-ernte-1024x768.jpg 1024w, https:\/\/www.tindemansrollrasen.de\/wp-content\/uploads\/2024\/04\/rollrasen-aachen-ernte-300x225.jpg 300w, https:\/\/www.tindemansrollrasen.de\/wp-content\/uploads\/2024\/04\/rollrasen-aachen-ernte-768x576.jpg 768w, https:\/\/www.tindemansrollrasen.de\/wp-content\/uploads\/2024\/04\/rollrasen-aachen-ernte-1536x1152.jpg 1536w, https:\/\/www.tindemansrollrasen.de\/wp-content\/uploads\/2024\/04\/rollrasen-aachen-ernte-600x450.jpg 600w, https:\/\/www.tindemansrollrasen.de\/wp-content\/uploads\/2024\/04\/rollrasen-aachen-ernte.jpg 1800w\"><\/p>\n\n\n\n<p id=\"caption-attachment-2738\"><em>Nach Ihrer Bestellung werden die Grassoden frisch vom Feld geerntet und f\u00fcr die Lieferung vorbereitet.<\/em><\/p>\n\n\n\n<h2 class=\"wp-block-heading\">Rollrasen zum Bestpreis kaufen<\/h2>\n\n\n\n<p>Wenn Sie m\u00f6chten, k\u00f6nnen Sie Rollrasen fast t\u00e4glich bei uns in Voerendaal abholen. Sie k\u00f6nnen sich den Rollrasen auch&nbsp;<strong>zu einem g\u00fcnstigen Preis nach Aachen liefern lassen<\/strong>. Da wir den Transport selbst durchf\u00fchren, k\u00f6nnen wir Ihnen ganz genau sagen, wann der Rollrasen geliefert werden kann. Nach der Lieferung sollten die Grassoden innerhalb von ca. 24 Stunden verlegt werden. Lesen Sie, wie Sie selbst Ihren Rollrasen verlegen k\u00f6nnen.<\/p>\n\n\n\n<p><a href=\"https:\/\/www.tindemansrollrasen.de\/selbst-rollrasen-verlegen\/\">Neuer Rasen \u2013 Schritt f\u00fcr Schritt<\/a><\/p>\n\n\n\n<h2 class=\"wp-block-heading\">Extra-Service: Der perfekte Rasen<\/h2>\n\n\n\n<p>Ist Ihr derzeitiger Rasen in Aachen erneuerungsbed\u00fcrftig? Durch unsere&nbsp;<strong>jahrelange Erfahrung<\/strong>&nbsp;sind wir Experten in Sachen Rollrasen verlegen. Wir wissen demnach auch, wie Ihr alter Rasen entfernt werden muss und was dabei zu beachten ist. Weil wir t\u00e4glich damit arbeiten, k\u00f6nnen Sie sicher sein,&nbsp;<strong>dass Ihr Garten einen Traumrasen bekommt<\/strong>. Gerne unterst\u00fctzen wir Sie mit unseren Tipps beim Verlegen Ihres neuen Rollrasens. F\u00fcr weitere Informationen&nbsp;<a href=\"https:\/\/www.tindemansrollrasen.de\/contact\/\">kontaktieren Sie uns bitte hier<\/a>.<\/p>\n\n\n\n<p><img decoding=\"async\" src=\"https:\/\/www.tindemansrollrasen.de\/wp-content\/uploads\/2024\/04\/Tindemans-Rollrasen-Aachen-Traumgarten-1024x682.jpg\" alt=\"Gr\u00fcner Rasen im Garten\" width=\"600\" height=\"399\" srcset=\"https:\/\/www.tindemansrollrasen.de\/wp-content\/uploads\/2024\/04\/Tindemans-Rollrasen-Aachen-Traumgarten-1024x682.jpg 1024w, https:\/\/www.tindemansrollrasen.de\/wp-content\/uploads\/2024\/04\/Tindemans-Rollrasen-Aachen-Traumgarten-300x200.jpg 300w, https:\/\/www.tindemansrollrasen.de\/wp-content\/uploads\/2024\/04\/Tindemans-Rollrasen-Aachen-Traumgarten-768x511.jpg 768w, https:\/\/www.tindemansrollrasen.de\/wp-content\/uploads\/2024\/04\/Tindemans-Rollrasen-Aachen-Traumgarten-1536x1022.jpg 1536w, https:\/\/www.tindemansrollrasen.de\/wp-content\/uploads\/2024\/04\/Tindemans-Rollrasen-Aachen-Traumgarten-600x399.jpg 600w, https:\/\/www.tindemansrollrasen.de\/wp-content\/uploads\/2024\/04\/Tindemans-Rollrasen-Aachen-Traumgarten.jpg 1800w\"><\/p>\n\n\n\n<p id=\"caption-attachment-2743\"><em>Rollrasen eignet sich hervorragend f\u00fcr Ihren Garten: Schnell und hochwertiger Rasen im Handumdrehen.<\/em><\/p>\n\n\n\n<h2 class=\"wp-block-heading\">Was ist der Vorteil von Rollrasen?<\/h2>\n\n\n\n<p>Rollrasen besteht, wie der Name schon sagt, aus gebrauchsfertigen Grasrollen. Das hei\u00dft,&nbsp;<strong>Sie m\u00fcssen nicht selbst s\u00e4en<\/strong>&nbsp;und abwarten, die ganze schwere Arbeit ist bereits f\u00fcr Sie erledigt. Unser Rollrasen wird 12 Monate lang gez\u00fcchtet, bevor er geschnitten wird. Aus diesem Grund ist unser Rollrasen&nbsp;<strong>dicht mit Gras besetzt und nat\u00fcrlich frei von Unkraut.<\/strong>&nbsp;Berechnen Sie Ihren Preis am Ende dieser Seite und entscheiden Sie sich f\u00fcr qualitativ hochwertigen Rollrasen aus den Niederlanden.<\/p>\n\n\n\n<p><a href=\"https:\/\/www.tindemansrollrasen.de\/unser-rollrasen\/\">Entdecken Sie unsere Rasensorten<\/a><\/p>\n","protected":false},"excerpt":{"rendered":"<p>Rollrasen kaufen in Aachen Wir sind mit der Lieferung von Rollrasen nach Aachen sehr aktiv. Tindemans Rollrasen ist seit 1970 auf den Verkauf von Rollrasen spezialisiert. Da wir&nbsp;an der deutschen Grenze liegen, ist es einfach, Rollrasen bei uns abzuholen oder nach Aachen liefern zu lassen. Mit dem Berechnungstool unten auf der Seite k\u00f6nnen Sie direkt [&hellip;]<\/p>\n","protected":false},"author":4,"featured_media":0,"parent":0,"menu_order":0,"comment_status":"closed","ping_status":"closed","template":"","meta":{"_acf_changed":false,"footnotes":""},"class_list":["post-9189","page","type-page","status-publish","hentry"],"acf":[],"yoast_head":"<!-- This site is optimized with the Yoast SEO plugin v26.9 - https:\/\/yoast.com\/product\/yoast-seo-wordpress\/ -->\n<title>Aachen - Tindemans Graszoden<\/title>\n<meta name=\"robots\" content=\"index, follow, max-snippet:-1, max-image-preview:large, max-video-preview:-1\" \/>\n<link rel=\"canonical\" href=\"https:\/\/www.tindemansgraszoden.nl\/de\/rollrasen-aachen\/\" \/>\n<meta property=\"og:locale\" content=\"de_DE\" \/>\n<meta property=\"og:type\" content=\"article\" \/>\n<meta property=\"og:title\" content=\"Aachen - Tindemans Graszoden\" \/>\n<meta property=\"og:description\" content=\"Rollrasen kaufen in Aachen Wir sind mit der Lieferung von Rollrasen nach Aachen sehr aktiv. Tindemans Rollrasen ist seit 1970 auf den Verkauf von Rollrasen spezialisiert. Da wir&nbsp;an der deutschen Grenze liegen, ist es einfach, Rollrasen bei uns abzuholen oder nach Aachen liefern zu lassen. Mit dem Berechnungstool unten auf der Seite k\u00f6nnen Sie direkt [&hellip;]\" \/>\n<meta property=\"og:url\" content=\"https:\/\/www.tindemansgraszoden.nl\/de\/rollrasen-aachen\/\" \/>\n<meta property=\"og:site_name\" content=\"Tindemans Graszoden\" \/>\n<meta property=\"article:modified_time\" content=\"2026-04-09T09:02:27+00:00\" \/>\n<meta property=\"og:image\" content=\"https:\/\/www.tindemansrollrasen.de\/wp-content\/uploads\/2024\/04\/rollrasen-aachen-ernte-1024x768.jpg\" \/>\n<meta name=\"twitter:card\" content=\"summary_large_image\" \/>\n<meta name=\"twitter:label1\" content=\"Gesch\u00e4tzte Lesezeit\" \/>\n\t<meta name=\"twitter:data1\" content=\"3\u00a0Minuten\" \/>\n<script type=\"application\/ld+json\" class=\"yoast-schema-graph\">{\"@context\":\"https:\/\/schema.org\",\"@graph\":[{\"@type\":\"WebPage\",\"@id\":\"https:\/\/www.tindemansgraszoden.nl\/de\/rollrasen-aachen\/\",\"url\":\"https:\/\/www.tindemansgraszoden.nl\/de\/rollrasen-aachen\/\",\"name\":\"Aachen - Tindemans Graszoden\",\"isPartOf\":{\"@id\":\"https:\/\/www.tindemansgraszoden.nl\/de\/#website\"},\"primaryImageOfPage\":{\"@id\":\"https:\/\/www.tindemansgraszoden.nl\/de\/rollrasen-aachen\/#primaryimage\"},\"image\":{\"@id\":\"https:\/\/www.tindemansgraszoden.nl\/de\/rollrasen-aachen\/#primaryimage\"},\"thumbnailUrl\":\"https:\/\/www.tindemansrollrasen.de\/wp-content\/uploads\/2024\/04\/rollrasen-aachen-ernte-1024x768.jpg\",\"datePublished\":\"2026-03-25T13:06:58+00:00\",\"dateModified\":\"2026-04-09T09:02:27+00:00\",\"breadcrumb\":{\"@id\":\"https:\/\/www.tindemansgraszoden.nl\/de\/rollrasen-aachen\/#breadcrumb\"},\"inLanguage\":\"de\",\"potentialAction\":[{\"@type\":\"ReadAction\",\"target\":[\"https:\/\/www.tindemansgraszoden.nl\/de\/rollrasen-aachen\/\"]}]},{\"@type\":\"ImageObject\",\"inLanguage\":\"de\",\"@id\":\"https:\/\/www.tindemansgraszoden.nl\/de\/rollrasen-aachen\/#primaryimage\",\"url\":\"https:\/\/www.tindemansrollrasen.de\/wp-content\/uploads\/2024\/04\/rollrasen-aachen-ernte-1024x768.jpg\",\"contentUrl\":\"https:\/\/www.tindemansrollrasen.de\/wp-content\/uploads\/2024\/04\/rollrasen-aachen-ernte-1024x768.jpg\"},{\"@type\":\"BreadcrumbList\",\"@id\":\"https:\/\/www.tindemansgraszoden.nl\/de\/rollrasen-aachen\/#breadcrumb\",\"itemListElement\":[{\"@type\":\"ListItem\",\"position\":1,\"name\":\"Home\",\"item\":\"https:\/\/www.tindemansgraszoden.nl\/de\/\"},{\"@type\":\"ListItem\",\"position\":2,\"name\":\"Aachen\"}]},{\"@type\":\"WebSite\",\"@id\":\"https:\/\/www.tindemansgraszoden.nl\/de\/#website\",\"url\":\"https:\/\/www.tindemansgraszoden.nl\/de\/\",\"name\":\"Tindemans Graszoden\",\"description\":\"Graszoden Limburg: levering en aanleg\",\"publisher\":{\"@id\":\"https:\/\/www.tindemansgraszoden.nl\/de\/#organization\"},\"potentialAction\":[{\"@type\":\"SearchAction\",\"target\":{\"@type\":\"EntryPoint\",\"urlTemplate\":\"https:\/\/www.tindemansgraszoden.nl\/de\/?s={search_term_string}\"},\"query-input\":{\"@type\":\"PropertyValueSpecification\",\"valueRequired\":true,\"valueName\":\"search_term_string\"}}],\"inLanguage\":\"de\"},{\"@type\":\"Organization\",\"@id\":\"https:\/\/www.tindemansgraszoden.nl\/de\/#organization\",\"name\":\"Tindemans Graszoden\",\"url\":\"https:\/\/www.tindemansgraszoden.nl\/de\/\",\"logo\":{\"@type\":\"ImageObject\",\"inLanguage\":\"de\",\"@id\":\"https:\/\/www.tindemansgraszoden.nl\/de\/#\/schema\/logo\/image\/\",\"url\":\"https:\/\/www.tindemansgraszoden.nl\/wp-content\/uploads\/2022\/04\/logo.png\",\"contentUrl\":\"https:\/\/www.tindemansgraszoden.nl\/wp-content\/uploads\/2022\/04\/logo.png\",\"width\":394,\"height\":120,\"caption\":\"Tindemans Graszoden\"},\"image\":{\"@id\":\"https:\/\/www.tindemansgraszoden.nl\/de\/#\/schema\/logo\/image\/\"}}]}<\/script>\n<!-- \/ Yoast SEO plugin. -->","yoast_head_json":{"title":"Aachen - Tindemans Graszoden","robots":{"index":"index","follow":"follow","max-snippet":"max-snippet:-1","max-image-preview":"max-image-preview:large","max-video-preview":"max-video-preview:-1"},"canonical":"https:\/\/www.tindemansgraszoden.nl\/de\/rollrasen-aachen\/","og_locale":"de_DE","og_type":"article","og_title":"Aachen - Tindemans Graszoden","og_description":"Rollrasen kaufen in Aachen Wir sind mit der Lieferung von Rollrasen nach Aachen sehr aktiv. Tindemans Rollrasen ist seit 1970 auf den Verkauf von Rollrasen spezialisiert. Da wir&nbsp;an der deutschen Grenze liegen, ist es einfach, Rollrasen bei uns abzuholen oder nach Aachen liefern zu lassen. Mit dem Berechnungstool unten auf der Seite k\u00f6nnen Sie direkt [&hellip;]","og_url":"https:\/\/www.tindemansgraszoden.nl\/de\/rollrasen-aachen\/","og_site_name":"Tindemans Graszoden","article_modified_time":"2026-04-09T09:02:27+00:00","og_image":[{"url":"https:\/\/www.tindemansrollrasen.de\/wp-content\/uploads\/2024\/04\/rollrasen-aachen-ernte-1024x768.jpg","type":"","width":"","height":""}],"twitter_card":"summary_large_image","twitter_misc":{"Gesch\u00e4tzte Lesezeit":"3\u00a0Minuten"},"schema":{"@context":"https:\/\/schema.org","@graph":[{"@type":"WebPage","@id":"https:\/\/www.tindemansgraszoden.nl\/de\/rollrasen-aachen\/","url":"https:\/\/www.tindemansgraszoden.nl\/de\/rollrasen-aachen\/","name":"Aachen - Tindemans Graszoden","isPartOf":{"@id":"https:\/\/www.tindemansgraszoden.nl\/de\/#website"},"primaryImageOfPage":{"@id":"https:\/\/www.tindemansgraszoden.nl\/de\/rollrasen-aachen\/#primaryimage"},"image":{"@id":"https:\/\/www.tindemansgraszoden.nl\/de\/rollrasen-aachen\/#primaryimage"},"thumbnailUrl":"https:\/\/www.tindemansrollrasen.de\/wp-content\/uploads\/2024\/04\/rollrasen-aachen-ernte-1024x768.jpg","datePublished":"2026-03-25T13:06:58+00:00","dateModified":"2026-04-09T09:02:27+00:00","breadcrumb":{"@id":"https:\/\/www.tindemansgraszoden.nl\/de\/rollrasen-aachen\/#breadcrumb"},"inLanguage":"de","potentialAction":[{"@type":"ReadAction","target":["https:\/\/www.tindemansgraszoden.nl\/de\/rollrasen-aachen\/"]}]},{"@type":"ImageObject","inLanguage":"de","@id":"https:\/\/www.tindemansgraszoden.nl\/de\/rollrasen-aachen\/#primaryimage","url":"https:\/\/www.tindemansrollrasen.de\/wp-content\/uploads\/2024\/04\/rollrasen-aachen-ernte-1024x768.jpg","contentUrl":"https:\/\/www.tindemansrollrasen.de\/wp-content\/uploads\/2024\/04\/rollrasen-aachen-ernte-1024x768.jpg"},{"@type":"BreadcrumbList","@id":"https:\/\/www.tindemansgraszoden.nl\/de\/rollrasen-aachen\/#breadcrumb","itemListElement":[{"@type":"ListItem","position":1,"name":"Home","item":"https:\/\/www.tindemansgraszoden.nl\/de\/"},{"@type":"ListItem","position":2,"name":"Aachen"}]},{"@type":"WebSite","@id":"https:\/\/www.tindemansgraszoden.nl\/de\/#website","url":"https:\/\/www.tindemansgraszoden.nl\/de\/","name":"Tindemans Graszoden","description":"Graszoden Limburg: levering en aanleg","publisher":{"@id":"https:\/\/www.tindemansgraszoden.nl\/de\/#organization"},"potentialAction":[{"@type":"SearchAction","target":{"@type":"EntryPoint","urlTemplate":"https:\/\/www.tindemansgraszoden.nl\/de\/?s={search_term_string}"},"query-input":{"@type":"PropertyValueSpecification","valueRequired":true,"valueName":"search_term_string"}}],"inLanguage":"de"},{"@type":"Organization","@id":"https:\/\/www.tindemansgraszoden.nl\/de\/#organization","name":"Tindemans Graszoden","url":"https:\/\/www.tindemansgraszoden.nl\/de\/","logo":{"@type":"ImageObject","inLanguage":"de","@id":"https:\/\/www.tindemansgraszoden.nl\/de\/#\/schema\/logo\/image\/","url":"https:\/\/www.tindemansgraszoden.nl\/wp-content\/uploads\/2022\/04\/logo.png","contentUrl":"https:\/\/www.tindemansgraszoden.nl\/wp-content\/uploads\/2022\/04\/logo.png","width":394,"height":120,"caption":"Tindemans Graszoden"},"image":{"@id":"https:\/\/www.tindemansgraszoden.nl\/de\/#\/schema\/logo\/image\/"}}]}},"_links":{"self":[{"href":"https:\/\/www.tindemansgraszoden.nl\/de\/wp-json\/wp\/v2\/pages\/9189","targetHints":{"allow":["GET"]}}],"collection":[{"href":"https:\/\/www.tindemansgraszoden.nl\/de\/wp-json\/wp\/v2\/pages"}],"about":[{"href":"https:\/\/www.tindemansgraszoden.nl\/de\/wp-json\/wp\/v2\/types\/page"}],"author":[{"embeddable":true,"href":"https:\/\/www.tindemansgraszoden.nl\/de\/wp-json\/wp\/v2\/users\/4"}],"replies":[{"embeddable":true,"href":"https:\/\/www.tindemansgraszoden.nl\/de\/wp-json\/wp\/v2\/comments?post=9189"}],"version-history":[{"count":1,"href":"https:\/\/www.tindemansgraszoden.nl\/de\/wp-json\/wp\/v2\/pages\/9189\/revisions"}],"predecessor-version":[{"id":9190,"href":"https:\/\/www.tindemansgraszoden.nl\/de\/wp-json\/wp\/v2\/pages\/9189\/revisions\/9190"}],"wp:attachment":[{"href":"https:\/\/www.tindemansgraszoden.nl\/de\/wp-json\/wp\/v2\/media?parent=9189"}],"curies":[{"name":"wp","href":"https:\/\/api.w.org\/{rel}","templated":true}]}}